{"id":12414,"date":"2015-08-14T19:09:36","date_gmt":"2015-08-14T17:09:36","guid":{"rendered":"http:\/\/www.expotradegroup.com\/fr\/expoair-airdome\/"},"modified":"2020-06-15T10:18:29","modified_gmt":"2020-06-15T08:18:29","slug":"expoair-airdome","status":"publish","type":"page","link":"https:\/\/www.expotradegroup.com\/fr\/expoair-airdome\/","title":{"rendered":"expoair airdome"},"content":{"rendered":"<div class=\"flex_column av_two_third  flex_column_div av-zero-column-padding first  \" style='border-radius:0px; '><div style='padding-bottom:10px; ' class='av-special-heading av-special-heading-h1    '><h1 class='av-special-heading-tag '  itemprop=\"headline\"  >expoair airdome<\/h1><div class='special-heading-border'><div class='special-heading-inner-border' ><\/div><\/div><\/div><\/div>\n<div class=\"flex_column av_one_fourth  flex_column_div av-zero-column-padding   \" style='border-radius:0px; '><div class='avia-image-container  av-styling-    avia-align-center '  itemprop=\"ImageObject\" itemscope=\"itemscope\" itemtype=\"https:\/\/schema.org\/ImageObject\"  ><div class='avia-image-container-inner'><div class='avia-image-overlay-wrap'><img class='avia_image ' src='https:\/\/www.expotradegroup.com\/wp-content\/uploads\/2015\/08\/expoair_by_expotrade_logo.png' alt='expoair' title='expoair' height=\"120\"width=\"272\"  itemprop=\"thumbnailUrl\"  \/><\/div><\/div><\/div><\/div>\n<div class='avia-gallery  avia-gallery-1 avia_lazyload avia_animate_when_visible '  itemprop=\"ImageObject\" itemscope=\"itemscope\" itemtype=\"https:\/\/schema.org\/ImageObject\" ><div class='avia-gallery-thumb'> <a href='https:\/\/www.expotradegroup.com\/wp-content\/uploads\/2015\/08\/Expoair_9.jpg' data-rel='gallery-1' data-prev-img='https:\/\/www.expotradegroup.com\/wp-content\/uploads\/2015\/08\/Expoair_9-495x400.jpg' class='first_thumb lightbox ' data-onclick='1' title='Expoair airdome gonflable 6x6m'  itemprop=\"thumbnailUrl\" ><img data-avia-tooltip='Expoair Airdome' src='https:\/\/www.expotradegroup.com\/wp-content\/uploads\/2015\/08\/Expoair_9-495x400.jpg' width='495' height='400'  title='Expoair airdome gonflable 6x6m' alt='Expoair airdome gonflable 6x6m' \/><\/a> <a href='https:\/\/www.expotradegroup.com\/wp-content\/uploads\/2015\/08\/Expoair_8.jpg' data-rel='gallery-1' data-prev-img='https:\/\/www.expotradegroup.com\/wp-content\/uploads\/2015\/08\/Expoair_8-495x400.jpg' class='lightbox ' data-onclick='2' title='Expoair airdome gonflable 6x6m'  itemprop=\"thumbnailUrl\" ><img data-avia-tooltip='Expoair AVD' src='https:\/\/www.expotradegroup.com\/wp-content\/uploads\/2015\/08\/Expoair_8-495x400.jpg' width='495' height='400'  title='Expoair airdome gonflable 6x6m' alt='Expoair airdome gonflable 6x6m' \/><\/a> <a href='https:\/\/www.expotradegroup.com\/wp-content\/uploads\/2015\/08\/Expoair_3-1030x773.jpg' data-rel='gallery-1' data-prev-img='https:\/\/www.expotradegroup.com\/wp-content\/uploads\/2015\/08\/Expoair_3-495x400.jpg' class='lightbox ' data-onclick='3' title='Expoair airdome gonflable'  itemprop=\"thumbnailUrl\" ><img data-avia-tooltip='Expoair Burn' src='https:\/\/www.expotradegroup.com\/wp-content\/uploads\/2015\/08\/Expoair_3-495x400.jpg' width='495' height='400'  title='Expoair airdome gonflable' alt='Expoair airdome gonflable' \/><\/a> <a href='https:\/\/www.expotradegroup.com\/wp-content\/uploads\/2015\/08\/Expoair_2-1030x773.jpg' data-rel='gallery-1' data-prev-img='https:\/\/www.expotradegroup.com\/wp-content\/uploads\/2015\/08\/Expoair_2-495x400.jpg' class='lightbox ' data-onclick='4' title='Expoair airdome gonflable 6x6m'  itemprop=\"thumbnailUrl\" ><img data-avia-tooltip='Expoair Twin' src='https:\/\/www.expotradegroup.com\/wp-content\/uploads\/2015\/08\/Expoair_2-495x400.jpg' width='495' height='400'  title='Expoair airdome gonflable 6x6m' alt='Expoair airdome gonflable 6x6m' \/><\/a> <a href='https:\/\/www.expotradegroup.com\/wp-content\/uploads\/2015\/08\/Expoair_1-1030x707.jpg' data-rel='gallery-1' data-prev-img='https:\/\/www.expotradegroup.com\/wp-content\/uploads\/2015\/08\/Expoair_1-495x400.jpg' class='lightbox ' data-onclick='5' title='Expoair airdome gonflable 6x6m'  itemprop=\"thumbnailUrl\" ><img data-avia-tooltip='Expoair Pr\u00e4sentation' src='https:\/\/www.expotradegroup.com\/wp-content\/uploads\/2015\/08\/Expoair_1-495x400.jpg' width='495' height='400'  title='Expoair airdome gonflable 6x6m' alt='Expoair airdome gonflable 6x6m' \/><\/a><\/div><\/div>\n<div style='height:30px' class='hr hr-invisible  '><span class='hr-inner ' ><span class='hr-inner-style'><\/span><\/span><\/div>\n<div class=\"flex_column av_one_full  flex_column_div av-zero-column-padding first  \" style='border-radius:0px; '><section class=\"av_textblock_section \"  itemscope=\"itemscope\" itemtype=\"https:\/\/schema.org\/CreativeWork\" ><div class='avia_textblock  '   itemprop=\"text\" ><p><strong>expoair airdome<\/strong> est un d\u00f4me gonflable avec une construction pneumatique, c&rsquo;est-\u00e0-dire PAS de moteur soufflant!<\/p>\n<p>l&rsquo;Airdome est gonfl\u00e9 avec une pompe \u00e0 main ou \u00e9lectrique, et l&rsquo;air reste \u00e0 l&rsquo;int\u00e9rieur.<\/p>\n<p>Chaque pied est s\u00e9curis\u00e9 par une valve de sur-pression et une valve pour le remplir d&rsquo;air. En cas de probl\u00e8me, juste le pied d\u00e9fectueux doit \u00eatre remplac\u00e9, mais pas l&rsquo;ensemble de la structure!<\/p>\n<p>Le toit est fix\u00e9 au ch\u00e2ssis par une fermeture \u00e9clair qui permet de le changer facilement. Interchangeable, donc \u00e9conomique si vous voulez changer votre message en fonction de l&rsquo;\u00e9v\u00e9nement couvert.<\/p>\n<p>De nombreux accessoires comme visi\u00e8res, c\u00f4t\u00e9s, etc&#8230; sont disponibles en option pour l&rsquo;expoair airdome.<\/p>\n<\/div><\/section><\/div>\n<div class=\"flex_column av_one_fourth  flex_column_div av-zero-column-padding first  \" style='border-radius:0px; '><p><div class='avia-image-container  av-styling-    avia-align-center '  itemprop=\"ImageObject\" itemscope=\"itemscope\" itemtype=\"https:\/\/schema.org\/ImageObject\"  ><div class='avia-image-container-inner'><div class='avia-image-overlay-wrap'><a href='https:\/\/www.expotradegroup.com\/fr\/expoair-airdome\/expoair-airdome-4x4m\/' class='avia_image'  ><img class='avia_image ' src='https:\/\/www.expotradegroup.com\/wp-content\/uploads\/2015\/09\/airdome_4x4m.png' alt='expoair airdome 4x4m gonflable' title='expoair airdome 4x4m gonflable'  itemprop=\"thumbnailUrl\"  \/><\/a><\/div><\/div><\/div><br \/>\n<section class=\"av_textblock_section \"  itemscope=\"itemscope\" itemtype=\"https:\/\/schema.org\/CreativeWork\" ><div class='avia_textblock  '   itemprop=\"text\" ><h3 style=\"text-align: center;\"><span style=\"color: #000000;\"><a href=\"https:\/\/www.expotradegroup.com\/fr\/expoair-airdome\/expoair-airdome-4x4m\/\">4 x 4 m<\/a><\/span><\/h3>\n<\/div><\/section><\/p><\/div>\n<div class=\"flex_column av_one_fourth  flex_column_div av-zero-column-padding   \" style='border-radius:0px; '><p><div class='avia-image-container  av-styling-    avia-align-center '  itemprop=\"ImageObject\" itemscope=\"itemscope\" itemtype=\"https:\/\/schema.org\/ImageObject\"  ><div class='avia-image-container-inner'><div class='avia-image-overlay-wrap'><a href='https:\/\/www.expotradegroup.com\/fr\/expoair-airdome\/expoair-airdome-5x5m\/' class='avia_image'  ><img class='avia_image ' src='https:\/\/www.expotradegroup.com\/wp-content\/uploads\/2015\/09\/airdome_5x5m.png' alt='expoair airdome 5x5m gonflable' title='expoair airdome 5x5m gonflable'  itemprop=\"thumbnailUrl\"  \/><\/a><\/div><\/div><\/div><br \/>\n<section class=\"av_textblock_section \"  itemscope=\"itemscope\" itemtype=\"https:\/\/schema.org\/CreativeWork\" ><div class='avia_textblock  '   itemprop=\"text\" ><h3 style=\"text-align: center;\"><span style=\"color: #000000;\"><a href=\"https:\/\/www.expotradegroup.com\/fr\/expoair-airdome\/expoair-airdome-5x5m\/\">5 x 5 m<\/a><\/span><\/h3>\n<\/div><\/section><\/p><\/div>\n<div class=\"flex_column av_one_fourth  flex_column_div av-zero-column-padding   \" style='border-radius:0px; '><p><div class='avia-image-container  av-styling-    avia-align-center '  itemprop=\"ImageObject\" itemscope=\"itemscope\" itemtype=\"https:\/\/schema.org\/ImageObject\"  ><div class='avia-image-container-inner'><div class='avia-image-overlay-wrap'><a href='https:\/\/www.expotradegroup.com\/fr\/expoair-airdome\/expoair-airdome-6x6m\/' class='avia_image'  ><img class='avia_image ' src='https:\/\/www.expotradegroup.com\/wp-content\/uploads\/2015\/09\/airdome_6x6m.png' alt='expoair airdome 6x6m gonflable' title='expoair airdome 6x6m gonflable'  itemprop=\"thumbnailUrl\"  \/><\/a><\/div><\/div><\/div><br \/>\n<section class=\"av_textblock_section \"  itemscope=\"itemscope\" itemtype=\"https:\/\/schema.org\/CreativeWork\" ><div class='avia_textblock  '   itemprop=\"text\" ><h3 style=\"text-align: center;\"><span style=\"color: #000000;\"><a href=\"https:\/\/www.expotradegroup.com\/fr\/expoair-airdome\/expoair-airdome-6x6m\/\">6 x 6 m<\/a><\/span><\/h3>\n<\/div><\/section><\/p><\/div>\n","protected":false},"excerpt":{"rendered":"","protected":false},"author":1,"featured_media":0,"parent":0,"menu_order":0,"comment_status":"open","ping_status":"closed","template":"","meta":{"footnotes":""},"class_list":["post-12414","page","type-page","status-publish","hentry"],"yoast_head":"<!-- This site is optimized with the Yoast SEO plugin v23.2 - https:\/\/yoast.com\/wordpress\/plugins\/seo\/ -->\n<title>expoair airdome - les tentes pneumatiques \u00e0 d\u00f4me d&#039;expotrade<\/title>\n<meta name=\"description\" content=\"expoair airdome est une construction pneumatique qui ne n\u00e9cessite aucun souffleur d&#039;air. La forme de d\u00f4me est l&#039;alternative parfaite aux outre constructions\" \/>\n<meta name=\"robots\" content=\"index, follow, max-snippet:-1, max-image-preview:large, max-video-preview:-1\" \/>\n<link rel=\"canonical\" href=\"https:\/\/www.expotradegroup.com\/fr\/expoair-airdome\/\" \/>\n<meta property=\"og:locale\" content=\"fr_FR\" \/>\n<meta property=\"og:type\" content=\"article\" \/>\n<meta property=\"og:title\" content=\"expoair airdome - les tentes pneumatiques \u00e0 d\u00f4me d&#039;expotrade\" \/>\n<meta property=\"og:description\" content=\"expoair airdome est une construction pneumatique qui ne n\u00e9cessite aucun souffleur d&#039;air. La forme de d\u00f4me est l&#039;alternative parfaite aux outre constructions\" \/>\n<meta property=\"og:url\" content=\"https:\/\/www.expotradegroup.com\/fr\/expoair-airdome\/\" \/>\n<meta property=\"og:site_name\" content=\"Expotrade\" \/>\n<meta property=\"article:publisher\" content=\"https:\/\/www.facebook.com\/Expotrade-Group-Gmbh-Head-Office-501830963237226\/timeline\/\" \/>\n<meta property=\"article:modified_time\" content=\"2020-06-15T08:18:29+00:00\" \/>\n<meta name=\"twitter:card\" content=\"summary_large_image\" \/>\n<meta name=\"twitter:site\" content=\"@Expotrade_Group\" \/>\n<meta name=\"twitter:label1\" content=\"Dur\u00e9e de lecture estim\u00e9e\" \/>\n\t<meta name=\"twitter:data1\" content=\"5 minutes\" \/>\n<script type=\"application\/ld+json\" class=\"yoast-schema-graph\">{\"@context\":\"https:\/\/schema.org\",\"@graph\":[{\"@type\":\"WebPage\",\"@id\":\"https:\/\/www.expotradegroup.com\/fr\/expoair-airdome\/\",\"url\":\"https:\/\/www.expotradegroup.com\/fr\/expoair-airdome\/\",\"name\":\"expoair airdome - les tentes pneumatiques \u00e0 d\u00f4me d'expotrade\",\"isPartOf\":{\"@id\":\"https:\/\/www.expotradegroup.com\/fr\/#website\"},\"datePublished\":\"2015-08-14T17:09:36+00:00\",\"dateModified\":\"2020-06-15T08:18:29+00:00\",\"description\":\"expoair airdome est une construction pneumatique qui ne n\u00e9cessite aucun souffleur d'air. La forme de d\u00f4me est l'alternative parfaite aux outre constructions\",\"breadcrumb\":{\"@id\":\"https:\/\/www.expotradegroup.com\/fr\/expoair-airdome\/#breadcrumb\"},\"inLanguage\":\"fr-FR\",\"potentialAction\":[{\"@type\":\"ReadAction\",\"target\":[\"https:\/\/www.expotradegroup.com\/fr\/expoair-airdome\/\"]}]},{\"@type\":\"BreadcrumbList\",\"@id\":\"https:\/\/www.expotradegroup.com\/fr\/expoair-airdome\/#breadcrumb\",\"itemListElement\":[{\"@type\":\"ListItem\",\"position\":1,\"name\":\"Home\",\"item\":\"https:\/\/www.expotradegroup.com\/fr\/tentes-pliantes-table-pliantes-sacs-de-feves\/\"},{\"@type\":\"ListItem\",\"position\":2,\"name\":\"expoair airdome\"}]},{\"@type\":\"WebSite\",\"@id\":\"https:\/\/www.expotradegroup.com\/fr\/#website\",\"url\":\"https:\/\/www.expotradegroup.com\/fr\/\",\"name\":\"Expotrade\",\"description\":\"Faltzelte, Falttische, Sitzs\u00e4cke und mobile ideas\",\"potentialAction\":[{\"@type\":\"SearchAction\",\"target\":{\"@type\":\"EntryPoint\",\"urlTemplate\":\"https:\/\/www.expotradegroup.com\/fr\/?s={search_term_string}\"},\"query-input\":\"required name=search_term_string\"}],\"inLanguage\":\"fr-FR\"}]}<\/script>\n<!-- \/ Yoast SEO plugin. -->","yoast_head_json":{"title":"expoair airdome - les tentes pneumatiques \u00e0 d\u00f4me d'expotrade","description":"expoair airdome est une construction pneumatique qui ne n\u00e9cessite aucun souffleur d'air. La forme de d\u00f4me est l'alternative parfaite aux outre constructions","robots":{"index":"index","follow":"follow","max-snippet":"max-snippet:-1","max-image-preview":"max-image-preview:large","max-video-preview":"max-video-preview:-1"},"canonical":"https:\/\/www.expotradegroup.com\/fr\/expoair-airdome\/","og_locale":"fr_FR","og_type":"article","og_title":"expoair airdome - les tentes pneumatiques \u00e0 d\u00f4me d'expotrade","og_description":"expoair airdome est une construction pneumatique qui ne n\u00e9cessite aucun souffleur d'air. La forme de d\u00f4me est l'alternative parfaite aux outre constructions","og_url":"https:\/\/www.expotradegroup.com\/fr\/expoair-airdome\/","og_site_name":"Expotrade","article_publisher":"https:\/\/www.facebook.com\/Expotrade-Group-Gmbh-Head-Office-501830963237226\/timeline\/","article_modified_time":"2020-06-15T08:18:29+00:00","twitter_card":"summary_large_image","twitter_site":"@Expotrade_Group","twitter_misc":{"Dur\u00e9e de lecture estim\u00e9e":"5 minutes"},"schema":{"@context":"https:\/\/schema.org","@graph":[{"@type":"WebPage","@id":"https:\/\/www.expotradegroup.com\/fr\/expoair-airdome\/","url":"https:\/\/www.expotradegroup.com\/fr\/expoair-airdome\/","name":"expoair airdome - les tentes pneumatiques \u00e0 d\u00f4me d'expotrade","isPartOf":{"@id":"https:\/\/www.expotradegroup.com\/fr\/#website"},"datePublished":"2015-08-14T17:09:36+00:00","dateModified":"2020-06-15T08:18:29+00:00","description":"expoair airdome est une construction pneumatique qui ne n\u00e9cessite aucun souffleur d'air. La forme de d\u00f4me est l'alternative parfaite aux outre constructions","breadcrumb":{"@id":"https:\/\/www.expotradegroup.com\/fr\/expoair-airdome\/#breadcrumb"},"inLanguage":"fr-FR","potentialAction":[{"@type":"ReadAction","target":["https:\/\/www.expotradegroup.com\/fr\/expoair-airdome\/"]}]},{"@type":"BreadcrumbList","@id":"https:\/\/www.expotradegroup.com\/fr\/expoair-airdome\/#breadcrumb","itemListElement":[{"@type":"ListItem","position":1,"name":"Home","item":"https:\/\/www.expotradegroup.com\/fr\/tentes-pliantes-table-pliantes-sacs-de-feves\/"},{"@type":"ListItem","position":2,"name":"expoair airdome"}]},{"@type":"WebSite","@id":"https:\/\/www.expotradegroup.com\/fr\/#website","url":"https:\/\/www.expotradegroup.com\/fr\/","name":"Expotrade","description":"Faltzelte, Falttische, Sitzs\u00e4cke und mobile ideas","potentialAction":[{"@type":"SearchAction","target":{"@type":"EntryPoint","urlTemplate":"https:\/\/www.expotradegroup.com\/fr\/?s={search_term_string}"},"query-input":"required name=search_term_string"}],"inLanguage":"fr-FR"}]}},"_links":{"self":[{"href":"https:\/\/www.expotradegroup.com\/fr\/wp-json\/wp\/v2\/pages\/12414"}],"collection":[{"href":"https:\/\/www.expotradegroup.com\/fr\/wp-json\/wp\/v2\/pages"}],"about":[{"href":"https:\/\/www.expotradegroup.com\/fr\/wp-json\/wp\/v2\/types\/page"}],"author":[{"embeddable":true,"href":"https:\/\/www.expotradegroup.com\/fr\/wp-json\/wp\/v2\/users\/1"}],"replies":[{"embeddable":true,"href":"https:\/\/www.expotradegroup.com\/fr\/wp-json\/wp\/v2\/comments?post=12414"}],"version-history":[{"count":13,"href":"https:\/\/www.expotradegroup.com\/fr\/wp-json\/wp\/v2\/pages\/12414\/revisions"}],"predecessor-version":[{"id":22788,"href":"https:\/\/www.expotradegroup.com\/fr\/wp-json\/wp\/v2\/pages\/12414\/revisions\/22788"}],"wp:attachment":[{"href":"https:\/\/www.expotradegroup.com\/fr\/wp-json\/wp\/v2\/media?parent=12414"}],"curies":[{"name":"wp","href":"https:\/\/api.w.org\/{rel}","templated":true}]}}