{"id":12416,"date":"2015-08-14T19:15:02","date_gmt":"2015-08-14T17:15:02","guid":{"rendered":"http:\/\/www.expotradegroup.com\/fr\/expobanner\/"},"modified":"2020-06-18T21:08:35","modified_gmt":"2020-06-18T19:08:35","slug":"expobanner","status":"publish","type":"page","link":"https:\/\/www.expotradegroup.com\/fr\/expobanner\/","title":{"rendered":"expobanner"},"content":{"rendered":"<div class=\"flex_column av_two_third  flex_column_div av-zero-column-padding first  \" style='border-radius:0px; '><div style='padding-bottom:10px; ' class='av-special-heading av-special-heading-h1    '><h1 class='av-special-heading-tag '  itemprop=\"headline\"  >expobanner Mur d\u2019affichage<\/h1><div class='special-heading-border'><div class='special-heading-inner-border' ><\/div><\/div><\/div><\/div><div class=\"flex_column av_one_fourth  flex_column_div av-zero-column-padding   \" style='border-radius:0px; '><div class='avia-image-container  av-styling-    avia-align-center '  itemprop=\"ImageObject\" itemscope=\"itemscope\" itemtype=\"https:\/\/schema.org\/ImageObject\"  ><div class='avia-image-container-inner'><div class='avia-image-overlay-wrap'><img class='avia_image ' src='https:\/\/www.expotradegroup.com\/wp-content\/uploads\/2015\/08\/expobanner_by_expotrade_logo-300x72.png' alt='expobanner' title='expobanner' height=\"72\"width=\"300\"  itemprop=\"thumbnailUrl\"  \/><\/div><\/div><\/div><\/div><\/p>\n<div class='avia-gallery  avia-gallery-1 avia_lazyload avia_animate_when_visible '  itemprop=\"ImageObject\" itemscope=\"itemscope\" itemtype=\"https:\/\/schema.org\/ImageObject\" ><div class='avia-gallery-thumb'> <a href='https:\/\/www.expotradegroup.com\/wp-content\/uploads\/2015\/08\/European_Enduroseries_expobanner_3-1030x656.jpg' data-rel='gallery-1' data-prev-img='https:\/\/www.expotradegroup.com\/wp-content\/uploads\/2015\/08\/European_Enduroseries_expobanner_3-495x400.jpg' class='first_thumb lightbox ' data-onclick='1' title='fond de podium expobanner'  itemprop=\"thumbnailUrl\" ><img data-avia-tooltip='European Enduroseries Expobanner' src='https:\/\/www.expotradegroup.com\/wp-content\/uploads\/2015\/08\/European_Enduroseries_expobanner_3-495x400.jpg' width='495' height='400'  title='fond de podium expobanner' alt='fond de podium expobanner' \/><\/a> <a href='https:\/\/www.expotradegroup.com\/wp-content\/uploads\/2015\/08\/expobanner_large-1030x654.png' data-rel='gallery-1' data-prev-img='https:\/\/www.expotradegroup.com\/wp-content\/uploads\/2015\/08\/expobanner_large-495x400.png' class='lightbox ' data-onclick='2' title='affichage expobanner pour le podium'  itemprop=\"thumbnailUrl\" ><img data-avia-tooltip='Expobanner large' src='https:\/\/www.expotradegroup.com\/wp-content\/uploads\/2015\/08\/expobanner_large-495x400.png' width='495' height='400'  title='affichage expobanner pour le podium' alt='affichage expobanner pour le podium' \/><\/a> <a href='https:\/\/www.expotradegroup.com\/wp-content\/uploads\/2015\/08\/European_Enduroseries_expobanner_2-1030x658.jpg' data-rel='gallery-1' data-prev-img='https:\/\/www.expotradegroup.com\/wp-content\/uploads\/2015\/08\/European_Enduroseries_expobanner_2-495x400.jpg' class='lightbox ' data-onclick='3' title='affichage expobanner pour le podium'  itemprop=\"thumbnailUrl\" ><img data-avia-tooltip='European Enduroseries Expobanner' src='https:\/\/www.expotradegroup.com\/wp-content\/uploads\/2015\/08\/European_Enduroseries_expobanner_2-495x400.jpg' width='495' height='400'  title='affichage expobanner pour le podium' alt='affichage expobanner pour le podium' \/><\/a> <a href='https:\/\/www.expotradegroup.com\/wp-content\/uploads\/2015\/08\/European_Enduroseries_expobanner_4-1030x659.jpg' data-rel='gallery-1' data-prev-img='https:\/\/www.expotradegroup.com\/wp-content\/uploads\/2015\/08\/European_Enduroseries_expobanner_4-495x400.jpg' class='lightbox ' data-onclick='4' title='affichage expobanner pour le podium'  itemprop=\"thumbnailUrl\" ><img data-avia-tooltip='European Enduroseries expobanner' src='https:\/\/www.expotradegroup.com\/wp-content\/uploads\/2015\/08\/European_Enduroseries_expobanner_4-495x400.jpg' width='495' height='400'  title='affichage expobanner pour le podium' alt='affichage expobanner pour le podium' \/><\/a><\/div><\/div>\n<div style='height:30px' class='hr hr-invisible  '><span class='hr-inner ' ><span class='hr-inner-style'><\/span><\/span><\/div>\n<div class=\"flex_column av_one_full  flex_column_div av-zero-column-padding first  \" style='border-radius:0px; '><section class=\"av_textblock_section \"  itemscope=\"itemscope\" itemtype=\"https:\/\/schema.org\/CreativeWork\" ><div class='avia_textblock  '   itemprop=\"text\" ><p><strong>expobanner <\/strong><span lang=\"fr\"><strong>Mur d&rsquo;affichage <\/strong>&#8211;\u00a0 c<\/span>e syst\u00e8me de pr\u00e9sentation est une autre innovation d\u00e9velopp\u00e9e par Expotrade!<\/p>\n<p>Il peut \u00eatre mont\u00e9 par une seule personne en 2 ou 3 minutes.<\/p>\n<p>Gr\u00e2ce \u00e0 ses dimensions, l&rsquo;Expobanner est parfaitement adapt\u00e9 pour mettre en valeur vos sponsors ou votre marque.<\/p>\n<p>Sa forme incurv\u00e9e apportant un angle de vue diff\u00e9rent la diff\u00e9rencie de tous les autres murs de pr\u00e9sentation.<\/p>\n<p>Autre avantage, vous pouvez l&rsquo;utiliser outdoor! Un set de fixation est fourni avec chaque Expobanner.<\/p>\n<p>En cas de temp\u00eate, d\u00e9tachez simplement le mat\u00e9riau d&rsquo;un c\u00f4t\u00e9 et poussez-le le long du tunnel vers le c\u00f4t\u00e9 oppos\u00e9. Pas besoin de d\u00e9monter le panneau en entier!<\/p>\n<\/div><\/section><\/div><div style='height:30px' class='hr hr-invisible  '><span class='hr-inner ' ><span class='hr-inner-style'><\/span><\/span><\/div><\/p>\n<div class=\"flex_column av_one_third  flex_column_div av-zero-column-padding first  \" style='border-radius:0px; '><p><div class='avia-image-container  av-styling-    avia-align-center '  itemprop=\"ImageObject\" itemscope=\"itemscope\" itemtype=\"https:\/\/schema.org\/ImageObject\"  ><div class='avia-image-container-inner'><div class='avia-image-overlay-wrap'><a href='https:\/\/www.expotradegroup.com\/fr\/expobanner\/expobanner-petit\/' class='avia_image'  ><img class='avia_image ' src='https:\/\/www.expotradegroup.com\/wp-content\/uploads\/2015\/08\/expobanner_klein.png' alt='expobanner displaywall petit' title='expobanner displaywall petit'  itemprop=\"thumbnailUrl\"  \/><\/a><\/div><\/div><\/div><br \/>\n<section class=\"av_textblock_section \"  itemscope=\"itemscope\" itemtype=\"https:\/\/schema.org\/CreativeWork\" ><div class='avia_textblock  '   itemprop=\"text\" ><h3 style=\"text-align: center;\"><span style=\"color: #000000;\"><a href=\"https:\/\/www.expotradegroup.com\/fr\/expobanner\/expobanner-petit\/\">petit<\/a><\/span><\/h3>\n<\/div><\/section><\/p><\/div><div class=\"flex_column av_one_third  flex_column_div av-zero-column-padding   \" style='border-radius:0px; '><p><div class='avia-image-container  av-styling-    avia-align-center '  itemprop=\"ImageObject\" itemscope=\"itemscope\" itemtype=\"https:\/\/schema.org\/ImageObject\"  ><div class='avia-image-container-inner'><div class='avia-image-overlay-wrap'><a href='https:\/\/www.expotradegroup.com\/fr\/expobanner\/expobanner-moyen\/' class='avia_image'  ><img class='avia_image ' src='https:\/\/www.expotradegroup.com\/wp-content\/uploads\/2015\/08\/expobanner_mittel.png' alt='expobanner displaywall moyen' title='expobanner displaywall moyen'  itemprop=\"thumbnailUrl\"  \/><\/a><\/div><\/div><\/div><br \/>\n<section class=\"av_textblock_section \"  itemscope=\"itemscope\" itemtype=\"https:\/\/schema.org\/CreativeWork\" ><div class='avia_textblock  '   itemprop=\"text\" ><h3 style=\"text-align: center;\"><span style=\"color: #000000;\"><a href=\"https:\/\/www.expotradegroup.com\/fr\/expobanner\/expobanner-moyen\/\">moyen<\/a><\/span><\/h3>\n<\/div><\/section><\/p><\/div><div class=\"flex_column av_one_third  flex_column_div av-zero-column-padding   \" style='border-radius:0px; '><p><div class='avia-image-container  av-styling-    avia-align-center '  itemprop=\"ImageObject\" itemscope=\"itemscope\" itemtype=\"https:\/\/schema.org\/ImageObject\"  ><div class='avia-image-container-inner'><div class='avia-image-overlay-wrap'><a href='https:\/\/www.expotradegroup.com\/fr\/expobanner\/expobanner-grand\/' class='avia_image'  ><img class='avia_image ' src='https:\/\/www.expotradegroup.com\/wp-content\/uploads\/2015\/08\/expobanner_gross.png' alt='expobanner displaywall grande' title='expobanner displaywall grande'  itemprop=\"thumbnailUrl\"  \/><\/a><\/div><\/div><\/div><br \/>\n<section class=\"av_textblock_section \"  itemscope=\"itemscope\" itemtype=\"https:\/\/schema.org\/CreativeWork\" ><div class='avia_textblock  '   itemprop=\"text\" ><h3 style=\"text-align: center;\"><span style=\"color: #000000;\"><a href=\"https:\/\/www.expotradegroup.com\/fr\/expobanner\/expobanner-grand\/\">grand<\/a><\/span><\/h3>\n<\/div><\/section><\/p><\/div><\/p>\n","protected":false},"excerpt":{"rendered":"","protected":false},"author":1,"featured_media":0,"parent":0,"menu_order":0,"comment_status":"open","ping_status":"closed","template":"","meta":{"footnotes":""},"class_list":["post-12416","page","type-page","status-publish","hentry"],"yoast_head":"<!-- This site is optimized with the Yoast SEO plugin v23.2 - https:\/\/yoast.com\/wordpress\/plugins\/seo\/ -->\n<title>expobanner Mur d&#039;affichage un mur sponsor semi-circulaire d&#039;Expotrade<\/title>\n<meta name=\"description\" content=\"expobanner mur d&#039;affichage est un mur de pr\u00e9sentation incurv\u00e9 qui peut \u00eatre utilis\u00e9 en EXT\u00c9RIEUR! En raison de forme incurv\u00e9e, il est diff\u00e9rent\" \/>\n<meta name=\"robots\" content=\"index, follow, max-snippet:-1, max-image-preview:large, max-video-preview:-1\" \/>\n<link rel=\"canonical\" href=\"https:\/\/www.expotradegroup.com\/fr\/expobanner\/\" \/>\n<meta property=\"og:locale\" content=\"fr_FR\" \/>\n<meta property=\"og:type\" content=\"article\" \/>\n<meta property=\"og:title\" content=\"expobanner Mur d&#039;affichage un mur sponsor semi-circulaire d&#039;Expotrade\" \/>\n<meta property=\"og:description\" content=\"expobanner mur d&#039;affichage est un mur de pr\u00e9sentation incurv\u00e9 qui peut \u00eatre utilis\u00e9 en EXT\u00c9RIEUR! En raison de forme incurv\u00e9e, il est diff\u00e9rent\" \/>\n<meta property=\"og:url\" content=\"https:\/\/www.expotradegroup.com\/fr\/expobanner\/\" \/>\n<meta property=\"og:site_name\" content=\"Expotrade\" \/>\n<meta property=\"article:publisher\" content=\"https:\/\/www.facebook.com\/Expotrade-Group-Gmbh-Head-Office-501830963237226\/timeline\/\" \/>\n<meta property=\"article:modified_time\" content=\"2020-06-18T19:08:35+00:00\" \/>\n<meta name=\"twitter:card\" content=\"summary_large_image\" \/>\n<meta name=\"twitter:site\" content=\"@Expotrade_Group\" \/>\n<meta name=\"twitter:label1\" content=\"Dur\u00e9e de lecture estim\u00e9e\" \/>\n\t<meta name=\"twitter:data1\" content=\"5 minutes\" \/>\n<script type=\"application\/ld+json\" class=\"yoast-schema-graph\">{\"@context\":\"https:\/\/schema.org\",\"@graph\":[{\"@type\":\"WebPage\",\"@id\":\"https:\/\/www.expotradegroup.com\/fr\/expobanner\/\",\"url\":\"https:\/\/www.expotradegroup.com\/fr\/expobanner\/\",\"name\":\"expobanner Mur d'affichage un mur sponsor semi-circulaire d'Expotrade\",\"isPartOf\":{\"@id\":\"https:\/\/www.expotradegroup.com\/fr\/#website\"},\"datePublished\":\"2015-08-14T17:15:02+00:00\",\"dateModified\":\"2020-06-18T19:08:35+00:00\",\"description\":\"expobanner mur d'affichage est un mur de pr\u00e9sentation incurv\u00e9 qui peut \u00eatre utilis\u00e9 en EXT\u00c9RIEUR! En raison de forme incurv\u00e9e, il est diff\u00e9rent\",\"breadcrumb\":{\"@id\":\"https:\/\/www.expotradegroup.com\/fr\/expobanner\/#breadcrumb\"},\"inLanguage\":\"fr-FR\",\"potentialAction\":[{\"@type\":\"ReadAction\",\"target\":[\"https:\/\/www.expotradegroup.com\/fr\/expobanner\/\"]}]},{\"@type\":\"BreadcrumbList\",\"@id\":\"https:\/\/www.expotradegroup.com\/fr\/expobanner\/#breadcrumb\",\"itemListElement\":[{\"@type\":\"ListItem\",\"position\":1,\"name\":\"Home\",\"item\":\"https:\/\/www.expotradegroup.com\/fr\/tentes-pliantes-table-pliantes-sacs-de-feves\/\"},{\"@type\":\"ListItem\",\"position\":2,\"name\":\"expobanner\"}]},{\"@type\":\"WebSite\",\"@id\":\"https:\/\/www.expotradegroup.com\/fr\/#website\",\"url\":\"https:\/\/www.expotradegroup.com\/fr\/\",\"name\":\"Expotrade\",\"description\":\"Faltzelte, Falttische, Sitzs\u00e4cke und mobile ideas\",\"potentialAction\":[{\"@type\":\"SearchAction\",\"target\":{\"@type\":\"EntryPoint\",\"urlTemplate\":\"https:\/\/www.expotradegroup.com\/fr\/?s={search_term_string}\"},\"query-input\":\"required name=search_term_string\"}],\"inLanguage\":\"fr-FR\"}]}<\/script>\n<!-- \/ Yoast SEO plugin. -->","yoast_head_json":{"title":"expobanner Mur d'affichage un mur sponsor semi-circulaire d'Expotrade","description":"expobanner mur d'affichage est un mur de pr\u00e9sentation incurv\u00e9 qui peut \u00eatre utilis\u00e9 en EXT\u00c9RIEUR! En raison de forme incurv\u00e9e, il est diff\u00e9rent","robots":{"index":"index","follow":"follow","max-snippet":"max-snippet:-1","max-image-preview":"max-image-preview:large","max-video-preview":"max-video-preview:-1"},"canonical":"https:\/\/www.expotradegroup.com\/fr\/expobanner\/","og_locale":"fr_FR","og_type":"article","og_title":"expobanner Mur d'affichage un mur sponsor semi-circulaire d'Expotrade","og_description":"expobanner mur d'affichage est un mur de pr\u00e9sentation incurv\u00e9 qui peut \u00eatre utilis\u00e9 en EXT\u00c9RIEUR! En raison de forme incurv\u00e9e, il est diff\u00e9rent","og_url":"https:\/\/www.expotradegroup.com\/fr\/expobanner\/","og_site_name":"Expotrade","article_publisher":"https:\/\/www.facebook.com\/Expotrade-Group-Gmbh-Head-Office-501830963237226\/timeline\/","article_modified_time":"2020-06-18T19:08:35+00:00","twitter_card":"summary_large_image","twitter_site":"@Expotrade_Group","twitter_misc":{"Dur\u00e9e de lecture estim\u00e9e":"5 minutes"},"schema":{"@context":"https:\/\/schema.org","@graph":[{"@type":"WebPage","@id":"https:\/\/www.expotradegroup.com\/fr\/expobanner\/","url":"https:\/\/www.expotradegroup.com\/fr\/expobanner\/","name":"expobanner Mur d'affichage un mur sponsor semi-circulaire d'Expotrade","isPartOf":{"@id":"https:\/\/www.expotradegroup.com\/fr\/#website"},"datePublished":"2015-08-14T17:15:02+00:00","dateModified":"2020-06-18T19:08:35+00:00","description":"expobanner mur d'affichage est un mur de pr\u00e9sentation incurv\u00e9 qui peut \u00eatre utilis\u00e9 en EXT\u00c9RIEUR! En raison de forme incurv\u00e9e, il est diff\u00e9rent","breadcrumb":{"@id":"https:\/\/www.expotradegroup.com\/fr\/expobanner\/#breadcrumb"},"inLanguage":"fr-FR","potentialAction":[{"@type":"ReadAction","target":["https:\/\/www.expotradegroup.com\/fr\/expobanner\/"]}]},{"@type":"BreadcrumbList","@id":"https:\/\/www.expotradegroup.com\/fr\/expobanner\/#breadcrumb","itemListElement":[{"@type":"ListItem","position":1,"name":"Home","item":"https:\/\/www.expotradegroup.com\/fr\/tentes-pliantes-table-pliantes-sacs-de-feves\/"},{"@type":"ListItem","position":2,"name":"expobanner"}]},{"@type":"WebSite","@id":"https:\/\/www.expotradegroup.com\/fr\/#website","url":"https:\/\/www.expotradegroup.com\/fr\/","name":"Expotrade","description":"Faltzelte, Falttische, Sitzs\u00e4cke und mobile ideas","potentialAction":[{"@type":"SearchAction","target":{"@type":"EntryPoint","urlTemplate":"https:\/\/www.expotradegroup.com\/fr\/?s={search_term_string}"},"query-input":"required name=search_term_string"}],"inLanguage":"fr-FR"}]}},"_links":{"self":[{"href":"https:\/\/www.expotradegroup.com\/fr\/wp-json\/wp\/v2\/pages\/12416"}],"collection":[{"href":"https:\/\/www.expotradegroup.com\/fr\/wp-json\/wp\/v2\/pages"}],"about":[{"href":"https:\/\/www.expotradegroup.com\/fr\/wp-json\/wp\/v2\/types\/page"}],"author":[{"embeddable":true,"href":"https:\/\/www.expotradegroup.com\/fr\/wp-json\/wp\/v2\/users\/1"}],"replies":[{"embeddable":true,"href":"https:\/\/www.expotradegroup.com\/fr\/wp-json\/wp\/v2\/comments?post=12416"}],"version-history":[{"count":8,"href":"https:\/\/www.expotradegroup.com\/fr\/wp-json\/wp\/v2\/pages\/12416\/revisions"}],"predecessor-version":[{"id":24725,"href":"https:\/\/www.expotradegroup.com\/fr\/wp-json\/wp\/v2\/pages\/12416\/revisions\/24725"}],"wp:attachment":[{"href":"https:\/\/www.expotradegroup.com\/fr\/wp-json\/wp\/v2\/media?parent=12416"}],"curies":[{"name":"wp","href":"https:\/\/api.w.org\/{rel}","templated":true}]}}