{"id":12417,"date":"2015-08-14T19:11:40","date_gmt":"2015-08-14T17:11:40","guid":{"rendered":"http:\/\/www.expotradegroup.com\/fr\/expobartable\/"},"modified":"2024-06-04T14:12:13","modified_gmt":"2024-06-04T12:12:13","slug":"expobartable-table-de-bar","status":"publish","type":"page","link":"https:\/\/www.expotradegroup.com\/fr\/expobartable-table-de-bar\/","title":{"rendered":"expobartable"},"content":{"rendered":"<div class=\"flex_column av_two_third  flex_column_div av-zero-column-padding first  \" style='border-radius:0px; '><div style='padding-bottom:10px; ' class='av-special-heading av-special-heading-h1    '><h1 class='av-special-heading-tag '  itemprop=\"headline\"  >expobartable table de bar<\/h1><div class='special-heading-border'><div class='special-heading-inner-border' ><\/div><\/div><\/div><\/div>\n<div class=\"flex_column av_one_fourth  flex_column_div av-zero-column-padding   \" style='border-radius:0px; '><div class='avia-image-container  av-styling-    avia-align-center '  itemprop=\"ImageObject\" itemscope=\"itemscope\" itemtype=\"https:\/\/schema.org\/ImageObject\"  ><div class='avia-image-container-inner'><div class='avia-image-overlay-wrap'><img class='avia_image ' src='https:\/\/www.expotradegroup.com\/wp-content\/uploads\/2015\/08\/expobartable_by_expotrade_logo-300x66.png' alt='expobartable' title='expobartable' height=\"66\"width=\"300\"  itemprop=\"thumbnailUrl\"  \/><\/div><\/div><\/div><\/div>\n<div class=\"flex_column av_one_full  flex_column_div av-zero-column-padding first  \" style='border-radius:0px; '><section class=\"av_textblock_section \"  itemscope=\"itemscope\" itemtype=\"https:\/\/schema.org\/CreativeWork\" ><div class='avia_textblock  '   itemprop=\"text\" ><p><strong>expobartable table de bar<\/strong> &#8211; les mange-debouts d&rsquo;Expotrade- l&rsquo;Expobartable et l&rsquo;Expotwin- sont les meubles id\u00e9aux pour votre \u00e9v\u00e9nement. Cette table reconnue pour sa grande stabilit\u00e9 est constitu\u00e9e de 3 parties faciles \u00e0 assembler. L&rsquo;anneau en m\u00e9tal en bas peut se d\u00e9cliner en plusieurs couleurs. Il sert de repose-pieds et de lest. La colonne centrale ronde peut \u00eatre enti\u00e8rement marqu\u00e9e, et en raison de son diam\u00e8tre important offre un large espace publicitaire.<\/p>\n<p>De plus, son plateau en Wersalit est enti\u00e8rement imprimable, facile \u00e0 nettoyer, et r\u00e9sistant aux br\u00fblures de cigarettes. Pour s&rsquo;installer autour, Expotrade propose la chaise de bar Expobarchair. Le trou pr\u00e9vu sur la table permet d&rsquo;installer un parasol sp\u00e9cial qui, lui aussi, servira d&rsquo;outil publicitaire tr\u00e8s efficace.<\/p>\n<p><span lang=\"fr\">la <strong>table de bar pliable<\/strong> 60x60cm est neuve. Tr\u00e8s petit pliable et tr\u00e8s stable. Les parois lat\u00e9rales facilement \u00e9changeables permettent le multi-marquage.<\/span><\/p>\n<\/div><\/section><\/div>\n<div class=\"flex_column av_one_third  flex_column_div av-zero-column-padding first  \" style='border-radius:0px; '><p><div class='avia-image-container  av-styling-    avia-align-center '  itemprop=\"ImageObject\" itemscope=\"itemscope\" itemtype=\"https:\/\/schema.org\/ImageObject\"  ><div class='avia-image-container-inner'><div class='avia-image-overlay-wrap'><a href='https:\/\/www.expotradegroup.com\/fr\/expobartable-table-de-bar\/expobartable-ronde\/' class='avia_image'  ><img class='avia_image ' src='https:\/\/www.expotradegroup.com\/wp-content\/uploads\/2015\/09\/bartable_icon.png' alt='Expobartable' title='Expobartable'  itemprop=\"thumbnailUrl\"  \/><\/a><\/div><\/div><\/div><br \/>\n<section class=\"av_textblock_section \"  itemscope=\"itemscope\" itemtype=\"https:\/\/schema.org\/CreativeWork\" ><div class='avia_textblock  '   itemprop=\"text\" ><h3 style=\"text-align: center;\"><span style=\"color: #000000;\"><a href=\"https:\/\/www.expotradegroup.com\/fr\/expobartable-table-de-bar\/expobartable-ronde\/\">ronde<\/a><\/span><\/h3>\n<h3 style=\"text-align: center;\">pas disponible !<\/h3>\n<\/div><\/section><\/p><\/div><div class=\"flex_column av_one_third  flex_column_div av-zero-column-padding   \" style='border-radius:0px; '><p><div class='avia-image-container  av-styling-    avia-align-center '  itemprop=\"ImageObject\" itemscope=\"itemscope\" itemtype=\"https:\/\/schema.org\/ImageObject\"  ><div class='avia-image-container-inner'><div class='avia-image-overlay-wrap'><a href='https:\/\/www.expotradegroup.com\/fr\/expobartable-table-de-bar\/expotwin-table-de-bar\/' class='avia_image'  ><img class='avia_image ' src='https:\/\/www.expotradegroup.com\/wp-content\/uploads\/2015\/08\/expotwin_bartable_icon.png' alt='expotwin Expobartable' title='expotwin Expobartable'  itemprop=\"thumbnailUrl\"  \/><\/a><\/div><\/div><\/div><br \/>\n<section class=\"av_textblock_section \"  itemscope=\"itemscope\" itemtype=\"https:\/\/schema.org\/CreativeWork\" ><div class='avia_textblock  '   itemprop=\"text\" ><h3 style=\"text-align: center;\"><span style=\"color: #000000;\"><a href=\"https:\/\/www.expotradegroup.com\/fr\/expobartable\/expotwin-table-de-bar\/\">expotwin<\/a><\/span><\/h3>\n<h3 style=\"text-align: center;\">pas disponible !<\/h3>\n<\/div><\/section><\/p><\/div><div class=\"flex_column av_one_third  flex_column_div av-zero-column-padding   \" style='border-radius:0px; '><p><div class='avia-image-container  av-styling-    avia-align-center '  itemprop=\"ImageObject\" itemscope=\"itemscope\" itemtype=\"https:\/\/schema.org\/ImageObject\"  ><div class='avia-image-container-inner'><div class='avia-image-overlay-wrap'><a href='https:\/\/www.expotradegroup.com\/fr\/expobartable-table-de-bar\/expobartable-pliante\/' class='avia_image'  ><img class='avia_image ' src='https:\/\/www.expotradegroup.com\/wp-content\/uploads\/2020\/04\/expobartable_foldable_Zeichnung_Gestell.png' alt='expobartable pliable' title='expobartable pliable'  itemprop=\"thumbnailUrl\"  \/><\/a><\/div><\/div><\/div><br \/>\n<section class=\"av_textblock_section \"  itemscope=\"itemscope\" itemtype=\"https:\/\/schema.org\/CreativeWork\" ><div class='avia_textblock  '   itemprop=\"text\" ><h3 style=\"text-align: center;\"><span style=\"color: #000000;\"><a href=\"https:\/\/www.expotradegroup.com\/fr\/expobartable-table-de-bar\/expobartable-pliante\/\">PLIABLE<\/a><\/span><\/h3>\n<\/div><\/section><br \/>\n<div style='text-align:center; color:#ff0008; font-size:24px; margin:0 0 0 0; ' class='av-rotator-container av-rotation-container-center   av-fixed-rotator-width av-typewriter' data-interval='2' data-animation='0' data-fixWidth='1'><h1 class='av-rotator-container-inner '><span class='av-rotator-text av-rotator-multiline-off '>\n<span style='color:#fc3c4f; ' class='av-rotator-text-single av-rotator-text-single-1'>Nouveaut\u00e9 !<\/span>\n<span style='color:#f70020; ' class='av-rotator-text-single av-rotator-text-single-2'>Nouveaut\u00e9 !<\/span>\n<span style='color:#ff0008; ' class='av-rotator-text-single av-rotator-text-single-3'>Nouveaut\u00e9 !<\/span>\n<\/span><\/h1><\/div><\/p><\/div><\/p>\n","protected":false},"excerpt":{"rendered":"","protected":false},"author":1,"featured_media":0,"parent":0,"menu_order":0,"comment_status":"open","ping_status":"closed","template":"","meta":{"footnotes":""},"class_list":["post-12417","page","type-page","status-publish","hentry"],"yoast_head":"<!-- This site is optimized with the Yoast SEO plugin v23.2 - https:\/\/yoast.com\/wordpress\/plugins\/seo\/ -->\n<title>expobartable - table de bar - ronde ou pliable - possibilit\u00e9s optimales<\/title>\n<meta name=\"description\" content=\"expobartable table de bar ronde et pliable - sont les accessoires parfaits pour vos \u00e9v\u00e9nements. Espace publicitaire suppl\u00e9mentaire!\" \/>\n<meta name=\"robots\" content=\"index, follow, max-snippet:-1, max-image-preview:large, max-video-preview:-1\" \/>\n<link rel=\"canonical\" href=\"https:\/\/www.expotradegroup.com\/fr\/expobartable-table-de-bar\/\" \/>\n<meta property=\"og:locale\" content=\"fr_FR\" \/>\n<meta property=\"og:type\" content=\"article\" \/>\n<meta property=\"og:title\" content=\"expobartable - table de bar - ronde ou pliable - possibilit\u00e9s optimales\" \/>\n<meta property=\"og:description\" content=\"expobartable table de bar ronde et pliable - sont les accessoires parfaits pour vos \u00e9v\u00e9nements. Espace publicitaire suppl\u00e9mentaire!\" \/>\n<meta property=\"og:url\" content=\"https:\/\/www.expotradegroup.com\/fr\/expobartable-table-de-bar\/\" \/>\n<meta property=\"og:site_name\" content=\"Expotrade\" \/>\n<meta property=\"article:publisher\" content=\"https:\/\/www.facebook.com\/Expotrade-Group-Gmbh-Head-Office-501830963237226\/timeline\/\" \/>\n<meta property=\"article:modified_time\" content=\"2024-06-04T12:12:13+00:00\" \/>\n<meta name=\"twitter:card\" content=\"summary_large_image\" \/>\n<meta name=\"twitter:site\" content=\"@Expotrade_Group\" \/>\n<meta name=\"twitter:label1\" content=\"Dur\u00e9e de lecture estim\u00e9e\" \/>\n\t<meta name=\"twitter:data1\" content=\"5 minutes\" \/>\n<script type=\"application\/ld+json\" class=\"yoast-schema-graph\">{\"@context\":\"https:\/\/schema.org\",\"@graph\":[{\"@type\":\"WebPage\",\"@id\":\"https:\/\/www.expotradegroup.com\/fr\/expobartable-table-de-bar\/\",\"url\":\"https:\/\/www.expotradegroup.com\/fr\/expobartable-table-de-bar\/\",\"name\":\"expobartable - table de bar - ronde ou pliable - possibilit\u00e9s optimales\",\"isPartOf\":{\"@id\":\"https:\/\/www.expotradegroup.com\/fr\/#website\"},\"datePublished\":\"2015-08-14T17:11:40+00:00\",\"dateModified\":\"2024-06-04T12:12:13+00:00\",\"description\":\"expobartable table de bar ronde et pliable - sont les accessoires parfaits pour vos \u00e9v\u00e9nements. Espace publicitaire suppl\u00e9mentaire!\",\"breadcrumb\":{\"@id\":\"https:\/\/www.expotradegroup.com\/fr\/expobartable-table-de-bar\/#breadcrumb\"},\"inLanguage\":\"fr-FR\",\"potentialAction\":[{\"@type\":\"ReadAction\",\"target\":[\"https:\/\/www.expotradegroup.com\/fr\/expobartable-table-de-bar\/\"]}]},{\"@type\":\"BreadcrumbList\",\"@id\":\"https:\/\/www.expotradegroup.com\/fr\/expobartable-table-de-bar\/#breadcrumb\",\"itemListElement\":[{\"@type\":\"ListItem\",\"position\":1,\"name\":\"Home\",\"item\":\"https:\/\/www.expotradegroup.com\/fr\/tentes-pliantes-table-pliantes-sacs-de-feves\/\"},{\"@type\":\"ListItem\",\"position\":2,\"name\":\"expobartable\"}]},{\"@type\":\"WebSite\",\"@id\":\"https:\/\/www.expotradegroup.com\/fr\/#website\",\"url\":\"https:\/\/www.expotradegroup.com\/fr\/\",\"name\":\"Expotrade\",\"description\":\"Faltzelte, Falttische, Sitzs\u00e4cke und mobile ideas\",\"potentialAction\":[{\"@type\":\"SearchAction\",\"target\":{\"@type\":\"EntryPoint\",\"urlTemplate\":\"https:\/\/www.expotradegroup.com\/fr\/?s={search_term_string}\"},\"query-input\":\"required name=search_term_string\"}],\"inLanguage\":\"fr-FR\"}]}<\/script>\n<!-- \/ Yoast SEO plugin. -->","yoast_head_json":{"title":"expobartable - table de bar - ronde ou pliable - possibilit\u00e9s optimales","description":"expobartable table de bar ronde et pliable - sont les accessoires parfaits pour vos \u00e9v\u00e9nements. Espace publicitaire suppl\u00e9mentaire!","robots":{"index":"index","follow":"follow","max-snippet":"max-snippet:-1","max-image-preview":"max-image-preview:large","max-video-preview":"max-video-preview:-1"},"canonical":"https:\/\/www.expotradegroup.com\/fr\/expobartable-table-de-bar\/","og_locale":"fr_FR","og_type":"article","og_title":"expobartable - table de bar - ronde ou pliable - possibilit\u00e9s optimales","og_description":"expobartable table de bar ronde et pliable - sont les accessoires parfaits pour vos \u00e9v\u00e9nements. Espace publicitaire suppl\u00e9mentaire!","og_url":"https:\/\/www.expotradegroup.com\/fr\/expobartable-table-de-bar\/","og_site_name":"Expotrade","article_publisher":"https:\/\/www.facebook.com\/Expotrade-Group-Gmbh-Head-Office-501830963237226\/timeline\/","article_modified_time":"2024-06-04T12:12:13+00:00","twitter_card":"summary_large_image","twitter_site":"@Expotrade_Group","twitter_misc":{"Dur\u00e9e de lecture estim\u00e9e":"5 minutes"},"schema":{"@context":"https:\/\/schema.org","@graph":[{"@type":"WebPage","@id":"https:\/\/www.expotradegroup.com\/fr\/expobartable-table-de-bar\/","url":"https:\/\/www.expotradegroup.com\/fr\/expobartable-table-de-bar\/","name":"expobartable - table de bar - ronde ou pliable - possibilit\u00e9s optimales","isPartOf":{"@id":"https:\/\/www.expotradegroup.com\/fr\/#website"},"datePublished":"2015-08-14T17:11:40+00:00","dateModified":"2024-06-04T12:12:13+00:00","description":"expobartable table de bar ronde et pliable - sont les accessoires parfaits pour vos \u00e9v\u00e9nements. Espace publicitaire suppl\u00e9mentaire!","breadcrumb":{"@id":"https:\/\/www.expotradegroup.com\/fr\/expobartable-table-de-bar\/#breadcrumb"},"inLanguage":"fr-FR","potentialAction":[{"@type":"ReadAction","target":["https:\/\/www.expotradegroup.com\/fr\/expobartable-table-de-bar\/"]}]},{"@type":"BreadcrumbList","@id":"https:\/\/www.expotradegroup.com\/fr\/expobartable-table-de-bar\/#breadcrumb","itemListElement":[{"@type":"ListItem","position":1,"name":"Home","item":"https:\/\/www.expotradegroup.com\/fr\/tentes-pliantes-table-pliantes-sacs-de-feves\/"},{"@type":"ListItem","position":2,"name":"expobartable"}]},{"@type":"WebSite","@id":"https:\/\/www.expotradegroup.com\/fr\/#website","url":"https:\/\/www.expotradegroup.com\/fr\/","name":"Expotrade","description":"Faltzelte, Falttische, Sitzs\u00e4cke und mobile ideas","potentialAction":[{"@type":"SearchAction","target":{"@type":"EntryPoint","urlTemplate":"https:\/\/www.expotradegroup.com\/fr\/?s={search_term_string}"},"query-input":"required name=search_term_string"}],"inLanguage":"fr-FR"}]}},"_links":{"self":[{"href":"https:\/\/www.expotradegroup.com\/fr\/wp-json\/wp\/v2\/pages\/12417"}],"collection":[{"href":"https:\/\/www.expotradegroup.com\/fr\/wp-json\/wp\/v2\/pages"}],"about":[{"href":"https:\/\/www.expotradegroup.com\/fr\/wp-json\/wp\/v2\/types\/page"}],"author":[{"embeddable":true,"href":"https:\/\/www.expotradegroup.com\/fr\/wp-json\/wp\/v2\/users\/1"}],"replies":[{"embeddable":true,"href":"https:\/\/www.expotradegroup.com\/fr\/wp-json\/wp\/v2\/comments?post=12417"}],"version-history":[{"count":19,"href":"https:\/\/www.expotradegroup.com\/fr\/wp-json\/wp\/v2\/pages\/12417\/revisions"}],"predecessor-version":[{"id":36534,"href":"https:\/\/www.expotradegroup.com\/fr\/wp-json\/wp\/v2\/pages\/12417\/revisions\/36534"}],"wp:attachment":[{"href":"https:\/\/www.expotradegroup.com\/fr\/wp-json\/wp\/v2\/media?parent=12417"}],"curies":[{"name":"wp","href":"https:\/\/api.w.org\/{rel}","templated":true}]}}