{"id":12418,"date":"2015-08-14T19:08:50","date_gmt":"2015-08-14T17:08:50","guid":{"rendered":"http:\/\/www.expotradegroup.com\/fr\/expodome\/"},"modified":"2020-06-16T21:29:55","modified_gmt":"2020-06-16T19:29:55","slug":"dometente-expodome","status":"publish","type":"page","link":"https:\/\/www.expotradegroup.com\/fr\/dometente-expodome\/","title":{"rendered":"expodome dometente"},"content":{"rendered":"<div class=\"flex_column av_two_third  flex_column_div av-zero-column-padding first  \" style='border-radius:0px; '><div style='padding-bottom:10px; ' class='av-special-heading av-special-heading-h1    '><h1 class='av-special-heading-tag '  itemprop=\"headline\"  >dometente expodome<\/h1><div class='special-heading-border'><div class='special-heading-inner-border' ><\/div><\/div><\/div><\/div>\n<div class=\"flex_column av_one_fifth  flex_column_div av-zero-column-padding   \" style='border-radius:0px; '><div class='avia-image-container  av-styling-    avia-align-center '  itemprop=\"ImageObject\" itemscope=\"itemscope\" itemtype=\"https:\/\/schema.org\/ImageObject\"  ><div class='avia-image-container-inner'><div class='avia-image-overlay-wrap'><img class='avia_image ' src='https:\/\/www.expotradegroup.com\/wp-content\/uploads\/2015\/08\/expodome_by_expotrade_logo-300x78.png' alt='expodome' title='expodome' height=\"78\"width=\"300\"  itemprop=\"thumbnailUrl\"  \/><\/div><\/div><\/div><\/div>\n<div class='avia-gallery  avia-gallery-1 avia_lazyload avia_animate_when_visible '  itemprop=\"ImageObject\" itemscope=\"itemscope\" itemtype=\"https:\/\/schema.org\/ImageObject\" ><div class='avia-gallery-thumb'> <a href='https:\/\/www.expotradegroup.com\/wp-content\/uploads\/2016\/01\/RudysProjectDome.gif' data-rel='gallery-1' data-prev-img='https:\/\/www.expotradegroup.com\/wp-content\/uploads\/2016\/01\/RudysProjectDome-495x400.gif' class='first_thumb lightbox ' data-onclick='1' title='expodome Rudys Project 9m'  itemprop=\"thumbnailUrl\" ><img data-avia-tooltip='F1H2O Powerboat Racing' src='https:\/\/www.expotradegroup.com\/wp-content\/uploads\/2016\/01\/RudysProjectDome-495x400.gif' width='495' height='400'  title='expodome Rudys Project 9m' alt='expodome Rudys Project 9m' \/><\/a><\/div><\/div>\n<div style='height:30px' class='hr hr-invisible  '><span class='hr-inner ' ><span class='hr-inner-style'><\/span><\/span><\/div>\n<div class=\"flex_column av_one_full  flex_column_div av-zero-column-padding first  \" style='border-radius:0px; '><section class=\"av_textblock_section \"  itemscope=\"itemscope\" itemtype=\"https:\/\/schema.org\/CreativeWork\" ><div class='avia_textblock  '   itemprop=\"text\" ><p><strong>dometente expodome<\/strong> &#8211; l&rsquo; outil parfait pour accrocher le regard sur un \u00e9v\u00e9nement.<\/p>\n<p>Dans toutes les occasions, il sera le plus impressionnant gr\u00e2ce \u00e0 sa structure unique. Avoir un Expodome pour vos salons et foires vous garantit une campagne publicitaire r\u00e9ussie.<\/p>\n<p>Son gigantesque espace imprimable attire obligatoirement l&rsquo;attention du public.<\/p>\n<\/div><\/section><\/div>\n<div style='height:30px' class='hr hr-invisible  '><span class='hr-inner ' ><span class='hr-inner-style'><\/span><\/span><\/div>\n<div class=\"flex_column av_one_fourth  flex_column_div av-zero-column-padding first  \" style='border-radius:0px; '><p><div class='avia-image-container  av-styling-    avia-align-center '  itemprop=\"ImageObject\" itemscope=\"itemscope\" itemtype=\"https:\/\/schema.org\/ImageObject\"  ><div class='avia-image-container-inner'><div class='avia-image-overlay-wrap'><a href='https:\/\/www.expotradegroup.com\/fr\/dometente-expodome\/dometente-3x3m-expodome\/' class='avia_image'  ><img class='avia_image ' src='https:\/\/www.expotradegroup.com\/wp-content\/uploads\/2015\/08\/expodome_3x3m.png' alt='expodome 3x3m Dome tente' title='expodome 3x3m Dome tente'  itemprop=\"thumbnailUrl\"  \/><\/a><\/div><\/div><\/div><br \/>\n<section class=\"av_textblock_section \"  itemscope=\"itemscope\" itemtype=\"https:\/\/schema.org\/CreativeWork\" ><div class='avia_textblock  '   itemprop=\"text\" ><h3 style=\"text-align: center;\"><span style=\"color: #000000;\"><a href=\"https:\/\/www.expotradegroup.com\/fr\/dometente-expodome\/dometente-3x3m-expodome\/\">3 x 3 m<\/a><\/span><\/h3>\n<\/div><\/section><\/p><\/div>\n<div class=\"flex_column av_one_fourth  flex_column_div av-zero-column-padding   \" style='border-radius:0px; '><p><div class='avia-image-container  av-styling-    avia-align-center '  itemprop=\"ImageObject\" itemscope=\"itemscope\" itemtype=\"https:\/\/schema.org\/ImageObject\"  ><div class='avia-image-container-inner'><div class='avia-image-overlay-wrap'><a href='https:\/\/www.expotradegroup.com\/fr\/dometente-expodome\/dometente-48m-expodome\/' class='avia_image'  ><img class='avia_image ' src='https:\/\/www.expotradegroup.com\/wp-content\/uploads\/2015\/08\/expodome_48m.png' alt='expodome 4,8m Dome tente' title='expodome 4,8m Dome tente'  itemprop=\"thumbnailUrl\"  \/><\/a><\/div><\/div><\/div><br \/>\n<section class=\"av_textblock_section \"  itemscope=\"itemscope\" itemtype=\"https:\/\/schema.org\/CreativeWork\" ><div class='avia_textblock  '   itemprop=\"text\" ><h3 style=\"text-align: center;\"><span style=\"color: #000000;\"><a href=\"https:\/\/www.expotradegroup.com\/fr\/dometente-expodome\/dometente-48m-expodome\/\">4,8 m<\/a><\/span><\/h3>\n<\/div><\/section><\/p><\/div>\n<div class=\"flex_column av_one_fourth  flex_column_div av-zero-column-padding   \" style='border-radius:0px; '><p><div class='avia-image-container  av-styling-    avia-align-center '  itemprop=\"ImageObject\" itemscope=\"itemscope\" itemtype=\"https:\/\/schema.org\/ImageObject\"  ><div class='avia-image-container-inner'><div class='avia-image-overlay-wrap'><a href='https:\/\/www.expotradegroup.com\/fr\/dometente-expodome\/dometente-6m-expodome\/' class='avia_image'  ><img class='avia_image ' src='https:\/\/www.expotradegroup.com\/wp-content\/uploads\/2015\/08\/expodome_6m.png' alt='expodome 6m Dome tente' title='expodome 6m Dome tente'  itemprop=\"thumbnailUrl\"  \/><\/a><\/div><\/div><\/div><br \/>\n<section class=\"av_textblock_section \"  itemscope=\"itemscope\" itemtype=\"https:\/\/schema.org\/CreativeWork\" ><div class='avia_textblock  '   itemprop=\"text\" ><h3 style=\"text-align: center;\"><span style=\"color: #000000;\"><a href=\"https:\/\/www.expotradegroup.com\/fr\/dometente-expodome\/dometente-6m-expodome\/\">6 m<\/a><\/span><\/h3>\n<\/div><\/section><\/p><\/div>\n<div class=\"flex_column av_one_fourth  flex_column_div av-zero-column-padding   \" style='border-radius:0px; '><p><div class='avia-image-container  av-styling-    avia-align-center '  itemprop=\"ImageObject\" itemscope=\"itemscope\" itemtype=\"https:\/\/schema.org\/ImageObject\"  ><div class='avia-image-container-inner'><div class='avia-image-overlay-wrap'><a href='https:\/\/www.expotradegroup.com\/fr\/dometente-expodome\/expodome-9m\/' class='avia_image'  ><img class='avia_image ' src='https:\/\/www.expotradegroup.com\/wp-content\/uploads\/2015\/08\/expodome_9m.png' alt='expodome 9m Dome tente' title='expodome 9m Dome tente'  itemprop=\"thumbnailUrl\"  \/><\/a><\/div><\/div><\/div><br \/>\n<section class=\"av_textblock_section \"  itemscope=\"itemscope\" itemtype=\"https:\/\/schema.org\/CreativeWork\" ><div class='avia_textblock  '   itemprop=\"text\" ><h3 style=\"text-align: center;\"><span style=\"color: #000000;\"><a href=\"https:\/\/www.expotradegroup.com\/fr\/dometente-expodome\/expodome-9m\/\">9 m<\/a><\/span><\/h3>\n<\/div><\/section><\/p><\/div>\n","protected":false},"excerpt":{"rendered":"","protected":false},"author":1,"featured_media":0,"parent":0,"menu_order":0,"comment_status":"open","ping_status":"closed","template":"","meta":{"footnotes":""},"class_list":["post-12418","page","type-page","status-publish","hentry"],"yoast_head":"<!-- This site is optimized with the Yoast SEO plugin v23.2 - https:\/\/yoast.com\/wordpress\/plugins\/seo\/ -->\n<title>dometente expodome le point de mire et l&#039;attraction sur chaque \u00e9v\u00e9nement<\/title>\n<meta name=\"description\" content=\"dometente expodome d&#039;Expotrade est une tente d\u00f4me professionnelle avec beaucoup d&#039;extras. Design accrocheur, qualit\u00e9 parfaite, vastes zones\" \/>\n<meta name=\"robots\" content=\"index, follow, max-snippet:-1, max-image-preview:large, max-video-preview:-1\" \/>\n<link rel=\"canonical\" href=\"https:\/\/www.expotradegroup.com\/fr\/dometente-expodome\/\" \/>\n<meta property=\"og:locale\" content=\"fr_FR\" \/>\n<meta property=\"og:type\" content=\"article\" \/>\n<meta property=\"og:title\" content=\"dometente expodome le point de mire et l&#039;attraction sur chaque \u00e9v\u00e9nement\" \/>\n<meta property=\"og:description\" content=\"dometente expodome d&#039;Expotrade est une tente d\u00f4me professionnelle avec beaucoup d&#039;extras. Design accrocheur, qualit\u00e9 parfaite, vastes zones\" \/>\n<meta property=\"og:url\" content=\"https:\/\/www.expotradegroup.com\/fr\/dometente-expodome\/\" \/>\n<meta property=\"og:site_name\" content=\"Expotrade\" \/>\n<meta property=\"article:publisher\" content=\"https:\/\/www.facebook.com\/Expotrade-Group-Gmbh-Head-Office-501830963237226\/timeline\/\" \/>\n<meta property=\"article:modified_time\" content=\"2020-06-16T19:29:55+00:00\" \/>\n<meta name=\"twitter:card\" content=\"summary_large_image\" \/>\n<meta name=\"twitter:site\" content=\"@Expotrade_Group\" \/>\n<meta name=\"twitter:label1\" content=\"Dur\u00e9e de lecture estim\u00e9e\" \/>\n\t<meta name=\"twitter:data1\" content=\"5 minutes\" \/>\n<script type=\"application\/ld+json\" class=\"yoast-schema-graph\">{\"@context\":\"https:\/\/schema.org\",\"@graph\":[{\"@type\":\"WebPage\",\"@id\":\"https:\/\/www.expotradegroup.com\/fr\/dometente-expodome\/\",\"url\":\"https:\/\/www.expotradegroup.com\/fr\/dometente-expodome\/\",\"name\":\"dometente expodome le point de mire et l'attraction sur chaque \u00e9v\u00e9nement\",\"isPartOf\":{\"@id\":\"https:\/\/www.expotradegroup.com\/fr\/#website\"},\"datePublished\":\"2015-08-14T17:08:50+00:00\",\"dateModified\":\"2020-06-16T19:29:55+00:00\",\"description\":\"dometente expodome d'Expotrade est une tente d\u00f4me professionnelle avec beaucoup d'extras. Design accrocheur, qualit\u00e9 parfaite, vastes zones\",\"breadcrumb\":{\"@id\":\"https:\/\/www.expotradegroup.com\/fr\/dometente-expodome\/#breadcrumb\"},\"inLanguage\":\"fr-FR\",\"potentialAction\":[{\"@type\":\"ReadAction\",\"target\":[\"https:\/\/www.expotradegroup.com\/fr\/dometente-expodome\/\"]}]},{\"@type\":\"BreadcrumbList\",\"@id\":\"https:\/\/www.expotradegroup.com\/fr\/dometente-expodome\/#breadcrumb\",\"itemListElement\":[{\"@type\":\"ListItem\",\"position\":1,\"name\":\"Home\",\"item\":\"https:\/\/www.expotradegroup.com\/fr\/tentes-pliantes-table-pliantes-sacs-de-feves\/\"},{\"@type\":\"ListItem\",\"position\":2,\"name\":\"expodome dometente\"}]},{\"@type\":\"WebSite\",\"@id\":\"https:\/\/www.expotradegroup.com\/fr\/#website\",\"url\":\"https:\/\/www.expotradegroup.com\/fr\/\",\"name\":\"Expotrade\",\"description\":\"Faltzelte, Falttische, Sitzs\u00e4cke und mobile ideas\",\"potentialAction\":[{\"@type\":\"SearchAction\",\"target\":{\"@type\":\"EntryPoint\",\"urlTemplate\":\"https:\/\/www.expotradegroup.com\/fr\/?s={search_term_string}\"},\"query-input\":\"required name=search_term_string\"}],\"inLanguage\":\"fr-FR\"}]}<\/script>\n<!-- \/ Yoast SEO plugin. -->","yoast_head_json":{"title":"dometente expodome le point de mire et l'attraction sur chaque \u00e9v\u00e9nement","description":"dometente expodome d'Expotrade est une tente d\u00f4me professionnelle avec beaucoup d'extras. Design accrocheur, qualit\u00e9 parfaite, vastes zones","robots":{"index":"index","follow":"follow","max-snippet":"max-snippet:-1","max-image-preview":"max-image-preview:large","max-video-preview":"max-video-preview:-1"},"canonical":"https:\/\/www.expotradegroup.com\/fr\/dometente-expodome\/","og_locale":"fr_FR","og_type":"article","og_title":"dometente expodome le point de mire et l'attraction sur chaque \u00e9v\u00e9nement","og_description":"dometente expodome d'Expotrade est une tente d\u00f4me professionnelle avec beaucoup d'extras. Design accrocheur, qualit\u00e9 parfaite, vastes zones","og_url":"https:\/\/www.expotradegroup.com\/fr\/dometente-expodome\/","og_site_name":"Expotrade","article_publisher":"https:\/\/www.facebook.com\/Expotrade-Group-Gmbh-Head-Office-501830963237226\/timeline\/","article_modified_time":"2020-06-16T19:29:55+00:00","twitter_card":"summary_large_image","twitter_site":"@Expotrade_Group","twitter_misc":{"Dur\u00e9e de lecture estim\u00e9e":"5 minutes"},"schema":{"@context":"https:\/\/schema.org","@graph":[{"@type":"WebPage","@id":"https:\/\/www.expotradegroup.com\/fr\/dometente-expodome\/","url":"https:\/\/www.expotradegroup.com\/fr\/dometente-expodome\/","name":"dometente expodome le point de mire et l'attraction sur chaque \u00e9v\u00e9nement","isPartOf":{"@id":"https:\/\/www.expotradegroup.com\/fr\/#website"},"datePublished":"2015-08-14T17:08:50+00:00","dateModified":"2020-06-16T19:29:55+00:00","description":"dometente expodome d'Expotrade est une tente d\u00f4me professionnelle avec beaucoup d'extras. Design accrocheur, qualit\u00e9 parfaite, vastes zones","breadcrumb":{"@id":"https:\/\/www.expotradegroup.com\/fr\/dometente-expodome\/#breadcrumb"},"inLanguage":"fr-FR","potentialAction":[{"@type":"ReadAction","target":["https:\/\/www.expotradegroup.com\/fr\/dometente-expodome\/"]}]},{"@type":"BreadcrumbList","@id":"https:\/\/www.expotradegroup.com\/fr\/dometente-expodome\/#breadcrumb","itemListElement":[{"@type":"ListItem","position":1,"name":"Home","item":"https:\/\/www.expotradegroup.com\/fr\/tentes-pliantes-table-pliantes-sacs-de-feves\/"},{"@type":"ListItem","position":2,"name":"expodome dometente"}]},{"@type":"WebSite","@id":"https:\/\/www.expotradegroup.com\/fr\/#website","url":"https:\/\/www.expotradegroup.com\/fr\/","name":"Expotrade","description":"Faltzelte, Falttische, Sitzs\u00e4cke und mobile ideas","potentialAction":[{"@type":"SearchAction","target":{"@type":"EntryPoint","urlTemplate":"https:\/\/www.expotradegroup.com\/fr\/?s={search_term_string}"},"query-input":"required name=search_term_string"}],"inLanguage":"fr-FR"}]}},"_links":{"self":[{"href":"https:\/\/www.expotradegroup.com\/fr\/wp-json\/wp\/v2\/pages\/12418"}],"collection":[{"href":"https:\/\/www.expotradegroup.com\/fr\/wp-json\/wp\/v2\/pages"}],"about":[{"href":"https:\/\/www.expotradegroup.com\/fr\/wp-json\/wp\/v2\/types\/page"}],"author":[{"embeddable":true,"href":"https:\/\/www.expotradegroup.com\/fr\/wp-json\/wp\/v2\/users\/1"}],"replies":[{"embeddable":true,"href":"https:\/\/www.expotradegroup.com\/fr\/wp-json\/wp\/v2\/comments?post=12418"}],"version-history":[{"count":12,"href":"https:\/\/www.expotradegroup.com\/fr\/wp-json\/wp\/v2\/pages\/12418\/revisions"}],"predecessor-version":[{"id":23455,"href":"https:\/\/www.expotradegroup.com\/fr\/wp-json\/wp\/v2\/pages\/12418\/revisions\/23455"}],"wp:attachment":[{"href":"https:\/\/www.expotradegroup.com\/fr\/wp-json\/wp\/v2\/media?parent=12418"}],"curies":[{"name":"wp","href":"https:\/\/api.w.org\/{rel}","templated":true}]}}