{"id":12420,"date":"2015-08-14T19:13:09","date_gmt":"2015-08-14T17:13:09","guid":{"rendered":"http:\/\/www.expotradegroup.com\/fr\/exporack\/"},"modified":"2020-10-19T09:53:03","modified_gmt":"2020-10-19T07:53:03","slug":"exporack-pour-skis-velos","status":"publish","type":"page","link":"https:\/\/www.expotradegroup.com\/fr\/exporack-pour-skis-velos\/","title":{"rendered":"exporack"},"content":{"rendered":"<div class=\"flex_column av_two_third  flex_column_div av-zero-column-padding first  \" style='border-radius:0px; '><div style='padding-bottom:10px; ' class='av-special-heading av-special-heading-h1    '><h1 class='av-special-heading-tag '  itemprop=\"headline\"  >exporack porte-skis et v\u00e9los<\/h1><div class='special-heading-border'><div class='special-heading-inner-border' ><\/div><\/div><\/div><\/div>\n<div class=\"flex_column av_one_fifth  flex_column_div av-zero-column-padding   \" style='border-radius:0px; '><div class='avia-image-container  av-styling-    avia-align-center '  itemprop=\"ImageObject\" itemscope=\"itemscope\" itemtype=\"https:\/\/schema.org\/ImageObject\"  ><div class='avia-image-container-inner'><div class='avia-image-overlay-wrap'><img class='avia_image ' src='https:\/\/www.expotradegroup.com\/wp-content\/uploads\/2015\/08\/exporack_by_expotrade_logo-300x88.png' alt='exporack Logo' title='exporack_by_expotrade_logo' height=\"88\"width=\"300\"  itemprop=\"thumbnailUrl\"  \/><\/div><\/div><\/div><\/div>\n<div class='avia-gallery  avia-gallery-1 avia_lazyload avia_animate_when_visible '  itemprop=\"ImageObject\" itemscope=\"itemscope\" itemtype=\"https:\/\/schema.org\/ImageObject\" ><div class='avia-gallery-thumb'> <a href='https:\/\/www.expotradegroup.com\/wp-content\/uploads\/2015\/08\/exporack_fahrradstaender.jpg' data-rel='gallery-1' data-prev-img='https:\/\/www.expotradegroup.com\/wp-content\/uploads\/2015\/08\/exporack_fahrradstaender-495x400.jpg' class='first_thumb lightbox ' data-onclick='1' title='exporack station de ski et v\u00e9lo'  itemprop=\"thumbnailUrl\" ><img data-avia-tooltip='expofence Cl\u00f4ture' src='https:\/\/www.expotradegroup.com\/wp-content\/uploads\/2015\/08\/exporack_fahrradstaender-495x400.jpg' width='495' height='400'  title='exporack station de ski et v\u00e9lo' alt='exporack station de ski et v\u00e9lo' \/><\/a> <a href='https:\/\/www.expotradegroup.com\/wp-content\/uploads\/2015\/08\/exporack_werbestaender1.jpg' data-rel='gallery-1' data-prev-img='https:\/\/www.expotradegroup.com\/wp-content\/uploads\/2015\/08\/exporack_werbestaender1-495x400.jpg' class='lightbox ' data-onclick='2' title='exporack station de ski et v\u00e9lo'  itemprop=\"thumbnailUrl\" ><img data-avia-tooltip='Exporack Werbest\u00e4nder' src='https:\/\/www.expotradegroup.com\/wp-content\/uploads\/2015\/08\/exporack_werbestaender1-495x400.jpg' width='495' height='400'  title='exporack station de ski et v\u00e9lo' alt='exporack station de ski et v\u00e9lo' \/><\/a> <a href='https:\/\/www.expotradegroup.com\/wp-content\/uploads\/2019\/01\/Unbenannt-1030x773.jpg' data-rel='gallery-1' data-prev-img='https:\/\/www.expotradegroup.com\/wp-content\/uploads\/2019\/01\/Unbenannt-495x400.jpg' class='lightbox ' data-onclick='3' title='exporack support de skis et v\u00e9los'  itemprop=\"thumbnailUrl\" ><img data-avia-tooltip='exporack support de skis et v\u00e9los' src='https:\/\/www.expotradegroup.com\/wp-content\/uploads\/2019\/01\/Unbenannt-495x400.jpg' width='495' height='400'  title='exporack support de skis et v\u00e9los' alt='exporack support de skis et v\u00e9los' \/><\/a> <a href='https:\/\/www.expotradegroup.com\/wp-content\/uploads\/2015\/08\/Exporack_6-1030x579.jpg' data-rel='gallery-1' data-prev-img='https:\/\/www.expotradegroup.com\/wp-content\/uploads\/2015\/08\/Exporack_6-495x400.jpg' class='lightbox ' data-onclick='4' title='table pliable de service de ski'  itemprop=\"thumbnailUrl\" ><img data-avia-tooltip='Ski-Service mit dem expotable Service-Tisch' src='https:\/\/www.expotradegroup.com\/wp-content\/uploads\/2015\/08\/Exporack_6-495x400.jpg' width='495' height='400'  title='table pliable de service de ski' alt='table pliable de service de ski' \/><\/a> <a href='https:\/\/www.expotradegroup.com\/wp-content\/uploads\/2015\/08\/Bike-Stand_exporack-782x1030.jpg' data-rel='gallery-1' data-prev-img='https:\/\/www.expotradegroup.com\/wp-content\/uploads\/2015\/08\/Bike-Stand_exporack-495x400.jpg' class='lightbox ' data-onclick='5' title='exporack porte de ski et v\u00e9los'  itemprop=\"thumbnailUrl\" ><img data-avia-tooltip='Bike Stand Exporack' src='https:\/\/www.expotradegroup.com\/wp-content\/uploads\/2015\/08\/Bike-Stand_exporack-495x400.jpg' width='495' height='400'  title='exporack porte de ski et v\u00e9los' alt='exporack porte de ski et v\u00e9los' \/><\/a> <a href='https:\/\/www.expotradegroup.com\/wp-content\/uploads\/2015\/08\/Service_Tisch_Atomic-1030x806.jpg' data-rel='gallery-1' data-prev-img='https:\/\/www.expotradegroup.com\/wp-content\/uploads\/2015\/08\/Service_Tisch_Atomic-495x400.jpg' class='lightbox ' data-onclick='6' title='table pliable de service de ski'  itemprop=\"thumbnailUrl\" ><img data-avia-tooltip='Table de service atomique' src='https:\/\/www.expotradegroup.com\/wp-content\/uploads\/2015\/08\/Service_Tisch_Atomic-495x400.jpg' width='495' height='400'  title='table pliable de service de ski' alt='table pliable de service de ski' \/><\/a><\/div><\/div>\n<div style='height:30px' class='hr hr-invisible  '><span class='hr-inner ' ><span class='hr-inner-style'><\/span><\/span><\/div>\n<div class=\"flex_column av_one_full  flex_column_div av-zero-column-padding first  \" style='border-radius:0px; '><section class=\"av_textblock_section \"  itemscope=\"itemscope\" itemtype=\"https:\/\/schema.org\/CreativeWork\" ><div class='avia_textblock  '   itemprop=\"text\" ><p><strong>exporelax <\/strong><span lang=\"fr\"><strong>porte-skis et v\u00e9los\u00a0<\/strong> &#8211; u<\/span>n autre produit innovant d\u00e9velopp\u00e9 par Expotrade:<\/p>\n<p>L&rsquo;Exporack est un rack pliable, tr\u00e8s flexible d&rsquo;utilisation.<\/p>\n<ul>\n<li>Comme rack \u00e0 skis (capacit\u00e9 de 26 paires)<\/li>\n<li>Comme rack \u00e0 v\u00e9los (capacit\u00e9 de 5 &#8211; 6 v\u00e9los)<\/li>\n<li>Comme vestiaire sur les foires\/salons<\/li>\n<\/ul>\n<p>Cette structure pliable est faite en aluminium et nous avons utilis\u00e9 les m\u00eames profil\u00e9s que ceux de nos Expotent. L&rsquo;ensemble est livr\u00e9 avec un robuste sac de transport qui rentre dans une voiture classique. De plus, la housse de l&rsquo;Exporack a \u00e9t\u00e9 sp\u00e9cialement con\u00e7ue pour \u00eatre imprim\u00e9e et en fait ainsi un nouveau support pour votre logo.<\/p>\n<p>Sa structure pliable vous permettra un stockage compact pendant la p\u00e9riode hors-saison.<\/p>\n<p>Enfin, l&rsquo;Exporack peut \u00eatre compl\u00e9t\u00e9 par notre \u00e9tabli afin d&rsquo; apporter \u00e0 vos clients un espace de r\u00e9paration et de r\u00e9glage pour les fixations, les d\u00e9railleurs&#8230;<\/p>\n<\/div><\/section><\/div>\n<div class=\"flex_column av_one_fifth  flex_column_div av-zero-column-padding first  \" style='border-radius:0px; '><\/div>\n<div class=\"flex_column av_one_third  flex_column_div av-zero-column-padding   \" style='border-radius:0px; '><p><div class='avia-image-container  av-styling-    avia-align-center '  itemprop=\"ImageObject\" itemscope=\"itemscope\" itemtype=\"https:\/\/schema.org\/ImageObject\"  ><div class='avia-image-container-inner'><div class='avia-image-overlay-wrap'><a href='https:\/\/www.expotradegroup.com\/fr\/exporack-pour-skis-velos\/porte-pour-ski-velos-exporack\/' class='avia_image'  ><img class='avia_image ' src='https:\/\/www.expotradegroup.com\/wp-content\/uploads\/2015\/08\/large1-276x300.png' alt='exporack station de ski et v\u00e9lo' title='exporack station de ski et v\u00e9lo'  itemprop=\"thumbnailUrl\"  \/><\/a><\/div><\/div><\/div><br \/>\n<section class=\"av_textblock_section \"  itemscope=\"itemscope\" itemtype=\"https:\/\/schema.org\/CreativeWork\" ><div class='avia_textblock  '   itemprop=\"text\" ><h3 style=\"text-align: center;\"><span style=\"color: #000000;\"><a href=\"https:\/\/www.expotradegroup.com\/fr\/exporack-pour-skis-velos\/porte-pour-ski-velos-exporack\/\">porte pour skis \/ v\u00e9los<\/a><\/span><\/h3>\n<\/div><\/section><\/p><\/div><div class=\"flex_column av_one_third  flex_column_div av-zero-column-padding   \" style='border-radius:0px; '><p><div class='avia-image-container  av-styling-    avia-align-center '  itemprop=\"ImageObject\" itemscope=\"itemscope\" itemtype=\"https:\/\/schema.org\/ImageObject\"  ><div class='avia-image-container-inner'><div class='avia-image-overlay-wrap'><a href='https:\/\/www.expotradegroup.com\/fr\/exporack-pour-skis-velos\/exporack-table-de-service\/' class='avia_image'  ><img class='avia_image ' src='https:\/\/www.expotradegroup.com\/wp-content\/uploads\/2015\/08\/servicetisch_icon-280x300.png' alt='table pliable expotable' title='table pliable expotable'  itemprop=\"thumbnailUrl\"  \/><\/a><\/div><\/div><\/div><br \/>\n<section class=\"av_textblock_section \"  itemscope=\"itemscope\" itemtype=\"https:\/\/schema.org\/CreativeWork\" ><div class='avia_textblock  '   itemprop=\"text\" ><h3 style=\"text-align: center;\"><span style=\"color: #000000;\"><a href=\"https:\/\/www.expotradegroup.com\/fr\/exporack-pour-skis-velos\/exporack-table-de-service\/\">table de service<\/a><\/span><\/h3>\n<\/div><\/section><\/p><\/div><\/p>\n","protected":false},"excerpt":{"rendered":"","protected":false},"author":1,"featured_media":0,"parent":0,"menu_order":0,"comment_status":"open","ping_status":"closed","template":"","meta":{"footnotes":""},"class_list":["post-12420","page","type-page","status-publish","hentry"],"yoast_head":"<!-- This site is optimized with the Yoast SEO plugin v23.2 - https:\/\/yoast.com\/wordpress\/plugins\/seo\/ -->\n<title>exporack porte skis\/v\u00e9los - porte-bagages pliable utilis\u00e9 pour les skis, v\u00e9los<\/title>\n<meta name=\"description\" content=\"exporack porte skis\/v\u00e9los est une construction pliable avec un dessus en tissu pour votre publicit\u00e9! Utilisable comme Skis est v\u00e9los\" \/>\n<meta name=\"robots\" content=\"index, follow, max-snippet:-1, max-image-preview:large, max-video-preview:-1\" \/>\n<link rel=\"canonical\" href=\"https:\/\/www.expotradegroup.com\/fr\/exporack-pour-skis-velos\/\" \/>\n<meta property=\"og:locale\" content=\"fr_FR\" \/>\n<meta property=\"og:type\" content=\"article\" \/>\n<meta property=\"og:title\" content=\"exporack porte skis\/v\u00e9los - porte-bagages pliable utilis\u00e9 pour les skis, v\u00e9los\" \/>\n<meta property=\"og:description\" content=\"exporack porte skis\/v\u00e9los est une construction pliable avec un dessus en tissu pour votre publicit\u00e9! Utilisable comme Skis est v\u00e9los\" \/>\n<meta property=\"og:url\" content=\"https:\/\/www.expotradegroup.com\/fr\/exporack-pour-skis-velos\/\" \/>\n<meta property=\"og:site_name\" content=\"Expotrade\" \/>\n<meta property=\"article:publisher\" content=\"https:\/\/www.facebook.com\/Expotrade-Group-Gmbh-Head-Office-501830963237226\/timeline\/\" \/>\n<meta property=\"article:modified_time\" content=\"2020-10-19T07:53:03+00:00\" \/>\n<meta name=\"twitter:card\" content=\"summary_large_image\" \/>\n<meta name=\"twitter:site\" content=\"@Expotrade_Group\" \/>\n<meta name=\"twitter:label1\" content=\"Dur\u00e9e de lecture estim\u00e9e\" \/>\n\t<meta name=\"twitter:data1\" content=\"5 minutes\" \/>\n<script type=\"application\/ld+json\" class=\"yoast-schema-graph\">{\"@context\":\"https:\/\/schema.org\",\"@graph\":[{\"@type\":\"WebPage\",\"@id\":\"https:\/\/www.expotradegroup.com\/fr\/exporack-pour-skis-velos\/\",\"url\":\"https:\/\/www.expotradegroup.com\/fr\/exporack-pour-skis-velos\/\",\"name\":\"exporack porte skis\/v\u00e9los - porte-bagages pliable utilis\u00e9 pour les skis, v\u00e9los\",\"isPartOf\":{\"@id\":\"https:\/\/www.expotradegroup.com\/fr\/#website\"},\"datePublished\":\"2015-08-14T17:13:09+00:00\",\"dateModified\":\"2020-10-19T07:53:03+00:00\",\"description\":\"exporack porte skis\/v\u00e9los est une construction pliable avec un dessus en tissu pour votre publicit\u00e9! Utilisable comme Skis est v\u00e9los\",\"breadcrumb\":{\"@id\":\"https:\/\/www.expotradegroup.com\/fr\/exporack-pour-skis-velos\/#breadcrumb\"},\"inLanguage\":\"fr-FR\",\"potentialAction\":[{\"@type\":\"ReadAction\",\"target\":[\"https:\/\/www.expotradegroup.com\/fr\/exporack-pour-skis-velos\/\"]}]},{\"@type\":\"BreadcrumbList\",\"@id\":\"https:\/\/www.expotradegroup.com\/fr\/exporack-pour-skis-velos\/#breadcrumb\",\"itemListElement\":[{\"@type\":\"ListItem\",\"position\":1,\"name\":\"Home\",\"item\":\"https:\/\/www.expotradegroup.com\/fr\/tentes-pliantes-table-pliantes-sacs-de-feves\/\"},{\"@type\":\"ListItem\",\"position\":2,\"name\":\"exporack\"}]},{\"@type\":\"WebSite\",\"@id\":\"https:\/\/www.expotradegroup.com\/fr\/#website\",\"url\":\"https:\/\/www.expotradegroup.com\/fr\/\",\"name\":\"Expotrade\",\"description\":\"Faltzelte, Falttische, Sitzs\u00e4cke und mobile ideas\",\"potentialAction\":[{\"@type\":\"SearchAction\",\"target\":{\"@type\":\"EntryPoint\",\"urlTemplate\":\"https:\/\/www.expotradegroup.com\/fr\/?s={search_term_string}\"},\"query-input\":\"required name=search_term_string\"}],\"inLanguage\":\"fr-FR\"}]}<\/script>\n<!-- \/ Yoast SEO plugin. -->","yoast_head_json":{"title":"exporack porte skis\/v\u00e9los - porte-bagages pliable utilis\u00e9 pour les skis, v\u00e9los","description":"exporack porte skis\/v\u00e9los est une construction pliable avec un dessus en tissu pour votre publicit\u00e9! Utilisable comme Skis est v\u00e9los","robots":{"index":"index","follow":"follow","max-snippet":"max-snippet:-1","max-image-preview":"max-image-preview:large","max-video-preview":"max-video-preview:-1"},"canonical":"https:\/\/www.expotradegroup.com\/fr\/exporack-pour-skis-velos\/","og_locale":"fr_FR","og_type":"article","og_title":"exporack porte skis\/v\u00e9los - porte-bagages pliable utilis\u00e9 pour les skis, v\u00e9los","og_description":"exporack porte skis\/v\u00e9los est une construction pliable avec un dessus en tissu pour votre publicit\u00e9! Utilisable comme Skis est v\u00e9los","og_url":"https:\/\/www.expotradegroup.com\/fr\/exporack-pour-skis-velos\/","og_site_name":"Expotrade","article_publisher":"https:\/\/www.facebook.com\/Expotrade-Group-Gmbh-Head-Office-501830963237226\/timeline\/","article_modified_time":"2020-10-19T07:53:03+00:00","twitter_card":"summary_large_image","twitter_site":"@Expotrade_Group","twitter_misc":{"Dur\u00e9e de lecture estim\u00e9e":"5 minutes"},"schema":{"@context":"https:\/\/schema.org","@graph":[{"@type":"WebPage","@id":"https:\/\/www.expotradegroup.com\/fr\/exporack-pour-skis-velos\/","url":"https:\/\/www.expotradegroup.com\/fr\/exporack-pour-skis-velos\/","name":"exporack porte skis\/v\u00e9los - porte-bagages pliable utilis\u00e9 pour les skis, v\u00e9los","isPartOf":{"@id":"https:\/\/www.expotradegroup.com\/fr\/#website"},"datePublished":"2015-08-14T17:13:09+00:00","dateModified":"2020-10-19T07:53:03+00:00","description":"exporack porte skis\/v\u00e9los est une construction pliable avec un dessus en tissu pour votre publicit\u00e9! Utilisable comme Skis est v\u00e9los","breadcrumb":{"@id":"https:\/\/www.expotradegroup.com\/fr\/exporack-pour-skis-velos\/#breadcrumb"},"inLanguage":"fr-FR","potentialAction":[{"@type":"ReadAction","target":["https:\/\/www.expotradegroup.com\/fr\/exporack-pour-skis-velos\/"]}]},{"@type":"BreadcrumbList","@id":"https:\/\/www.expotradegroup.com\/fr\/exporack-pour-skis-velos\/#breadcrumb","itemListElement":[{"@type":"ListItem","position":1,"name":"Home","item":"https:\/\/www.expotradegroup.com\/fr\/tentes-pliantes-table-pliantes-sacs-de-feves\/"},{"@type":"ListItem","position":2,"name":"exporack"}]},{"@type":"WebSite","@id":"https:\/\/www.expotradegroup.com\/fr\/#website","url":"https:\/\/www.expotradegroup.com\/fr\/","name":"Expotrade","description":"Faltzelte, Falttische, Sitzs\u00e4cke und mobile ideas","potentialAction":[{"@type":"SearchAction","target":{"@type":"EntryPoint","urlTemplate":"https:\/\/www.expotradegroup.com\/fr\/?s={search_term_string}"},"query-input":"required name=search_term_string"}],"inLanguage":"fr-FR"}]}},"_links":{"self":[{"href":"https:\/\/www.expotradegroup.com\/fr\/wp-json\/wp\/v2\/pages\/12420"}],"collection":[{"href":"https:\/\/www.expotradegroup.com\/fr\/wp-json\/wp\/v2\/pages"}],"about":[{"href":"https:\/\/www.expotradegroup.com\/fr\/wp-json\/wp\/v2\/types\/page"}],"author":[{"embeddable":true,"href":"https:\/\/www.expotradegroup.com\/fr\/wp-json\/wp\/v2\/users\/1"}],"replies":[{"embeddable":true,"href":"https:\/\/www.expotradegroup.com\/fr\/wp-json\/wp\/v2\/comments?post=12420"}],"version-history":[{"count":14,"href":"https:\/\/www.expotradegroup.com\/fr\/wp-json\/wp\/v2\/pages\/12420\/revisions"}],"predecessor-version":[{"id":31344,"href":"https:\/\/www.expotradegroup.com\/fr\/wp-json\/wp\/v2\/pages\/12420\/revisions\/31344"}],"wp:attachment":[{"href":"https:\/\/www.expotradegroup.com\/fr\/wp-json\/wp\/v2\/media?parent=12420"}],"curies":[{"name":"wp","href":"https:\/\/api.w.org\/{rel}","templated":true}]}}