{"id":12423,"date":"2015-08-14T19:08:09","date_gmt":"2015-08-14T17:08:09","guid":{"rendered":"http:\/\/www.expotradegroup.com\/fr\/expotent\/"},"modified":"2020-10-19T08:51:55","modified_gmt":"2020-10-19T06:51:55","slug":"expotent","status":"publish","type":"page","link":"https:\/\/www.expotradegroup.com\/fr\/expotent\/","title":{"rendered":"expotent"},"content":{"rendered":"<div class=\"flex_column av_two_third  flex_column_div av-zero-column-padding first  \" style='border-radius:0px; '><div style='padding-bottom:10px; ' class='av-special-heading av-special-heading-h1    '><h1 class='av-special-heading-tag '  itemprop=\"headline\"  >tente pliante expotent<\/h1><div class='special-heading-border'><div class='special-heading-inner-border' ><\/div><\/div><\/div><\/div>\n<div class=\"flex_column av_one_fifth  flex_column_div av-zero-column-padding   \" style='border-radius:0px; '><div class='avia-image-container  av-styling-    avia-align-center '  itemprop=\"ImageObject\" itemscope=\"itemscope\" itemtype=\"https:\/\/schema.org\/ImageObject\"  ><div class='avia-image-container-inner'><div class='avia-image-overlay-wrap'><img class='avia_image ' src='https:\/\/www.expotradegroup.com\/wp-content\/uploads\/2015\/08\/expotent_by_expotrade_logo-300x93.png' alt='Expotent' title='expotent' height=\"93\"width=\"300\"  itemprop=\"thumbnailUrl\"  \/><\/div><\/div><\/div><\/div>\n<div class=\"flex_column av_one_full  flex_column_div av-zero-column-padding first  \" style='border-radius:0px; '><section class=\"av_textblock_section \"  itemscope=\"itemscope\" itemtype=\"https:\/\/schema.org\/CreativeWork\" ><div class='avia_textblock  '   itemprop=\"text\" ><p class=\"av_textblock_section\"><strong>tente pliante expotent<\/strong> est tr\u00e8s facile \u00e0 monter gr\u00e2ce \u00e0 un syst\u00e8me de pliage g\u00e9nial. C&rsquo;est une protection parfaite contre les intemp\u00e9ries pour tous types d&rsquo;\u00e9v\u00e9nements. Avec leur large espace publicitaire utilisable, ces tentes pliables vous garantiront un maximum d&rsquo;attention sur les salons ou tout type d&rsquo;\u00e9v\u00e9nements. Une gamme de cinq mod\u00e8les diff\u00e9rents\u00a0 et de nombreuses tailles vous permettront de choisir la tente la plus adapt\u00e9e \u00e0 vos besoins et \u00e0 votre budget. P<span lang=\"fr\">arfaitement \u00e9quip\u00e9 \u00e9galement avec divers autres produits comme<a href=\"https:\/\/www.expotradegroup.com\/fr\/exporelax\/pouf-exporelax\/\" target=\"_blank\" rel=\"noopener noreferrer\"> les poufs exporelax<\/a> ou la<a href=\"https:\/\/www.expotradegroup.com\/fr\/expotable-table-pliante\/\" target=\"_blank\" rel=\"noopener noreferrer\"> table pliante expotable<\/a><\/span><\/p>\n<p class=\"av_textblock_section\">Peu importe que vous utilisiez cette tente \u00e0 des fins publicitaires ou pour vous prot\u00e9ger des intemp\u00e9ries, cet espace vous convaincra par sa qualit\u00e9 et sa long\u00e9vit\u00e9. Bien s\u00fbr vous pouvez combiner plusieurs tentes afin de cr\u00e9er un grand espace couvert. Une large gamme de c\u00f4t\u00e9s, barres de connexions, goutti\u00e8res, lests et \u00e9clairages LED viendra \u00e9toffer votre Expotent et en faire un outil publicitaire hors normes. Vous avez ici un aper\u00e7u des diff\u00e9rentes tailles.<\/p>\n<p class=\"av_textblock_section\" style=\"text-align: right;\"><a href=\"https:\/\/www.expotradegroup.com\/fr\/applications-pour-tente-pliante-2\/\" target=\"_blank\" rel=\"noopener noreferrer\"><strong><span lang=\"fr\">Cliquez ici pour voir des exemples d&rsquo;application<\/span><\/strong><\/a><\/p>\n<\/div><\/section><\/div>\n<div class=\"flex_column av_one_fourth  flex_column_div av-zero-column-padding first  \" style='border-radius:0px; '><p><div class='avia-image-container  av-styling-    avia-align-center '  itemprop=\"ImageObject\" itemscope=\"itemscope\" itemtype=\"https:\/\/schema.org\/ImageObject\"  ><div class='avia-image-container-inner'><div class='avia-image-overlay-wrap'><a href='https:\/\/www.expotradegroup.com\/fr\/expotent\/tente-pliante-expotent-2x2m\/' class='avia_image'  ><img class='avia_image ' src='https:\/\/www.expotradegroup.com\/wp-content\/uploads\/2015\/09\/expotent_2x2m.png' alt='expotent tente pliable 2x2m' title='expotent tente pliable 2x2m'  itemprop=\"thumbnailUrl\"  \/><\/a><\/div><\/div><\/div><br \/>\n<section class=\"av_textblock_section \"  itemscope=\"itemscope\" itemtype=\"https:\/\/schema.org\/CreativeWork\" ><div class='avia_textblock  '   itemprop=\"text\" ><h3 style=\"text-align: center;\"><span style=\"color: #000000;\"><a href=\"https:\/\/www.expotradegroup.com\/fr\/expotent\/tente-pliante-expotent-2x2m\/\" rel=\"noopener noreferrer\">2 x 2 m<\/a><\/span><\/h3>\n<\/div><\/section><\/p><\/div>\n<div class=\"flex_column av_one_fourth  flex_column_div av-zero-column-padding   \" style='border-radius:0px; '><p><div class='avia-image-container  av-styling-    avia-align-center '  itemprop=\"ImageObject\" itemscope=\"itemscope\" itemtype=\"https:\/\/schema.org\/ImageObject\"  ><div class='avia-image-container-inner'><div class='avia-image-overlay-wrap'><a href='https:\/\/www.expotradegroup.com\/fr\/expotent\/tente-pliante-25x25m-premium\/' class='avia_image'  ><img class='avia_image ' src='https:\/\/www.expotradegroup.com\/wp-content\/uploads\/2015\/09\/expotent_2.5x2.5m.png' alt='expotent tente pliable 2.5x2.5m' title='expotent tente pliable 2.5x2.5m'  itemprop=\"thumbnailUrl\"  \/><\/a><\/div><\/div><\/div><br \/>\n<section class=\"av_textblock_section \"  itemscope=\"itemscope\" itemtype=\"https:\/\/schema.org\/CreativeWork\" ><div class='avia_textblock  '   itemprop=\"text\" ><h3 style=\"text-align: center;\"><span style=\"color: #000000;\"><a href=\"https:\/\/www.expotradegroup.com\/fr\/expotent\/tente-pliante-25x25m-premium\/\" rel=\"noopener noreferrer\">2,5 x 2,5 m<\/a><\/span><\/h3>\n<\/div><\/section><\/p><\/div>\n<div class=\"flex_column av_one_fourth  flex_column_div av-zero-column-padding   \" style='border-radius:0px; '><p><div class='avia-image-container  av-styling-    avia-align-center '  itemprop=\"ImageObject\" itemscope=\"itemscope\" itemtype=\"https:\/\/schema.org\/ImageObject\"  ><div class='avia-image-container-inner'><div class='avia-image-overlay-wrap'><a href='https:\/\/www.expotradegroup.com\/fr\/expotent\/expotent-premium-3x2m\/' class='avia_image'  ><img class='avia_image ' src='https:\/\/www.expotradegroup.com\/wp-content\/uploads\/2015\/09\/expotent_3x2m.png' alt='tente pliant expotent 3x2m' title='tente pliant expotent 3x2m'  itemprop=\"thumbnailUrl\"  \/><\/a><\/div><\/div><\/div><br \/>\n<section class=\"av_textblock_section \"  itemscope=\"itemscope\" itemtype=\"https:\/\/schema.org\/CreativeWork\" ><div class='avia_textblock  '   itemprop=\"text\" ><h3 style=\"text-align: center;\"><span style=\"color: #000000;\"><a href=\"https:\/\/www.expotradegroup.com\/fr\/expotent\/expotent-premium-3x2m\/\" rel=\"noopener noreferrer\">3 x 2 m<\/a><\/span><\/h3>\n<\/div><\/section><\/p><\/div>\n<div class=\"flex_column av_one_fourth  flex_column_div av-zero-column-padding   \" style='border-radius:0px; '><p><div class='avia-image-container  av-styling-    avia-align-center '  itemprop=\"ImageObject\" itemscope=\"itemscope\" itemtype=\"https:\/\/schema.org\/ImageObject\"  ><div class='avia-image-container-inner'><div class='avia-image-overlay-wrap'><a href='https:\/\/www.expotradegroup.com\/fr\/expotent\/tentes-pliantes-3x3m-expotent\/' class='avia_image'  ><img class='avia_image ' src='https:\/\/www.expotradegroup.com\/wp-content\/uploads\/2015\/09\/expotent_3x3m.png' alt='tente pliant expotent 3x3m' title='tente pliant expotent 3x3m'  itemprop=\"thumbnailUrl\"  \/><\/a><\/div><\/div><\/div><br \/>\n<section class=\"av_textblock_section \"  itemscope=\"itemscope\" itemtype=\"https:\/\/schema.org\/CreativeWork\" ><div class='avia_textblock  '   itemprop=\"text\" ><h3 style=\"text-align: center;\"><span style=\"color: #000000;\"><a href=\"https:\/\/www.expotradegroup.com\/fr\/expotent\/tentes-pliantes-3x3m-expotent\/\" rel=\"noopener noreferrer\">3 x 3 m<\/a><\/span><\/h3>\n<\/div><\/section><\/p><\/div>\n<div class=\"flex_column av_one_fourth  flex_column_div av-zero-column-padding first  \" style='border-radius:0px; '><p><div class='avia-image-container  av-styling-    avia-align-center '  itemprop=\"ImageObject\" itemscope=\"itemscope\" itemtype=\"https:\/\/schema.org\/ImageObject\"  ><div class='avia-image-container-inner'><div class='avia-image-overlay-wrap'><a href='https:\/\/www.expotradegroup.com\/fr\/expotent\/tente-pliante-basic-375x25m\/' class='avia_image'  ><img class='avia_image ' src='https:\/\/www.expotradegroup.com\/wp-content\/uploads\/2015\/09\/expotent_3.75x25m.png' alt='expotent tente pliable 3.75x2,5m' title='expotent tente pliable 3.75x2,5m'  itemprop=\"thumbnailUrl\"  \/><\/a><\/div><\/div><\/div><br \/>\n<section class=\"av_textblock_section \"  itemscope=\"itemscope\" itemtype=\"https:\/\/schema.org\/CreativeWork\" ><div class='avia_textblock  '   itemprop=\"text\" ><h3 style=\"text-align: center;\"><span style=\"color: #000000;\"><a href=\"https:\/\/www.expotradegroup.com\/fr\/expotent\/tente-pliante-basic-375x25m\/\" rel=\"noopener noreferrer\">3,75 x 2,50 m<\/a><\/span><\/h3>\n<\/div><\/section><\/p><\/div>\n<div class=\"flex_column av_one_fourth  flex_column_div av-zero-column-padding   \" style='border-radius:0px; '><p><div class='avia-image-container  av-styling-    avia-align-center '  itemprop=\"ImageObject\" itemscope=\"itemscope\" itemtype=\"https:\/\/schema.org\/ImageObject\"  ><div class='avia-image-container-inner'><div class='avia-image-overlay-wrap'><a href='https:\/\/www.expotradegroup.com\/fr\/expotent\/expotent-45x3m\/' class='avia_image'  ><img class='avia_image ' src='https:\/\/www.expotradegroup.com\/wp-content\/uploads\/2015\/09\/expotent_4.5x3m.png' alt='tente pliant expotent 4.5x3m' title='tente pliant expotent 4.5x3m'  itemprop=\"thumbnailUrl\"  \/><\/a><\/div><\/div><\/div><br \/>\n<section class=\"av_textblock_section \"  itemscope=\"itemscope\" itemtype=\"https:\/\/schema.org\/CreativeWork\" ><div class='avia_textblock  '   itemprop=\"text\" ><h3 style=\"text-align: center;\"><span style=\"color: #000000;\"><a href=\"https:\/\/www.expotradegroup.com\/fr\/expotent\/expotent-45x3m\/\" rel=\"noopener noreferrer\">4,5 x 3 m<\/a><\/span><\/h3>\n<\/div><\/section><\/p><\/div><div class=\"flex_column av_one_fourth  flex_column_div av-zero-column-padding   \" style='border-radius:0px; '><p><div class='avia-image-container  av-styling-    avia-align-center '  itemprop=\"ImageObject\" itemscope=\"itemscope\" itemtype=\"https:\/\/schema.org\/ImageObject\"  ><div class='avia-image-container-inner'><div class='avia-image-overlay-wrap'><a href='https:\/\/www.expotradegroup.com\/fr\/expotent\/expotent-4x4m\/' class='avia_image'  ><img class='avia_image ' src='https:\/\/www.expotradegroup.com\/wp-content\/uploads\/2015\/09\/expotent_4x4m.png' alt='tente pliant expotent 4x4m' title='tente pliant expotent 4x4m'  itemprop=\"thumbnailUrl\"  \/><\/a><\/div><\/div><\/div><br \/>\n<section class=\"av_textblock_section \"  itemscope=\"itemscope\" itemtype=\"https:\/\/schema.org\/CreativeWork\" ><div class='avia_textblock  '   itemprop=\"text\" ><h3 style=\"text-align: center;\"><span style=\"color: #000000;\"><a href=\"https:\/\/www.expotradegroup.com\/fr\/expotent\/expotent-4x4m\/\" rel=\"noopener noreferrer\">4 x 4 m<\/a><\/span><\/h3>\n<\/div><\/section><\/p><\/div><\/p>\n<div class=\"flex_column av_one_fourth  flex_column_div av-zero-column-padding   \" style='border-radius:0px; '><p><div class='avia-image-container  av-styling-    avia-align-center '  itemprop=\"ImageObject\" itemscope=\"itemscope\" itemtype=\"https:\/\/schema.org\/ImageObject\"  ><div class='avia-image-container-inner'><div class='avia-image-overlay-wrap'><a href='https:\/\/www.expotradegroup.com\/fr\/expotent\/expotent-6x3m\/' class='avia_image'  ><img class='avia_image ' src='https:\/\/www.expotradegroup.com\/wp-content\/uploads\/2015\/09\/expotent_6x3m.png' alt='tente pliant expotent 6x3m' title='tente pliant expotent 6x3m'  itemprop=\"thumbnailUrl\"  \/><\/a><\/div><\/div><\/div><br \/>\n<section class=\"av_textblock_section \"  itemscope=\"itemscope\" itemtype=\"https:\/\/schema.org\/CreativeWork\" ><div class='avia_textblock  '   itemprop=\"text\" ><h3 style=\"text-align: center;\"><span style=\"color: #000000;\"><a href=\"https:\/\/www.expotradegroup.com\/fr\/expotent\/expotent-6x3m\/\" rel=\"noopener noreferrer\">6 x 3 m<\/a><\/span><\/h3>\n<\/div><\/section><\/p><\/div>\n<div class=\"flex_column av_one_fourth  flex_column_div av-zero-column-padding first  \" style='border-radius:0px; '><p><div class='avia-image-container  av-styling-    avia-align-center '  itemprop=\"ImageObject\" itemscope=\"itemscope\" itemtype=\"https:\/\/schema.org\/ImageObject\"  ><div class='avia-image-container-inner'><div class='avia-image-overlay-wrap'><a href='https:\/\/www.expotradegroup.com\/fr\/expotent\/tente-pliante-6x4m-professional\/' class='avia_image'  ><img class='avia_image ' src='https:\/\/www.expotradegroup.com\/wp-content\/uploads\/2015\/09\/expotent_6x4m.png' alt='tente pliant expotent 6x4m' title='tente pliant expotent 6x4m'  itemprop=\"thumbnailUrl\"  \/><\/a><\/div><\/div><\/div><br \/>\n<section class=\"av_textblock_section \"  itemscope=\"itemscope\" itemtype=\"https:\/\/schema.org\/CreativeWork\" ><div class='avia_textblock  '   itemprop=\"text\" ><h3 style=\"text-align: center;\"><span style=\"color: #000000;\"><a href=\"https:\/\/www.expotradegroup.com\/fr\/expotent\/tente-pliante-6x4m-professional\/\" rel=\"noopener noreferrer\">6 x 4 m<\/a><\/span><\/h3>\n<\/div><\/section><\/p><\/div>\n<div class=\"flex_column av_one_fourth  flex_column_div av-zero-column-padding   \" style='border-radius:0px; '><p><div class='avia-image-container  av-styling-    avia-align-center '  itemprop=\"ImageObject\" itemscope=\"itemscope\" itemtype=\"https:\/\/schema.org\/ImageObject\"  ><div class='avia-image-container-inner'><div class='avia-image-overlay-wrap'><a href='https:\/\/www.expotradegroup.com\/fr\/expotent\/tente-pliante-5x5m-professional\/' class='avia_image'  ><img class='avia_image ' src='https:\/\/www.expotradegroup.com\/wp-content\/uploads\/2015\/09\/expotent_5x5m.png' alt='tente pliant expotent 5x5m' title='tente pliant expotent 5x5m'  itemprop=\"thumbnailUrl\"  \/><\/a><\/div><\/div><\/div><br \/>\n<section class=\"av_textblock_section \"  itemscope=\"itemscope\" itemtype=\"https:\/\/schema.org\/CreativeWork\" ><div class='avia_textblock  '   itemprop=\"text\" ><h3 style=\"text-align: center;\"><span style=\"color: #000000;\"><a href=\"https:\/\/www.expotradegroup.com\/fr\/expotent\/tente-pliante-5x5m-professional\/\" rel=\"noopener noreferrer\">5 x 5 m<\/a><\/span><\/h3>\n<\/div><\/section><\/p><\/div>\n<div class=\"flex_column av_one_fourth  flex_column_div av-zero-column-padding   \" style='border-radius:0px; '><p><div class='avia-image-container  av-styling-    avia-align-center '  itemprop=\"ImageObject\" itemscope=\"itemscope\" itemtype=\"https:\/\/schema.org\/ImageObject\"  ><div class='avia-image-container-inner'><div class='avia-image-overlay-wrap'><a href='https:\/\/www.expotradegroup.com\/fr\/expotent\/tente-pliante-8x4m-professional\/' class='avia_image'  ><img class='avia_image ' src='https:\/\/www.expotradegroup.com\/wp-content\/uploads\/2015\/09\/expotent_8x4m.png' alt='expotent tente pliable 8x4m' title='expotent tente pliable 8x4m'  itemprop=\"thumbnailUrl\"  \/><\/a><\/div><\/div><\/div><br \/>\n<section class=\"av_textblock_section \"  itemscope=\"itemscope\" itemtype=\"https:\/\/schema.org\/CreativeWork\" ><div class='avia_textblock  '   itemprop=\"text\" ><h3 style=\"text-align: center;\"><span style=\"color: #000000;\"><a href=\"https:\/\/www.expotradegroup.com\/fr\/expotent\/tente-pliante-8x4m-professional\/\" rel=\"noopener noreferrer\">8 x 4 m<\/a><\/span><\/h3>\n<\/div><\/section><\/p><\/div>\n<div class=\"flex_column av_one_fourth  flex_column_div av-zero-column-padding   \" style='border-radius:0px; '><p><div class='avia-image-container  av-styling-    avia-align-center '  itemprop=\"ImageObject\" itemscope=\"itemscope\" itemtype=\"https:\/\/schema.org\/ImageObject\"  ><div class='avia-image-container-inner'><div class='avia-image-overlay-wrap'><a href='https:\/\/www.expotradegroup.com\/fr\/expotent\/tente-pliante-6x6m-professional\/' class='avia_image'  ><img class='avia_image ' src='https:\/\/www.expotradegroup.com\/wp-content\/uploads\/2015\/09\/expotent_6x6m.png' alt='tente pliant expotent 6x6m' title='tente pliant expotent 6x6m'  itemprop=\"thumbnailUrl\"  \/><\/a><\/div><\/div><\/div><br \/>\n<section class=\"av_textblock_section \"  itemscope=\"itemscope\" itemtype=\"https:\/\/schema.org\/CreativeWork\" ><div class='avia_textblock  '   itemprop=\"text\" ><h3 style=\"text-align: center;\"><span style=\"color: #000000;\"><a href=\"https:\/\/www.expotradegroup.com\/fr\/expotent\/tente-pliante-6x6m-professional\/\" rel=\"noopener noreferrer\">6 x 6 m<\/a><\/span><\/h3>\n<\/div><\/section><\/p><\/div>\n","protected":false},"excerpt":{"rendered":"","protected":false},"author":1,"featured_media":0,"parent":0,"menu_order":0,"comment_status":"open","ping_status":"closed","template":"","meta":{"footnotes":""},"class_list":["post-12423","page","type-page","status-publish","hentry"],"yoast_head":"<!-- This site is optimized with the Yoast SEO plugin v23.2 - https:\/\/yoast.com\/wordpress\/plugins\/seo\/ -->\n<title>tente pliante expotent - le choix parfait et d&#039;abris instantan\u00e9s<\/title>\n<meta name=\"description\" content=\"tente pliante expotent est disponible en diff\u00e9rentes tailles et mod\u00e8les. Enti\u00e8rement imprimable et de qualit\u00e9 parfaite, un outil \u00e9v\u00e9nementiel parfaite\" \/>\n<meta name=\"robots\" content=\"index, follow, max-snippet:-1, max-image-preview:large, max-video-preview:-1\" \/>\n<link rel=\"canonical\" href=\"https:\/\/www.expotradegroup.com\/fr\/expotent\/\" \/>\n<meta property=\"og:locale\" content=\"fr_FR\" \/>\n<meta property=\"og:type\" content=\"article\" \/>\n<meta property=\"og:title\" content=\"tente pliante expotent - le choix parfait et d&#039;abris instantan\u00e9s\" \/>\n<meta property=\"og:description\" content=\"tente pliante expotent est disponible en diff\u00e9rentes tailles et mod\u00e8les. Enti\u00e8rement imprimable et de qualit\u00e9 parfaite, un outil \u00e9v\u00e9nementiel parfaite\" \/>\n<meta property=\"og:url\" content=\"https:\/\/www.expotradegroup.com\/fr\/expotent\/\" \/>\n<meta property=\"og:site_name\" content=\"Expotrade\" \/>\n<meta property=\"article:publisher\" content=\"https:\/\/www.facebook.com\/Expotrade-Group-Gmbh-Head-Office-501830963237226\/timeline\/\" \/>\n<meta property=\"article:modified_time\" content=\"2020-10-19T06:51:55+00:00\" \/>\n<meta name=\"twitter:card\" content=\"summary_large_image\" \/>\n<meta name=\"twitter:site\" content=\"@Expotrade_Group\" \/>\n<meta name=\"twitter:label1\" content=\"Dur\u00e9e de lecture estim\u00e9e\" \/>\n\t<meta name=\"twitter:data1\" content=\"11 minutes\" \/>\n<script type=\"application\/ld+json\" class=\"yoast-schema-graph\">{\"@context\":\"https:\/\/schema.org\",\"@graph\":[{\"@type\":\"WebPage\",\"@id\":\"https:\/\/www.expotradegroup.com\/fr\/expotent\/\",\"url\":\"https:\/\/www.expotradegroup.com\/fr\/expotent\/\",\"name\":\"tente pliante expotent - le choix parfait et d'abris instantan\u00e9s\",\"isPartOf\":{\"@id\":\"https:\/\/www.expotradegroup.com\/fr\/#website\"},\"datePublished\":\"2015-08-14T17:08:09+00:00\",\"dateModified\":\"2020-10-19T06:51:55+00:00\",\"description\":\"tente pliante expotent est disponible en diff\u00e9rentes tailles et mod\u00e8les. Enti\u00e8rement imprimable et de qualit\u00e9 parfaite, un outil \u00e9v\u00e9nementiel parfaite\",\"breadcrumb\":{\"@id\":\"https:\/\/www.expotradegroup.com\/fr\/expotent\/#breadcrumb\"},\"inLanguage\":\"fr-FR\",\"potentialAction\":[{\"@type\":\"ReadAction\",\"target\":[\"https:\/\/www.expotradegroup.com\/fr\/expotent\/\"]}]},{\"@type\":\"BreadcrumbList\",\"@id\":\"https:\/\/www.expotradegroup.com\/fr\/expotent\/#breadcrumb\",\"itemListElement\":[{\"@type\":\"ListItem\",\"position\":1,\"name\":\"Home\",\"item\":\"https:\/\/www.expotradegroup.com\/fr\/tentes-pliantes-table-pliantes-sacs-de-feves\/\"},{\"@type\":\"ListItem\",\"position\":2,\"name\":\"expotent\"}]},{\"@type\":\"WebSite\",\"@id\":\"https:\/\/www.expotradegroup.com\/fr\/#website\",\"url\":\"https:\/\/www.expotradegroup.com\/fr\/\",\"name\":\"Expotrade\",\"description\":\"Faltzelte, Falttische, Sitzs\u00e4cke und mobile ideas\",\"potentialAction\":[{\"@type\":\"SearchAction\",\"target\":{\"@type\":\"EntryPoint\",\"urlTemplate\":\"https:\/\/www.expotradegroup.com\/fr\/?s={search_term_string}\"},\"query-input\":\"required name=search_term_string\"}],\"inLanguage\":\"fr-FR\"}]}<\/script>\n<!-- \/ Yoast SEO plugin. -->","yoast_head_json":{"title":"tente pliante expotent - le choix parfait et d'abris instantan\u00e9s","description":"tente pliante expotent est disponible en diff\u00e9rentes tailles et mod\u00e8les. Enti\u00e8rement imprimable et de qualit\u00e9 parfaite, un outil \u00e9v\u00e9nementiel parfaite","robots":{"index":"index","follow":"follow","max-snippet":"max-snippet:-1","max-image-preview":"max-image-preview:large","max-video-preview":"max-video-preview:-1"},"canonical":"https:\/\/www.expotradegroup.com\/fr\/expotent\/","og_locale":"fr_FR","og_type":"article","og_title":"tente pliante expotent - le choix parfait et d'abris instantan\u00e9s","og_description":"tente pliante expotent est disponible en diff\u00e9rentes tailles et mod\u00e8les. Enti\u00e8rement imprimable et de qualit\u00e9 parfaite, un outil \u00e9v\u00e9nementiel parfaite","og_url":"https:\/\/www.expotradegroup.com\/fr\/expotent\/","og_site_name":"Expotrade","article_publisher":"https:\/\/www.facebook.com\/Expotrade-Group-Gmbh-Head-Office-501830963237226\/timeline\/","article_modified_time":"2020-10-19T06:51:55+00:00","twitter_card":"summary_large_image","twitter_site":"@Expotrade_Group","twitter_misc":{"Dur\u00e9e de lecture estim\u00e9e":"11 minutes"},"schema":{"@context":"https:\/\/schema.org","@graph":[{"@type":"WebPage","@id":"https:\/\/www.expotradegroup.com\/fr\/expotent\/","url":"https:\/\/www.expotradegroup.com\/fr\/expotent\/","name":"tente pliante expotent - le choix parfait et d'abris instantan\u00e9s","isPartOf":{"@id":"https:\/\/www.expotradegroup.com\/fr\/#website"},"datePublished":"2015-08-14T17:08:09+00:00","dateModified":"2020-10-19T06:51:55+00:00","description":"tente pliante expotent est disponible en diff\u00e9rentes tailles et mod\u00e8les. Enti\u00e8rement imprimable et de qualit\u00e9 parfaite, un outil \u00e9v\u00e9nementiel parfaite","breadcrumb":{"@id":"https:\/\/www.expotradegroup.com\/fr\/expotent\/#breadcrumb"},"inLanguage":"fr-FR","potentialAction":[{"@type":"ReadAction","target":["https:\/\/www.expotradegroup.com\/fr\/expotent\/"]}]},{"@type":"BreadcrumbList","@id":"https:\/\/www.expotradegroup.com\/fr\/expotent\/#breadcrumb","itemListElement":[{"@type":"ListItem","position":1,"name":"Home","item":"https:\/\/www.expotradegroup.com\/fr\/tentes-pliantes-table-pliantes-sacs-de-feves\/"},{"@type":"ListItem","position":2,"name":"expotent"}]},{"@type":"WebSite","@id":"https:\/\/www.expotradegroup.com\/fr\/#website","url":"https:\/\/www.expotradegroup.com\/fr\/","name":"Expotrade","description":"Faltzelte, Falttische, Sitzs\u00e4cke und mobile ideas","potentialAction":[{"@type":"SearchAction","target":{"@type":"EntryPoint","urlTemplate":"https:\/\/www.expotradegroup.com\/fr\/?s={search_term_string}"},"query-input":"required name=search_term_string"}],"inLanguage":"fr-FR"}]}},"_links":{"self":[{"href":"https:\/\/www.expotradegroup.com\/fr\/wp-json\/wp\/v2\/pages\/12423"}],"collection":[{"href":"https:\/\/www.expotradegroup.com\/fr\/wp-json\/wp\/v2\/pages"}],"about":[{"href":"https:\/\/www.expotradegroup.com\/fr\/wp-json\/wp\/v2\/types\/page"}],"author":[{"embeddable":true,"href":"https:\/\/www.expotradegroup.com\/fr\/wp-json\/wp\/v2\/users\/1"}],"replies":[{"embeddable":true,"href":"https:\/\/www.expotradegroup.com\/fr\/wp-json\/wp\/v2\/comments?post=12423"}],"version-history":[{"count":38,"href":"https:\/\/www.expotradegroup.com\/fr\/wp-json\/wp\/v2\/pages\/12423\/revisions"}],"predecessor-version":[{"id":31307,"href":"https:\/\/www.expotradegroup.com\/fr\/wp-json\/wp\/v2\/pages\/12423\/revisions\/31307"}],"wp:attachment":[{"href":"https:\/\/www.expotradegroup.com\/fr\/wp-json\/wp\/v2\/media?parent=12423"}],"curies":[{"name":"wp","href":"https:\/\/api.w.org\/{rel}","templated":true}]}}