{"id":12444,"date":"2015-09-17T09:54:08","date_gmt":"2015-09-17T07:54:08","guid":{"rendered":"http:\/\/www.expotradegroup.com\/fr\/imprint\/"},"modified":"2020-06-21T10:35:13","modified_gmt":"2020-06-21T08:35:13","slug":"empreinte-expotrade-group","status":"publish","type":"page","link":"https:\/\/www.expotradegroup.com\/fr\/empreinte-expotrade-group\/","title":{"rendered":"Empreinte Expotrade Group"},"content":{"rendered":"<div class=\"flex_column av_two_third  flex_column_div av-zero-column-padding first  \" style='border-radius:0px; '><div style='padding-bottom:10px; ' class='av-special-heading av-special-heading-h1    '><h1 class='av-special-heading-tag '  itemprop=\"headline\"  >Empreinte &#8211; Expotrade Group GmbH<\/h1><div class='special-heading-border'><div class='special-heading-inner-border' ><\/div><\/div><\/div><\/div><div class=\"flex_column av_one_fourth  flex_column_div av-zero-column-padding   \" style='border-radius:0px; '><div class='avia-image-container  av-styling-    avia-align-center '  itemprop=\"ImageObject\" itemscope=\"itemscope\" itemtype=\"https:\/\/schema.org\/ImageObject\"  ><div class='avia-image-container-inner'><div class='avia-image-overlay-wrap'><img class='avia_image ' src='https:\/\/www.expotradegroup.com\/wp-content\/uploads\/2020\/04\/expotrade_mobile_ideas_ohne_www.png' alt='expotrade id\u00e9es mobiles' title='expotrade id\u00e9es mobiles' height=\"100\"width=\"340\"  itemprop=\"thumbnailUrl\"  \/><\/div><\/div><\/div><\/div><section class=\"av_textblock_section \"  itemscope=\"itemscope\" itemtype=\"https:\/\/schema.org\/CreativeWork\" ><div class='avia_textblock  '   itemprop=\"text\" ><h3>EXPOTRADE GROUP Handelsges.m.b.H.<\/h3>\n<p>Grosse Wies 19<br \/>\n6844 Altach \/ Austria<\/p>\n<p>Tel. +43 (0) 5576 73600<br \/>\nFax +43 (0) 5576 73600-6<br \/>\n<a href=\"mailto:office@expotradegroup.com\">office(at)expotradegroup.com<\/a><br \/>\n<a href=\"https:\/\/www.expotradegroup.com\/\">www.expotradegroup.com<\/a><\/p>\n<p>Company register number and court of registration:<br \/>\nFN: 218216g<br \/>\nRegional Court of Feldkirch<br \/>\nTurnover tax ID number.: ATU53556307<\/p>\n<p>Responsible for the content: Andreas Schnetzer<\/p>\n<p>Disclaimer:<\/p>\n<h2>Privacy Statement<\/h2>\n<ul>\n<li>General<br \/>\nYour personal data (e.g. title, name, house address, e-mail address, phone number, bank details, credit card number) are processed by us only in accordance with the provisions of German data privacy laws. The following provisions describe the type, scope and purpose of collecting, processing and utilizing personal data. This data privacy policy applies only to our web pages. If links on our pages route you to other pages, please inquire there about how your data are handled in such cases.<\/li>\n<\/ul>\n<ul>\n<li>Inventory data<br \/>\n(1) Your personal data, insofar as these are necessary for this contractual relationship (inventory data) in terms of its establishment, organization of content and modifications, are used exclusively for fulfilling the contract. For goods to be delivered, for instance, your name and address must be relayed to the supplier of the goods.(2) Without your explicit consent or a legal basis, your personal data are not passed on to third parties outside the scope of fulfilling this contract. After completion of the contract, your data are blocked against further use. After expiry of deadlines as per tax-related and commercial regulations, these data are deleted unless you have expressly consented to their further use.<\/li>\n<\/ul>\n<ul>\n<li>Credit check<br \/>\nIf we provide performances in advance, e.g. in case of payment on invoice, we might have to obtain information about your creditworthiness from the following company:For this, we forward your personal details (e.g. name and address) to this company. Mathematical and statistical techniques are used to assess the risk of payment defaults. We make conclusion of the purchase contract dependent on the results of the credit check.<\/li>\n<\/ul>\n<ul>\n<li>Web analysis with Google Analytics<br \/>\nThis website uses Google Analytics, a web analysis service of Google Inc. (Google). Google Analytics uses cookies, i.e. text files stored on your computer to enable analysis of website usage by you. Information generated by the cookie about your use of this website is usually transmitted to a Google server in the United States and stored there. In case of activated IP anonymization on this website, however, your IP address is previously truncated by Google within member states of the European Union or in other states which are party to the agreement on the European Economic Area. Only in exceptional cases is a full IP address transmitted to a Google server in the United States and truncated there. On behalf this website&rsquo;s owner, Google will use this information to evaluate your use of the website, compile reports about website activities, and provide the website&rsquo;s operator with further services related to website and Internet usage. The IP address sent from your browser as part of Google Analytics is not merged with other data by Google. You can prevent storage of cookies by appropriately setting your browser software; in this case, however, please note that you might not be able to fully use all functions offered by this website. In addition, you can prevent data generated by the cookie and relating to your use of the website (including your IP address) from being collected and processed by Google, by downloading and installing a browser plug-in from the following link: <a href=\"http:\/\/tools.google.com\/dlpage\/gaoptout?hl=en\" target=\"_blank\" rel=\"noopener noreferrer\">http:\/\/tools.google.com\/dlpage\/gaoptout?hl=en<br \/>\n<\/a><br \/>\nThis website uses Google Analytics with the extension \u00ab\u00a0anonymizeIP()\u00a0\u00bb, IP addresses being truncated before further processing in order to rule out direct associations to persons.<\/li>\n<\/ul>\n<ul>\n<li>Information about cookies(1) To optimize our web presence, we use cookies. These are small text files stored in your computer&rsquo;s main memory. These cookies are deleted after you close the browser. Other cookies remain on your computer (long-term cookies) and permit its recognition on your next visit. This allows us to improve your access to our site.(2) You can prevent storage of cookies by choosing a \u00ab\u00a0disable cookies\u00a0\u00bb option in your browser settings. But this can limit the functionality of our Internet offers as a result.<\/li>\n<\/ul>\n<ul>\n<li>Social plug-ins from Facebook<br \/>\nWe use social plug-ins from facebook.com, operated by Facebook Inc., 1601 S. California Ave, Palo Alto, CA 94304, USA. The plug-ins can be recognized by way of the Facebook logo or the supplement \u00ab\u00a0Facebook Social Plug-in\u00a0\u00bb. For example, if you click on the \u00ab\u00a0Like\u00a0\u00bb button or leave a comment, the relevant information is transmitted directly from your browser to Facebook and stored there. Furthermore, Facebook makes your likes public for your Facebook friends. If you are logged into Facebook, it can assign the invocation of our page directly to your Facebook account. Even if you are not logged in or don&rsquo;t have a Facebook account, your browser sends information (e.g. which web pages you have called up, your IP address) which is then stored by Facebook. For details about handling of your personal data by Facebook and your related rights, please refer to the data privacy policy of Facebook: <a href=\"http:\/\/www.facebook.com\/policy.php\" target=\"_blank\" rel=\"noopener noreferrer\">http:\/\/www.facebook.com\/policy.php<\/a>. If you do not want Facebook to map data collected about you via our Web sites to your Facebook account, you must log out of Facebook before you visit our web pages.<\/li>\n<\/ul>\n<ul>\n<li>Social plug-ins from Twitter<br \/>\nWith Twitter and its Retweet functions, we use social plug-ins from Twitter.com, operated by Twitter Inc. 795 Folsom St., Suite 600, San Francisco, CA 94107. If you use Retweet, the websites visited by you are announced to third parties and associated with your Twitter account. Details about handling of your data by Twitter as well as your rights and setting options for protecting your personal information can be found in Twitter&rsquo;s data privacy policy: <a href=\"http:\/\/twitter.com\/privacy\" target=\"_blank\" rel=\"noopener noreferrer\">http:\/\/twitter.com\/privacy <\/a><\/li>\n<\/ul>\n<ul>\n<li>Newsletter<br \/>\nFollowing subscription to the newsletter, your e-mail address is used for our own advertising purposes until you cancel the newsletter again. Cancellation is possible at any time. The following consent has been expressly granted by you separately, or possibly in the course of an ordering process:( I understand that the personal data I have provided will be saved, processed and used by expotrade to send me information about products, services, or activities of expotrade in writing, by fax, by email, by mailing or by phone. )You may revoke your consent at any time with future effect. If you no longer want to receive the newsletter, then unsubscribe as follows:<\/p>\n<p>( I can withdraw my consent at any time effective immediately by notifying office(at)expotradegroup.com. )<\/li>\n<\/ul>\n<ul>\n<li>Disclosure<br \/>\nAccording to the Federal Data Protection Act, you have a right to free-of-charge information about your stored data, and possibly entitlement to correction, blocking or deletion of such data. Inquiries can be directed to the following e-mail addresses: ( <a href=\"mailto:office@expotradegroup.com\">office(at)expotradegroup.com<\/a> )<\/li>\n<\/ul>\n<p><i>Source: <\/i><a href=\"http:\/\/www.twigg.de\/\" target=\"_blank\" rel=\"noopener noreferrer\">http:\/\/www.twigg.de\/<\/a><\/p>\n<\/div><\/section><\/p>\n","protected":false},"excerpt":{"rendered":"","protected":false},"author":1,"featured_media":0,"parent":0,"menu_order":0,"comment_status":"open","ping_status":"open","template":"","meta":{"footnotes":""},"class_list":["post-12444","page","type-page","status-publish","hentry"],"yoast_head":"<!-- This site is optimized with the Yoast SEO plugin v23.2 - https:\/\/yoast.com\/wordpress\/plugins\/seo\/ -->\n<title>Empreinte - mentions l\u00e9gales de la soci\u00e9t\u00e9 Expotrade Group GmbH<\/title>\n<meta name=\"description\" content=\"L&#039; empreinte de la soci\u00e9t\u00e9 Expotrade Group Handelsges. m. b. H. vous informe des d\u00e9tails juridiques et de la protection des donn\u00e9es.\" \/>\n<meta name=\"robots\" content=\"index, follow, max-snippet:-1, max-image-preview:large, max-video-preview:-1\" \/>\n<link rel=\"canonical\" href=\"https:\/\/www.expotradegroup.com\/fr\/empreinte-expotrade-group\/\" \/>\n<meta property=\"og:locale\" content=\"fr_FR\" \/>\n<meta property=\"og:type\" content=\"article\" \/>\n<meta property=\"og:title\" content=\"Empreinte - mentions l\u00e9gales de la soci\u00e9t\u00e9 Expotrade Group GmbH\" \/>\n<meta property=\"og:description\" content=\"L&#039; empreinte de la soci\u00e9t\u00e9 Expotrade Group Handelsges. m. b. H. vous informe des d\u00e9tails juridiques et de la protection des donn\u00e9es.\" \/>\n<meta property=\"og:url\" content=\"https:\/\/www.expotradegroup.com\/fr\/empreinte-expotrade-group\/\" \/>\n<meta property=\"og:site_name\" content=\"Expotrade\" \/>\n<meta property=\"article:publisher\" content=\"https:\/\/www.facebook.com\/Expotrade-Group-Gmbh-Head-Office-501830963237226\/timeline\/\" \/>\n<meta property=\"article:modified_time\" content=\"2020-06-21T08:35:13+00:00\" \/>\n<meta name=\"twitter:card\" content=\"summary_large_image\" \/>\n<meta name=\"twitter:site\" content=\"@Expotrade_Group\" \/>\n<meta name=\"twitter:label1\" content=\"Dur\u00e9e de lecture estim\u00e9e\" \/>\n\t<meta name=\"twitter:data1\" content=\"7 minutes\" \/>\n<script type=\"application\/ld+json\" class=\"yoast-schema-graph\">{\"@context\":\"https:\/\/schema.org\",\"@graph\":[{\"@type\":\"WebPage\",\"@id\":\"https:\/\/www.expotradegroup.com\/fr\/empreinte-expotrade-group\/\",\"url\":\"https:\/\/www.expotradegroup.com\/fr\/empreinte-expotrade-group\/\",\"name\":\"Empreinte - mentions l\u00e9gales de la soci\u00e9t\u00e9 Expotrade Group GmbH\",\"isPartOf\":{\"@id\":\"https:\/\/www.expotradegroup.com\/fr\/#website\"},\"datePublished\":\"2015-09-17T07:54:08+00:00\",\"dateModified\":\"2020-06-21T08:35:13+00:00\",\"description\":\"L' empreinte de la soci\u00e9t\u00e9 Expotrade Group Handelsges. m. b. H. vous informe des d\u00e9tails juridiques et de la protection des donn\u00e9es.\",\"breadcrumb\":{\"@id\":\"https:\/\/www.expotradegroup.com\/fr\/empreinte-expotrade-group\/#breadcrumb\"},\"inLanguage\":\"fr-FR\",\"potentialAction\":[{\"@type\":\"ReadAction\",\"target\":[\"https:\/\/www.expotradegroup.com\/fr\/empreinte-expotrade-group\/\"]}]},{\"@type\":\"BreadcrumbList\",\"@id\":\"https:\/\/www.expotradegroup.com\/fr\/empreinte-expotrade-group\/#breadcrumb\",\"itemListElement\":[{\"@type\":\"ListItem\",\"position\":1,\"name\":\"Home\",\"item\":\"https:\/\/www.expotradegroup.com\/fr\/tentes-pliantes-table-pliantes-sacs-de-feves\/\"},{\"@type\":\"ListItem\",\"position\":2,\"name\":\"Empreinte Expotrade Group\"}]},{\"@type\":\"WebSite\",\"@id\":\"https:\/\/www.expotradegroup.com\/fr\/#website\",\"url\":\"https:\/\/www.expotradegroup.com\/fr\/\",\"name\":\"Expotrade\",\"description\":\"Faltzelte, Falttische, Sitzs\u00e4cke und mobile ideas\",\"potentialAction\":[{\"@type\":\"SearchAction\",\"target\":{\"@type\":\"EntryPoint\",\"urlTemplate\":\"https:\/\/www.expotradegroup.com\/fr\/?s={search_term_string}\"},\"query-input\":\"required name=search_term_string\"}],\"inLanguage\":\"fr-FR\"}]}<\/script>\n<!-- \/ Yoast SEO plugin. -->","yoast_head_json":{"title":"Empreinte - mentions l\u00e9gales de la soci\u00e9t\u00e9 Expotrade Group GmbH","description":"L' empreinte de la soci\u00e9t\u00e9 Expotrade Group Handelsges. m. b. H. vous informe des d\u00e9tails juridiques et de la protection des donn\u00e9es.","robots":{"index":"index","follow":"follow","max-snippet":"max-snippet:-1","max-image-preview":"max-image-preview:large","max-video-preview":"max-video-preview:-1"},"canonical":"https:\/\/www.expotradegroup.com\/fr\/empreinte-expotrade-group\/","og_locale":"fr_FR","og_type":"article","og_title":"Empreinte - mentions l\u00e9gales de la soci\u00e9t\u00e9 Expotrade Group GmbH","og_description":"L' empreinte de la soci\u00e9t\u00e9 Expotrade Group Handelsges. m. b. H. vous informe des d\u00e9tails juridiques et de la protection des donn\u00e9es.","og_url":"https:\/\/www.expotradegroup.com\/fr\/empreinte-expotrade-group\/","og_site_name":"Expotrade","article_publisher":"https:\/\/www.facebook.com\/Expotrade-Group-Gmbh-Head-Office-501830963237226\/timeline\/","article_modified_time":"2020-06-21T08:35:13+00:00","twitter_card":"summary_large_image","twitter_site":"@Expotrade_Group","twitter_misc":{"Dur\u00e9e de lecture estim\u00e9e":"7 minutes"},"schema":{"@context":"https:\/\/schema.org","@graph":[{"@type":"WebPage","@id":"https:\/\/www.expotradegroup.com\/fr\/empreinte-expotrade-group\/","url":"https:\/\/www.expotradegroup.com\/fr\/empreinte-expotrade-group\/","name":"Empreinte - mentions l\u00e9gales de la soci\u00e9t\u00e9 Expotrade Group GmbH","isPartOf":{"@id":"https:\/\/www.expotradegroup.com\/fr\/#website"},"datePublished":"2015-09-17T07:54:08+00:00","dateModified":"2020-06-21T08:35:13+00:00","description":"L' empreinte de la soci\u00e9t\u00e9 Expotrade Group Handelsges. m. b. H. vous informe des d\u00e9tails juridiques et de la protection des donn\u00e9es.","breadcrumb":{"@id":"https:\/\/www.expotradegroup.com\/fr\/empreinte-expotrade-group\/#breadcrumb"},"inLanguage":"fr-FR","potentialAction":[{"@type":"ReadAction","target":["https:\/\/www.expotradegroup.com\/fr\/empreinte-expotrade-group\/"]}]},{"@type":"BreadcrumbList","@id":"https:\/\/www.expotradegroup.com\/fr\/empreinte-expotrade-group\/#breadcrumb","itemListElement":[{"@type":"ListItem","position":1,"name":"Home","item":"https:\/\/www.expotradegroup.com\/fr\/tentes-pliantes-table-pliantes-sacs-de-feves\/"},{"@type":"ListItem","position":2,"name":"Empreinte Expotrade Group"}]},{"@type":"WebSite","@id":"https:\/\/www.expotradegroup.com\/fr\/#website","url":"https:\/\/www.expotradegroup.com\/fr\/","name":"Expotrade","description":"Faltzelte, Falttische, Sitzs\u00e4cke und mobile ideas","potentialAction":[{"@type":"SearchAction","target":{"@type":"EntryPoint","urlTemplate":"https:\/\/www.expotradegroup.com\/fr\/?s={search_term_string}"},"query-input":"required name=search_term_string"}],"inLanguage":"fr-FR"}]}},"_links":{"self":[{"href":"https:\/\/www.expotradegroup.com\/fr\/wp-json\/wp\/v2\/pages\/12444"}],"collection":[{"href":"https:\/\/www.expotradegroup.com\/fr\/wp-json\/wp\/v2\/pages"}],"about":[{"href":"https:\/\/www.expotradegroup.com\/fr\/wp-json\/wp\/v2\/types\/page"}],"author":[{"embeddable":true,"href":"https:\/\/www.expotradegroup.com\/fr\/wp-json\/wp\/v2\/users\/1"}],"replies":[{"embeddable":true,"href":"https:\/\/www.expotradegroup.com\/fr\/wp-json\/wp\/v2\/comments?post=12444"}],"version-history":[{"count":8,"href":"https:\/\/www.expotradegroup.com\/fr\/wp-json\/wp\/v2\/pages\/12444\/revisions"}],"predecessor-version":[{"id":24796,"href":"https:\/\/www.expotradegroup.com\/fr\/wp-json\/wp\/v2\/pages\/12444\/revisions\/24796"}],"wp:attachment":[{"href":"https:\/\/www.expotradegroup.com\/fr\/wp-json\/wp\/v2\/media?parent=12444"}],"curies":[{"name":"wp","href":"https:\/\/api.w.org\/{rel}","templated":true}]}}