{"id":12453,"date":"2015-09-22T15:47:09","date_gmt":"2015-09-22T13:47:09","guid":{"rendered":"http:\/\/www.expotradegroup.com\/fr\/request_offer\/"},"modified":"2024-07-04T16:07:40","modified_gmt":"2024-07-04T14:07:40","slug":"demande_de_devis","status":"publish","type":"page","link":"https:\/\/www.expotradegroup.com\/fr\/demande_de_devis\/","title":{"rendered":"Demande de devis"},"content":{"rendered":"<div class=\"flex_column av_one_full  flex_column_div av-zero-column-padding first  \" style='border-radius:0px; '><p><div style='padding-bottom:20px; ' class='av-special-heading av-special-heading-h1     '><h1 class='av-special-heading-tag '  itemprop=\"headline\"  >Demande de devis &#8211; Expotrade Group<\/h1><div class='special-heading-border'><div class='special-heading-inner-border' ><\/div><\/div><\/div><br \/>\n<section class=\"av_textblock_section \"  itemscope=\"itemscope\" itemtype=\"https:\/\/schema.org\/CreativeWork\" ><div class='avia_textblock  '   itemprop=\"text\" ><p><span lang=\"fr\">Si vous souhaitez imprimer, envoyez-nous vos logos par e-mail et nous nous ferons un plaisir de cr\u00e9er un graphisme sans engagement avec l&rsquo;offre correspondante!<\/span><\/p>\n<\/div><\/section><br \/>\n<form action=\"https:\/\/www.expotradegroup.com\/fr\/demande_de_devis\/\" method=\"post\"  class=\"avia_ajax_form av-form-labels-visible    \" data-avia-form-id=\"1\" data-avia-redirect=''><fieldset><p class=' first_form  form_element form_fullwidth' id='element_avia_1_1'><label for=\"avia_1_1\">Nom <abbr class=\"required\" title=\"requis\">*<\/abbr><\/label> <input name=\"avia_1_1\" class=\"text_input is_empty\" type=\"text\" id=\"avia_1_1\" value=\"\" \/><\/p><p class=' first_form  form_element form_fullwidth' id='element_avia_2_1'><label for=\"avia_2_1\">Compagnie<\/label> <input name=\"avia_2_1\" class=\"text_input \" type=\"text\" id=\"avia_2_1\" value=\"\" \/><\/p><p class=' first_form  form_element form_fullwidth' id='element_avia_3_1'><label for=\"avia_3_1\">E-Mail <abbr class=\"required\" title=\"requis\">*<\/abbr><\/label> <input name=\"avia_3_1\" class=\"text_input is_email\" type=\"text\" id=\"avia_3_1\" value=\"\" \/><\/p><p class=' first_form  form_element form_fullwidth' id='element_avia_4_1'><label for=\"avia_4_1\">T\u00e9l\u00e9phone <abbr class=\"required\" title=\"requis\">*<\/abbr><\/label> <input name=\"avia_4_1\" class=\"text_input is_phone\" type=\"text\" id=\"avia_4_1\" value=\"\" \/><\/p><p class=' first_form  form_element form_fullwidth' id='element_avia_5_1'><label for=\"avia_5_1\">Pays <abbr class=\"required\" title=\"requis\">*<\/abbr><\/label> <input name=\"avia_5_1\" class=\"text_input is_empty\" type=\"text\" id=\"avia_5_1\" value=\"\" \/><\/p><p class=' first_form  form_element form_fullwidth' id='element_avia_6_1'><label for=\"avia_6_1\">Veuillez m\u2019envoyer des informations sur: (marquez les produits souhait\u00e9s):<\/label> <select multiple name=\"avia_6_1\" class=\"select  av-multi-select\" id=\"avia_6_1\"><option  value ='Tente pliante \u2018expotent\u2019'>Tente pliante \u2018expotent\u2019<\/option><option  value ='Table pliante \u2018expotable\u2019'>Table pliante \u2018expotable\u2019<\/option><option  value ='Dometente \u2018expodome\u2019'>Dometente \u2018expodome\u2019<\/option><option  value ='Pouf \u2018exporelax\u2019'>Pouf \u2018exporelax\u2019<\/option><option  value ='Table de bar \u2018expobartable\u2019'>Table de bar \u2018expobartable\u2019<\/option><option  value ='Porte de ski \u2018exporack\u2019'>Porte de ski \u2018exporack\u2019<\/option><option  value ='Affichage \u2018 expobanner\u2019'>Affichage \u2018 expobanner\u2019<\/option><option  value ='Drapeau \u2018expoflag\u2019'>Drapeau \u2018expoflag\u2019<\/option><option  value ='Annonce Conteneur \u2018exposign\u2019'>Annonce Conteneur \u2018exposign\u2019<\/option><\/select><\/p><p class=' first_form  form_element form_fullwidth' id='element_avia_7_1'>\t <label for=\"avia_7_1\" class=\"textare_label hidden textare_label_avia_7_1\">Message<\/label>\t <textarea  name=\"avia_7_1\" class=\"text_area \" cols=\"40\" rows=\"7\" id=\"avia_7_1\" ><\/textarea><\/p><div id='avia_8_1' class='av-form-text'><\/p>\n<div id=\"tw-target-text-container\" class=\"tw-ta-container hide-focus-ring tw-nfl\" tabindex=\"0\"><span lang=\"fr\">En soumettant ce formulaire, j<\/span><span lang=\"fr\">Je comprends que les donn\u00e9es personnelles que j&rsquo;ai fournies seront enregistr\u00e9es, trait\u00e9es et utilis\u00e9es par expotrade pour m&rsquo;envoyer des informations ou offres sur les produits, <\/span><span lang=\"fr\">services ou activit\u00e9s d&rsquo;Expotrade par \u00e9crit, par e-mail, par courrier ou par t\u00e9l\u00e9phone. <\/span><span lang=\"fr\">Je peux retirer mon consentement \u00e0 tout moment avec effet imm\u00e9diat en notifiant <\/span><a href=\"mailto:office@expotradegroup.com\">office(at)expotradegroup.com<\/a>.<\/div>\n<p>\n<\/div><p class=\"hidden\"><input type=\"text\" name=\"avia_9_1\" class=\"hidden \" id=\"avia_9_1\" value=\"\" \/><\/p><p class='' id='element_avia_10_1'>    <span class='value_verifier_label'>1 + 0 = ?<\/span>    <input name=\"avia_10_1_verifier\" type=\"hidden\" id=\"avia_10_1_verifier\" value=\"146416574\"\/><label for=\"avia_10_1\">Pour prouver que vous \u00eates un humain, donnez le r\u00e9sultat de cette simple op\u00e9ration <abbr class=\"required\" title=\"requis\">*<\/abbr><\/label>    <input name=\"avia_10_1\" class=\"text_input captcha\" type=\"text\" id=\"avia_10_1\" value=\"\"\/><\/p><p class=\"form_element \"><input type=\"hidden\" value=\"1\" name=\"avia_generated_form1\" \/><input type=\"submit\" value=\"envoyer\" class=\"button\"  data-sending-label=\"Envoi\"\/><\/p><\/fieldset><\/form><div id=\"ajaxresponse_1\" class=\"ajaxresponse ajaxresponse_1 hidden\"><\/div><\/p><\/div>\n","protected":false},"excerpt":{"rendered":"","protected":false},"author":1,"featured_media":0,"parent":0,"menu_order":0,"comment_status":"open","ping_status":"open","template":"","meta":{"footnotes":""},"class_list":["post-12453","page","type-page","status-publish","hentry"],"yoast_head":"<!-- This site is optimized with the Yoast SEO plugin v23.2 - https:\/\/yoast.com\/wordpress\/plugins\/seo\/ -->\n<title>Expotrade id\u00e9es mobiles - tentes et tables pliantes et bien plus encore<\/title>\n<meta name=\"description\" content=\"Vous recherchez des tentes pliantes imprim\u00e9es, des tables pliantes ou des poufs - nous sommes les sp\u00e9cialistes - essayez-nous!\" \/>\n<meta name=\"robots\" content=\"index, follow, max-snippet:-1, max-image-preview:large, max-video-preview:-1\" \/>\n<link rel=\"canonical\" href=\"https:\/\/www.expotradegroup.com\/fr\/demande_de_devis\/\" \/>\n<meta property=\"og:locale\" content=\"fr_FR\" \/>\n<meta property=\"og:type\" content=\"article\" \/>\n<meta property=\"og:title\" content=\"Expotrade id\u00e9es mobiles - tentes et tables pliantes et bien plus encore\" \/>\n<meta property=\"og:description\" content=\"Vous recherchez des tentes pliantes imprim\u00e9es, des tables pliantes ou des poufs - nous sommes les sp\u00e9cialistes - essayez-nous!\" \/>\n<meta property=\"og:url\" content=\"https:\/\/www.expotradegroup.com\/fr\/demande_de_devis\/\" \/>\n<meta property=\"og:site_name\" content=\"Expotrade\" \/>\n<meta property=\"article:publisher\" content=\"https:\/\/www.facebook.com\/Expotrade-Group-Gmbh-Head-Office-501830963237226\/timeline\/\" \/>\n<meta property=\"article:modified_time\" content=\"2024-07-04T14:07:40+00:00\" \/>\n<meta name=\"twitter:card\" content=\"summary_large_image\" \/>\n<meta name=\"twitter:site\" content=\"@Expotrade_Group\" \/>\n<meta name=\"twitter:label1\" content=\"Dur\u00e9e de lecture estim\u00e9e\" \/>\n\t<meta name=\"twitter:data1\" content=\"3 minutes\" \/>\n<script type=\"application\/ld+json\" class=\"yoast-schema-graph\">{\"@context\":\"https:\/\/schema.org\",\"@graph\":[{\"@type\":\"WebPage\",\"@id\":\"https:\/\/www.expotradegroup.com\/fr\/demande_de_devis\/\",\"url\":\"https:\/\/www.expotradegroup.com\/fr\/demande_de_devis\/\",\"name\":\"Expotrade id\u00e9es mobiles - tentes et tables pliantes et bien plus encore\",\"isPartOf\":{\"@id\":\"https:\/\/www.expotradegroup.com\/fr\/#website\"},\"datePublished\":\"2015-09-22T13:47:09+00:00\",\"dateModified\":\"2024-07-04T14:07:40+00:00\",\"description\":\"Vous recherchez des tentes pliantes imprim\u00e9es, des tables pliantes ou des poufs - nous sommes les sp\u00e9cialistes - essayez-nous!\",\"breadcrumb\":{\"@id\":\"https:\/\/www.expotradegroup.com\/fr\/demande_de_devis\/#breadcrumb\"},\"inLanguage\":\"fr-FR\",\"potentialAction\":[{\"@type\":\"ReadAction\",\"target\":[\"https:\/\/www.expotradegroup.com\/fr\/demande_de_devis\/\"]}]},{\"@type\":\"BreadcrumbList\",\"@id\":\"https:\/\/www.expotradegroup.com\/fr\/demande_de_devis\/#breadcrumb\",\"itemListElement\":[{\"@type\":\"ListItem\",\"position\":1,\"name\":\"Home\",\"item\":\"https:\/\/www.expotradegroup.com\/fr\/tentes-pliantes-table-pliantes-sacs-de-feves\/\"},{\"@type\":\"ListItem\",\"position\":2,\"name\":\"Demande de devis\"}]},{\"@type\":\"WebSite\",\"@id\":\"https:\/\/www.expotradegroup.com\/fr\/#website\",\"url\":\"https:\/\/www.expotradegroup.com\/fr\/\",\"name\":\"Expotrade\",\"description\":\"Faltzelte, Falttische, Sitzs\u00e4cke und mobile ideas\",\"potentialAction\":[{\"@type\":\"SearchAction\",\"target\":{\"@type\":\"EntryPoint\",\"urlTemplate\":\"https:\/\/www.expotradegroup.com\/fr\/?s={search_term_string}\"},\"query-input\":\"required name=search_term_string\"}],\"inLanguage\":\"fr-FR\"}]}<\/script>\n<!-- \/ Yoast SEO plugin. -->","yoast_head_json":{"title":"Expotrade id\u00e9es mobiles - tentes et tables pliantes et bien plus encore","description":"Vous recherchez des tentes pliantes imprim\u00e9es, des tables pliantes ou des poufs - nous sommes les sp\u00e9cialistes - essayez-nous!","robots":{"index":"index","follow":"follow","max-snippet":"max-snippet:-1","max-image-preview":"max-image-preview:large","max-video-preview":"max-video-preview:-1"},"canonical":"https:\/\/www.expotradegroup.com\/fr\/demande_de_devis\/","og_locale":"fr_FR","og_type":"article","og_title":"Expotrade id\u00e9es mobiles - tentes et tables pliantes et bien plus encore","og_description":"Vous recherchez des tentes pliantes imprim\u00e9es, des tables pliantes ou des poufs - nous sommes les sp\u00e9cialistes - essayez-nous!","og_url":"https:\/\/www.expotradegroup.com\/fr\/demande_de_devis\/","og_site_name":"Expotrade","article_publisher":"https:\/\/www.facebook.com\/Expotrade-Group-Gmbh-Head-Office-501830963237226\/timeline\/","article_modified_time":"2024-07-04T14:07:40+00:00","twitter_card":"summary_large_image","twitter_site":"@Expotrade_Group","twitter_misc":{"Dur\u00e9e de lecture estim\u00e9e":"3 minutes"},"schema":{"@context":"https:\/\/schema.org","@graph":[{"@type":"WebPage","@id":"https:\/\/www.expotradegroup.com\/fr\/demande_de_devis\/","url":"https:\/\/www.expotradegroup.com\/fr\/demande_de_devis\/","name":"Expotrade id\u00e9es mobiles - tentes et tables pliantes et bien plus encore","isPartOf":{"@id":"https:\/\/www.expotradegroup.com\/fr\/#website"},"datePublished":"2015-09-22T13:47:09+00:00","dateModified":"2024-07-04T14:07:40+00:00","description":"Vous recherchez des tentes pliantes imprim\u00e9es, des tables pliantes ou des poufs - nous sommes les sp\u00e9cialistes - essayez-nous!","breadcrumb":{"@id":"https:\/\/www.expotradegroup.com\/fr\/demande_de_devis\/#breadcrumb"},"inLanguage":"fr-FR","potentialAction":[{"@type":"ReadAction","target":["https:\/\/www.expotradegroup.com\/fr\/demande_de_devis\/"]}]},{"@type":"BreadcrumbList","@id":"https:\/\/www.expotradegroup.com\/fr\/demande_de_devis\/#breadcrumb","itemListElement":[{"@type":"ListItem","position":1,"name":"Home","item":"https:\/\/www.expotradegroup.com\/fr\/tentes-pliantes-table-pliantes-sacs-de-feves\/"},{"@type":"ListItem","position":2,"name":"Demande de devis"}]},{"@type":"WebSite","@id":"https:\/\/www.expotradegroup.com\/fr\/#website","url":"https:\/\/www.expotradegroup.com\/fr\/","name":"Expotrade","description":"Faltzelte, Falttische, Sitzs\u00e4cke und mobile ideas","potentialAction":[{"@type":"SearchAction","target":{"@type":"EntryPoint","urlTemplate":"https:\/\/www.expotradegroup.com\/fr\/?s={search_term_string}"},"query-input":"required name=search_term_string"}],"inLanguage":"fr-FR"}]}},"_links":{"self":[{"href":"https:\/\/www.expotradegroup.com\/fr\/wp-json\/wp\/v2\/pages\/12453"}],"collection":[{"href":"https:\/\/www.expotradegroup.com\/fr\/wp-json\/wp\/v2\/pages"}],"about":[{"href":"https:\/\/www.expotradegroup.com\/fr\/wp-json\/wp\/v2\/types\/page"}],"author":[{"embeddable":true,"href":"https:\/\/www.expotradegroup.com\/fr\/wp-json\/wp\/v2\/users\/1"}],"replies":[{"embeddable":true,"href":"https:\/\/www.expotradegroup.com\/fr\/wp-json\/wp\/v2\/comments?post=12453"}],"version-history":[{"count":18,"href":"https:\/\/www.expotradegroup.com\/fr\/wp-json\/wp\/v2\/pages\/12453\/revisions"}],"predecessor-version":[{"id":36552,"href":"https:\/\/www.expotradegroup.com\/fr\/wp-json\/wp\/v2\/pages\/12453\/revisions\/36552"}],"wp:attachment":[{"href":"https:\/\/www.expotradegroup.com\/fr\/wp-json\/wp\/v2\/media?parent=12453"}],"curies":[{"name":"wp","href":"https:\/\/api.w.org\/{rel}","templated":true}]}}