{"id":12483,"date":"2015-09-11T10:40:33","date_gmt":"2015-09-11T08:40:33","guid":{"rendered":"http:\/\/www.expotradegroup.com\/fr\/expobanner\/expobanner-large\/"},"modified":"2020-06-18T21:09:46","modified_gmt":"2020-06-18T19:09:46","slug":"expobanner-grand","status":"publish","type":"page","link":"https:\/\/www.expotradegroup.com\/fr\/expobanner\/expobanner-grand\/","title":{"rendered":"expobanner grand"},"content":{"rendered":"<div class=\"flex_column av_two_third  flex_column_div av-zero-column-padding first  \" style='border-radius:0px; '><div style='padding-bottom:10px; ' class='av-special-heading av-special-heading-h1    '><h1 class='av-special-heading-tag '  itemprop=\"headline\"  >expobanner affichage grand<\/h1><div class='special-heading-border'><div class='special-heading-inner-border' ><\/div><\/div><\/div><\/div><div class=\"flex_column av_one_fourth  flex_column_div   \" style='padding:0px 0px 15px 0px ; border-radius:0px; '><div class='avia-image-container  av-styling-    avia-align-center '  itemprop=\"ImageObject\" itemscope=\"itemscope\" itemtype=\"https:\/\/schema.org\/ImageObject\"  ><div class='avia-image-container-inner'><div class='avia-image-overlay-wrap'><img class='avia_image ' src='https:\/\/www.expotradegroup.com\/wp-content\/uploads\/2015\/08\/expobanner_by_expotrade_logo-300x72.png' alt='expobanner' title='expobanner' height=\"72\"width=\"300\"  itemprop=\"thumbnailUrl\"  \/><\/div><\/div><\/div><\/div><\/p>\n<div class=\"flex_column av_one_full  flex_column_div av-zero-column-padding first  \" style='border-radius:0px; '><div class='avia-gallery  avia-gallery-1 avia_lazyload avia_animate_when_visible '  itemprop=\"ImageObject\" itemscope=\"itemscope\" itemtype=\"https:\/\/schema.org\/ImageObject\" ><div class='avia-gallery-thumb'> <a href='https:\/\/www.expotradegroup.com\/wp-content\/uploads\/2016\/10\/Expobanner_large_Marathon_6-1030x691.jpg' data-rel='gallery-1' data-prev-img='https:\/\/www.expotradegroup.com\/wp-content\/uploads\/2016\/10\/Expobanner_large_Marathon_6-495x400.jpg' class='first_thumb lightbox ' data-onclick='1' title='Expobanner grande Marathon'  itemprop=\"thumbnailUrl\" ><img data-avia-tooltip='Expobanner grande Marathon' src='https:\/\/www.expotradegroup.com\/wp-content\/uploads\/2016\/10\/Expobanner_large_Marathon_6-495x400.jpg' width='495' height='400'  title='Expobanner grande Marathon' alt='Expobanner grande Marathon' \/><\/a> <a href='https:\/\/www.expotradegroup.com\/wp-content\/uploads\/2015\/08\/European_Enduroseries_expobanner_4-1030x659.jpg' data-rel='gallery-1' data-prev-img='https:\/\/www.expotradegroup.com\/wp-content\/uploads\/2015\/08\/European_Enduroseries_expobanner_4-495x400.jpg' class='lightbox ' data-onclick='2' title='affichage expobanner pour le podium'  itemprop=\"thumbnailUrl\" ><img data-avia-tooltip='European Enduroseries expobanner' src='https:\/\/www.expotradegroup.com\/wp-content\/uploads\/2015\/08\/European_Enduroseries_expobanner_4-495x400.jpg' width='495' height='400'  title='affichage expobanner pour le podium' alt='affichage expobanner pour le podium' \/><\/a> <a href='https:\/\/www.expotradegroup.com\/wp-content\/uploads\/2015\/08\/European_Enduroseries_expobanner_3-1030x656.jpg' data-rel='gallery-1' data-prev-img='https:\/\/www.expotradegroup.com\/wp-content\/uploads\/2015\/08\/European_Enduroseries_expobanner_3-495x400.jpg' class='lightbox ' data-onclick='3' title='fond de podium expobanner'  itemprop=\"thumbnailUrl\" ><img data-avia-tooltip='European Enduroseries Expobanner' src='https:\/\/www.expotradegroup.com\/wp-content\/uploads\/2015\/08\/European_Enduroseries_expobanner_3-495x400.jpg' width='495' height='400'  title='fond de podium expobanner' alt='fond de podium expobanner' \/><\/a> <a href='https:\/\/www.expotradegroup.com\/wp-content\/uploads\/2015\/08\/expobanner_large-1030x654.png' data-rel='gallery-1' data-prev-img='https:\/\/www.expotradegroup.com\/wp-content\/uploads\/2015\/08\/expobanner_large-495x400.png' class='lightbox ' data-onclick='4' title='affichage expobanner pour le podium'  itemprop=\"thumbnailUrl\" ><img data-avia-tooltip='Expobanner large' src='https:\/\/www.expotradegroup.com\/wp-content\/uploads\/2015\/08\/expobanner_large-495x400.png' width='495' height='400'  title='affichage expobanner pour le podium' alt='affichage expobanner pour le podium' \/><\/a><\/div><\/div><\/div>\n<div style='height:30px' class='hr hr-invisible  '><span class='hr-inner ' ><span class='hr-inner-style'><\/span><\/span><\/div>\n<section class=\"av_textblock_section \"  itemscope=\"itemscope\" itemtype=\"https:\/\/schema.org\/CreativeWork\" ><div class='avia_textblock  '   itemprop=\"text\" ><h2><\/h2>\n<p><strong>Expobanner affichage grand<\/strong> est un nouveau mode de pr\u00e9sentation et une invention Expotrade. Sa forme semi-circulaire la rend diff\u00e9rente de tous les syst\u00e8mes existant sur le march\u00e9. Il est fait en aluminium profil\u00e9 assemblable et incurv\u00e9. L&rsquo;ensemble est fix\u00e9 au sol par deux supports de 17 kgs chacun. Le mat\u00e9riau enti\u00e8rement imprimable est juste gliss\u00e9 sur une barre \u00e0 travers le tunnel et fix\u00e9 de chaque c\u00f4t\u00e9 par des caoutchouc. Le gros avantage de cette innovation est son utilisation possible \u00e0 l&rsquo;ext\u00e9rieur<\/p>\n<\/div><\/section>\n<div style='height:30px' class='hr hr-invisible  '><span class='hr-inner ' ><span class='hr-inner-style'><\/span><\/span><\/div>\n<section class=\"av_textblock_section \"  itemscope=\"itemscope\" itemtype=\"https:\/\/schema.org\/CreativeWork\" ><div class='avia_textblock  '   itemprop=\"text\" ><h3>expobanner grand &#8211; faits et chiffres<\/h3>\n<table class=\"expotrade_details_table\">\n<tbody>\n<tr>\n<td class=\"first\">largeur de tissu:<\/td>\n<td>580 cm<\/td>\n<\/tr>\n<tr>\n<td class=\"first\">hauteur:<\/td>\n<td>310 cm<\/td>\n<\/tr>\n<tr>\n<td class=\"first\">largeur incl. pieds:<\/td>\n<td>665 cm<\/td>\n<\/tr>\n<tr>\n<td class=\"first\">poids:<\/td>\n<td>50 kg<\/td>\n<\/tr>\n<tr>\n<td class=\"first\">emballage:<\/td>\n<td>79 x 28 x 35 cm<\/p>\n<p>180 x 5 x 30 cm<\/td>\n<\/tr>\n<tr>\n<td class=\"first\">sac \u00e0 transport:<\/td>\n<td><span class=\"av_font_icon avia_animate_when_visible  av-icon-style-  av-no-color avia-icon-pos-left \" style=\"\"><span class='av-icon-char' style='font-size:40px;line-height:40px;' aria-hidden='true' data-av_icon='\ue812' data-av_iconfont='entypo-fontello' ><\/span><\/span><\/td>\n<\/tr>\n<\/tbody>\n<\/table>\n<\/div><\/section>\n<div class=\"flex_column av_one_full  flex_column_div av-zero-column-padding first  \" style='border-radius:0px; '><div class=\"tabcontainer   top_tab  \">\n\n<section class=\"av_tab_section\"  itemscope=\"itemscope\" itemtype=\"https:\/\/schema.org\/CreativeWork\" >    <div data-fake-id=\"#tab-id-1\" class=\"tab \"  itemprop=\"headline\" >sublimation print<\/div>\n    <div id=\"tab-id-1-container\" class=\"tab_content \">\n        <div class=\"tab_inner_content invers-color\"  itemprop=\"text\" >\n<p><a href=\"https:\/\/expotradegroup.com\/wp-content\/uploads\/2015\/08\/Expobanner_4.jpg\"><img loading=\"lazy\" decoding=\"async\" class=\"alignnone wp-image-513\" src=\"https:\/\/expotradegroup.com\/wp-content\/uploads\/2015\/08\/Expobanner_4-300x225.jpg\" alt=\"OLYMPUS DIGITAL CAMERA\" width=\"407\" height=\"305\" \/><\/a><\/p>\n<p>sensational colours- the printable spectrum ranges from single logos up to full-size pictures or gradients!<\/p>\n<p>The sublimation-print procedure achieves intensively bright colours and a high UV protection.<\/p>\n<p>advantages of the sublimation-print:<\/p>\n<ul>\n<li>full-size printing possible for covers \/ sidewalls and all other fabric parts<\/li>\n<li>brilliant, intensively shiny and bright colours<\/li>\n<li>complex layouts, logos, pictues, gradients &#8211; everything is possible<\/li>\n<li>cost-saving production starting from 1 pc already<\/li>\n<li>no films\/screens etc. necessary<\/li>\n<\/ul>\n\n        <\/div>\n    <\/div>\n<\/section>\n\n<section class=\"av_tab_section\"  itemscope=\"itemscope\" itemtype=\"https:\/\/schema.org\/CreativeWork\" >    <div data-fake-id=\"#tab-id-2\" class=\"tab \"  itemprop=\"headline\" >Downloads<\/div>\n    <div id=\"tab-id-2-container\" class=\"tab_content \">\n        <div class=\"tab_inner_content invers-color\"  itemprop=\"text\" >\n<table class=\"expotrade_downloads_table\">\n<tbody>\n<tr class=\"icon\">\n<td style=\"text-align: center;\"><a href=\"https:\/\/expotradegroup.com\/wp-content\/uploads\/2015\/09\/Ersatzteilliste_Expobanner.pdf\" target=\"_blank\" rel=\"noopener noreferrer\"><img loading=\"lazy\" decoding=\"async\" class=\"aligncenter size-full wp-image-184\" src=\"https:\/\/expotradegroup.com\/wp-content\/uploads\/2015\/08\/zahnrad_icon_expotrade.png\" alt=\"zahnrad_icon_expotrade\" width=\"159\" height=\"159\" srcset=\"https:\/\/www.expotradegroup.com\/wp-content\/uploads\/2015\/08\/zahnrad_icon_expotrade.png 159w, https:\/\/www.expotradegroup.com\/wp-content\/uploads\/2015\/08\/zahnrad_icon_expotrade-100x100.png 100w, https:\/\/www.expotradegroup.com\/wp-content\/uploads\/2015\/08\/zahnrad_icon_expotrade-80x80.png 80w, https:\/\/www.expotradegroup.com\/wp-content\/uploads\/2015\/08\/zahnrad_icon_expotrade-36x36.png 36w\" sizes=\"(max-width: 159px) 100vw, 159px\" \/><\/a><\/td>\n<td><a href=\"http:\/\/www.yumpu.com\/de\/document\/view\/39613169\/o-19o3031qjjg31ekkiod2tnek1apdf\" target=\"_blank\" rel=\"noopener noreferrer\"><img loading=\"lazy\" decoding=\"async\" class=\" size-full wp-image-186 aligncenter\" src=\"https:\/\/expotradegroup.com\/wp-content\/uploads\/2015\/08\/document_icon_expotrade.png\" alt=\"document_icon_expotrade\" width=\"163\" height=\"160\" srcset=\"https:\/\/www.expotradegroup.com\/wp-content\/uploads\/2015\/08\/document_icon_expotrade.png 163w, https:\/\/www.expotradegroup.com\/wp-content\/uploads\/2015\/08\/document_icon_expotrade-80x80.png 80w, https:\/\/www.expotradegroup.com\/wp-content\/uploads\/2015\/08\/document_icon_expotrade-36x36.png 36w\" sizes=\"(max-width: 163px) 100vw, 163px\" \/><\/a><\/td>\n<td style=\"text-align: center;\"><a href=\"https:\/\/www.expotradegroup.com\/wp-content\/uploads\/2015\/11\/Certification_500DEN_EN-Norm_english.pdf\" target=\"_blank\" rel=\"noopener noreferrer\"><img loading=\"lazy\" decoding=\"async\" class=\"aligncenter wp-image-183 size-full\" src=\"https:\/\/expotradegroup.com\/wp-content\/uploads\/2015\/08\/feuer_icon_expotrade.png\" alt=\"feuer_icon_expotrade\" width=\"160\" height=\"159\" srcset=\"https:\/\/www.expotradegroup.com\/wp-content\/uploads\/2015\/08\/feuer_icon_expotrade.png 160w, https:\/\/www.expotradegroup.com\/wp-content\/uploads\/2015\/08\/feuer_icon_expotrade-100x100.png 100w, https:\/\/www.expotradegroup.com\/wp-content\/uploads\/2015\/08\/feuer_icon_expotrade-80x80.png 80w, https:\/\/www.expotradegroup.com\/wp-content\/uploads\/2015\/08\/feuer_icon_expotrade-36x36.png 36w\" sizes=\"(max-width: 160px) 100vw, 160px\" \/><\/a><\/td>\n<\/tr>\n<tr class=\"text\">\n<td style=\"text-align: center;\"><a href=\"https:\/\/expotradegroup.com\/wp-content\/uploads\/2015\/09\/Ersatzteilliste_Expobanner.pdf\" target=\"_blank\" rel=\"noopener noreferrer\">Ersatzteilliste<\/a><\/td>\n<td style=\"text-align: center;\"><a href=\"http:\/\/www.yumpu.com\/de\/document\/view\/39613169\/o-19o3031qjjg31ekkiod2tnek1apdf\" target=\"_blank\" rel=\"noopener noreferrer\">online catalogue<\/a><\/td>\n<td style=\"text-align: center;\"><a href=\"https:\/\/www.expotradegroup.com\/wp-content\/uploads\/2015\/11\/Certification_500DEN_EN-Norm_english.pdf\" target=\"_blank\" rel=\"noopener noreferrer\">fire certificate<\/a><\/td>\n<\/tr>\n<tr class=\"text\">\n<td style=\"text-align: center;\"><a href=\"https:\/\/expotradegroup.com\/wp-content\/uploads\/2015\/09\/Expobanner_large_6m.pdf\" target=\"_blank\" rel=\"noopener noreferrer\"><img loading=\"lazy\" decoding=\"async\" class=\"alignnone size-full wp-image-180\" src=\"https:\/\/expotradegroup.com\/wp-content\/uploads\/2015\/08\/grafik_vorlage_icon_expotrade.png\" alt=\"grafik_vorlage_icon_expotrade\" width=\"159\" height=\"159\" srcset=\"https:\/\/www.expotradegroup.com\/wp-content\/uploads\/2015\/08\/grafik_vorlage_icon_expotrade.png 159w, https:\/\/www.expotradegroup.com\/wp-content\/uploads\/2015\/08\/grafik_vorlage_icon_expotrade-100x100.png 100w, https:\/\/www.expotradegroup.com\/wp-content\/uploads\/2015\/08\/grafik_vorlage_icon_expotrade-80x80.png 80w, https:\/\/www.expotradegroup.com\/wp-content\/uploads\/2015\/08\/grafik_vorlage_icon_expotrade-36x36.png 36w\" sizes=\"(max-width: 159px) 100vw, 159px\" \/><\/a><\/td>\n<td style=\"text-align: center;\"><a href=\"https:\/\/expotradegroup.com\/wp-content\/uploads\/2015\/09\/Merkblatt-Datenaufbereitung.pdf\" target=\"_blank\" rel=\"noopener noreferrer\"><img loading=\"lazy\" decoding=\"async\" class=\"alignnone size-full wp-image-182\" src=\"https:\/\/expotradegroup.com\/wp-content\/uploads\/2015\/08\/image_icon_expotrade.png\" alt=\"image_icon_expotrade\" width=\"159\" height=\"160\" srcset=\"https:\/\/www.expotradegroup.com\/wp-content\/uploads\/2015\/08\/image_icon_expotrade.png 159w, https:\/\/www.expotradegroup.com\/wp-content\/uploads\/2015\/08\/image_icon_expotrade-100x100.png 100w, https:\/\/www.expotradegroup.com\/wp-content\/uploads\/2015\/08\/image_icon_expotrade-80x80.png 80w, https:\/\/www.expotradegroup.com\/wp-content\/uploads\/2015\/08\/image_icon_expotrade-36x36.png 36w\" sizes=\"(max-width: 159px) 100vw, 159px\" \/><\/a><\/td>\n<td style=\"text-align: center;\"><\/td>\n<\/tr>\n<tr class=\"text\">\n<td style=\"text-align: center;\"><a href=\"https:\/\/expotradegroup.com\/wp-content\/uploads\/2015\/09\/Expobanner_large_6m.pdf\" target=\"_blank\" rel=\"noopener noreferrer\">Grafikvorlage<\/a><\/td>\n<td style=\"text-align: center;\"><a href=\"https:\/\/expotradegroup.com\/wp-content\/uploads\/2015\/09\/Merkblatt-Datenaufbereitung.pdf\" target=\"_blank\" rel=\"noopener noreferrer\">Datenaufbereitung<\/a><\/td>\n<td style=\"text-align: center;\"><\/td>\n<\/tr>\n<\/tbody>\n<\/table>\n\n        <\/div>\n    <\/div>\n<\/section>\n\n<\/div><\/div>\n","protected":false},"excerpt":{"rendered":"","protected":false},"author":1,"featured_media":0,"parent":12416,"menu_order":3,"comment_status":"open","ping_status":"closed","template":"","meta":{"footnotes":""},"class_list":["post-12483","page","type-page","status-publish","hentry"],"yoast_head":"<!-- This site is optimized with the Yoast SEO plugin v23.2 - https:\/\/yoast.com\/wordpress\/plugins\/seo\/ -->\n<title>expobanner grand - cr\u00e9ez une attraction avec un nouveau mur design<\/title>\n<meta name=\"description\" content=\"expobanner grand est un nouveau affichage qui cr\u00e9e une attraction en raison de sa forme demi-ronde. Facile et utilisable en int\u00e9rieur comme en ext\u00e9rieur!\" \/>\n<meta name=\"robots\" content=\"index, follow, max-snippet:-1, max-image-preview:large, max-video-preview:-1\" \/>\n<link rel=\"canonical\" href=\"https:\/\/www.expotradegroup.com\/fr\/expobanner\/expobanner-grand\/\" \/>\n<meta property=\"og:locale\" content=\"fr_FR\" \/>\n<meta property=\"og:type\" content=\"article\" \/>\n<meta property=\"og:title\" content=\"expobanner grand - cr\u00e9ez une attraction avec un nouveau mur design\" \/>\n<meta property=\"og:description\" content=\"expobanner grand est un nouveau affichage qui cr\u00e9e une attraction en raison de sa forme demi-ronde. Facile et utilisable en int\u00e9rieur comme en ext\u00e9rieur!\" \/>\n<meta property=\"og:url\" content=\"https:\/\/www.expotradegroup.com\/fr\/expobanner\/expobanner-grand\/\" \/>\n<meta property=\"og:site_name\" content=\"Expotrade\" \/>\n<meta property=\"article:publisher\" content=\"https:\/\/www.facebook.com\/Expotrade-Group-Gmbh-Head-Office-501830963237226\/timeline\/\" \/>\n<meta property=\"article:modified_time\" content=\"2020-06-18T19:09:46+00:00\" \/>\n<meta property=\"og:image\" content=\"https:\/\/expotradegroup.com\/wp-content\/uploads\/2015\/08\/Expobanner_4-300x225.jpg\" \/>\n<meta name=\"twitter:card\" content=\"summary_large_image\" \/>\n<meta name=\"twitter:site\" content=\"@Expotrade_Group\" \/>\n<meta name=\"twitter:label1\" content=\"Dur\u00e9e de lecture estim\u00e9e\" \/>\n\t<meta name=\"twitter:data1\" content=\"4 minutes\" \/>\n<script type=\"application\/ld+json\" class=\"yoast-schema-graph\">{\"@context\":\"https:\/\/schema.org\",\"@graph\":[{\"@type\":\"WebPage\",\"@id\":\"https:\/\/www.expotradegroup.com\/fr\/expobanner\/expobanner-grand\/\",\"url\":\"https:\/\/www.expotradegroup.com\/fr\/expobanner\/expobanner-grand\/\",\"name\":\"expobanner grand - cr\u00e9ez une attraction avec un nouveau mur design\",\"isPartOf\":{\"@id\":\"https:\/\/www.expotradegroup.com\/fr\/#website\"},\"primaryImageOfPage\":{\"@id\":\"https:\/\/www.expotradegroup.com\/fr\/expobanner\/expobanner-grand\/#primaryimage\"},\"image\":{\"@id\":\"https:\/\/www.expotradegroup.com\/fr\/expobanner\/expobanner-grand\/#primaryimage\"},\"thumbnailUrl\":\"https:\/\/expotradegroup.com\/wp-content\/uploads\/2015\/08\/Expobanner_4-300x225.jpg\",\"datePublished\":\"2015-09-11T08:40:33+00:00\",\"dateModified\":\"2020-06-18T19:09:46+00:00\",\"description\":\"expobanner grand est un nouveau affichage qui cr\u00e9e une attraction en raison de sa forme demi-ronde. Facile et utilisable en int\u00e9rieur comme en ext\u00e9rieur!\",\"breadcrumb\":{\"@id\":\"https:\/\/www.expotradegroup.com\/fr\/expobanner\/expobanner-grand\/#breadcrumb\"},\"inLanguage\":\"fr-FR\",\"potentialAction\":[{\"@type\":\"ReadAction\",\"target\":[\"https:\/\/www.expotradegroup.com\/fr\/expobanner\/expobanner-grand\/\"]}]},{\"@type\":\"ImageObject\",\"inLanguage\":\"fr-FR\",\"@id\":\"https:\/\/www.expotradegroup.com\/fr\/expobanner\/expobanner-grand\/#primaryimage\",\"url\":\"https:\/\/expotradegroup.com\/wp-content\/uploads\/2015\/08\/Expobanner_4-300x225.jpg\",\"contentUrl\":\"https:\/\/expotradegroup.com\/wp-content\/uploads\/2015\/08\/Expobanner_4-300x225.jpg\"},{\"@type\":\"BreadcrumbList\",\"@id\":\"https:\/\/www.expotradegroup.com\/fr\/expobanner\/expobanner-grand\/#breadcrumb\",\"itemListElement\":[{\"@type\":\"ListItem\",\"position\":1,\"name\":\"Home\",\"item\":\"https:\/\/www.expotradegroup.com\/fr\/tentes-pliantes-table-pliantes-sacs-de-feves\/\"},{\"@type\":\"ListItem\",\"position\":2,\"name\":\"expobanner\",\"item\":\"https:\/\/www.expotradegroup.com\/fr\/expobanner\/\"},{\"@type\":\"ListItem\",\"position\":3,\"name\":\"expobanner grand\"}]},{\"@type\":\"WebSite\",\"@id\":\"https:\/\/www.expotradegroup.com\/fr\/#website\",\"url\":\"https:\/\/www.expotradegroup.com\/fr\/\",\"name\":\"Expotrade\",\"description\":\"Faltzelte, Falttische, Sitzs\u00e4cke und mobile ideas\",\"potentialAction\":[{\"@type\":\"SearchAction\",\"target\":{\"@type\":\"EntryPoint\",\"urlTemplate\":\"https:\/\/www.expotradegroup.com\/fr\/?s={search_term_string}\"},\"query-input\":\"required name=search_term_string\"}],\"inLanguage\":\"fr-FR\"}]}<\/script>\n<!-- \/ Yoast SEO plugin. -->","yoast_head_json":{"title":"expobanner grand - cr\u00e9ez une attraction avec un nouveau mur design","description":"expobanner grand est un nouveau affichage qui cr\u00e9e une attraction en raison de sa forme demi-ronde. Facile et utilisable en int\u00e9rieur comme en ext\u00e9rieur!","robots":{"index":"index","follow":"follow","max-snippet":"max-snippet:-1","max-image-preview":"max-image-preview:large","max-video-preview":"max-video-preview:-1"},"canonical":"https:\/\/www.expotradegroup.com\/fr\/expobanner\/expobanner-grand\/","og_locale":"fr_FR","og_type":"article","og_title":"expobanner grand - cr\u00e9ez une attraction avec un nouveau mur design","og_description":"expobanner grand est un nouveau affichage qui cr\u00e9e une attraction en raison de sa forme demi-ronde. Facile et utilisable en int\u00e9rieur comme en ext\u00e9rieur!","og_url":"https:\/\/www.expotradegroup.com\/fr\/expobanner\/expobanner-grand\/","og_site_name":"Expotrade","article_publisher":"https:\/\/www.facebook.com\/Expotrade-Group-Gmbh-Head-Office-501830963237226\/timeline\/","article_modified_time":"2020-06-18T19:09:46+00:00","og_image":[{"url":"https:\/\/expotradegroup.com\/wp-content\/uploads\/2015\/08\/Expobanner_4-300x225.jpg"}],"twitter_card":"summary_large_image","twitter_site":"@Expotrade_Group","twitter_misc":{"Dur\u00e9e de lecture estim\u00e9e":"4 minutes"},"schema":{"@context":"https:\/\/schema.org","@graph":[{"@type":"WebPage","@id":"https:\/\/www.expotradegroup.com\/fr\/expobanner\/expobanner-grand\/","url":"https:\/\/www.expotradegroup.com\/fr\/expobanner\/expobanner-grand\/","name":"expobanner grand - cr\u00e9ez une attraction avec un nouveau mur design","isPartOf":{"@id":"https:\/\/www.expotradegroup.com\/fr\/#website"},"primaryImageOfPage":{"@id":"https:\/\/www.expotradegroup.com\/fr\/expobanner\/expobanner-grand\/#primaryimage"},"image":{"@id":"https:\/\/www.expotradegroup.com\/fr\/expobanner\/expobanner-grand\/#primaryimage"},"thumbnailUrl":"https:\/\/expotradegroup.com\/wp-content\/uploads\/2015\/08\/Expobanner_4-300x225.jpg","datePublished":"2015-09-11T08:40:33+00:00","dateModified":"2020-06-18T19:09:46+00:00","description":"expobanner grand est un nouveau affichage qui cr\u00e9e une attraction en raison de sa forme demi-ronde. Facile et utilisable en int\u00e9rieur comme en ext\u00e9rieur!","breadcrumb":{"@id":"https:\/\/www.expotradegroup.com\/fr\/expobanner\/expobanner-grand\/#breadcrumb"},"inLanguage":"fr-FR","potentialAction":[{"@type":"ReadAction","target":["https:\/\/www.expotradegroup.com\/fr\/expobanner\/expobanner-grand\/"]}]},{"@type":"ImageObject","inLanguage":"fr-FR","@id":"https:\/\/www.expotradegroup.com\/fr\/expobanner\/expobanner-grand\/#primaryimage","url":"https:\/\/expotradegroup.com\/wp-content\/uploads\/2015\/08\/Expobanner_4-300x225.jpg","contentUrl":"https:\/\/expotradegroup.com\/wp-content\/uploads\/2015\/08\/Expobanner_4-300x225.jpg"},{"@type":"BreadcrumbList","@id":"https:\/\/www.expotradegroup.com\/fr\/expobanner\/expobanner-grand\/#breadcrumb","itemListElement":[{"@type":"ListItem","position":1,"name":"Home","item":"https:\/\/www.expotradegroup.com\/fr\/tentes-pliantes-table-pliantes-sacs-de-feves\/"},{"@type":"ListItem","position":2,"name":"expobanner","item":"https:\/\/www.expotradegroup.com\/fr\/expobanner\/"},{"@type":"ListItem","position":3,"name":"expobanner grand"}]},{"@type":"WebSite","@id":"https:\/\/www.expotradegroup.com\/fr\/#website","url":"https:\/\/www.expotradegroup.com\/fr\/","name":"Expotrade","description":"Faltzelte, Falttische, Sitzs\u00e4cke und mobile ideas","potentialAction":[{"@type":"SearchAction","target":{"@type":"EntryPoint","urlTemplate":"https:\/\/www.expotradegroup.com\/fr\/?s={search_term_string}"},"query-input":"required name=search_term_string"}],"inLanguage":"fr-FR"}]}},"_links":{"self":[{"href":"https:\/\/www.expotradegroup.com\/fr\/wp-json\/wp\/v2\/pages\/12483"}],"collection":[{"href":"https:\/\/www.expotradegroup.com\/fr\/wp-json\/wp\/v2\/pages"}],"about":[{"href":"https:\/\/www.expotradegroup.com\/fr\/wp-json\/wp\/v2\/types\/page"}],"author":[{"embeddable":true,"href":"https:\/\/www.expotradegroup.com\/fr\/wp-json\/wp\/v2\/users\/1"}],"replies":[{"embeddable":true,"href":"https:\/\/www.expotradegroup.com\/fr\/wp-json\/wp\/v2\/comments?post=12483"}],"version-history":[{"count":6,"href":"https:\/\/www.expotradegroup.com\/fr\/wp-json\/wp\/v2\/pages\/12483\/revisions"}],"predecessor-version":[{"id":24730,"href":"https:\/\/www.expotradegroup.com\/fr\/wp-json\/wp\/v2\/pages\/12483\/revisions\/24730"}],"up":[{"embeddable":true,"href":"https:\/\/www.expotradegroup.com\/fr\/wp-json\/wp\/v2\/pages\/12416"}],"wp:attachment":[{"href":"https:\/\/www.expotradegroup.com\/fr\/wp-json\/wp\/v2\/media?parent=12483"}],"curies":[{"name":"wp","href":"https:\/\/api.w.org\/{rel}","templated":true}]}}