{"id":12523,"date":"2015-09-28T11:01:59","date_gmt":"2015-09-28T09:01:59","guid":{"rendered":"http:\/\/www.expotradegroup.com\/fr\/exporack-servicetable-complete-cover\/"},"modified":"2020-06-15T20:35:09","modified_gmt":"2020-06-15T18:35:09","slug":"housse-complete-etabli-exporack","status":"publish","type":"page","link":"https:\/\/www.expotradegroup.com\/fr\/housse-complete-etabli-exporack\/","title":{"rendered":"housse compl\u00e8te table pliable"},"content":{"rendered":"<div class=\"flex_column av_one_full  flex_column_div av-zero-column-padding first  \" style='border-radius:0px; '><\/div>\n<div class=\"flex_column av_one_full  flex_column_div av-zero-column-padding first  \" style='border-radius:0px; '><div style='padding-bottom:10px; ' class='av-special-heading av-special-heading-h1    '><h1 class='av-special-heading-tag '  itemprop=\"headline\"  >table pliante housse compl\u00e8te<\/h1><div class='special-heading-border'><div class='special-heading-inner-border' ><\/div><\/div><\/div><\/div><section class=\"av_textblock_section \"  itemscope=\"itemscope\" itemtype=\"https:\/\/schema.org\/CreativeWork\" ><div class='avia_textblock  '   itemprop=\"text\" ><p>Afin d&rsquo;utiliser l&rsquo;\u00e9tabli exporack \u00e9galement comme un outil publicitaire, vous pourrez utiliser une housse int\u00e9gralement imprimable (m\u00eame le plateau). Gr\u00e2ce \u00e0 cette housse facilement interchangeable, vous pourrez mettre en avant tel ou tel produit, logo ou sponsor en fonction des occasions. Une table et plusieurs housses vous permettront d&rsquo;\u00eatre extr\u00eamement flexible.Cette housse int\u00e8gre une fermeture \u00e9clair sur sa partie arri\u00e8re qu vous permettra de cacher sous la table vos brochures ou autres. Le mat\u00e9riau \u00e9tanche permet \u00e9galement une utilisation outdoor. Il est \u00e9galement retardant au feu (Certificat B1) agr\u00e9\u00e9 pour une utilisation indoor. Le plateau est caoutchout\u00e9.<\/p>\n<\/div><\/section><\/p>\n<div class=\"flex_column av_two_fifth  flex_column_div av-zero-column-padding first  \" style='border-radius:0px; '><p><div class='avia-image-container  av-styling-    avia-align-center '  itemprop=\"ImageObject\" itemscope=\"itemscope\" itemtype=\"https:\/\/schema.org\/ImageObject\"  ><div class='avia-image-container-inner'><div class='avia-image-overlay-wrap'><img class='avia_image ' src='https:\/\/www.expotradegroup.com\/wp-content\/uploads\/2015\/10\/husse.png' alt='expotable couverture pliable' title='expotable couverture pliable' height=\"150\"width=\"249\"  itemprop=\"thumbnailUrl\"  \/><\/div><\/div><\/div><br \/>\n<section class=\"av_textblock_section \"  itemscope=\"itemscope\" itemtype=\"https:\/\/schema.org\/CreativeWork\" ><div class='avia_textblock  '   itemprop=\"text\" ><h5 style=\"text-align: center;\"><span style=\"color: #000000;\">housse compl\u00e8te \u00e9tabli servicetable<br \/>\n<\/span><\/h5>\n<h3 style=\"text-align: center;\"><span style=\"color: #000000;\">attention:<\/span><\/h3>\n<h3 style=\"text-align: center;\"><span lang=\"fr\">la table de service a une plaque en caoutchouc<\/span><span style=\"color: #000000;\">!<\/span><\/h3>\n<\/div><\/section><\/p><\/div>\n","protected":false},"excerpt":{"rendered":"","protected":false},"author":1,"featured_media":0,"parent":0,"menu_order":0,"comment_status":"open","ping_status":"closed","template":"","meta":{"footnotes":""},"class_list":["post-12523","page","type-page","status-publish","hentry"],"yoast_head":"<!-- This site is optimized with the Yoast SEO plugin v23.2 - https:\/\/yoast.com\/wordpress\/plugins\/seo\/ -->\n<title>housse compl\u00e8te table pliable de service Exporack<\/title>\n<meta name=\"description\" content=\"Housse compl\u00e8te table pliable de service exporack est pos\u00e9 sur la table. Couvrant toute la table. la table de service a une plaque gomm\u00e9e comme \u00e9tabli\" \/>\n<meta name=\"robots\" content=\"index, follow, max-snippet:-1, max-image-preview:large, max-video-preview:-1\" \/>\n<link rel=\"canonical\" href=\"https:\/\/www.expotradegroup.com\/fr\/housse-complete-etabli-exporack\/\" \/>\n<meta property=\"og:locale\" content=\"fr_FR\" \/>\n<meta property=\"og:type\" content=\"article\" \/>\n<meta property=\"og:title\" content=\"housse compl\u00e8te table pliable de service Exporack\" \/>\n<meta property=\"og:description\" content=\"Housse compl\u00e8te table pliable de service exporack est pos\u00e9 sur la table. Couvrant toute la table. la table de service a une plaque gomm\u00e9e comme \u00e9tabli\" \/>\n<meta property=\"og:url\" content=\"https:\/\/www.expotradegroup.com\/fr\/housse-complete-etabli-exporack\/\" \/>\n<meta property=\"og:site_name\" content=\"Expotrade\" \/>\n<meta property=\"article:publisher\" content=\"https:\/\/www.facebook.com\/Expotrade-Group-Gmbh-Head-Office-501830963237226\/timeline\/\" \/>\n<meta property=\"article:modified_time\" content=\"2020-06-15T18:35:09+00:00\" \/>\n<meta name=\"twitter:card\" content=\"summary_large_image\" \/>\n<meta name=\"twitter:site\" content=\"@Expotrade_Group\" \/>\n<meta name=\"twitter:label1\" content=\"Dur\u00e9e de lecture estim\u00e9e\" \/>\n\t<meta name=\"twitter:data1\" content=\"2 minutes\" \/>\n<script type=\"application\/ld+json\" class=\"yoast-schema-graph\">{\"@context\":\"https:\/\/schema.org\",\"@graph\":[{\"@type\":\"WebPage\",\"@id\":\"https:\/\/www.expotradegroup.com\/fr\/housse-complete-etabli-exporack\/\",\"url\":\"https:\/\/www.expotradegroup.com\/fr\/housse-complete-etabli-exporack\/\",\"name\":\"housse compl\u00e8te table pliable de service Exporack\",\"isPartOf\":{\"@id\":\"https:\/\/www.expotradegroup.com\/fr\/#website\"},\"datePublished\":\"2015-09-28T09:01:59+00:00\",\"dateModified\":\"2020-06-15T18:35:09+00:00\",\"description\":\"Housse compl\u00e8te table pliable de service exporack est pos\u00e9 sur la table. Couvrant toute la table. la table de service a une plaque gomm\u00e9e comme \u00e9tabli\",\"breadcrumb\":{\"@id\":\"https:\/\/www.expotradegroup.com\/fr\/housse-complete-etabli-exporack\/#breadcrumb\"},\"inLanguage\":\"fr-FR\",\"potentialAction\":[{\"@type\":\"ReadAction\",\"target\":[\"https:\/\/www.expotradegroup.com\/fr\/housse-complete-etabli-exporack\/\"]}]},{\"@type\":\"BreadcrumbList\",\"@id\":\"https:\/\/www.expotradegroup.com\/fr\/housse-complete-etabli-exporack\/#breadcrumb\",\"itemListElement\":[{\"@type\":\"ListItem\",\"position\":1,\"name\":\"Home\",\"item\":\"https:\/\/www.expotradegroup.com\/fr\/tentes-pliantes-table-pliantes-sacs-de-feves\/\"},{\"@type\":\"ListItem\",\"position\":2,\"name\":\"housse compl\u00e8te table pliable\"}]},{\"@type\":\"WebSite\",\"@id\":\"https:\/\/www.expotradegroup.com\/fr\/#website\",\"url\":\"https:\/\/www.expotradegroup.com\/fr\/\",\"name\":\"Expotrade\",\"description\":\"Faltzelte, Falttische, Sitzs\u00e4cke und mobile ideas\",\"potentialAction\":[{\"@type\":\"SearchAction\",\"target\":{\"@type\":\"EntryPoint\",\"urlTemplate\":\"https:\/\/www.expotradegroup.com\/fr\/?s={search_term_string}\"},\"query-input\":\"required name=search_term_string\"}],\"inLanguage\":\"fr-FR\"}]}<\/script>\n<!-- \/ Yoast SEO plugin. -->","yoast_head_json":{"title":"housse compl\u00e8te table pliable de service Exporack","description":"Housse compl\u00e8te table pliable de service exporack est pos\u00e9 sur la table. Couvrant toute la table. la table de service a une plaque gomm\u00e9e comme \u00e9tabli","robots":{"index":"index","follow":"follow","max-snippet":"max-snippet:-1","max-image-preview":"max-image-preview:large","max-video-preview":"max-video-preview:-1"},"canonical":"https:\/\/www.expotradegroup.com\/fr\/housse-complete-etabli-exporack\/","og_locale":"fr_FR","og_type":"article","og_title":"housse compl\u00e8te table pliable de service Exporack","og_description":"Housse compl\u00e8te table pliable de service exporack est pos\u00e9 sur la table. Couvrant toute la table. la table de service a une plaque gomm\u00e9e comme \u00e9tabli","og_url":"https:\/\/www.expotradegroup.com\/fr\/housse-complete-etabli-exporack\/","og_site_name":"Expotrade","article_publisher":"https:\/\/www.facebook.com\/Expotrade-Group-Gmbh-Head-Office-501830963237226\/timeline\/","article_modified_time":"2020-06-15T18:35:09+00:00","twitter_card":"summary_large_image","twitter_site":"@Expotrade_Group","twitter_misc":{"Dur\u00e9e de lecture estim\u00e9e":"2 minutes"},"schema":{"@context":"https:\/\/schema.org","@graph":[{"@type":"WebPage","@id":"https:\/\/www.expotradegroup.com\/fr\/housse-complete-etabli-exporack\/","url":"https:\/\/www.expotradegroup.com\/fr\/housse-complete-etabli-exporack\/","name":"housse compl\u00e8te table pliable de service Exporack","isPartOf":{"@id":"https:\/\/www.expotradegroup.com\/fr\/#website"},"datePublished":"2015-09-28T09:01:59+00:00","dateModified":"2020-06-15T18:35:09+00:00","description":"Housse compl\u00e8te table pliable de service exporack est pos\u00e9 sur la table. Couvrant toute la table. la table de service a une plaque gomm\u00e9e comme \u00e9tabli","breadcrumb":{"@id":"https:\/\/www.expotradegroup.com\/fr\/housse-complete-etabli-exporack\/#breadcrumb"},"inLanguage":"fr-FR","potentialAction":[{"@type":"ReadAction","target":["https:\/\/www.expotradegroup.com\/fr\/housse-complete-etabli-exporack\/"]}]},{"@type":"BreadcrumbList","@id":"https:\/\/www.expotradegroup.com\/fr\/housse-complete-etabli-exporack\/#breadcrumb","itemListElement":[{"@type":"ListItem","position":1,"name":"Home","item":"https:\/\/www.expotradegroup.com\/fr\/tentes-pliantes-table-pliantes-sacs-de-feves\/"},{"@type":"ListItem","position":2,"name":"housse compl\u00e8te table pliable"}]},{"@type":"WebSite","@id":"https:\/\/www.expotradegroup.com\/fr\/#website","url":"https:\/\/www.expotradegroup.com\/fr\/","name":"Expotrade","description":"Faltzelte, Falttische, Sitzs\u00e4cke und mobile ideas","potentialAction":[{"@type":"SearchAction","target":{"@type":"EntryPoint","urlTemplate":"https:\/\/www.expotradegroup.com\/fr\/?s={search_term_string}"},"query-input":"required name=search_term_string"}],"inLanguage":"fr-FR"}]}},"_links":{"self":[{"href":"https:\/\/www.expotradegroup.com\/fr\/wp-json\/wp\/v2\/pages\/12523"}],"collection":[{"href":"https:\/\/www.expotradegroup.com\/fr\/wp-json\/wp\/v2\/pages"}],"about":[{"href":"https:\/\/www.expotradegroup.com\/fr\/wp-json\/wp\/v2\/types\/page"}],"author":[{"embeddable":true,"href":"https:\/\/www.expotradegroup.com\/fr\/wp-json\/wp\/v2\/users\/1"}],"replies":[{"embeddable":true,"href":"https:\/\/www.expotradegroup.com\/fr\/wp-json\/wp\/v2\/comments?post=12523"}],"version-history":[{"count":7,"href":"https:\/\/www.expotradegroup.com\/fr\/wp-json\/wp\/v2\/pages\/12523\/revisions"}],"predecessor-version":[{"id":22956,"href":"https:\/\/www.expotradegroup.com\/fr\/wp-json\/wp\/v2\/pages\/12523\/revisions\/22956"}],"wp:attachment":[{"href":"https:\/\/www.expotradegroup.com\/fr\/wp-json\/wp\/v2\/media?parent=12523"}],"curies":[{"name":"wp","href":"https:\/\/api.w.org\/{rel}","templated":true}]}}