{"id":12564,"date":"2015-09-11T08:46:58","date_gmt":"2015-09-11T06:46:58","guid":{"rendered":"http:\/\/www.expotradegroup.com\/fr\/expobartable\/expobarchair\/"},"modified":"2021-02-10T09:38:20","modified_gmt":"2021-02-10T08:38:20","slug":"expobartable-pliante","status":"publish","type":"page","link":"https:\/\/www.expotradegroup.com\/fr\/expobartable-table-de-bar\/expobartable-pliante\/","title":{"rendered":"expobartable PLIANTE"},"content":{"rendered":"<div class=\"flex_column av_two_third  flex_column_div av-zero-column-padding first  \" style='border-radius:0px; '><div style='padding-bottom:10px; ' class='av-special-heading av-special-heading-h1    '><h1 class='av-special-heading-tag '  itemprop=\"headline\"  >expobartable table de bar pliante<\/h1><div class='special-heading-border'><div class='special-heading-inner-border' ><\/div><\/div><\/div><\/div>\n<div class=\"flex_column av_one_fourth  flex_column_div av-zero-column-padding   \" style='border-radius:0px; '><div class='avia-image-container  av-styling-    avia-align-center '  itemprop=\"ImageObject\" itemscope=\"itemscope\" itemtype=\"https:\/\/schema.org\/ImageObject\"  ><div class='avia-image-container-inner'><div class='avia-image-overlay-wrap'><img class='avia_image ' src='https:\/\/www.expotradegroup.com\/wp-content\/uploads\/2015\/08\/expobartable_by_expotrade_logo.png' alt='expobartable' title='expobartable' height=\"97\"width=\"440\"  itemprop=\"thumbnailUrl\"  \/><\/div><\/div><\/div><\/div>\n<div class=\"flex_column av_one_full  flex_column_div av-zero-column-padding first  \" style='border-radius:0px; '><section class=\"av_textblock_section \"  itemscope=\"itemscope\" itemtype=\"https:\/\/schema.org\/CreativeWork\" ><div class='avia_textblock  '   itemprop=\"text\" ><p><strong>expobartabe table de bar pliante<\/strong> &#8211; est tr\u00e8s facile \u00e0 transporter, avec un encombrement r\u00e9duit. Le dossier imprimable deviendra un outil publicitaire important. C<span lang=\"fr\">e bartable PLIABLE est l&rsquo;outil parfait lorsque le multi-marquage et le petit emballage sont un probl\u00e8me. En raison de la paroi lat\u00e9rale imprimable individuelle, cette bartable peut \u00eatre utilis\u00e9e pour diff\u00e9rentes marques ou sponsors. En raison de la construction pliable (comme nos tentes pliantes expotentes), ce bartable peut \u00eatre emball\u00e9 en tr\u00e8s petit volume. Il est livr\u00e9 avec un sac de transport pratique qui peut \u00eatre rang\u00e9 \u00e0 l&rsquo;int\u00e9rieur de la table pendant l&rsquo;\u00e9v\u00e9nement et qui est imm\u00e9diatement pr\u00eat \u00e0 \u00eatre emball\u00e9 apr\u00e8s l&rsquo;\u00e9v\u00e9nement.<\/span><\/p>\n<\/div><\/section><\/div><div class=\"flex_column av_one_full  flex_column_div av-zero-column-padding first  \" style='border-radius:0px; '><div class='av-horizontal-gallery av-horizontal-gallery-large-gap av-horizontal-gallery-enlarge-effect av-horizontal-gallery-1  av-control-default '  itemprop=\"ImageObject\" itemscope=\"itemscope\" itemtype=\"https:\/\/schema.org\/ImageObject\"  style='padding: 3.75% 0px;' data-av-enlarge='1.3'  ><div class='avia-slideshow-arrows avia-slideshow-controls'><a href='#prev' class='prev-slide av-horizontal-gallery-prev' aria-hidden='true' data-av_icon='\ue87c' data-av_iconfont='entypo-fontello'>Pr\u00e9c\u00e9dent<\/a><a href='#next' class='next-slide av-horizontal-gallery-next' aria-hidden='true' data-av_icon='\ue87d' data-av_iconfont='entypo-fontello'>Suivant<\/a><\/div><div class='av-horizontal-gallery-inner' style='padding-bottom:25%' data-av-height='25'><div class='av-horizontal-gallery-slider'><div class='av-horizontal-gallery-wrap noHover'><img class='av-horizontal-gallery-img' width='800' height='600' src='https:\/\/www.expotradegroup.com\/wp-content\/uploads\/2021\/01\/expobartable_K19.jpg' title='expobartable bartable pliante' alt='expobartable bartable pliante' \/><a href='https:\/\/www.expotradegroup.com\/wp-content\/uploads\/2021\/01\/expobartable_K19.jpg'  class='av-horizontal-gallery-link' aria-hidden='true' data-av_icon='\ue869' data-av_iconfont='entypo-fontello' title='expobartable bartable pliante'><\/a><\/div><div class='av-horizontal-gallery-wrap noHover'><img class='av-horizontal-gallery-img' width='800' height='600' src='https:\/\/www.expotradegroup.com\/wp-content\/uploads\/2020\/09\/HP_6x4m_1.gif' title='HP Racing Expotent 6x4m' alt='HP Racing Expotent 6x4m' \/><a href='https:\/\/www.expotradegroup.com\/wp-content\/uploads\/2020\/09\/HP_6x4m_1.gif'  class='av-horizontal-gallery-link' aria-hidden='true' data-av_icon='\ue869' data-av_iconfont='entypo-fontello' title='HP Racing Expotent 6x4m'><\/a><\/div><div class='av-horizontal-gallery-wrap noHover'><img class='av-horizontal-gallery-img' width='400' height='499' src='https:\/\/www.expotradegroup.com\/wp-content\/uploads\/2020\/10\/FFF_Racing_expobartable-2.gif' title='table de bar pliante' alt='table de bar pliante' \/><a href='https:\/\/www.expotradegroup.com\/wp-content\/uploads\/2020\/10\/FFF_Racing_expobartable-2.gif'  class='av-horizontal-gallery-link' aria-hidden='true' data-av_icon='\ue869' data-av_iconfont='entypo-fontello' title='table de bar pliante'><\/a><\/div><div class='av-horizontal-gallery-wrap noHover'><img class='av-horizontal-gallery-img' width='400' height='604' src='https:\/\/www.expotradegroup.com\/wp-content\/uploads\/2020\/07\/Stehtisch-faltbar-mit-Schirm.gif' title='table de bar pliable' alt='table de bar pliable' \/><a href='https:\/\/www.expotradegroup.com\/wp-content\/uploads\/2020\/07\/Stehtisch-faltbar-mit-Schirm.gif'  class='av-horizontal-gallery-link' aria-hidden='true' data-av_icon='\ue869' data-av_iconfont='entypo-fontello' title='table de bar pliable'><\/a><\/div><div class='av-horizontal-gallery-wrap noHover'><img class='av-horizontal-gallery-img' width='300' height='392' src='https:\/\/www.expotradegroup.com\/wp-content\/uploads\/2020\/06\/expobartable_VAUDE.gif' title='expobartable_VAUDE' alt='foldable expobartable VAUDE' \/><a href='https:\/\/www.expotradegroup.com\/wp-content\/uploads\/2020\/06\/expobartable_VAUDE.gif'  class='av-horizontal-gallery-link' aria-hidden='true' data-av_icon='\ue869' data-av_iconfont='entypo-fontello' title='expobartable_VAUDE'><\/a><\/div><div class='av-horizontal-gallery-wrap noHover'><img class='av-horizontal-gallery-img' width='300' height='453' src='https:\/\/www.expotradegroup.com\/wp-content\/uploads\/2020\/07\/expobartable1-1.gif' title='table de bar pliable' alt='table de bar pliable' \/><a href='https:\/\/www.expotradegroup.com\/wp-content\/uploads\/2020\/07\/expobartable1-1.gif'  class='av-horizontal-gallery-link' aria-hidden='true' data-av_icon='\ue869' data-av_iconfont='entypo-fontello' title='table de bar pliable'><\/a><\/div><\/div><\/div><\/div><\/div><\/p>\n<div class=\"flex_column av_one_full  flex_column_div av-zero-column-padding first  \" style='border-radius:0px; '><p><section class=\"av_textblock_section \"  itemscope=\"itemscope\" itemtype=\"https:\/\/schema.org\/CreativeWork\" ><div class='avia_textblock  '   itemprop=\"text\" ><p><strong>table de bar pliante ALU et ACIER avec PVC-assiete<br \/>\n<\/strong><\/p>\n<\/div><\/section><br \/>\n<div class='av-horizontal-gallery av-horizontal-gallery-large-gap av-horizontal-gallery-enlarge-effect av-horizontal-gallery-2  av-control-default '  itemprop=\"ImageObject\" itemscope=\"itemscope\" itemtype=\"https:\/\/schema.org\/ImageObject\"  style='padding: 3.75% 0px;' data-av-enlarge='1.3'  ><div class='avia-slideshow-arrows avia-slideshow-controls'><a href='#prev' class='prev-slide av-horizontal-gallery-prev' aria-hidden='true' data-av_icon='\ue87c' data-av_iconfont='entypo-fontello'>Pr\u00e9c\u00e9dent<\/a><a href='#next' class='next-slide av-horizontal-gallery-next' aria-hidden='true' data-av_icon='\ue87d' data-av_iconfont='entypo-fontello'>Suivant<\/a><\/div><div class='av-horizontal-gallery-inner' style='padding-bottom:25%' data-av-height='25'><div class='av-horizontal-gallery-slider'><div class='av-horizontal-gallery-wrap noHover'><img class='av-horizontal-gallery-img' width='271' height='200' src='https:\/\/www.expotradegroup.com\/wp-content\/uploads\/2020\/08\/Stehtisch_faltbar_Produktvorlage.gif' title='table de bar pliante' alt='table de bar pliante' \/><a href='https:\/\/www.expotradegroup.com\/wp-content\/uploads\/2020\/08\/Stehtisch_faltbar_Produktvorlage.gif'  class='av-horizontal-gallery-link' aria-hidden='true' data-av_icon='\ue869' data-av_iconfont='entypo-fontello' title='table de bar pliante'><\/a><\/div><div class='av-horizontal-gallery-wrap noHover'><img class='av-horizontal-gallery-img' width='400' height='604' src='https:\/\/www.expotradegroup.com\/wp-content\/uploads\/2020\/07\/Stehtisch-faltbar-expobartable1.gif' title='table de bar pliable' alt='table de bar pliable' \/><a href='https:\/\/www.expotradegroup.com\/wp-content\/uploads\/2020\/07\/Stehtisch-faltbar-expobartable1.gif'  class='av-horizontal-gallery-link' aria-hidden='true' data-av_icon='\ue869' data-av_iconfont='entypo-fontello' title='table de bar pliable'><\/a><\/div><div class='av-horizontal-gallery-wrap noHover'><img class='av-horizontal-gallery-img' width='400' height='265' src='https:\/\/www.expotradegroup.com\/wp-content\/uploads\/2020\/07\/Stehtisch-faltbar-Alu-Platte.gif' title='table de bar pliable' alt='table de bar pliable' \/><a href='https:\/\/www.expotradegroup.com\/wp-content\/uploads\/2020\/07\/Stehtisch-faltbar-Alu-Platte.gif'  class='av-horizontal-gallery-link' aria-hidden='true' data-av_icon='\ue869' data-av_iconfont='entypo-fontello' title='table de bar pliable'><\/a><\/div><div class='av-horizontal-gallery-wrap noHover'><img class='av-horizontal-gallery-img' width='600' height='397' src='https:\/\/www.expotradegroup.com\/wp-content\/uploads\/2020\/07\/expotable-steel-PVC-Platte.gif' title='table de bar pliable' alt='table de bar pliable' \/><a href='https:\/\/www.expotradegroup.com\/wp-content\/uploads\/2020\/07\/expotable-steel-PVC-Platte.gif'  class='av-horizontal-gallery-link' aria-hidden='true' data-av_icon='\ue869' data-av_iconfont='entypo-fontello' title='table de bar pliable'><\/a><\/div><div class='av-horizontal-gallery-wrap noHover'><img class='av-horizontal-gallery-img' width='400' height='265' src='https:\/\/www.expotradegroup.com\/wp-content\/uploads\/2020\/07\/Stehtisch-faltbar-expobartable.gif' title='table de bar pliable' alt='table de bar pliable' \/><a href='https:\/\/www.expotradegroup.com\/wp-content\/uploads\/2020\/07\/Stehtisch-faltbar-expobartable.gif'  class='av-horizontal-gallery-link' aria-hidden='true' data-av_icon='\ue869' data-av_iconfont='entypo-fontello' title='table de bar pliable'><\/a><\/div><div class='av-horizontal-gallery-wrap noHover'><img class='av-horizontal-gallery-img' width='380' height='252' src='https:\/\/www.expotradegroup.com\/wp-content\/uploads\/2020\/06\/expobartable-Verriegelung.gif' title='expobartable-Verriegelung' alt='expobartable Verriegelung' \/><a href='https:\/\/www.expotradegroup.com\/wp-content\/uploads\/2020\/06\/expobartable-Verriegelung.gif'  class='av-horizontal-gallery-link' aria-hidden='true' data-av_icon='\ue869' data-av_iconfont='entypo-fontello' title='expobartable-Verriegelung'><\/a><\/div><div class='av-horizontal-gallery-wrap noHover'><img class='av-horizontal-gallery-img' width='400' height='265' src='https:\/\/www.expotradegroup.com\/wp-content\/uploads\/2020\/06\/expobartable_frame_1.gif' title='expobartable_frame_1' alt='expobartable PVC-Platten' \/><a href='https:\/\/www.expotradegroup.com\/wp-content\/uploads\/2020\/06\/expobartable_frame_1.gif'  class='av-horizontal-gallery-link' aria-hidden='true' data-av_icon='\ue869' data-av_iconfont='entypo-fontello' title='expobartable_frame_1'><\/a><\/div><\/div><\/div><\/div><\/p><\/div>\n<div  class='hr hr-default  '><span class='hr-inner ' ><span class='hr-inner-style'><\/span><\/span><\/div>\n","protected":false},"excerpt":{"rendered":"","protected":false},"author":1,"featured_media":0,"parent":12417,"menu_order":0,"comment_status":"open","ping_status":"open","template":"","meta":{"footnotes":""},"class_list":["post-12564","page","type-page","status-publish","hentry"],"yoast_head":"<!-- This site is optimized with the Yoast SEO plugin v23.2 - https:\/\/yoast.com\/wordpress\/plugins\/seo\/ -->\n<title>expobartable table de bar PLIANTE - une parfait outil multi branding<\/title>\n<meta name=\"description\" content=\"expobartable table de bar pliante | tr\u00e8s facile \u00e0 transporter, avec un encombrement r\u00e9duit. Le dossier imprimable deviendra un outil publicitaire important\" \/>\n<meta name=\"robots\" content=\"index, follow, max-snippet:-1, max-image-preview:large, max-video-preview:-1\" \/>\n<link rel=\"canonical\" href=\"https:\/\/www.expotradegroup.com\/fr\/expobartable-table-de-bar\/expobartable-pliante\/\" \/>\n<meta property=\"og:locale\" content=\"fr_FR\" \/>\n<meta property=\"og:type\" content=\"article\" \/>\n<meta property=\"og:title\" content=\"expobartable table de bar PLIANTE - une parfait outil multi branding\" \/>\n<meta property=\"og:description\" content=\"expobartable table de bar pliante | tr\u00e8s facile \u00e0 transporter, avec un encombrement r\u00e9duit. Le dossier imprimable deviendra un outil publicitaire important\" \/>\n<meta property=\"og:url\" content=\"https:\/\/www.expotradegroup.com\/fr\/expobartable-table-de-bar\/expobartable-pliante\/\" \/>\n<meta property=\"og:site_name\" content=\"Expotrade\" \/>\n<meta property=\"article:publisher\" content=\"https:\/\/www.facebook.com\/Expotrade-Group-Gmbh-Head-Office-501830963237226\/timeline\/\" \/>\n<meta property=\"article:modified_time\" content=\"2021-02-10T08:38:20+00:00\" \/>\n<meta name=\"twitter:card\" content=\"summary_large_image\" \/>\n<meta name=\"twitter:site\" content=\"@Expotrade_Group\" \/>\n<meta name=\"twitter:label1\" content=\"Dur\u00e9e de lecture estim\u00e9e\" \/>\n\t<meta name=\"twitter:data1\" content=\"4 minutes\" \/>\n<script type=\"application\/ld+json\" class=\"yoast-schema-graph\">{\"@context\":\"https:\/\/schema.org\",\"@graph\":[{\"@type\":\"WebPage\",\"@id\":\"https:\/\/www.expotradegroup.com\/fr\/expobartable-table-de-bar\/expobartable-pliante\/\",\"url\":\"https:\/\/www.expotradegroup.com\/fr\/expobartable-table-de-bar\/expobartable-pliante\/\",\"name\":\"expobartable table de bar PLIANTE - une parfait outil multi branding\",\"isPartOf\":{\"@id\":\"https:\/\/www.expotradegroup.com\/fr\/#website\"},\"datePublished\":\"2015-09-11T06:46:58+00:00\",\"dateModified\":\"2021-02-10T08:38:20+00:00\",\"description\":\"expobartable table de bar pliante | tr\u00e8s facile \u00e0 transporter, avec un encombrement r\u00e9duit. Le dossier imprimable deviendra un outil publicitaire important\",\"breadcrumb\":{\"@id\":\"https:\/\/www.expotradegroup.com\/fr\/expobartable-table-de-bar\/expobartable-pliante\/#breadcrumb\"},\"inLanguage\":\"fr-FR\",\"potentialAction\":[{\"@type\":\"ReadAction\",\"target\":[\"https:\/\/www.expotradegroup.com\/fr\/expobartable-table-de-bar\/expobartable-pliante\/\"]}]},{\"@type\":\"BreadcrumbList\",\"@id\":\"https:\/\/www.expotradegroup.com\/fr\/expobartable-table-de-bar\/expobartable-pliante\/#breadcrumb\",\"itemListElement\":[{\"@type\":\"ListItem\",\"position\":1,\"name\":\"Home\",\"item\":\"https:\/\/www.expotradegroup.com\/fr\/tentes-pliantes-table-pliantes-sacs-de-feves\/\"},{\"@type\":\"ListItem\",\"position\":2,\"name\":\"expobartable\",\"item\":\"https:\/\/www.expotradegroup.com\/fr\/expobartable-table-de-bar\/\"},{\"@type\":\"ListItem\",\"position\":3,\"name\":\"expobartable PLIANTE\"}]},{\"@type\":\"WebSite\",\"@id\":\"https:\/\/www.expotradegroup.com\/fr\/#website\",\"url\":\"https:\/\/www.expotradegroup.com\/fr\/\",\"name\":\"Expotrade\",\"description\":\"Faltzelte, Falttische, Sitzs\u00e4cke und mobile ideas\",\"potentialAction\":[{\"@type\":\"SearchAction\",\"target\":{\"@type\":\"EntryPoint\",\"urlTemplate\":\"https:\/\/www.expotradegroup.com\/fr\/?s={search_term_string}\"},\"query-input\":\"required name=search_term_string\"}],\"inLanguage\":\"fr-FR\"}]}<\/script>\n<!-- \/ Yoast SEO plugin. -->","yoast_head_json":{"title":"expobartable table de bar PLIANTE - une parfait outil multi branding","description":"expobartable table de bar pliante | tr\u00e8s facile \u00e0 transporter, avec un encombrement r\u00e9duit. Le dossier imprimable deviendra un outil publicitaire important","robots":{"index":"index","follow":"follow","max-snippet":"max-snippet:-1","max-image-preview":"max-image-preview:large","max-video-preview":"max-video-preview:-1"},"canonical":"https:\/\/www.expotradegroup.com\/fr\/expobartable-table-de-bar\/expobartable-pliante\/","og_locale":"fr_FR","og_type":"article","og_title":"expobartable table de bar PLIANTE - une parfait outil multi branding","og_description":"expobartable table de bar pliante | tr\u00e8s facile \u00e0 transporter, avec un encombrement r\u00e9duit. Le dossier imprimable deviendra un outil publicitaire important","og_url":"https:\/\/www.expotradegroup.com\/fr\/expobartable-table-de-bar\/expobartable-pliante\/","og_site_name":"Expotrade","article_publisher":"https:\/\/www.facebook.com\/Expotrade-Group-Gmbh-Head-Office-501830963237226\/timeline\/","article_modified_time":"2021-02-10T08:38:20+00:00","twitter_card":"summary_large_image","twitter_site":"@Expotrade_Group","twitter_misc":{"Dur\u00e9e de lecture estim\u00e9e":"4 minutes"},"schema":{"@context":"https:\/\/schema.org","@graph":[{"@type":"WebPage","@id":"https:\/\/www.expotradegroup.com\/fr\/expobartable-table-de-bar\/expobartable-pliante\/","url":"https:\/\/www.expotradegroup.com\/fr\/expobartable-table-de-bar\/expobartable-pliante\/","name":"expobartable table de bar PLIANTE - une parfait outil multi branding","isPartOf":{"@id":"https:\/\/www.expotradegroup.com\/fr\/#website"},"datePublished":"2015-09-11T06:46:58+00:00","dateModified":"2021-02-10T08:38:20+00:00","description":"expobartable table de bar pliante | tr\u00e8s facile \u00e0 transporter, avec un encombrement r\u00e9duit. Le dossier imprimable deviendra un outil publicitaire important","breadcrumb":{"@id":"https:\/\/www.expotradegroup.com\/fr\/expobartable-table-de-bar\/expobartable-pliante\/#breadcrumb"},"inLanguage":"fr-FR","potentialAction":[{"@type":"ReadAction","target":["https:\/\/www.expotradegroup.com\/fr\/expobartable-table-de-bar\/expobartable-pliante\/"]}]},{"@type":"BreadcrumbList","@id":"https:\/\/www.expotradegroup.com\/fr\/expobartable-table-de-bar\/expobartable-pliante\/#breadcrumb","itemListElement":[{"@type":"ListItem","position":1,"name":"Home","item":"https:\/\/www.expotradegroup.com\/fr\/tentes-pliantes-table-pliantes-sacs-de-feves\/"},{"@type":"ListItem","position":2,"name":"expobartable","item":"https:\/\/www.expotradegroup.com\/fr\/expobartable-table-de-bar\/"},{"@type":"ListItem","position":3,"name":"expobartable PLIANTE"}]},{"@type":"WebSite","@id":"https:\/\/www.expotradegroup.com\/fr\/#website","url":"https:\/\/www.expotradegroup.com\/fr\/","name":"Expotrade","description":"Faltzelte, Falttische, Sitzs\u00e4cke und mobile ideas","potentialAction":[{"@type":"SearchAction","target":{"@type":"EntryPoint","urlTemplate":"https:\/\/www.expotradegroup.com\/fr\/?s={search_term_string}"},"query-input":"required name=search_term_string"}],"inLanguage":"fr-FR"}]}},"_links":{"self":[{"href":"https:\/\/www.expotradegroup.com\/fr\/wp-json\/wp\/v2\/pages\/12564"}],"collection":[{"href":"https:\/\/www.expotradegroup.com\/fr\/wp-json\/wp\/v2\/pages"}],"about":[{"href":"https:\/\/www.expotradegroup.com\/fr\/wp-json\/wp\/v2\/types\/page"}],"author":[{"embeddable":true,"href":"https:\/\/www.expotradegroup.com\/fr\/wp-json\/wp\/v2\/users\/1"}],"replies":[{"embeddable":true,"href":"https:\/\/www.expotradegroup.com\/fr\/wp-json\/wp\/v2\/comments?post=12564"}],"version-history":[{"count":20,"href":"https:\/\/www.expotradegroup.com\/fr\/wp-json\/wp\/v2\/pages\/12564\/revisions"}],"predecessor-version":[{"id":33788,"href":"https:\/\/www.expotradegroup.com\/fr\/wp-json\/wp\/v2\/pages\/12564\/revisions\/33788"}],"up":[{"embeddable":true,"href":"https:\/\/www.expotradegroup.com\/fr\/wp-json\/wp\/v2\/pages\/12417"}],"wp:attachment":[{"href":"https:\/\/www.expotradegroup.com\/fr\/wp-json\/wp\/v2\/media?parent=12564"}],"curies":[{"name":"wp","href":"https:\/\/api.w.org\/{rel}","templated":true}]}}