{"id":12566,"date":"2015-09-11T08:35:38","date_gmt":"2015-09-11T06:35:38","guid":{"rendered":"http:\/\/www.expotradegroup.com\/fr\/expobartable\/expobartable\/"},"modified":"2020-06-18T21:11:17","modified_gmt":"2020-06-18T19:11:17","slug":"expobartable-ronde","status":"publish","type":"page","link":"https:\/\/www.expotradegroup.com\/fr\/expobartable-table-de-bar\/expobartable-ronde\/","title":{"rendered":"expobartable ronde"},"content":{"rendered":"<div class=\"flex_column av_two_third  flex_column_div av-zero-column-padding first  \" style='border-radius:0px; '><div style='padding-bottom:10px; ' class='av-special-heading av-special-heading-h1    '><h1 class='av-special-heading-tag '  itemprop=\"headline\"  >expobartable table de bar ronde<\/h1><div class='special-heading-border'><div class='special-heading-inner-border' ><\/div><\/div><\/div><\/div><div class=\"flex_column av_one_fourth  flex_column_div av-zero-column-padding   \" style='border-radius:0px; '><div class='avia-image-container  av-styling-    avia-align-center '  itemprop=\"ImageObject\" itemscope=\"itemscope\" itemtype=\"https:\/\/schema.org\/ImageObject\"  ><div class='avia-image-container-inner'><div class='avia-image-overlay-wrap'><img class='avia_image ' src='https:\/\/www.expotradegroup.com\/wp-content\/uploads\/2015\/08\/expobartable_by_expotrade_logo.png' alt='expobartable' title='expobartable' height=\"97\"width=\"440\"  itemprop=\"thumbnailUrl\"  \/><\/div><\/div><\/div><\/div><div class=\"flex_column av_one_full  flex_column_div av-zero-column-padding first  \" style='border-radius:0px; '><section class=\"av_textblock_section \"  itemscope=\"itemscope\" itemtype=\"https:\/\/schema.org\/CreativeWork\" ><div class='avia_textblock  '   itemprop=\"text\" ><p><strong>expobartable ronde<\/strong> &#8211; les mange-debouts d&rsquo;Expotrade- l&rsquo;Expobartable ronde et l&rsquo;Expotwin- sont les meubles id\u00e9aux pour votre \u00e9v\u00e9nement. Cette table reconnue pour sa grande stabilit\u00e9 est constitu\u00e9e de 3 parties faciles \u00e0 assembler. L&rsquo;anneau en m\u00e9tal en bas peut se d\u00e9cliner en plusieurs couleurs. Il sert de repose-pieds et de lest. La colonne centrale ronde peut \u00eatre enti\u00e8rement marqu\u00e9e, et en raison de son diam\u00e8tre important offre un large espace publicitaire.<\/p>\n<p>De plus, son plateau en Wersalit est enti\u00e8rement imprimable, facile \u00e0 nettoyer, et r\u00e9sistant aux br\u00fblures de cigarettes. Le trou pr\u00e9vu sur la table permet d&rsquo;installer un parasol sp\u00e9cial qui, lui aussi, servira d&rsquo;outil publicitaire tr\u00e8s efficace.<\/p>\n<\/div><\/section><\/div><\/p>\n<div style='height:30px' class='hr hr-invisible  '><span class='hr-inner ' ><span class='hr-inner-style'><\/span><\/span><\/div>\n<div class='avia-gallery  avia-gallery-1 avia_lazyload avia_animate_when_visible '  itemprop=\"ImageObject\" itemscope=\"itemscope\" itemtype=\"https:\/\/schema.org\/ImageObject\" ><div class='avia-gallery-thumb'> <a href='https:\/\/www.expotradegroup.com\/wp-content\/uploads\/2015\/09\/expobartable_bistrotisch-772x1030.jpg' data-rel='gallery-1' data-prev-img='https:\/\/www.expotradegroup.com\/wp-content\/uploads\/2015\/09\/expobartable_bistrotisch-495x400.jpg' class='first_thumb lightbox ' data-onclick='1' title='expobartable table de bar'  itemprop=\"thumbnailUrl\" ><img data-avia-tooltip='Expobartable Bistrotisch' src='https:\/\/www.expotradegroup.com\/wp-content\/uploads\/2015\/09\/expobartable_bistrotisch-495x400.jpg' width='495' height='400'  title='expobartable table de bar' alt='expobartable table de bar' \/><\/a> <a href='https:\/\/www.expotradegroup.com\/wp-content\/uploads\/2015\/09\/expobartable_eventtisch-772x1030.jpg' data-rel='gallery-1' data-prev-img='https:\/\/www.expotradegroup.com\/wp-content\/uploads\/2015\/09\/expobartable_eventtisch-495x400.jpg' class='lightbox ' data-onclick='2' title='expobartable table de bar'  itemprop=\"thumbnailUrl\" ><img data-avia-tooltip='Expobartable Eventtisch' src='https:\/\/www.expotradegroup.com\/wp-content\/uploads\/2015\/09\/expobartable_eventtisch-495x400.jpg' width='495' height='400'  title='expobartable table de bar' alt='expobartable table de bar' \/><\/a> <a href='https:\/\/www.expotradegroup.com\/wp-content\/uploads\/2015\/09\/expobartable_stehtisch-772x1030.jpg' data-rel='gallery-1' data-prev-img='https:\/\/www.expotradegroup.com\/wp-content\/uploads\/2015\/09\/expobartable_stehtisch-495x400.jpg' class='lightbox ' data-onclick='3' title='expobartable table de bar'  itemprop=\"thumbnailUrl\" ><img data-avia-tooltip='Expobartable Stehtisch' src='https:\/\/www.expotradegroup.com\/wp-content\/uploads\/2015\/09\/expobartable_stehtisch-495x400.jpg' width='495' height='400'  title='expobartable table de bar' alt='expobartable table de bar' \/><\/a> <a href='https:\/\/www.expotradegroup.com\/wp-content\/uploads\/2015\/09\/expobartable_tisch-772x1030.jpg' data-rel='gallery-1' data-prev-img='https:\/\/www.expotradegroup.com\/wp-content\/uploads\/2015\/09\/expobartable_tisch-495x400.jpg' class='lightbox ' data-onclick='4' title='expobartable table de bar'  itemprop=\"thumbnailUrl\" ><img data-avia-tooltip='Expobartable Tisch' src='https:\/\/www.expotradegroup.com\/wp-content\/uploads\/2015\/09\/expobartable_tisch-495x400.jpg' width='495' height='400'  title='expobartable table de bar' alt='expobartable table de bar' \/><\/a> <a href='https:\/\/www.expotradegroup.com\/wp-content\/uploads\/2015\/09\/expobartable_werbetisch-773x1030.jpg' data-rel='gallery-1' data-prev-img='https:\/\/www.expotradegroup.com\/wp-content\/uploads\/2015\/09\/expobartable_werbetisch-495x400.jpg' class='lightbox ' data-onclick='5' title='Stehtisch als Werbung'  itemprop=\"thumbnailUrl\" ><img data-avia-tooltip='Expobartable Werbetisch' src='https:\/\/www.expotradegroup.com\/wp-content\/uploads\/2015\/09\/expobartable_werbetisch-495x400.jpg' width='495' height='400'  title='expobartable_werbetisch' alt='' \/><\/a><\/div><\/div>\n<div style='height:30px' class='hr hr-invisible  '><span class='hr-inner ' ><span class='hr-inner-style'><\/span><\/span><\/div>\n<section class=\"av_textblock_section \"  itemscope=\"itemscope\" itemtype=\"https:\/\/schema.org\/CreativeWork\" ><div class='avia_textblock  '   itemprop=\"text\" ><h3>expobartable round &#8211; faits et chiffres<\/h3>\n<table class=\"expotrade_details_table\" style=\"width: 54.8769%; height: 260px;\" width=\"440\">\n<tbody>\n<tr>\n<td class=\"first\" style=\"width: 56.771%;\">anneau d&rsquo;acier comme poids et repose-pieds:<\/td>\n<td style=\"width: 85.8866%;\">58 x 18 cm<\/td>\n<\/tr>\n<tr>\n<td class=\"first\" style=\"width: 56.771%;\">plastique du tube central:<\/td>\n<td style=\"width: 85.8866%;\">105 x 28 cm<\/td>\n<\/tr>\n<tr>\n<td class=\"first\" style=\"width: 56.771%;\">plateaux Topalit:<\/td>\n<td style=\"width: 85.8866%;\">80 cm<\/td>\n<\/tr>\n<tr>\n<td class=\"first\" style=\"width: 56.771%;\">hauteur totale:<\/td>\n<td style=\"width: 85.8866%;\">105 &#8211; 110 cm<\/td>\n<\/tr>\n<tr>\n<td class=\"first\" style=\"width: 56.771%;\">emballage:<\/td>\n<td style=\"width: 85.8866%;\">80 x 80 x 5 cm<\/p>\n<p>105 x 30 x 30 cm<\/p>\n<p>60 x 60 x 20 cm<\/td>\n<\/tr>\n<\/tbody>\n<\/table>\n<\/div><\/section>\n<div class=\"flex_column av_one_full  flex_column_div av-zero-column-padding first  \" style='border-radius:0px; '><div class=\"tabcontainer   top_tab  \">\n\n<section class=\"av_tab_section\"  itemscope=\"itemscope\" itemtype=\"https:\/\/schema.org\/CreativeWork\" >    <div data-fake-id=\"#tab-id-1\" class=\"tab \"  itemprop=\"headline\" >Downloads<\/div>\n    <div id=\"tab-id-1-container\" class=\"tab_content \">\n        <div class=\"tab_inner_content invers-color\"  itemprop=\"text\" >\n<table class=\"expotrade_downloads_table\" style=\"height: 222px;\" width=\"625\">\n<tbody>\n<tr class=\"icon\">\n<td style=\"text-align: center;\"><a href=\"https:\/\/expotradegroup.com\/wp-content\/uploads\/2015\/09\/Ersatzteilliste_Expobartable.pdf\" target=\"_blank\" rel=\"noopener noreferrer\"><img loading=\"lazy\" decoding=\"async\" class=\"aligncenter size-full wp-image-184\" src=\"https:\/\/expotradegroup.com\/wp-content\/uploads\/2015\/08\/zahnrad_icon_expotrade.png\" alt=\"zahnrad_icon_expotrade\" width=\"159\" height=\"159\" srcset=\"https:\/\/www.expotradegroup.com\/wp-content\/uploads\/2015\/08\/zahnrad_icon_expotrade.png 159w, https:\/\/www.expotradegroup.com\/wp-content\/uploads\/2015\/08\/zahnrad_icon_expotrade-100x100.png 100w, https:\/\/www.expotradegroup.com\/wp-content\/uploads\/2015\/08\/zahnrad_icon_expotrade-80x80.png 80w, https:\/\/www.expotradegroup.com\/wp-content\/uploads\/2015\/08\/zahnrad_icon_expotrade-36x36.png 36w\" sizes=\"(max-width: 159px) 100vw, 159px\" \/><\/a><\/td>\n<td><a href=\"http:\/\/www.yumpu.com\/de\/document\/view\/39613169\/o-19o3031qjjg31ekkiod2tnek1apdf\" target=\"_blank\" rel=\"noopener noreferrer\"><img loading=\"lazy\" decoding=\"async\" class=\" size-full wp-image-186 aligncenter\" src=\"https:\/\/expotradegroup.com\/wp-content\/uploads\/2015\/08\/document_icon_expotrade.png\" alt=\"document_icon_expotrade\" width=\"163\" height=\"160\" srcset=\"https:\/\/www.expotradegroup.com\/wp-content\/uploads\/2015\/08\/document_icon_expotrade.png 163w, https:\/\/www.expotradegroup.com\/wp-content\/uploads\/2015\/08\/document_icon_expotrade-80x80.png 80w, https:\/\/www.expotradegroup.com\/wp-content\/uploads\/2015\/08\/document_icon_expotrade-36x36.png 36w\" sizes=\"(max-width: 163px) 100vw, 163px\" \/><\/a><\/td>\n<td><a href=\"https:\/\/expotradegroup.com\/wp-content\/uploads\/2015\/09\/expobartable_grafikvorlage.pdf\" target=\"_blank\" rel=\"noopener noreferrer\"><img loading=\"lazy\" decoding=\"async\" class=\"alignnone size-full wp-image-180\" src=\"https:\/\/expotradegroup.com\/wp-content\/uploads\/2015\/08\/grafik_vorlage_icon_expotrade.png\" alt=\"grafik_vorlage_icon_expotrade\" width=\"159\" height=\"159\" srcset=\"https:\/\/www.expotradegroup.com\/wp-content\/uploads\/2015\/08\/grafik_vorlage_icon_expotrade.png 159w, https:\/\/www.expotradegroup.com\/wp-content\/uploads\/2015\/08\/grafik_vorlage_icon_expotrade-100x100.png 100w, https:\/\/www.expotradegroup.com\/wp-content\/uploads\/2015\/08\/grafik_vorlage_icon_expotrade-80x80.png 80w, https:\/\/www.expotradegroup.com\/wp-content\/uploads\/2015\/08\/grafik_vorlage_icon_expotrade-36x36.png 36w\" sizes=\"(max-width: 159px) 100vw, 159px\" \/><\/a><\/td>\n<td><a href=\"https:\/\/www.expotradegroup.com\/wp-content\/uploads\/2015\/11\/Instruction-correct-prepress-files.pdf\" target=\"_blank\" rel=\"noopener noreferrer\"><img loading=\"lazy\" decoding=\"async\" class=\"alignnone size-full wp-image-182\" src=\"https:\/\/expotradegroup.com\/wp-content\/uploads\/2015\/08\/image_icon_expotrade.png\" alt=\"image_icon_expotrade\" width=\"159\" height=\"160\" srcset=\"https:\/\/www.expotradegroup.com\/wp-content\/uploads\/2015\/08\/image_icon_expotrade.png 159w, https:\/\/www.expotradegroup.com\/wp-content\/uploads\/2015\/08\/image_icon_expotrade-100x100.png 100w, https:\/\/www.expotradegroup.com\/wp-content\/uploads\/2015\/08\/image_icon_expotrade-80x80.png 80w, https:\/\/www.expotradegroup.com\/wp-content\/uploads\/2015\/08\/image_icon_expotrade-36x36.png 36w\" sizes=\"(max-width: 159px) 100vw, 159px\" \/><\/a><\/td>\n<\/tr>\n<tr class=\"text\">\n<td style=\"text-align: center;\"><a href=\"https:\/\/expotradegroup.com\/wp-content\/uploads\/2015\/09\/Ersatzteilliste_Expobartable.pdf\" target=\"_blank\" rel=\"noopener noreferrer\">Ersatzteilliste<\/a><\/td>\n<td style=\"text-align: center;\"><a href=\"http:\/\/www.yumpu.com\/de\/document\/view\/39613169\/o-19o3031qjjg31ekkiod2tnek1apdf\" target=\"_blank\" rel=\"noopener noreferrer\">online-catalogue<\/a><\/td>\n<td style=\"text-align: center;\"><a href=\"https:\/\/expotradegroup.com\/wp-content\/uploads\/2015\/09\/expobartable_grafikvorlage.pdf\" target=\"_blank\" rel=\"noopener noreferrer\">Grafikvorlage\u00a0\u00a0 <\/a><\/td>\n<td style=\"text-align: center;\"><a href=\"https:\/\/www.expotradegroup.com\/wp-content\/uploads\/2015\/11\/Instruction-correct-prepress-files.pdf\" target=\"_blank\" rel=\"noopener noreferrer\">file-preparation<\/a><\/td>\n<\/tr>\n<\/tbody>\n<\/table>\n\n        <\/div>\n    <\/div>\n<\/section>\n\n<\/div><\/div>\n","protected":false},"excerpt":{"rendered":"","protected":false},"author":1,"featured_media":0,"parent":12417,"menu_order":0,"comment_status":"open","ping_status":"open","template":"","meta":{"footnotes":""},"class_list":["post-12566","page","type-page","status-publish","hentry"],"yoast_head":"<!-- This site is optimized with the Yoast SEO plugin v23.2 - https:\/\/yoast.com\/wordpress\/plugins\/seo\/ -->\n<title>expobartable ronde est le meuble id\u00e9aux pour votre \u00e9v\u00e9nement<\/title>\n<meta name=\"description\" content=\"expobartable ronde et expotwin- sont les meubles id\u00e9aux pour votre \u00e9v\u00e9nement. Cette table reconnue pour sa grande stabilit\u00e9 et faciles \u00e0 assembler\" \/>\n<meta name=\"robots\" content=\"index, follow, max-snippet:-1, max-image-preview:large, max-video-preview:-1\" \/>\n<link rel=\"canonical\" href=\"https:\/\/www.expotradegroup.com\/fr\/expobartable-table-de-bar\/expobartable-ronde\/\" \/>\n<meta property=\"og:locale\" content=\"fr_FR\" \/>\n<meta property=\"og:type\" content=\"article\" \/>\n<meta property=\"og:title\" content=\"expobartable ronde est le meuble id\u00e9aux pour votre \u00e9v\u00e9nement\" \/>\n<meta property=\"og:description\" content=\"expobartable ronde et expotwin- sont les meubles id\u00e9aux pour votre \u00e9v\u00e9nement. Cette table reconnue pour sa grande stabilit\u00e9 et faciles \u00e0 assembler\" \/>\n<meta property=\"og:url\" content=\"https:\/\/www.expotradegroup.com\/fr\/expobartable-table-de-bar\/expobartable-ronde\/\" \/>\n<meta property=\"og:site_name\" content=\"Expotrade\" \/>\n<meta property=\"article:publisher\" content=\"https:\/\/www.facebook.com\/Expotrade-Group-Gmbh-Head-Office-501830963237226\/timeline\/\" \/>\n<meta property=\"article:modified_time\" content=\"2020-06-18T19:11:17+00:00\" \/>\n<meta property=\"og:image\" content=\"https:\/\/expotradegroup.com\/wp-content\/uploads\/2015\/08\/zahnrad_icon_expotrade.png\" \/>\n<meta name=\"twitter:card\" content=\"summary_large_image\" \/>\n<meta name=\"twitter:site\" content=\"@Expotrade_Group\" \/>\n<meta name=\"twitter:label1\" content=\"Dur\u00e9e de lecture estim\u00e9e\" \/>\n\t<meta name=\"twitter:data1\" content=\"4 minutes\" \/>\n<script type=\"application\/ld+json\" class=\"yoast-schema-graph\">{\"@context\":\"https:\/\/schema.org\",\"@graph\":[{\"@type\":\"WebPage\",\"@id\":\"https:\/\/www.expotradegroup.com\/fr\/expobartable-table-de-bar\/expobartable-ronde\/\",\"url\":\"https:\/\/www.expotradegroup.com\/fr\/expobartable-table-de-bar\/expobartable-ronde\/\",\"name\":\"expobartable ronde est le meuble id\u00e9aux pour votre \u00e9v\u00e9nement\",\"isPartOf\":{\"@id\":\"https:\/\/www.expotradegroup.com\/fr\/#website\"},\"primaryImageOfPage\":{\"@id\":\"https:\/\/www.expotradegroup.com\/fr\/expobartable-table-de-bar\/expobartable-ronde\/#primaryimage\"},\"image\":{\"@id\":\"https:\/\/www.expotradegroup.com\/fr\/expobartable-table-de-bar\/expobartable-ronde\/#primaryimage\"},\"thumbnailUrl\":\"https:\/\/expotradegroup.com\/wp-content\/uploads\/2015\/08\/zahnrad_icon_expotrade.png\",\"datePublished\":\"2015-09-11T06:35:38+00:00\",\"dateModified\":\"2020-06-18T19:11:17+00:00\",\"description\":\"expobartable ronde et expotwin- sont les meubles id\u00e9aux pour votre \u00e9v\u00e9nement. Cette table reconnue pour sa grande stabilit\u00e9 et faciles \u00e0 assembler\",\"breadcrumb\":{\"@id\":\"https:\/\/www.expotradegroup.com\/fr\/expobartable-table-de-bar\/expobartable-ronde\/#breadcrumb\"},\"inLanguage\":\"fr-FR\",\"potentialAction\":[{\"@type\":\"ReadAction\",\"target\":[\"https:\/\/www.expotradegroup.com\/fr\/expobartable-table-de-bar\/expobartable-ronde\/\"]}]},{\"@type\":\"ImageObject\",\"inLanguage\":\"fr-FR\",\"@id\":\"https:\/\/www.expotradegroup.com\/fr\/expobartable-table-de-bar\/expobartable-ronde\/#primaryimage\",\"url\":\"https:\/\/expotradegroup.com\/wp-content\/uploads\/2015\/08\/zahnrad_icon_expotrade.png\",\"contentUrl\":\"https:\/\/expotradegroup.com\/wp-content\/uploads\/2015\/08\/zahnrad_icon_expotrade.png\"},{\"@type\":\"BreadcrumbList\",\"@id\":\"https:\/\/www.expotradegroup.com\/fr\/expobartable-table-de-bar\/expobartable-ronde\/#breadcrumb\",\"itemListElement\":[{\"@type\":\"ListItem\",\"position\":1,\"name\":\"Home\",\"item\":\"https:\/\/www.expotradegroup.com\/fr\/tentes-pliantes-table-pliantes-sacs-de-feves\/\"},{\"@type\":\"ListItem\",\"position\":2,\"name\":\"expobartable\",\"item\":\"https:\/\/www.expotradegroup.com\/fr\/expobartable-table-de-bar\/\"},{\"@type\":\"ListItem\",\"position\":3,\"name\":\"expobartable ronde\"}]},{\"@type\":\"WebSite\",\"@id\":\"https:\/\/www.expotradegroup.com\/fr\/#website\",\"url\":\"https:\/\/www.expotradegroup.com\/fr\/\",\"name\":\"Expotrade\",\"description\":\"Faltzelte, Falttische, Sitzs\u00e4cke und mobile ideas\",\"potentialAction\":[{\"@type\":\"SearchAction\",\"target\":{\"@type\":\"EntryPoint\",\"urlTemplate\":\"https:\/\/www.expotradegroup.com\/fr\/?s={search_term_string}\"},\"query-input\":\"required name=search_term_string\"}],\"inLanguage\":\"fr-FR\"}]}<\/script>\n<!-- \/ Yoast SEO plugin. -->","yoast_head_json":{"title":"expobartable ronde est le meuble id\u00e9aux pour votre \u00e9v\u00e9nement","description":"expobartable ronde et expotwin- sont les meubles id\u00e9aux pour votre \u00e9v\u00e9nement. Cette table reconnue pour sa grande stabilit\u00e9 et faciles \u00e0 assembler","robots":{"index":"index","follow":"follow","max-snippet":"max-snippet:-1","max-image-preview":"max-image-preview:large","max-video-preview":"max-video-preview:-1"},"canonical":"https:\/\/www.expotradegroup.com\/fr\/expobartable-table-de-bar\/expobartable-ronde\/","og_locale":"fr_FR","og_type":"article","og_title":"expobartable ronde est le meuble id\u00e9aux pour votre \u00e9v\u00e9nement","og_description":"expobartable ronde et expotwin- sont les meubles id\u00e9aux pour votre \u00e9v\u00e9nement. Cette table reconnue pour sa grande stabilit\u00e9 et faciles \u00e0 assembler","og_url":"https:\/\/www.expotradegroup.com\/fr\/expobartable-table-de-bar\/expobartable-ronde\/","og_site_name":"Expotrade","article_publisher":"https:\/\/www.facebook.com\/Expotrade-Group-Gmbh-Head-Office-501830963237226\/timeline\/","article_modified_time":"2020-06-18T19:11:17+00:00","og_image":[{"url":"https:\/\/expotradegroup.com\/wp-content\/uploads\/2015\/08\/zahnrad_icon_expotrade.png"}],"twitter_card":"summary_large_image","twitter_site":"@Expotrade_Group","twitter_misc":{"Dur\u00e9e de lecture estim\u00e9e":"4 minutes"},"schema":{"@context":"https:\/\/schema.org","@graph":[{"@type":"WebPage","@id":"https:\/\/www.expotradegroup.com\/fr\/expobartable-table-de-bar\/expobartable-ronde\/","url":"https:\/\/www.expotradegroup.com\/fr\/expobartable-table-de-bar\/expobartable-ronde\/","name":"expobartable ronde est le meuble id\u00e9aux pour votre \u00e9v\u00e9nement","isPartOf":{"@id":"https:\/\/www.expotradegroup.com\/fr\/#website"},"primaryImageOfPage":{"@id":"https:\/\/www.expotradegroup.com\/fr\/expobartable-table-de-bar\/expobartable-ronde\/#primaryimage"},"image":{"@id":"https:\/\/www.expotradegroup.com\/fr\/expobartable-table-de-bar\/expobartable-ronde\/#primaryimage"},"thumbnailUrl":"https:\/\/expotradegroup.com\/wp-content\/uploads\/2015\/08\/zahnrad_icon_expotrade.png","datePublished":"2015-09-11T06:35:38+00:00","dateModified":"2020-06-18T19:11:17+00:00","description":"expobartable ronde et expotwin- sont les meubles id\u00e9aux pour votre \u00e9v\u00e9nement. Cette table reconnue pour sa grande stabilit\u00e9 et faciles \u00e0 assembler","breadcrumb":{"@id":"https:\/\/www.expotradegroup.com\/fr\/expobartable-table-de-bar\/expobartable-ronde\/#breadcrumb"},"inLanguage":"fr-FR","potentialAction":[{"@type":"ReadAction","target":["https:\/\/www.expotradegroup.com\/fr\/expobartable-table-de-bar\/expobartable-ronde\/"]}]},{"@type":"ImageObject","inLanguage":"fr-FR","@id":"https:\/\/www.expotradegroup.com\/fr\/expobartable-table-de-bar\/expobartable-ronde\/#primaryimage","url":"https:\/\/expotradegroup.com\/wp-content\/uploads\/2015\/08\/zahnrad_icon_expotrade.png","contentUrl":"https:\/\/expotradegroup.com\/wp-content\/uploads\/2015\/08\/zahnrad_icon_expotrade.png"},{"@type":"BreadcrumbList","@id":"https:\/\/www.expotradegroup.com\/fr\/expobartable-table-de-bar\/expobartable-ronde\/#breadcrumb","itemListElement":[{"@type":"ListItem","position":1,"name":"Home","item":"https:\/\/www.expotradegroup.com\/fr\/tentes-pliantes-table-pliantes-sacs-de-feves\/"},{"@type":"ListItem","position":2,"name":"expobartable","item":"https:\/\/www.expotradegroup.com\/fr\/expobartable-table-de-bar\/"},{"@type":"ListItem","position":3,"name":"expobartable ronde"}]},{"@type":"WebSite","@id":"https:\/\/www.expotradegroup.com\/fr\/#website","url":"https:\/\/www.expotradegroup.com\/fr\/","name":"Expotrade","description":"Faltzelte, Falttische, Sitzs\u00e4cke und mobile ideas","potentialAction":[{"@type":"SearchAction","target":{"@type":"EntryPoint","urlTemplate":"https:\/\/www.expotradegroup.com\/fr\/?s={search_term_string}"},"query-input":"required name=search_term_string"}],"inLanguage":"fr-FR"}]}},"_links":{"self":[{"href":"https:\/\/www.expotradegroup.com\/fr\/wp-json\/wp\/v2\/pages\/12566"}],"collection":[{"href":"https:\/\/www.expotradegroup.com\/fr\/wp-json\/wp\/v2\/pages"}],"about":[{"href":"https:\/\/www.expotradegroup.com\/fr\/wp-json\/wp\/v2\/types\/page"}],"author":[{"embeddable":true,"href":"https:\/\/www.expotradegroup.com\/fr\/wp-json\/wp\/v2\/users\/1"}],"replies":[{"embeddable":true,"href":"https:\/\/www.expotradegroup.com\/fr\/wp-json\/wp\/v2\/comments?post=12566"}],"version-history":[{"count":11,"href":"https:\/\/www.expotradegroup.com\/fr\/wp-json\/wp\/v2\/pages\/12566\/revisions"}],"predecessor-version":[{"id":24736,"href":"https:\/\/www.expotradegroup.com\/fr\/wp-json\/wp\/v2\/pages\/12566\/revisions\/24736"}],"up":[{"embeddable":true,"href":"https:\/\/www.expotradegroup.com\/fr\/wp-json\/wp\/v2\/pages\/12417"}],"wp:attachment":[{"href":"https:\/\/www.expotradegroup.com\/fr\/wp-json\/wp\/v2\/media?parent=12566"}],"curies":[{"name":"wp","href":"https:\/\/api.w.org\/{rel}","templated":true}]}}