{"id":12605,"date":"2015-10-27T19:33:01","date_gmt":"2015-10-27T18:33:01","guid":{"rendered":"http:\/\/www.expotradegroup.com\/fr\/expoair-airdome\/expoair-airdome-6-x-6-m\/"},"modified":"2020-06-13T20:14:35","modified_gmt":"2020-06-13T18:14:35","slug":"expoair-airdome-6x6m","status":"publish","type":"page","link":"https:\/\/www.expotradegroup.com\/fr\/expoair-airdome\/expoair-airdome-6x6m\/","title":{"rendered":"expoair airdome 6x6m"},"content":{"rendered":"<div class=\"flex_column av_two_third  flex_column_div av-zero-column-padding first  \" style='border-radius:0px; '><div style='padding-bottom:10px; ' class='av-special-heading av-special-heading-h1    '><h1 class='av-special-heading-tag '  itemprop=\"headline\"  >expoair airdome 6x6m<\/h1><div class='special-heading-border'><div class='special-heading-inner-border' ><\/div><\/div><\/div><\/div><div class=\"flex_column av_one_fourth  flex_column_div   \" style='padding:0px 0px 15px 0px ; border-radius:0px; '><div class='avia-image-container  av-styling-    avia-align-center '  itemprop=\"ImageObject\" itemscope=\"itemscope\" itemtype=\"https:\/\/schema.org\/ImageObject\"  ><div class='avia-image-container-inner'><div class='avia-image-overlay-wrap'><img class='avia_image ' src='https:\/\/www.expotradegroup.com\/wp-content\/uploads\/2015\/08\/expoair_by_expotrade_logo.png' alt='expoair' title='expoair' height=\"120\"width=\"272\"  itemprop=\"thumbnailUrl\"  \/><\/div><\/div><\/div><\/div><\/p>\n<div class='avia-gallery  avia-gallery-1 avia_lazyload avia_animate_when_visible '  itemprop=\"ImageObject\" itemscope=\"itemscope\" itemtype=\"https:\/\/schema.org\/ImageObject\" ><div class='avia-gallery-thumb'> <a href='https:\/\/www.expotradegroup.com\/wp-content\/uploads\/2015\/09\/expoair_domezelt_2.jpg' data-rel='gallery-1' data-prev-img='https:\/\/www.expotradegroup.com\/wp-content\/uploads\/2015\/09\/expoair_domezelt_2-495x400.jpg' class='first_thumb lightbox ' data-onclick='1' title='expoair pneumatique Dometent 6x6m'  itemprop=\"thumbnailUrl\" ><img data-avia-tooltip='Expoair Domezelt' src='https:\/\/www.expotradegroup.com\/wp-content\/uploads\/2015\/09\/expoair_domezelt_2-495x400.jpg' width='495' height='400'  title='expoair pneumatique Dometent 6x6m' alt='expoair pneumatique Dometent 6x6m' \/><\/a> <a href='https:\/\/www.expotradegroup.com\/wp-content\/uploads\/2015\/09\/expoair_pneumatisches_partyzelt_1.jpg' data-rel='gallery-1' data-prev-img='https:\/\/www.expotradegroup.com\/wp-content\/uploads\/2015\/09\/expoair_pneumatisches_partyzelt_1-495x400.jpg' class='lightbox ' data-onclick='2' title='aufblasbarer Expoair Airdome'  itemprop=\"thumbnailUrl\" ><img data-avia-tooltip='Expoair pneumatisches Partyzelt' src='https:\/\/www.expotradegroup.com\/wp-content\/uploads\/2015\/09\/expoair_pneumatisches_partyzelt_1-495x400.jpg' width='495' height='400'  title='expoair_pneumatisches_partyzelt' alt='' \/><\/a> <a href='https:\/\/www.expotradegroup.com\/wp-content\/uploads\/2015\/09\/expoair_pneumatisches_zelt_2.jpg' data-rel='gallery-1' data-prev-img='https:\/\/www.expotradegroup.com\/wp-content\/uploads\/2015\/09\/expoair_pneumatisches_zelt_2-495x400.jpg' class='lightbox ' data-onclick='3' title='expoair pneumatique Dometent 6x6m'  itemprop=\"thumbnailUrl\" ><img data-avia-tooltip='Expoair pneumatisches Zelt' src='https:\/\/www.expotradegroup.com\/wp-content\/uploads\/2015\/09\/expoair_pneumatisches_zelt_2-495x400.jpg' width='495' height='400'  title='expoair pneumatique Dometent 6x6m' alt='expoair pneumatique Dometent 6x6m' \/><\/a> <a href='https:\/\/www.expotradegroup.com\/wp-content\/uploads\/2015\/09\/expoair_aufblasbares_zelt_2.jpg' data-rel='gallery-1' data-prev-img='https:\/\/www.expotradegroup.com\/wp-content\/uploads\/2015\/09\/expoair_aufblasbares_zelt_2-495x400.jpg' class='lightbox ' data-onclick='4' title='expoair pneumatique Dometent 6x6m'  itemprop=\"thumbnailUrl\" ><img data-avia-tooltip='Expoair aufblasbares Zelt' src='https:\/\/www.expotradegroup.com\/wp-content\/uploads\/2015\/09\/expoair_aufblasbares_zelt_2-495x400.jpg' width='495' height='400'  title='expoair pneumatique Dometent 6x6m' alt='expoair pneumatique Dometent 6x6m' \/><\/a><\/div><\/div>\n<div style='height:30px' class='hr hr-invisible  '><span class='hr-inner ' ><span class='hr-inner-style'><\/span><\/span><\/div>\n<section class=\"av_textblock_section \"  itemscope=\"itemscope\" itemtype=\"https:\/\/schema.org\/CreativeWork\" ><div class='avia_textblock  '   itemprop=\"text\" ><p><strong>expoair airdome 6x6m<\/strong> est gonflable et un produit parfaitement adapt\u00e9 \u00e0 vos campagnes publicitaires sur les foires et les salons. Une pompe manuelle ou \u00e9lectrique gonfle l&rsquo;expoair D\u00f4me et permet l&rsquo;installation en quelques minutes sans grand effort. Les pi\u00e8ces d\u00e9tach\u00e9es comme les accessoires disponibles en option sont facilement interchangeables. Ces diff\u00e9rentes parties sont fix\u00e9es \u00e0 la structure par des fermetures \u00e9clair. Une valve, ind\u00e9pendante de la valve de gonflage, \u00e9vite la surpression et ainsi tout dommage aux pieds. Gros avantage: pas besoin de moteur soufflant!<\/p>\n<p>Le d\u00f4me est disponible dans les couleurs montr\u00e9es ici.<\/p>\n<\/div><\/section>\n<div style='height:30px' class='hr hr-invisible  '><span class='hr-inner ' ><span class='hr-inner-style'><\/span><\/span><\/div>\n<section class=\"av_textblock_section \"  itemscope=\"itemscope\" itemtype=\"https:\/\/schema.org\/CreativeWork\" ><div class='avia_textblock  '   itemprop=\"text\" ><h3>expoair airdome 6x6m &#8211; faits et chiffres<\/h3>\n<table class=\"expotrade_details_table\" style=\"width: 100%;\">\n<tbody>\n<tr>\n<td class=\"first\" style=\"width: 14.9457%;\">hauteur total:<\/td>\n<td style=\"width: 84.3297%;\">480 cm<\/td>\n<\/tr>\n<tr>\n<td class=\"first\" style=\"width: 14.9457%;\">hauteur int\u00e9rieure:<\/td>\n<td style=\"width: 84.3297%;\">370 cm<\/td>\n<\/tr>\n<tr>\n<td class=\"first\" style=\"width: 14.9457%;\">hauteur d&rsquo;entr\u00e9et:<\/td>\n<td style=\"width: 84.3297%;\">280 cm<\/td>\n<\/tr>\n<tr>\n<td class=\"first\" style=\"width: 14.9457%;\">jambe \u00f8:<\/td>\n<td style=\"width: 84.3297%;\">36 cm<\/td>\n<\/tr>\n<tr>\n<td class=\"first\" style=\"width: 14.9457%;\">poids:<\/td>\n<td style=\"width: 84.3297%;\">44 kg<\/td>\n<\/tr>\n<tr>\n<td class=\"first\" style=\"width: 14.9457%;\">max. vitesse du vent:<\/td>\n<td style=\"width: 84.3297%;\">50 km\/h<\/td>\n<\/tr>\n<tr>\n<td class=\"first\" style=\"width: 14.9457%;\">emballage:<\/td>\n<td style=\"width: 84.3297%;\">115 x 60 x 50 cm<\/td>\n<\/tr>\n<tr>\n<td class=\"first\" style=\"width: 14.9457%;\">sac de transport, clous, cordons:<\/td>\n<td style=\"width: 84.3297%;\"><span class=\"av_font_icon avia_animate_when_visible  av-icon-style-  av-no-color avia-icon-pos-left \" style=\"\"><span class='av-icon-char' style='font-size:40px;line-height:40px;' aria-hidden='true' data-av_icon='\ue812' data-av_iconfont='entypo-fontello' ><\/span><\/span><\/td>\n<\/tr>\n<\/tbody>\n<\/table>\n<\/div><\/section>\n<div class=\"flex_column av_one_full  flex_column_div av-zero-column-padding first  \" style='border-radius:0px; '><div class=\"tabcontainer   top_tab  \">\n\n<section class=\"av_tab_section\"  itemscope=\"itemscope\" itemtype=\"https:\/\/schema.org\/CreativeWork\" >    <div data-fake-id=\"#tab-id-1\" class=\"tab active_tab\"  itemprop=\"headline\" >fabric colours<\/div>\n    <div id=\"tab-id-1-container\" class=\"tab_content active_tab_content\">\n        <div class=\"tab_inner_content invers-color\"  itemprop=\"text\" >\n<p><a href=\"https:\/\/www.expotradegroup.com\/wp-content\/uploads\/2015\/10\/Stofffarben_Expair_e.png\"><img loading=\"lazy\" decoding=\"async\" class=\"aligncenter wp-image-3358 size-large\" src=\"https:\/\/www.expotradegroup.com\/wp-content\/uploads\/2015\/10\/Stofffarben_Expair_e-1030x360.png\" alt=\"\" width=\"1030\" height=\"360\" srcset=\"https:\/\/www.expotradegroup.com\/wp-content\/uploads\/2015\/10\/Stofffarben_Expair_e-1030x360.png 1030w, https:\/\/www.expotradegroup.com\/wp-content\/uploads\/2015\/10\/Stofffarben_Expair_e-450x157.png 450w, https:\/\/www.expotradegroup.com\/wp-content\/uploads\/2015\/10\/Stofffarben_Expair_e-300x105.png 300w, https:\/\/www.expotradegroup.com\/wp-content\/uploads\/2015\/10\/Stofffarben_Expair_e.png 2018w\" sizes=\"(max-width: 1030px) 100vw, 1030px\" \/><\/a><\/p>\n\n        <\/div>\n    <\/div>\n<\/section>\n\n<section class=\"av_tab_section\"  itemscope=\"itemscope\" itemtype=\"https:\/\/schema.org\/CreativeWork\" >    <div data-fake-id=\"#tab-id-2\" class=\"tab \"  itemprop=\"headline\" >sublimation print<\/div>\n    <div id=\"tab-id-2-container\" class=\"tab_content \">\n        <div class=\"tab_inner_content invers-color\"  itemprop=\"text\" >\n<p><a href=\"https:\/\/expotradegroup.com\/wp-content\/uploads\/2015\/09\/expoair_aufblasbares_zelt_1.jpg\"><img loading=\"lazy\" decoding=\"async\" class=\"alignnone wp-image-894\" src=\"https:\/\/expotradegroup.com\/wp-content\/uploads\/2015\/09\/expoair_aufblasbares_zelt_1-300x224.jpg\" alt=\"expoair_aufblasbares_zelt_1\" width=\"383\" height=\"286\" srcset=\"https:\/\/www.expotradegroup.com\/wp-content\/uploads\/2015\/09\/expoair_aufblasbares_zelt_1-300x224.jpg 300w, https:\/\/www.expotradegroup.com\/wp-content\/uploads\/2015\/09\/expoair_aufblasbares_zelt_1-450x336.jpg 450w, https:\/\/www.expotradegroup.com\/wp-content\/uploads\/2015\/09\/expoair_aufblasbares_zelt_1.jpg 800w\" sizes=\"(max-width: 383px) 100vw, 383px\" \/><\/a><\/p>\n<p>sensational colours- the printable spectrum ranges from single logos up to full-size pictures or gradients!<\/p>\n<p>The sublimation-print procedure achieves intensively bright colours and a high UV protection.<\/p>\n<p>advantages of the sublimation-print:<\/p>\n<ul>\n<li>full-size printing possible for covers \/ sidewalls and all other fabric parts<\/li>\n<li>brilliant, intensively shiny and bright colours<\/li>\n<li>complex layouts, logos, pictues, gradients &#8211; everything is possible<\/li>\n<li>cost-saving production starting from 1 pc already<\/li>\n<li>no films\/screens etc. necessary<\/li>\n<\/ul>\n\n        <\/div>\n    <\/div>\n<\/section>\n\n<section class=\"av_tab_section\"  itemscope=\"itemscope\" itemtype=\"https:\/\/schema.org\/CreativeWork\" >    <div data-fake-id=\"#tab-id-3\" class=\"tab \"  itemprop=\"headline\" >Downloads<\/div>\n    <div id=\"tab-id-3-container\" class=\"tab_content \">\n        <div class=\"tab_inner_content invers-color\"  itemprop=\"text\" >\n<table class=\"expotrade_downloads_table\">\n<tbody>\n<tr class=\"icon\">\n<td style=\"text-align: center;\"><img loading=\"lazy\" decoding=\"async\" class=\"aligncenter wp-image-185 size-full\" src=\"https:\/\/expotradegroup.com\/wp-content\/uploads\/2015\/08\/werkzeug_icon_expotrade.png\" alt=\"werkzeug_icon_expotrade\" width=\"159\" height=\"159\" srcset=\"https:\/\/www.expotradegroup.com\/wp-content\/uploads\/2015\/08\/werkzeug_icon_expotrade.png 159w, https:\/\/www.expotradegroup.com\/wp-content\/uploads\/2015\/08\/werkzeug_icon_expotrade-100x100.png 100w, https:\/\/www.expotradegroup.com\/wp-content\/uploads\/2015\/08\/werkzeug_icon_expotrade-80x80.png 80w, https:\/\/www.expotradegroup.com\/wp-content\/uploads\/2015\/08\/werkzeug_icon_expotrade-36x36.png 36w\" sizes=\"(max-width: 159px) 100vw, 159px\" \/><\/td>\n<td style=\"text-align: center;\"><a href=\"https:\/\/expotradegroup.com\/wp-content\/uploads\/2015\/09\/Ersatzteilliste_Expoair.pdf\" target=\"_blank\" rel=\"noopener noreferrer\"><img loading=\"lazy\" decoding=\"async\" class=\"aligncenter size-full wp-image-184\" src=\"https:\/\/expotradegroup.com\/wp-content\/uploads\/2015\/08\/zahnrad_icon_expotrade.png\" alt=\"zahnrad_icon_expotrade\" width=\"159\" height=\"159\" srcset=\"https:\/\/www.expotradegroup.com\/wp-content\/uploads\/2015\/08\/zahnrad_icon_expotrade.png 159w, https:\/\/www.expotradegroup.com\/wp-content\/uploads\/2015\/08\/zahnrad_icon_expotrade-100x100.png 100w, https:\/\/www.expotradegroup.com\/wp-content\/uploads\/2015\/08\/zahnrad_icon_expotrade-80x80.png 80w, https:\/\/www.expotradegroup.com\/wp-content\/uploads\/2015\/08\/zahnrad_icon_expotrade-36x36.png 36w\" sizes=\"(max-width: 159px) 100vw, 159px\" \/><\/a><\/td>\n<td><a href=\"http:\/\/www.yumpu.com\/de\/document\/view\/39613169\/o-19o3031qjjg31ekkiod2tnek1apdf\" target=\"_blank\" rel=\"noopener noreferrer\"><img loading=\"lazy\" decoding=\"async\" class=\" size-full wp-image-186 aligncenter\" src=\"https:\/\/expotradegroup.com\/wp-content\/uploads\/2015\/08\/document_icon_expotrade.png\" alt=\"document_icon_expotrade\" width=\"163\" height=\"160\" srcset=\"https:\/\/www.expotradegroup.com\/wp-content\/uploads\/2015\/08\/document_icon_expotrade.png 163w, https:\/\/www.expotradegroup.com\/wp-content\/uploads\/2015\/08\/document_icon_expotrade-80x80.png 80w, https:\/\/www.expotradegroup.com\/wp-content\/uploads\/2015\/08\/document_icon_expotrade-36x36.png 36w\" sizes=\"(max-width: 163px) 100vw, 163px\" \/><\/a><\/td>\n<td style=\"text-align: center;\"><a href=\"https:\/\/www.expotradegroup.com\/wp-content\/uploads\/2015\/11\/Certification_500DEN_EN-Norm_english.pdf\" target=\"_blank\" rel=\"noopener noreferrer\"><img loading=\"lazy\" decoding=\"async\" class=\"aligncenter wp-image-183 size-full\" src=\"https:\/\/expotradegroup.com\/wp-content\/uploads\/2015\/08\/feuer_icon_expotrade.png\" alt=\"feuer_icon_expotrade\" width=\"160\" height=\"159\" srcset=\"https:\/\/www.expotradegroup.com\/wp-content\/uploads\/2015\/08\/feuer_icon_expotrade.png 160w, https:\/\/www.expotradegroup.com\/wp-content\/uploads\/2015\/08\/feuer_icon_expotrade-100x100.png 100w, https:\/\/www.expotradegroup.com\/wp-content\/uploads\/2015\/08\/feuer_icon_expotrade-80x80.png 80w, https:\/\/www.expotradegroup.com\/wp-content\/uploads\/2015\/08\/feuer_icon_expotrade-36x36.png 36w\" sizes=\"(max-width: 160px) 100vw, 160px\" \/><\/a><\/td>\n<\/tr>\n<tr class=\"text\">\n<td style=\"text-align: center;\">Aufbauanleitung<\/td>\n<td style=\"text-align: center;\"><a href=\"https:\/\/expotradegroup.com\/wp-content\/uploads\/2015\/09\/Ersatzteilliste_Expoair.pdf\" target=\"_blank\" rel=\"noopener noreferrer\">Ersatzteilliste<\/a><\/td>\n<td style=\"text-align: center;\"><a href=\"http:\/\/www.yumpu.com\/de\/document\/view\/39613169\/o-19o3031qjjg31ekkiod2tnek1apdf\" target=\"_blank\" rel=\"noopener noreferrer\">online catalogue<\/a><\/td>\n<td style=\"text-align: center;\"><a href=\"https:\/\/www.expotradegroup.com\/wp-content\/uploads\/2015\/11\/Certification_500DEN_EN-Norm_english.pdf\" target=\"_blank\" rel=\"noopener noreferrer\">fire certificate<\/a><\/td>\n<\/tr>\n<tr class=\"text\">\n<td style=\"text-align: center;\"><a href=\"https:\/\/expotradegroup.com\/wp-content\/uploads\/2015\/09\/EXPOAIR_6x6m.pdf\" target=\"_blank\" rel=\"noopener noreferrer\"><img loading=\"lazy\" decoding=\"async\" class=\"alignnone size-full wp-image-180\" src=\"https:\/\/expotradegroup.com\/wp-content\/uploads\/2015\/08\/grafik_vorlage_icon_expotrade.png\" alt=\"grafik_vorlage_icon_expotrade\" width=\"159\" height=\"159\" srcset=\"https:\/\/www.expotradegroup.com\/wp-content\/uploads\/2015\/08\/grafik_vorlage_icon_expotrade.png 159w, https:\/\/www.expotradegroup.com\/wp-content\/uploads\/2015\/08\/grafik_vorlage_icon_expotrade-100x100.png 100w, https:\/\/www.expotradegroup.com\/wp-content\/uploads\/2015\/08\/grafik_vorlage_icon_expotrade-80x80.png 80w, https:\/\/www.expotradegroup.com\/wp-content\/uploads\/2015\/08\/grafik_vorlage_icon_expotrade-36x36.png 36w\" sizes=\"(max-width: 159px) 100vw, 159px\" \/><\/a><\/td>\n<td style=\"text-align: center;\"><a href=\"https:\/\/expotradegroup.com\/wp-content\/uploads\/2015\/09\/Merkblatt-Datenaufbereitung.pdf\" target=\"_blank\" rel=\"noopener noreferrer\"><img loading=\"lazy\" decoding=\"async\" class=\"alignnone size-full wp-image-182\" src=\"https:\/\/expotradegroup.com\/wp-content\/uploads\/2015\/08\/image_icon_expotrade.png\" alt=\"image_icon_expotrade\" width=\"159\" height=\"160\" srcset=\"https:\/\/www.expotradegroup.com\/wp-content\/uploads\/2015\/08\/image_icon_expotrade.png 159w, https:\/\/www.expotradegroup.com\/wp-content\/uploads\/2015\/08\/image_icon_expotrade-100x100.png 100w, https:\/\/www.expotradegroup.com\/wp-content\/uploads\/2015\/08\/image_icon_expotrade-80x80.png 80w, https:\/\/www.expotradegroup.com\/wp-content\/uploads\/2015\/08\/image_icon_expotrade-36x36.png 36w\" sizes=\"(max-width: 159px) 100vw, 159px\" \/><\/a><\/td>\n<td style=\"text-align: center;\"><\/td>\n<td style=\"text-align: center;\"><\/td>\n<\/tr>\n<tr class=\"text\">\n<td style=\"text-align: center;\"><a href=\"https:\/\/expotradegroup.com\/wp-content\/uploads\/2015\/09\/EXPOAIR_6x6m.pdf\" target=\"_blank\" rel=\"noopener noreferrer\">Grafikvorlage<\/a><\/td>\n<td style=\"text-align: center;\"><a href=\"https:\/\/expotradegroup.com\/wp-content\/uploads\/2015\/09\/Merkblatt-Datenaufbereitung.pdf\" target=\"_blank\" rel=\"noopener noreferrer\">Datenaufbereitung<\/a><\/td>\n<td style=\"text-align: center;\"><\/td>\n<td style=\"text-align: center;\"><\/td>\n<\/tr>\n<\/tbody>\n<\/table>\n\n        <\/div>\n    <\/div>\n<\/section>\n\n<\/div><\/div>\n","protected":false},"excerpt":{"rendered":"","protected":false},"author":1,"featured_media":0,"parent":12414,"menu_order":0,"comment_status":"open","ping_status":"open","template":"","meta":{"footnotes":""},"class_list":["post-12605","page","type-page","status-publish","hentry"],"yoast_head":"<!-- This site is optimized with the Yoast SEO plugin v23.2 - https:\/\/yoast.com\/wordpress\/plugins\/seo\/ -->\n<title>expoair airdome 6x6m - la tente d\u00f4me pneumatique de grande taille<\/title>\n<meta name=\"description\" content=\"expoair airdome 6x6m est une construction de d\u00f4me gonflable avec une forme optique impressionnante comme un d\u00f4me. pneumatique de grande taille\" \/>\n<meta name=\"robots\" content=\"index, follow, max-snippet:-1, max-image-preview:large, max-video-preview:-1\" \/>\n<link rel=\"canonical\" href=\"https:\/\/www.expotradegroup.com\/fr\/expoair-airdome\/expoair-airdome-6x6m\/\" \/>\n<meta property=\"og:locale\" content=\"fr_FR\" \/>\n<meta property=\"og:type\" content=\"article\" \/>\n<meta property=\"og:title\" content=\"expoair airdome 6x6m - la tente d\u00f4me pneumatique de grande taille\" \/>\n<meta property=\"og:description\" content=\"expoair airdome 6x6m est une construction de d\u00f4me gonflable avec une forme optique impressionnante comme un d\u00f4me. pneumatique de grande taille\" \/>\n<meta property=\"og:url\" content=\"https:\/\/www.expotradegroup.com\/fr\/expoair-airdome\/expoair-airdome-6x6m\/\" \/>\n<meta property=\"og:site_name\" content=\"Expotrade\" \/>\n<meta property=\"article:publisher\" content=\"https:\/\/www.facebook.com\/Expotrade-Group-Gmbh-Head-Office-501830963237226\/timeline\/\" \/>\n<meta property=\"article:modified_time\" content=\"2020-06-13T18:14:35+00:00\" \/>\n<meta property=\"og:image\" content=\"https:\/\/www.expotradegroup.com\/wp-content\/uploads\/2015\/10\/Stofffarben_Expair_e-1030x360.png\" \/>\n<meta name=\"twitter:card\" content=\"summary_large_image\" \/>\n<meta name=\"twitter:site\" content=\"@Expotrade_Group\" \/>\n<meta name=\"twitter:label1\" content=\"Dur\u00e9e de lecture estim\u00e9e\" \/>\n\t<meta name=\"twitter:data1\" content=\"4 minutes\" \/>\n<script type=\"application\/ld+json\" class=\"yoast-schema-graph\">{\"@context\":\"https:\/\/schema.org\",\"@graph\":[{\"@type\":\"WebPage\",\"@id\":\"https:\/\/www.expotradegroup.com\/fr\/expoair-airdome\/expoair-airdome-6x6m\/\",\"url\":\"https:\/\/www.expotradegroup.com\/fr\/expoair-airdome\/expoair-airdome-6x6m\/\",\"name\":\"expoair airdome 6x6m - la tente d\u00f4me pneumatique de grande taille\",\"isPartOf\":{\"@id\":\"https:\/\/www.expotradegroup.com\/fr\/#website\"},\"primaryImageOfPage\":{\"@id\":\"https:\/\/www.expotradegroup.com\/fr\/expoair-airdome\/expoair-airdome-6x6m\/#primaryimage\"},\"image\":{\"@id\":\"https:\/\/www.expotradegroup.com\/fr\/expoair-airdome\/expoair-airdome-6x6m\/#primaryimage\"},\"thumbnailUrl\":\"https:\/\/www.expotradegroup.com\/wp-content\/uploads\/2015\/10\/Stofffarben_Expair_e-1030x360.png\",\"datePublished\":\"2015-10-27T18:33:01+00:00\",\"dateModified\":\"2020-06-13T18:14:35+00:00\",\"description\":\"expoair airdome 6x6m est une construction de d\u00f4me gonflable avec une forme optique impressionnante comme un d\u00f4me. pneumatique de grande taille\",\"breadcrumb\":{\"@id\":\"https:\/\/www.expotradegroup.com\/fr\/expoair-airdome\/expoair-airdome-6x6m\/#breadcrumb\"},\"inLanguage\":\"fr-FR\",\"potentialAction\":[{\"@type\":\"ReadAction\",\"target\":[\"https:\/\/www.expotradegroup.com\/fr\/expoair-airdome\/expoair-airdome-6x6m\/\"]}]},{\"@type\":\"ImageObject\",\"inLanguage\":\"fr-FR\",\"@id\":\"https:\/\/www.expotradegroup.com\/fr\/expoair-airdome\/expoair-airdome-6x6m\/#primaryimage\",\"url\":\"https:\/\/www.expotradegroup.com\/wp-content\/uploads\/2015\/10\/Stofffarben_Expair_e-1030x360.png\",\"contentUrl\":\"https:\/\/www.expotradegroup.com\/wp-content\/uploads\/2015\/10\/Stofffarben_Expair_e-1030x360.png\"},{\"@type\":\"BreadcrumbList\",\"@id\":\"https:\/\/www.expotradegroup.com\/fr\/expoair-airdome\/expoair-airdome-6x6m\/#breadcrumb\",\"itemListElement\":[{\"@type\":\"ListItem\",\"position\":1,\"name\":\"Home\",\"item\":\"https:\/\/www.expotradegroup.com\/fr\/tentes-pliantes-table-pliantes-sacs-de-feves\/\"},{\"@type\":\"ListItem\",\"position\":2,\"name\":\"expoair airdome\",\"item\":\"https:\/\/www.expotradegroup.com\/fr\/expoair-airdome\/\"},{\"@type\":\"ListItem\",\"position\":3,\"name\":\"expoair airdome 6x6m\"}]},{\"@type\":\"WebSite\",\"@id\":\"https:\/\/www.expotradegroup.com\/fr\/#website\",\"url\":\"https:\/\/www.expotradegroup.com\/fr\/\",\"name\":\"Expotrade\",\"description\":\"Faltzelte, Falttische, Sitzs\u00e4cke und mobile ideas\",\"potentialAction\":[{\"@type\":\"SearchAction\",\"target\":{\"@type\":\"EntryPoint\",\"urlTemplate\":\"https:\/\/www.expotradegroup.com\/fr\/?s={search_term_string}\"},\"query-input\":\"required name=search_term_string\"}],\"inLanguage\":\"fr-FR\"}]}<\/script>\n<!-- \/ Yoast SEO plugin. -->","yoast_head_json":{"title":"expoair airdome 6x6m - la tente d\u00f4me pneumatique de grande taille","description":"expoair airdome 6x6m est une construction de d\u00f4me gonflable avec une forme optique impressionnante comme un d\u00f4me. pneumatique de grande taille","robots":{"index":"index","follow":"follow","max-snippet":"max-snippet:-1","max-image-preview":"max-image-preview:large","max-video-preview":"max-video-preview:-1"},"canonical":"https:\/\/www.expotradegroup.com\/fr\/expoair-airdome\/expoair-airdome-6x6m\/","og_locale":"fr_FR","og_type":"article","og_title":"expoair airdome 6x6m - la tente d\u00f4me pneumatique de grande taille","og_description":"expoair airdome 6x6m est une construction de d\u00f4me gonflable avec une forme optique impressionnante comme un d\u00f4me. pneumatique de grande taille","og_url":"https:\/\/www.expotradegroup.com\/fr\/expoair-airdome\/expoair-airdome-6x6m\/","og_site_name":"Expotrade","article_publisher":"https:\/\/www.facebook.com\/Expotrade-Group-Gmbh-Head-Office-501830963237226\/timeline\/","article_modified_time":"2020-06-13T18:14:35+00:00","og_image":[{"url":"https:\/\/www.expotradegroup.com\/wp-content\/uploads\/2015\/10\/Stofffarben_Expair_e-1030x360.png"}],"twitter_card":"summary_large_image","twitter_site":"@Expotrade_Group","twitter_misc":{"Dur\u00e9e de lecture estim\u00e9e":"4 minutes"},"schema":{"@context":"https:\/\/schema.org","@graph":[{"@type":"WebPage","@id":"https:\/\/www.expotradegroup.com\/fr\/expoair-airdome\/expoair-airdome-6x6m\/","url":"https:\/\/www.expotradegroup.com\/fr\/expoair-airdome\/expoair-airdome-6x6m\/","name":"expoair airdome 6x6m - la tente d\u00f4me pneumatique de grande taille","isPartOf":{"@id":"https:\/\/www.expotradegroup.com\/fr\/#website"},"primaryImageOfPage":{"@id":"https:\/\/www.expotradegroup.com\/fr\/expoair-airdome\/expoair-airdome-6x6m\/#primaryimage"},"image":{"@id":"https:\/\/www.expotradegroup.com\/fr\/expoair-airdome\/expoair-airdome-6x6m\/#primaryimage"},"thumbnailUrl":"https:\/\/www.expotradegroup.com\/wp-content\/uploads\/2015\/10\/Stofffarben_Expair_e-1030x360.png","datePublished":"2015-10-27T18:33:01+00:00","dateModified":"2020-06-13T18:14:35+00:00","description":"expoair airdome 6x6m est une construction de d\u00f4me gonflable avec une forme optique impressionnante comme un d\u00f4me. pneumatique de grande taille","breadcrumb":{"@id":"https:\/\/www.expotradegroup.com\/fr\/expoair-airdome\/expoair-airdome-6x6m\/#breadcrumb"},"inLanguage":"fr-FR","potentialAction":[{"@type":"ReadAction","target":["https:\/\/www.expotradegroup.com\/fr\/expoair-airdome\/expoair-airdome-6x6m\/"]}]},{"@type":"ImageObject","inLanguage":"fr-FR","@id":"https:\/\/www.expotradegroup.com\/fr\/expoair-airdome\/expoair-airdome-6x6m\/#primaryimage","url":"https:\/\/www.expotradegroup.com\/wp-content\/uploads\/2015\/10\/Stofffarben_Expair_e-1030x360.png","contentUrl":"https:\/\/www.expotradegroup.com\/wp-content\/uploads\/2015\/10\/Stofffarben_Expair_e-1030x360.png"},{"@type":"BreadcrumbList","@id":"https:\/\/www.expotradegroup.com\/fr\/expoair-airdome\/expoair-airdome-6x6m\/#breadcrumb","itemListElement":[{"@type":"ListItem","position":1,"name":"Home","item":"https:\/\/www.expotradegroup.com\/fr\/tentes-pliantes-table-pliantes-sacs-de-feves\/"},{"@type":"ListItem","position":2,"name":"expoair airdome","item":"https:\/\/www.expotradegroup.com\/fr\/expoair-airdome\/"},{"@type":"ListItem","position":3,"name":"expoair airdome 6x6m"}]},{"@type":"WebSite","@id":"https:\/\/www.expotradegroup.com\/fr\/#website","url":"https:\/\/www.expotradegroup.com\/fr\/","name":"Expotrade","description":"Faltzelte, Falttische, Sitzs\u00e4cke und mobile ideas","potentialAction":[{"@type":"SearchAction","target":{"@type":"EntryPoint","urlTemplate":"https:\/\/www.expotradegroup.com\/fr\/?s={search_term_string}"},"query-input":"required name=search_term_string"}],"inLanguage":"fr-FR"}]}},"_links":{"self":[{"href":"https:\/\/www.expotradegroup.com\/fr\/wp-json\/wp\/v2\/pages\/12605"}],"collection":[{"href":"https:\/\/www.expotradegroup.com\/fr\/wp-json\/wp\/v2\/pages"}],"about":[{"href":"https:\/\/www.expotradegroup.com\/fr\/wp-json\/wp\/v2\/types\/page"}],"author":[{"embeddable":true,"href":"https:\/\/www.expotradegroup.com\/fr\/wp-json\/wp\/v2\/users\/1"}],"replies":[{"embeddable":true,"href":"https:\/\/www.expotradegroup.com\/fr\/wp-json\/wp\/v2\/comments?post=12605"}],"version-history":[{"count":5,"href":"https:\/\/www.expotradegroup.com\/fr\/wp-json\/wp\/v2\/pages\/12605\/revisions"}],"predecessor-version":[{"id":22671,"href":"https:\/\/www.expotradegroup.com\/fr\/wp-json\/wp\/v2\/pages\/12605\/revisions\/22671"}],"up":[{"embeddable":true,"href":"https:\/\/www.expotradegroup.com\/fr\/wp-json\/wp\/v2\/pages\/12414"}],"wp:attachment":[{"href":"https:\/\/www.expotradegroup.com\/fr\/wp-json\/wp\/v2\/media?parent=12605"}],"curies":[{"name":"wp","href":"https:\/\/api.w.org\/{rel}","templated":true}]}}