{"id":12614,"date":"2015-09-28T09:30:39","date_gmt":"2015-09-28T07:30:39","guid":{"rendered":"http:\/\/www.expotradegroup.com\/fr\/expoair-ballast-water-rings\/"},"modified":"2020-06-15T20:38:55","modified_gmt":"2020-06-15T18:38:55","slug":"lest-a-eau-expoair","status":"publish","type":"page","link":"https:\/\/www.expotradegroup.com\/fr\/lest-a-eau-expoair\/","title":{"rendered":"Lest \u00e0 eau expoair"},"content":{"rendered":"<div class=\"flex_column av_one_full  flex_column_div av-zero-column-padding first  \" style='border-radius:0px; '><\/div>\n<div class=\"flex_column av_one_full  flex_column_div av-zero-column-padding first  \" style='border-radius:0px; '><div style='padding-bottom:10px; ' class='av-special-heading av-special-heading-h1    '><h1 class='av-special-heading-tag '  itemprop=\"headline\"  >expoair Lest \u00e0 eau airdome<\/h1><div class='special-heading-border'><div class='special-heading-inner-border' ><\/div><\/div><\/div><\/div><section class=\"av_textblock_section \"  itemscope=\"itemscope\" itemtype=\"https:\/\/schema.org\/CreativeWork\" ><div class='avia_textblock  '   itemprop=\"text\" ><p>Comme le d\u00f4me Expoair est gonflable, il a besoin d&rsquo;\u00eatre solidement fix\u00e9 au sol afin de r\u00e9sister aux vents violents. D&rsquo;un c\u00f4t\u00e9 vous avez les sangles de tension et les piquets de tentes qui sont fournis, mais vous avez aussi une autre solution en option: le <strong>lest \u00e0 eau Expoair<\/strong>. Ces anneaux sont remplis d&rsquo;eau et sont pass\u00e9s autour des pieds de la tente comme un donut. Ils permettent de mieux fixer l&rsquo;ensemble au sol.<\/p>\n<p>Pour le transport, videz simplement l&rsquo;eau et vous retrouverez un encombrement r\u00e9duit. Ces donuts ont un autre gros avantage sur les sangles de tension et les piquets de tente:\u00a0 Vous pourrez toujours les utiliser, soit en utilisation indoor, soit outdoor quand le sol ne permet pas de planter les piquets ou quand vous ne pourrez pas attacher \u00e0 un point fixe votre Expoair avec des sangles.<\/p>\n<\/div><\/section><\/p>\n<div style='height:30px' class='hr hr-invisible  '><span class='hr-inner ' ><span class='hr-inner-style'><\/span><\/span><\/div>\n<div class=\"flex_column av_one_third  flex_column_div av-zero-column-padding first  \" style='border-radius:0px; '><\/div><div class=\"flex_column av_one_third  flex_column_div av-zero-column-padding   \" style='border-radius:0px; '><p><div class='avia-image-container  av-styling-    avia-align-center '  itemprop=\"ImageObject\" itemscope=\"itemscope\" itemtype=\"https:\/\/schema.org\/ImageObject\"  ><div class='avia-image-container-inner'><div class='avia-image-overlay-wrap'><img class='avia_image ' src='https:\/\/www.expotradegroup.com\/wp-content\/uploads\/2015\/10\/expoair_beschwerungsring.png' alt='expoair anneau de poids' title='expoair anneau de poids' height=\"194\"width=\"250\"  itemprop=\"thumbnailUrl\"  \/><\/div><\/div><\/div><br \/>\n<section class=\"av_textblock_section \"  itemscope=\"itemscope\" itemtype=\"https:\/\/schema.org\/CreativeWork\" ><div class='avia_textblock  '   itemprop=\"text\" ><h3 style=\"text-align: center;\"><span style=\"color: #000000;\">Lest \u00e0 eau expoair<br \/>\n<\/span><\/h3>\n<\/div><\/section><\/p><\/div><\/p>\n<div class=\"flex_column av_one_third  flex_column_div av-zero-column-padding   \" style='border-radius:0px; '><\/div>\n","protected":false},"excerpt":{"rendered":"","protected":false},"author":1,"featured_media":0,"parent":0,"menu_order":2,"comment_status":"open","ping_status":"closed","template":"","meta":{"footnotes":""},"class_list":["post-12614","page","type-page","status-publish","hentry"],"yoast_head":"<!-- This site is optimized with the Yoast SEO plugin v23.2 - https:\/\/yoast.com\/wordpress\/plugins\/seo\/ -->\n<title>le d\u00f4me Expoair est gonflable, il a besoin d&#039;\u00eatre solidement fix\u00e9 au sol afin<\/title>\n<meta name=\"description\" content=\"le d\u00f4me Expoair est gonflable, il a besoin d&#039;\u00eatre solidement fix\u00e9 au sol afin de r\u00e9sister aux vents violents. D&#039;un c\u00f4t\u00e9 vous avez les sangles de tension\" \/>\n<meta name=\"robots\" content=\"index, follow, max-snippet:-1, max-image-preview:large, max-video-preview:-1\" \/>\n<link rel=\"canonical\" href=\"https:\/\/www.expotradegroup.com\/fr\/lest-a-eau-expoair\/\" \/>\n<meta property=\"og:locale\" content=\"fr_FR\" \/>\n<meta property=\"og:type\" content=\"article\" \/>\n<meta property=\"og:title\" content=\"le d\u00f4me Expoair est gonflable, il a besoin d&#039;\u00eatre solidement fix\u00e9 au sol afin\" \/>\n<meta property=\"og:description\" content=\"le d\u00f4me Expoair est gonflable, il a besoin d&#039;\u00eatre solidement fix\u00e9 au sol afin de r\u00e9sister aux vents violents. D&#039;un c\u00f4t\u00e9 vous avez les sangles de tension\" \/>\n<meta property=\"og:url\" content=\"https:\/\/www.expotradegroup.com\/fr\/lest-a-eau-expoair\/\" \/>\n<meta property=\"og:site_name\" content=\"Expotrade\" \/>\n<meta property=\"article:publisher\" content=\"https:\/\/www.facebook.com\/Expotrade-Group-Gmbh-Head-Office-501830963237226\/timeline\/\" \/>\n<meta property=\"article:modified_time\" content=\"2020-06-15T18:38:55+00:00\" \/>\n<meta name=\"twitter:card\" content=\"summary_large_image\" \/>\n<meta name=\"twitter:site\" content=\"@Expotrade_Group\" \/>\n<meta name=\"twitter:label1\" content=\"Dur\u00e9e de lecture estim\u00e9e\" \/>\n\t<meta name=\"twitter:data1\" content=\"3 minutes\" \/>\n<script type=\"application\/ld+json\" class=\"yoast-schema-graph\">{\"@context\":\"https:\/\/schema.org\",\"@graph\":[{\"@type\":\"WebPage\",\"@id\":\"https:\/\/www.expotradegroup.com\/fr\/lest-a-eau-expoair\/\",\"url\":\"https:\/\/www.expotradegroup.com\/fr\/lest-a-eau-expoair\/\",\"name\":\"le d\u00f4me Expoair est gonflable, il a besoin d'\u00eatre solidement fix\u00e9 au sol afin\",\"isPartOf\":{\"@id\":\"https:\/\/www.expotradegroup.com\/fr\/#website\"},\"datePublished\":\"2015-09-28T07:30:39+00:00\",\"dateModified\":\"2020-06-15T18:38:55+00:00\",\"description\":\"le d\u00f4me Expoair est gonflable, il a besoin d'\u00eatre solidement fix\u00e9 au sol afin de r\u00e9sister aux vents violents. D'un c\u00f4t\u00e9 vous avez les sangles de tension\",\"breadcrumb\":{\"@id\":\"https:\/\/www.expotradegroup.com\/fr\/lest-a-eau-expoair\/#breadcrumb\"},\"inLanguage\":\"fr-FR\",\"potentialAction\":[{\"@type\":\"ReadAction\",\"target\":[\"https:\/\/www.expotradegroup.com\/fr\/lest-a-eau-expoair\/\"]}]},{\"@type\":\"BreadcrumbList\",\"@id\":\"https:\/\/www.expotradegroup.com\/fr\/lest-a-eau-expoair\/#breadcrumb\",\"itemListElement\":[{\"@type\":\"ListItem\",\"position\":1,\"name\":\"Home\",\"item\":\"https:\/\/www.expotradegroup.com\/fr\/tentes-pliantes-table-pliantes-sacs-de-feves\/\"},{\"@type\":\"ListItem\",\"position\":2,\"name\":\"Lest \u00e0 eau expoair\"}]},{\"@type\":\"WebSite\",\"@id\":\"https:\/\/www.expotradegroup.com\/fr\/#website\",\"url\":\"https:\/\/www.expotradegroup.com\/fr\/\",\"name\":\"Expotrade\",\"description\":\"Faltzelte, Falttische, Sitzs\u00e4cke und mobile ideas\",\"potentialAction\":[{\"@type\":\"SearchAction\",\"target\":{\"@type\":\"EntryPoint\",\"urlTemplate\":\"https:\/\/www.expotradegroup.com\/fr\/?s={search_term_string}\"},\"query-input\":\"required name=search_term_string\"}],\"inLanguage\":\"fr-FR\"}]}<\/script>\n<!-- \/ Yoast SEO plugin. -->","yoast_head_json":{"title":"le d\u00f4me Expoair est gonflable, il a besoin d'\u00eatre solidement fix\u00e9 au sol afin","description":"le d\u00f4me Expoair est gonflable, il a besoin d'\u00eatre solidement fix\u00e9 au sol afin de r\u00e9sister aux vents violents. D'un c\u00f4t\u00e9 vous avez les sangles de tension","robots":{"index":"index","follow":"follow","max-snippet":"max-snippet:-1","max-image-preview":"max-image-preview:large","max-video-preview":"max-video-preview:-1"},"canonical":"https:\/\/www.expotradegroup.com\/fr\/lest-a-eau-expoair\/","og_locale":"fr_FR","og_type":"article","og_title":"le d\u00f4me Expoair est gonflable, il a besoin d'\u00eatre solidement fix\u00e9 au sol afin","og_description":"le d\u00f4me Expoair est gonflable, il a besoin d'\u00eatre solidement fix\u00e9 au sol afin de r\u00e9sister aux vents violents. D'un c\u00f4t\u00e9 vous avez les sangles de tension","og_url":"https:\/\/www.expotradegroup.com\/fr\/lest-a-eau-expoair\/","og_site_name":"Expotrade","article_publisher":"https:\/\/www.facebook.com\/Expotrade-Group-Gmbh-Head-Office-501830963237226\/timeline\/","article_modified_time":"2020-06-15T18:38:55+00:00","twitter_card":"summary_large_image","twitter_site":"@Expotrade_Group","twitter_misc":{"Dur\u00e9e de lecture estim\u00e9e":"3 minutes"},"schema":{"@context":"https:\/\/schema.org","@graph":[{"@type":"WebPage","@id":"https:\/\/www.expotradegroup.com\/fr\/lest-a-eau-expoair\/","url":"https:\/\/www.expotradegroup.com\/fr\/lest-a-eau-expoair\/","name":"le d\u00f4me Expoair est gonflable, il a besoin d'\u00eatre solidement fix\u00e9 au sol afin","isPartOf":{"@id":"https:\/\/www.expotradegroup.com\/fr\/#website"},"datePublished":"2015-09-28T07:30:39+00:00","dateModified":"2020-06-15T18:38:55+00:00","description":"le d\u00f4me Expoair est gonflable, il a besoin d'\u00eatre solidement fix\u00e9 au sol afin de r\u00e9sister aux vents violents. D'un c\u00f4t\u00e9 vous avez les sangles de tension","breadcrumb":{"@id":"https:\/\/www.expotradegroup.com\/fr\/lest-a-eau-expoair\/#breadcrumb"},"inLanguage":"fr-FR","potentialAction":[{"@type":"ReadAction","target":["https:\/\/www.expotradegroup.com\/fr\/lest-a-eau-expoair\/"]}]},{"@type":"BreadcrumbList","@id":"https:\/\/www.expotradegroup.com\/fr\/lest-a-eau-expoair\/#breadcrumb","itemListElement":[{"@type":"ListItem","position":1,"name":"Home","item":"https:\/\/www.expotradegroup.com\/fr\/tentes-pliantes-table-pliantes-sacs-de-feves\/"},{"@type":"ListItem","position":2,"name":"Lest \u00e0 eau expoair"}]},{"@type":"WebSite","@id":"https:\/\/www.expotradegroup.com\/fr\/#website","url":"https:\/\/www.expotradegroup.com\/fr\/","name":"Expotrade","description":"Faltzelte, Falttische, Sitzs\u00e4cke und mobile ideas","potentialAction":[{"@type":"SearchAction","target":{"@type":"EntryPoint","urlTemplate":"https:\/\/www.expotradegroup.com\/fr\/?s={search_term_string}"},"query-input":"required name=search_term_string"}],"inLanguage":"fr-FR"}]}},"_links":{"self":[{"href":"https:\/\/www.expotradegroup.com\/fr\/wp-json\/wp\/v2\/pages\/12614"}],"collection":[{"href":"https:\/\/www.expotradegroup.com\/fr\/wp-json\/wp\/v2\/pages"}],"about":[{"href":"https:\/\/www.expotradegroup.com\/fr\/wp-json\/wp\/v2\/types\/page"}],"author":[{"embeddable":true,"href":"https:\/\/www.expotradegroup.com\/fr\/wp-json\/wp\/v2\/users\/1"}],"replies":[{"embeddable":true,"href":"https:\/\/www.expotradegroup.com\/fr\/wp-json\/wp\/v2\/comments?post=12614"}],"version-history":[{"count":5,"href":"https:\/\/www.expotradegroup.com\/fr\/wp-json\/wp\/v2\/pages\/12614\/revisions"}],"predecessor-version":[{"id":22962,"href":"https:\/\/www.expotradegroup.com\/fr\/wp-json\/wp\/v2\/pages\/12614\/revisions\/22962"}],"wp:attachment":[{"href":"https:\/\/www.expotradegroup.com\/fr\/wp-json\/wp\/v2\/media?parent=12614"}],"curies":[{"name":"wp","href":"https:\/\/api.w.org\/{rel}","templated":true}]}}