{"id":12615,"date":"2015-09-28T09:42:26","date_gmt":"2015-09-28T07:42:26","guid":{"rendered":"http:\/\/www.expotradegroup.com\/fr\/expoair-floor\/"},"modified":"2020-06-15T20:40:43","modified_gmt":"2020-06-15T18:40:43","slug":"sol-expoair","status":"publish","type":"page","link":"https:\/\/www.expotradegroup.com\/fr\/sol-expoair\/","title":{"rendered":"Sol expoair"},"content":{"rendered":"<div class=\"flex_column av_one_full  flex_column_div av-zero-column-padding first  \" style='border-radius:0px; '><\/div>\n<div class=\"flex_column av_one_full  flex_column_div av-zero-column-padding first  \" style='border-radius:0px; '><div style='padding-bottom:10px; ' class='av-special-heading av-special-heading-h1    '><h1 class='av-special-heading-tag '  itemprop=\"headline\"  >expoair sol<\/h1><div class='special-heading-border'><div class='special-heading-inner-border' ><\/div><\/div><\/div><\/div><section class=\"av_textblock_section \"  itemscope=\"itemscope\" itemtype=\"https:\/\/schema.org\/CreativeWork\" ><div class='avia_textblock  '   itemprop=\"text\" ><p>Bien que la pluie soit mauvaise pour la quasi-totalit\u00e9 des \u00e9v\u00e9nements auxquels vous participez, Expotrade vous propose une solution afin que vos clients gardent les pieds au sec! Le <strong>sol Expoair<\/strong> permet d&rsquo;\u00e9viter que le sol de votre tente soit mouill\u00e9 et rend votre stand plus attrayant. Les dalles de sol sont facilement reli\u00e9es entre elles gr\u00e2ce \u00e0 un syst\u00e8me robuste. De petits trous dans les dalles permettent une bonne \u00e9vacuation de l&rsquo;eau et une bonne a\u00e9ration du sol.<\/p>\n<p>Le sol expoair est tr\u00e8s solide, il pourra r\u00e9sister \u00e0 des charges de plusieurs tonnes. C&rsquo;est un accessoire tr\u00e8s utile qui s&rsquo;assemble ou se d\u00e9monte tr\u00e8s rapidement, et il se transporte tr\u00e8s facilement. Vous pourrez am\u00e9liorer la finition en ajoutant des petites rampes aux extr\u00e9mit\u00e9s et aux coins, permettant ainsi un acc\u00e8s plus ais\u00e9 aux fauteuils roulants.<\/p>\n<\/div><\/section><\/p>\n<div style='height:30px' class='hr hr-invisible  '><span class='hr-inner ' ><span class='hr-inner-style'><\/span><\/span><\/div>\n<div class='avia-gallery  avia-gallery-1 avia_lazyload avia_animate_when_visible '  itemprop=\"ImageObject\" itemscope=\"itemscope\" itemtype=\"https:\/\/schema.org\/ImageObject\" ><div class='avia-gallery-thumb'> <a href='https:\/\/www.expotradegroup.com\/wp-content\/uploads\/2015\/09\/expofloor_1-1030x653.jpg' data-rel='gallery-1' data-prev-img='https:\/\/www.expotradegroup.com\/wp-content\/uploads\/2015\/09\/expofloor_1-495x400.jpg' class='first_thumb lightbox ' data-onclick='1' title='expofloor sol'  itemprop=\"thumbnailUrl\" ><img data-avia-tooltip='Expofloor Bodenplatten' src='https:\/\/www.expotradegroup.com\/wp-content\/uploads\/2015\/09\/expofloor_1-495x400.jpg' width='495' height='400'  title='expofloor sol' alt='expofloor sol' \/><\/a> <a href='https:\/\/www.expotradegroup.com\/wp-content\/uploads\/2015\/09\/System-Boden-Evo-Floor-006pfad_freigestellt-1030x870.jpg' data-rel='gallery-1' data-prev-img='https:\/\/www.expotradegroup.com\/wp-content\/uploads\/2015\/09\/System-Boden-Evo-Floor-006pfad_freigestellt-495x400.jpg' class='lightbox ' data-onclick='2' title='expofloor sol'  itemprop=\"thumbnailUrl\" ><img data-avia-tooltip='Expofloor Bodenplatten' src='https:\/\/www.expotradegroup.com\/wp-content\/uploads\/2015\/09\/System-Boden-Evo-Floor-006pfad_freigestellt-495x400.jpg' width='495' height='400'  title='expofloor sol' alt='expofloor sol' \/><\/a> <a href='https:\/\/www.expotradegroup.com\/wp-content\/uploads\/2015\/09\/expofloor_1.png' data-rel='gallery-1' data-prev-img='https:\/\/www.expotradegroup.com\/wp-content\/uploads\/2015\/09\/expofloor_1-495x400.png' class='lightbox ' data-onclick='3' title='expofloor sol rampe d&#039;angle'  itemprop=\"thumbnailUrl\" ><img data-avia-tooltip='Expofloor Eckrampe' src='https:\/\/www.expotradegroup.com\/wp-content\/uploads\/2015\/09\/expofloor_1-495x400.png' width='495' height='400'  title='expofloor sol rampe d&#039;angle' alt='expofloor sol rampe d&#039;angle' \/><\/a><\/div><\/div>\n<div style='height:30px' class='hr hr-invisible  '><span class='hr-inner ' ><span class='hr-inner-style'><\/span><\/span><\/div>\n<section class=\"av_textblock_section \"  itemscope=\"itemscope\" itemtype=\"https:\/\/schema.org\/CreativeWork\" ><div class='avia_textblock  '   itemprop=\"text\" ><h3>sol expoair &#8211; faits et chiffres<\/h3>\n<table class=\"expotrade_details_table\">\n<tbody>\n<tr>\n<td class=\"first\"><\/td>\n<td>expofloor<\/td>\n<\/tr>\n<tr>\n<td class=\"first\">plate size in cm L\/W\/H:<\/td>\n<td>50\/50\/2,7<\/td>\n<\/tr>\n<tr>\n<td class=\"first\">weight in kg\/m\u00b2:<\/td>\n<td>5,8<\/td>\n<\/tr>\n<tr>\n<td class=\"first\">surface-load T\u00dcV cert.:<\/td>\n<td>130 t<\/td>\n<\/tr>\n<tr>\n<td class=\"first\">colour:<\/td>\n<td>black<\/td>\n<\/tr>\n<\/tbody>\n<\/table>\n<\/div><\/section>\n<div style='height:30px' class='hr hr-invisible  '><span class='hr-inner ' ><span class='hr-inner-style'><\/span><\/span><\/div>\n<div class=\"flex_column av_one_half  flex_column_div av-zero-column-padding first  \" style='border-radius:0px; '><section class=\"av_textblock_section \"  itemscope=\"itemscope\" itemtype=\"https:\/\/schema.org\/CreativeWork\" ><div class='avia_textblock  '   itemprop=\"text\" ><p>advantages at a glance:<\/p>\n<ul>\n<li>very fast and easy setup due to integrated connection-parts<\/li>\n<li>can be adjusted also with a saw if necessary<\/li>\n<li>surface with wholes for easy water-runoff<\/li>\n<li>UV stable<\/li>\n<li>accessible by trucks and forklifts<\/li>\n<li>anti-slippery surface<\/li>\n<li>ramps and corner-parts available<\/li>\n<\/ul>\n<\/div><\/section><\/div>\n","protected":false},"excerpt":{"rendered":"","protected":false},"author":1,"featured_media":0,"parent":0,"menu_order":3,"comment_status":"open","ping_status":"closed","template":"","meta":{"footnotes":""},"class_list":["post-12615","page","type-page","status-publish","hentry"],"yoast_head":"<!-- This site is optimized with the Yoast SEO plugin v23.2 - https:\/\/yoast.com\/wordpress\/plugins\/seo\/ -->\n<title>sol expoair - la solution parfaite pour les tentes gonflables<\/title>\n<meta name=\"description\" content=\"sol expoair est un sol tr\u00e8s solide compos\u00e9 de plaques de 50x50cm. Conduisable par camions et chariots \u00e9l\u00e9vateurs et facile \u00e0 installer.\" \/>\n<meta name=\"robots\" content=\"index, follow, max-snippet:-1, max-image-preview:large, max-video-preview:-1\" \/>\n<link rel=\"canonical\" href=\"https:\/\/www.expotradegroup.com\/fr\/sol-expoair\/\" \/>\n<meta property=\"og:locale\" content=\"fr_FR\" \/>\n<meta property=\"og:type\" content=\"article\" \/>\n<meta property=\"og:title\" content=\"sol expoair - la solution parfaite pour les tentes gonflables\" \/>\n<meta property=\"og:description\" content=\"sol expoair est un sol tr\u00e8s solide compos\u00e9 de plaques de 50x50cm. Conduisable par camions et chariots \u00e9l\u00e9vateurs et facile \u00e0 installer.\" \/>\n<meta property=\"og:url\" content=\"https:\/\/www.expotradegroup.com\/fr\/sol-expoair\/\" \/>\n<meta property=\"og:site_name\" content=\"Expotrade\" \/>\n<meta property=\"article:publisher\" content=\"https:\/\/www.facebook.com\/Expotrade-Group-Gmbh-Head-Office-501830963237226\/timeline\/\" \/>\n<meta property=\"article:modified_time\" content=\"2020-06-15T18:40:43+00:00\" \/>\n<meta name=\"twitter:card\" content=\"summary_large_image\" \/>\n<meta name=\"twitter:site\" content=\"@Expotrade_Group\" \/>\n<meta name=\"twitter:label1\" content=\"Dur\u00e9e de lecture estim\u00e9e\" \/>\n\t<meta name=\"twitter:data1\" content=\"4 minutes\" \/>\n<script type=\"application\/ld+json\" class=\"yoast-schema-graph\">{\"@context\":\"https:\/\/schema.org\",\"@graph\":[{\"@type\":\"WebPage\",\"@id\":\"https:\/\/www.expotradegroup.com\/fr\/sol-expoair\/\",\"url\":\"https:\/\/www.expotradegroup.com\/fr\/sol-expoair\/\",\"name\":\"sol expoair - la solution parfaite pour les tentes gonflables\",\"isPartOf\":{\"@id\":\"https:\/\/www.expotradegroup.com\/fr\/#website\"},\"datePublished\":\"2015-09-28T07:42:26+00:00\",\"dateModified\":\"2020-06-15T18:40:43+00:00\",\"description\":\"sol expoair est un sol tr\u00e8s solide compos\u00e9 de plaques de 50x50cm. Conduisable par camions et chariots \u00e9l\u00e9vateurs et facile \u00e0 installer.\",\"breadcrumb\":{\"@id\":\"https:\/\/www.expotradegroup.com\/fr\/sol-expoair\/#breadcrumb\"},\"inLanguage\":\"fr-FR\",\"potentialAction\":[{\"@type\":\"ReadAction\",\"target\":[\"https:\/\/www.expotradegroup.com\/fr\/sol-expoair\/\"]}]},{\"@type\":\"BreadcrumbList\",\"@id\":\"https:\/\/www.expotradegroup.com\/fr\/sol-expoair\/#breadcrumb\",\"itemListElement\":[{\"@type\":\"ListItem\",\"position\":1,\"name\":\"Home\",\"item\":\"https:\/\/www.expotradegroup.com\/fr\/tentes-pliantes-table-pliantes-sacs-de-feves\/\"},{\"@type\":\"ListItem\",\"position\":2,\"name\":\"Sol expoair\"}]},{\"@type\":\"WebSite\",\"@id\":\"https:\/\/www.expotradegroup.com\/fr\/#website\",\"url\":\"https:\/\/www.expotradegroup.com\/fr\/\",\"name\":\"Expotrade\",\"description\":\"Faltzelte, Falttische, Sitzs\u00e4cke und mobile ideas\",\"potentialAction\":[{\"@type\":\"SearchAction\",\"target\":{\"@type\":\"EntryPoint\",\"urlTemplate\":\"https:\/\/www.expotradegroup.com\/fr\/?s={search_term_string}\"},\"query-input\":\"required name=search_term_string\"}],\"inLanguage\":\"fr-FR\"}]}<\/script>\n<!-- \/ Yoast SEO plugin. -->","yoast_head_json":{"title":"sol expoair - la solution parfaite pour les tentes gonflables","description":"sol expoair est un sol tr\u00e8s solide compos\u00e9 de plaques de 50x50cm. Conduisable par camions et chariots \u00e9l\u00e9vateurs et facile \u00e0 installer.","robots":{"index":"index","follow":"follow","max-snippet":"max-snippet:-1","max-image-preview":"max-image-preview:large","max-video-preview":"max-video-preview:-1"},"canonical":"https:\/\/www.expotradegroup.com\/fr\/sol-expoair\/","og_locale":"fr_FR","og_type":"article","og_title":"sol expoair - la solution parfaite pour les tentes gonflables","og_description":"sol expoair est un sol tr\u00e8s solide compos\u00e9 de plaques de 50x50cm. Conduisable par camions et chariots \u00e9l\u00e9vateurs et facile \u00e0 installer.","og_url":"https:\/\/www.expotradegroup.com\/fr\/sol-expoair\/","og_site_name":"Expotrade","article_publisher":"https:\/\/www.facebook.com\/Expotrade-Group-Gmbh-Head-Office-501830963237226\/timeline\/","article_modified_time":"2020-06-15T18:40:43+00:00","twitter_card":"summary_large_image","twitter_site":"@Expotrade_Group","twitter_misc":{"Dur\u00e9e de lecture estim\u00e9e":"4 minutes"},"schema":{"@context":"https:\/\/schema.org","@graph":[{"@type":"WebPage","@id":"https:\/\/www.expotradegroup.com\/fr\/sol-expoair\/","url":"https:\/\/www.expotradegroup.com\/fr\/sol-expoair\/","name":"sol expoair - la solution parfaite pour les tentes gonflables","isPartOf":{"@id":"https:\/\/www.expotradegroup.com\/fr\/#website"},"datePublished":"2015-09-28T07:42:26+00:00","dateModified":"2020-06-15T18:40:43+00:00","description":"sol expoair est un sol tr\u00e8s solide compos\u00e9 de plaques de 50x50cm. Conduisable par camions et chariots \u00e9l\u00e9vateurs et facile \u00e0 installer.","breadcrumb":{"@id":"https:\/\/www.expotradegroup.com\/fr\/sol-expoair\/#breadcrumb"},"inLanguage":"fr-FR","potentialAction":[{"@type":"ReadAction","target":["https:\/\/www.expotradegroup.com\/fr\/sol-expoair\/"]}]},{"@type":"BreadcrumbList","@id":"https:\/\/www.expotradegroup.com\/fr\/sol-expoair\/#breadcrumb","itemListElement":[{"@type":"ListItem","position":1,"name":"Home","item":"https:\/\/www.expotradegroup.com\/fr\/tentes-pliantes-table-pliantes-sacs-de-feves\/"},{"@type":"ListItem","position":2,"name":"Sol expoair"}]},{"@type":"WebSite","@id":"https:\/\/www.expotradegroup.com\/fr\/#website","url":"https:\/\/www.expotradegroup.com\/fr\/","name":"Expotrade","description":"Faltzelte, Falttische, Sitzs\u00e4cke und mobile ideas","potentialAction":[{"@type":"SearchAction","target":{"@type":"EntryPoint","urlTemplate":"https:\/\/www.expotradegroup.com\/fr\/?s={search_term_string}"},"query-input":"required name=search_term_string"}],"inLanguage":"fr-FR"}]}},"_links":{"self":[{"href":"https:\/\/www.expotradegroup.com\/fr\/wp-json\/wp\/v2\/pages\/12615"}],"collection":[{"href":"https:\/\/www.expotradegroup.com\/fr\/wp-json\/wp\/v2\/pages"}],"about":[{"href":"https:\/\/www.expotradegroup.com\/fr\/wp-json\/wp\/v2\/types\/page"}],"author":[{"embeddable":true,"href":"https:\/\/www.expotradegroup.com\/fr\/wp-json\/wp\/v2\/users\/1"}],"replies":[{"embeddable":true,"href":"https:\/\/www.expotradegroup.com\/fr\/wp-json\/wp\/v2\/comments?post=12615"}],"version-history":[{"count":5,"href":"https:\/\/www.expotradegroup.com\/fr\/wp-json\/wp\/v2\/pages\/12615\/revisions"}],"predecessor-version":[{"id":22967,"href":"https:\/\/www.expotradegroup.com\/fr\/wp-json\/wp\/v2\/pages\/12615\/revisions\/22967"}],"wp:attachment":[{"href":"https:\/\/www.expotradegroup.com\/fr\/wp-json\/wp\/v2\/media?parent=12615"}],"curies":[{"name":"wp","href":"https:\/\/api.w.org\/{rel}","templated":true}]}}