{"id":12649,"date":"2015-09-24T20:49:19","date_gmt":"2015-09-24T18:49:19","guid":{"rendered":"http:\/\/www.expotradegroup.com\/fr\/expodome-infrared-heating\/"},"modified":"2020-08-08T14:59:23","modified_gmt":"2020-08-08T12:59:23","slug":"chauffage-infra-rouge-expodome","status":"publish","type":"page","link":"https:\/\/www.expotradegroup.com\/fr\/chauffage-infra-rouge-expodome\/","title":{"rendered":"chauffage infra-rouge expodome"},"content":{"rendered":"<div class=\"flex_column av_one_full  flex_column_div av-zero-column-padding first  \" style='border-radius:0px; '><div style='padding-bottom:10px; ' class='av-special-heading av-special-heading-h1    '><h1 class='av-special-heading-tag '  itemprop=\"headline\"  >chauffage infra-rouge expodome<\/h1><div class='special-heading-border'><div class='special-heading-inner-border' ><\/div><\/div><\/div><\/div><section class=\"av_textblock_section \"  itemscope=\"itemscope\" itemtype=\"https:\/\/schema.org\/CreativeWork\" ><div class='avia_textblock  '   itemprop=\"text\" ><p>Afin d&rsquo;obtenir une temp\u00e9rature agr\u00e9able dans votre Expod\u00f4me durant l&rsquo;hiver, Expotrade vous propose le chauffage infra-rouge expodome. Ce syst\u00e8me pr\u00e9sente un gros avantage, il ne chauffe pas sur sa partie arri\u00e8re. Ainsi, le\u00a0 mat\u00e9riau ne sera pas endommag\u00e9 \u00e0 cause de la chaleur. Respectez juste une distance raisonnable. La fixation par velcro permet une installation verticale sur le pied. Si vous utilisez un d\u00f4me de grande taille, 6 ou 9m, il est recommand\u00e9 d&rsquo;utiliser deux syst\u00e8mes de chauffage, un seul pouvant se r\u00e9v\u00e9ler un peu juste en efficacit\u00e9. Autre avantage important, pas d&rsquo;odeur de gaz, ce chauffage fonctionne \u00e0 l&rsquo;\u00e9lectricit\u00e9. Pour prot\u00e9ger le chauffage infra-rouge expodome des chocs, il est livr\u00e9 avec un sac de transport adapt\u00e9.<\/p>\n<\/div><\/section><\/p>\n<div style='height:30px' class='hr hr-invisible  '><span class='hr-inner ' ><span class='hr-inner-style'><\/span><\/span><\/div>\n<div class=\"flex_column av_two_fifth  flex_column_div av-zero-column-padding first  \" style='border-radius:0px; '><div class='avia-image-container  av-styling-    avia-align-center '  itemprop=\"ImageObject\" itemscope=\"itemscope\" itemtype=\"https:\/\/schema.org\/ImageObject\"  ><div class='avia-image-container-inner'><div class='avia-image-overlay-wrap'><img class='avia_image ' src='https:\/\/www.expotradegroup.com\/wp-content\/uploads\/2015\/09\/Heizstrahler-300x165.png' alt='Chauffage radiant infra-rouge' title='Chauffage radiant infra-rouge' height=\"165\"width=\"300\"  itemprop=\"thumbnailUrl\"  \/><\/div><\/div><\/div><\/div>\n<div style='height:30px' class='hr hr-invisible  '><span class='hr-inner ' ><span class='hr-inner-style'><\/span><\/span><\/div>\n<section class=\"av_textblock_section \"  itemscope=\"itemscope\" itemtype=\"https:\/\/schema.org\/CreativeWork\" ><div class='avia_textblock  '   itemprop=\"text\" ><h3>chauffage infra-rouge expodome &#8211; faits et chiffres<\/h3>\n<table class=\"expotrade_details_table\" style=\"width: 25.835%;\">\n<tbody>\n<tr>\n<td class=\"first\">power output in Watt:<\/td>\n<td>1400<\/td>\n<\/tr>\n<tr>\n<td class=\"first\">voltage:<\/td>\n<td>230 V<\/td>\n<\/tr>\n<tr>\n<td class=\"first\">weight incl. carrybag:<\/td>\n<td>2,54 kg<\/td>\n<\/tr>\n<tr>\n<td class=\"first\">heatable area per piece:<\/td>\n<td>up to 12 m\u00b2<\/td>\n<\/tr>\n<tr>\n<td class=\"first\">size in mm L \/ W \/ H:<\/td>\n<td>483 \/ 144 \/ 152<\/td>\n<\/tr>\n<tr>\n<td>ERA-No.:<\/td>\n<td>52039<\/td>\n<\/tr>\n<\/tbody>\n<\/table>\n<\/div><\/section>\n<div class=\"flex_column av_three_fourth  flex_column_div av-zero-column-padding first  \" style='border-radius:0px; '><section class=\"av_textblock_section \"  itemscope=\"itemscope\" itemtype=\"https:\/\/schema.org\/CreativeWork\" ><div class='avia_textblock  '   itemprop=\"text\" ><p>advantages:<\/p>\n<ul>\n<li>fixing with welcro-straps at the frames\u00a0 (welcro included)<\/li>\n<li>adjustable angle<\/li>\n<li>packed in a sturdy carrybag for protection<\/li>\n<\/ul>\n<\/div><\/section><\/div>\n","protected":false},"excerpt":{"rendered":"","protected":false},"author":1,"featured_media":0,"parent":0,"menu_order":0,"comment_status":"open","ping_status":"closed","template":"","meta":{"footnotes":""},"class_list":["post-12649","page","type-page","status-publish","hentry"],"yoast_head":"<!-- This site is optimized with the Yoast SEO plugin v23.2 - https:\/\/yoast.com\/wordpress\/plugins\/seo\/ -->\n<title>chauffage infra-rouge expodome pour r\u00e9chauffer votre tente d\u00f4me<\/title>\n<meta name=\"description\" content=\"Am\u00e9liorez votre tente d\u00f4me avec le chauffage infra-rouge expodome qui r\u00e9chauffe votre tente d\u00f4me sans le bruit ennuyeux des surchauffeurs. Branchez-le!\" \/>\n<meta name=\"robots\" content=\"index, follow, max-snippet:-1, max-image-preview:large, max-video-preview:-1\" \/>\n<link rel=\"canonical\" href=\"https:\/\/www.expotradegroup.com\/fr\/chauffage-infra-rouge-expodome\/\" \/>\n<meta property=\"og:locale\" content=\"fr_FR\" \/>\n<meta property=\"og:type\" content=\"article\" \/>\n<meta property=\"og:title\" content=\"chauffage infra-rouge expodome pour r\u00e9chauffer votre tente d\u00f4me\" \/>\n<meta property=\"og:description\" content=\"Am\u00e9liorez votre tente d\u00f4me avec le chauffage infra-rouge expodome qui r\u00e9chauffe votre tente d\u00f4me sans le bruit ennuyeux des surchauffeurs. Branchez-le!\" \/>\n<meta property=\"og:url\" content=\"https:\/\/www.expotradegroup.com\/fr\/chauffage-infra-rouge-expodome\/\" \/>\n<meta property=\"og:site_name\" content=\"Expotrade\" \/>\n<meta property=\"article:publisher\" content=\"https:\/\/www.facebook.com\/Expotrade-Group-Gmbh-Head-Office-501830963237226\/timeline\/\" \/>\n<meta property=\"article:modified_time\" content=\"2020-08-08T12:59:23+00:00\" \/>\n<meta name=\"twitter:card\" content=\"summary_large_image\" \/>\n<meta name=\"twitter:site\" content=\"@Expotrade_Group\" \/>\n<meta name=\"twitter:label1\" content=\"Dur\u00e9e de lecture estim\u00e9e\" \/>\n\t<meta name=\"twitter:data1\" content=\"3 minutes\" \/>\n<script type=\"application\/ld+json\" class=\"yoast-schema-graph\">{\"@context\":\"https:\/\/schema.org\",\"@graph\":[{\"@type\":\"WebPage\",\"@id\":\"https:\/\/www.expotradegroup.com\/fr\/chauffage-infra-rouge-expodome\/\",\"url\":\"https:\/\/www.expotradegroup.com\/fr\/chauffage-infra-rouge-expodome\/\",\"name\":\"chauffage infra-rouge expodome pour r\u00e9chauffer votre tente d\u00f4me\",\"isPartOf\":{\"@id\":\"https:\/\/www.expotradegroup.com\/fr\/#website\"},\"datePublished\":\"2015-09-24T18:49:19+00:00\",\"dateModified\":\"2020-08-08T12:59:23+00:00\",\"description\":\"Am\u00e9liorez votre tente d\u00f4me avec le chauffage infra-rouge expodome qui r\u00e9chauffe votre tente d\u00f4me sans le bruit ennuyeux des surchauffeurs. Branchez-le!\",\"breadcrumb\":{\"@id\":\"https:\/\/www.expotradegroup.com\/fr\/chauffage-infra-rouge-expodome\/#breadcrumb\"},\"inLanguage\":\"fr-FR\",\"potentialAction\":[{\"@type\":\"ReadAction\",\"target\":[\"https:\/\/www.expotradegroup.com\/fr\/chauffage-infra-rouge-expodome\/\"]}]},{\"@type\":\"BreadcrumbList\",\"@id\":\"https:\/\/www.expotradegroup.com\/fr\/chauffage-infra-rouge-expodome\/#breadcrumb\",\"itemListElement\":[{\"@type\":\"ListItem\",\"position\":1,\"name\":\"Home\",\"item\":\"https:\/\/www.expotradegroup.com\/fr\/tentes-pliantes-table-pliantes-sacs-de-feves\/\"},{\"@type\":\"ListItem\",\"position\":2,\"name\":\"chauffage infra-rouge expodome\"}]},{\"@type\":\"WebSite\",\"@id\":\"https:\/\/www.expotradegroup.com\/fr\/#website\",\"url\":\"https:\/\/www.expotradegroup.com\/fr\/\",\"name\":\"Expotrade\",\"description\":\"Faltzelte, Falttische, Sitzs\u00e4cke und mobile ideas\",\"potentialAction\":[{\"@type\":\"SearchAction\",\"target\":{\"@type\":\"EntryPoint\",\"urlTemplate\":\"https:\/\/www.expotradegroup.com\/fr\/?s={search_term_string}\"},\"query-input\":\"required name=search_term_string\"}],\"inLanguage\":\"fr-FR\"}]}<\/script>\n<!-- \/ Yoast SEO plugin. -->","yoast_head_json":{"title":"chauffage infra-rouge expodome pour r\u00e9chauffer votre tente d\u00f4me","description":"Am\u00e9liorez votre tente d\u00f4me avec le chauffage infra-rouge expodome qui r\u00e9chauffe votre tente d\u00f4me sans le bruit ennuyeux des surchauffeurs. Branchez-le!","robots":{"index":"index","follow":"follow","max-snippet":"max-snippet:-1","max-image-preview":"max-image-preview:large","max-video-preview":"max-video-preview:-1"},"canonical":"https:\/\/www.expotradegroup.com\/fr\/chauffage-infra-rouge-expodome\/","og_locale":"fr_FR","og_type":"article","og_title":"chauffage infra-rouge expodome pour r\u00e9chauffer votre tente d\u00f4me","og_description":"Am\u00e9liorez votre tente d\u00f4me avec le chauffage infra-rouge expodome qui r\u00e9chauffe votre tente d\u00f4me sans le bruit ennuyeux des surchauffeurs. Branchez-le!","og_url":"https:\/\/www.expotradegroup.com\/fr\/chauffage-infra-rouge-expodome\/","og_site_name":"Expotrade","article_publisher":"https:\/\/www.facebook.com\/Expotrade-Group-Gmbh-Head-Office-501830963237226\/timeline\/","article_modified_time":"2020-08-08T12:59:23+00:00","twitter_card":"summary_large_image","twitter_site":"@Expotrade_Group","twitter_misc":{"Dur\u00e9e de lecture estim\u00e9e":"3 minutes"},"schema":{"@context":"https:\/\/schema.org","@graph":[{"@type":"WebPage","@id":"https:\/\/www.expotradegroup.com\/fr\/chauffage-infra-rouge-expodome\/","url":"https:\/\/www.expotradegroup.com\/fr\/chauffage-infra-rouge-expodome\/","name":"chauffage infra-rouge expodome pour r\u00e9chauffer votre tente d\u00f4me","isPartOf":{"@id":"https:\/\/www.expotradegroup.com\/fr\/#website"},"datePublished":"2015-09-24T18:49:19+00:00","dateModified":"2020-08-08T12:59:23+00:00","description":"Am\u00e9liorez votre tente d\u00f4me avec le chauffage infra-rouge expodome qui r\u00e9chauffe votre tente d\u00f4me sans le bruit ennuyeux des surchauffeurs. Branchez-le!","breadcrumb":{"@id":"https:\/\/www.expotradegroup.com\/fr\/chauffage-infra-rouge-expodome\/#breadcrumb"},"inLanguage":"fr-FR","potentialAction":[{"@type":"ReadAction","target":["https:\/\/www.expotradegroup.com\/fr\/chauffage-infra-rouge-expodome\/"]}]},{"@type":"BreadcrumbList","@id":"https:\/\/www.expotradegroup.com\/fr\/chauffage-infra-rouge-expodome\/#breadcrumb","itemListElement":[{"@type":"ListItem","position":1,"name":"Home","item":"https:\/\/www.expotradegroup.com\/fr\/tentes-pliantes-table-pliantes-sacs-de-feves\/"},{"@type":"ListItem","position":2,"name":"chauffage infra-rouge expodome"}]},{"@type":"WebSite","@id":"https:\/\/www.expotradegroup.com\/fr\/#website","url":"https:\/\/www.expotradegroup.com\/fr\/","name":"Expotrade","description":"Faltzelte, Falttische, Sitzs\u00e4cke und mobile ideas","potentialAction":[{"@type":"SearchAction","target":{"@type":"EntryPoint","urlTemplate":"https:\/\/www.expotradegroup.com\/fr\/?s={search_term_string}"},"query-input":"required name=search_term_string"}],"inLanguage":"fr-FR"}]}},"_links":{"self":[{"href":"https:\/\/www.expotradegroup.com\/fr\/wp-json\/wp\/v2\/pages\/12649"}],"collection":[{"href":"https:\/\/www.expotradegroup.com\/fr\/wp-json\/wp\/v2\/pages"}],"about":[{"href":"https:\/\/www.expotradegroup.com\/fr\/wp-json\/wp\/v2\/types\/page"}],"author":[{"embeddable":true,"href":"https:\/\/www.expotradegroup.com\/fr\/wp-json\/wp\/v2\/users\/1"}],"replies":[{"embeddable":true,"href":"https:\/\/www.expotradegroup.com\/fr\/wp-json\/wp\/v2\/comments?post=12649"}],"version-history":[{"count":6,"href":"https:\/\/www.expotradegroup.com\/fr\/wp-json\/wp\/v2\/pages\/12649\/revisions"}],"predecessor-version":[{"id":28795,"href":"https:\/\/www.expotradegroup.com\/fr\/wp-json\/wp\/v2\/pages\/12649\/revisions\/28795"}],"wp:attachment":[{"href":"https:\/\/www.expotradegroup.com\/fr\/wp-json\/wp\/v2\/media?parent=12649"}],"curies":[{"name":"wp","href":"https:\/\/api.w.org\/{rel}","templated":true}]}}