{"id":12651,"date":"2015-09-24T20:34:52","date_gmt":"2015-09-24T18:34:52","guid":{"rendered":"http:\/\/www.expotradegroup.com\/fr\/expodome-sidewalls\/"},"modified":"2020-08-08T14:55:49","modified_gmt":"2020-08-08T12:55:49","slug":"cotes-expodome","status":"publish","type":"page","link":"https:\/\/www.expotradegroup.com\/fr\/cotes-expodome\/","title":{"rendered":"c\u00f4t\u00e9s expodome"},"content":{"rendered":"<div class=\"flex_column av_one_full  flex_column_div av-zero-column-padding first  \" style='border-radius:0px; '><div style='padding-bottom:10px; ' class='av-special-heading av-special-heading-h1    '><h1 class='av-special-heading-tag '  itemprop=\"headline\"  >c\u00f4t\u00e9s expodome<\/h1><div class='special-heading-border'><div class='special-heading-inner-border' ><\/div><\/div><\/div><\/div>\n<section class=\"av_textblock_section \"  itemscope=\"itemscope\" itemtype=\"https:\/\/schema.org\/CreativeWork\" ><div class='avia_textblock  '   itemprop=\"text\" ><p>Afin de fermer votre d\u00f4me et le prot\u00e9ger des mauvaises conditions m\u00e9t\u00e9o ou des curieux, Expotrade vous propose les c\u00f4t\u00e9s expodome. Selon vos besoins, il existe diff\u00e9rentes versions, comme le c\u00f4t\u00e9 ferm\u00e9 (standard), celui avec une fen\u00eatre (panorama), celui avec fen\u00eatre et porte (panorama 1 porte) et pour ceux qui voudraient une combinaison du standard et du panorama, le mod\u00e8le sp\u00e9cial panorama avec rideau. Ce dernier permet de fermer la fen\u00eatre avec un rideau pour \u00e9viter les regards \u00e0 l&rsquo;int\u00e9rieur de la tente. Mais la fonction principale des ces c\u00f4t\u00e9s est de prot\u00e9ger l&rsquo;int\u00e9rieur de la tente de la pluie et du vent tout en cr\u00e9ant une atmosph\u00e8re confortable.<\/p>\n<p>Les c\u00f4t\u00e9s expodome s&rsquo;installent facilement avec une fermeture \u00e9clair, soit directement sur le toit, soit sur l&rsquo;ext\u00e9rieur de la visi\u00e8re si vous avez un grand mod\u00e8le (4,8m\/\/6m\/9m). Comme le c\u00f4t\u00e9 ext\u00e9rieur a une taille sup\u00e9rieure au c\u00f4t\u00e9 int\u00e9rieur, le c\u00f4t\u00e9 int\u00e9rieur n&rsquo;est pas compatible, il faut donc nous dire pr\u00e9cis\u00e9ment quel c\u00f4t\u00e9 expodome vous souhaitez. Nous avons besoin de savoir s&rsquo;il vous faut un c\u00f4t\u00e9 pour l&rsquo;int\u00e9rieur ou pour l&rsquo;ext\u00e9rieur (sur le toit ou sur la visi\u00e8re). Pour \u00e9viter toute confusion, le sac de transport est \u00e9tiquet\u00e9 avec le nom de chaque mod\u00e8le et sa taille.<\/p>\n<\/div><\/section>\n<div style='height:30px' class='hr hr-invisible  '><span class='hr-inner ' ><span class='hr-inner-style'><\/span><\/span><\/div>\n<div class=\"flex_column av_one_third  flex_column_div av-zero-column-padding first  \" style='border-radius:0px; '><p><div class='avia-image-container  av-styling-    avia-align-center '  itemprop=\"ImageObject\" itemscope=\"itemscope\" itemtype=\"https:\/\/schema.org\/ImageObject\"  ><div class='avia-image-container-inner'><div class='avia-image-overlay-wrap'><img class='avia_image ' src='https:\/\/www.expotradegroup.com\/wp-content\/uploads\/2015\/10\/expodome_banner.png' alt='expodome logobanner' title='expodome logobanner' height=\"156\"width=\"250\"  itemprop=\"thumbnailUrl\"  \/><\/div><\/div><\/div><br \/>\n<section class=\"av_textblock_section \"  itemscope=\"itemscope\" itemtype=\"https:\/\/schema.org\/CreativeWork\" ><div class='avia_textblock  '   itemprop=\"text\" ><h5 style=\"text-align: center;\">Logobanner<\/h5>\n<h3 style=\"text-align: center;\"><span lang=\"fr\">fixe \u00e0 l&rsquo;int\u00e9rieur et \/ ou \u00e0 l&rsquo;ext\u00e9rieur<\/span><\/h3>\n<div id=\"tw-target-rmn-container\" class=\"tw-ta-container hide-focus-ring tw-nfl\">\n<pre id=\"tw-target-rmn\" class=\"tw-data-placeholder tw-text-small tw-ta\" dir=\"ltr\" data-placeholder=\"\"><\/pre>\n<\/div>\n<h3 style=\"text-align: center;\"><span style=\"color: #000000;\">\u00a0<\/span><\/h3>\n<\/div><\/section><\/p><\/div><div class=\"flex_column av_one_third  flex_column_div av-zero-column-padding   \" style='border-radius:0px; '><p><div class='avia-image-container  av-styling-    avia-align-center '  itemprop=\"ImageObject\" itemscope=\"itemscope\" itemtype=\"https:\/\/schema.org\/ImageObject\"  ><div class='avia-image-container-inner'><div class='avia-image-overlay-wrap'><img class='avia_image ' src='https:\/\/www.expotradegroup.com\/wp-content\/uploads\/2015\/10\/expodome_standard.png' alt='expodome c\u00f4te Standard' title='expodome c\u00f4te Standard' height=\"141\"width=\"250\"  itemprop=\"thumbnailUrl\"  \/><\/div><\/div><\/div><br \/>\n<section class=\"av_textblock_section \"  itemscope=\"itemscope\" itemtype=\"https:\/\/schema.org\/CreativeWork\" ><div class='avia_textblock  '   itemprop=\"text\" ><h3 style=\"text-align: center;\"><span style=\"color: #000000;\">c\u00f4tes Standard<\/span><\/h3>\n<\/div><\/section><\/p><\/div><\/p>\n<div class=\"flex_column av_one_third  flex_column_div av-zero-column-padding   \" style='border-radius:0px; '><p><div class='avia-image-container  av-styling-    avia-align-center '  itemprop=\"ImageObject\" itemscope=\"itemscope\" itemtype=\"https:\/\/schema.org\/ImageObject\"  ><div class='avia-image-container-inner'><div class='avia-image-overlay-wrap'><img class='avia_image ' src='https:\/\/www.expotradegroup.com\/wp-content\/uploads\/2015\/10\/expodome_standard_t\u00fcre.png' alt='expodome c\u00f4te Standard porte' title='expodome c\u00f4te Standard porte' height=\"150\"width=\"250\"  itemprop=\"thumbnailUrl\"  \/><\/div><\/div><\/div><br \/>\n<section class=\"av_textblock_section \"  itemscope=\"itemscope\" itemtype=\"https:\/\/schema.org\/CreativeWork\" ><div class='avia_textblock  '   itemprop=\"text\" ><h3 style=\"text-align: center;\">c\u00f4tes <span style=\"color: #000000;\">Standard porte<br \/>\n<\/span><\/h3>\n<\/div><\/section><\/p><\/div>\n<div class=\"flex_column av_one_third  flex_column_div av-zero-column-padding first  \" style='border-radius:0px; '><p><div class='avia-image-container  av-styling-    avia-align-center '  itemprop=\"ImageObject\" itemscope=\"itemscope\" itemtype=\"https:\/\/schema.org\/ImageObject\"  ><div class='avia-image-container-inner'><div class='avia-image-overlay-wrap'><img class='avia_image ' src='https:\/\/www.expotradegroup.com\/wp-content\/uploads\/2015\/10\/expodome_panorama.png' alt='expodome c\u00f4te Panorama' title='expodome c\u00f4te Panorama' height=\"142\"width=\"250\"  itemprop=\"thumbnailUrl\"  \/><\/div><\/div><\/div><br \/>\n<section class=\"av_textblock_section \"  itemscope=\"itemscope\" itemtype=\"https:\/\/schema.org\/CreativeWork\" ><div class='avia_textblock  '   itemprop=\"text\" ><h3 style=\"text-align: center;\">c\u00f4tes <span style=\"color: #000000;\">Panorama<\/span><\/h3>\n<\/div><\/section><\/p><\/div>\n<div class=\"flex_column av_one_third  flex_column_div av-zero-column-padding   \" style='border-radius:0px; '><p><div class='avia-image-container  av-styling-    avia-align-center '  itemprop=\"ImageObject\" itemscope=\"itemscope\" itemtype=\"https:\/\/schema.org\/ImageObject\"  ><div class='avia-image-container-inner'><div class='avia-image-overlay-wrap'><img class='avia_image ' src='https:\/\/www.expotradegroup.com\/wp-content\/uploads\/2015\/10\/expodome_panorama_t\u00fcre4.png' alt='expodome c\u00f4te Panorama porte' title='expodome c\u00f4te Panorama porte' height=\"142\"width=\"250\"  itemprop=\"thumbnailUrl\"  \/><\/div><\/div><\/div><br \/>\n<section class=\"av_textblock_section \"  itemscope=\"itemscope\" itemtype=\"https:\/\/schema.org\/CreativeWork\" ><div class='avia_textblock  '   itemprop=\"text\" ><h3 style=\"text-align: center;\">c\u00f4tes <span style=\"color: #000000;\">Panorama porte<br \/>\n<\/span><\/h3>\n<\/div><\/section><\/p><\/div>\n<div class=\"flex_column av_one_third  flex_column_div av-zero-column-padding   \" style='border-radius:0px; '><p><div class='avia-image-container  av-styling-    avia-align-center '  itemprop=\"ImageObject\" itemscope=\"itemscope\" itemtype=\"https:\/\/schema.org\/ImageObject\"  ><div class='avia-image-container-inner'><div class='avia-image-overlay-wrap'><img class='avia_image ' src='https:\/\/www.expotradegroup.com\/wp-content\/uploads\/2015\/10\/expodome_panorama_vorhang.png' alt='expodome c\u00f4te Panorama rideau' title='expodome c\u00f4te Panorama rideau' height=\"141\"width=\"250\"  itemprop=\"thumbnailUrl\"  \/><\/div><\/div><\/div><br \/>\n<section class=\"av_textblock_section \"  itemscope=\"itemscope\" itemtype=\"https:\/\/schema.org\/CreativeWork\" ><div class='avia_textblock  '   itemprop=\"text\" ><h3 style=\"text-align: center;\">c\u00f4tes <span style=\"color: #000000;\">Panorama avec rideau<\/span><span style=\"color: #000000;\"><br \/>\n<\/span><\/h3>\n<\/div><\/section><\/p><\/div>\n","protected":false},"excerpt":{"rendered":"","protected":false},"author":1,"featured_media":0,"parent":0,"menu_order":0,"comment_status":"open","ping_status":"closed","template":"","meta":{"footnotes":""},"class_list":["post-12651","page","type-page","status-publish","hentry"],"yoast_head":"<!-- This site is optimized with the Yoast SEO plugin v23.2 - https:\/\/yoast.com\/wordpress\/plugins\/seo\/ -->\n<title>c\u00f4tes expodome - les accessoires parfaits pour vos tentes en d\u00f4me<\/title>\n<meta name=\"description\" content=\"Il existe diff\u00e9rentes versions des c\u00f4tes expodome qui peuvent \u00eatre fix\u00e9es au couvercle. Avec \/ sans fen\u00eatres, avec portes et m\u00eame avec rideau de fen\u00eatre\" \/>\n<meta name=\"robots\" content=\"index, follow, max-snippet:-1, max-image-preview:large, max-video-preview:-1\" \/>\n<link rel=\"canonical\" href=\"https:\/\/www.expotradegroup.com\/fr\/cotes-expodome\/\" \/>\n<meta property=\"og:locale\" content=\"fr_FR\" \/>\n<meta property=\"og:type\" content=\"article\" \/>\n<meta property=\"og:title\" content=\"c\u00f4tes expodome - les accessoires parfaits pour vos tentes en d\u00f4me\" \/>\n<meta property=\"og:description\" content=\"Il existe diff\u00e9rentes versions des c\u00f4tes expodome qui peuvent \u00eatre fix\u00e9es au couvercle. Avec \/ sans fen\u00eatres, avec portes et m\u00eame avec rideau de fen\u00eatre\" \/>\n<meta property=\"og:url\" content=\"https:\/\/www.expotradegroup.com\/fr\/cotes-expodome\/\" \/>\n<meta property=\"og:site_name\" content=\"Expotrade\" \/>\n<meta property=\"article:publisher\" content=\"https:\/\/www.facebook.com\/Expotrade-Group-Gmbh-Head-Office-501830963237226\/timeline\/\" \/>\n<meta property=\"article:modified_time\" content=\"2020-08-08T12:55:49+00:00\" \/>\n<meta name=\"twitter:card\" content=\"summary_large_image\" \/>\n<meta name=\"twitter:site\" content=\"@Expotrade_Group\" \/>\n<meta name=\"twitter:label1\" content=\"Dur\u00e9e de lecture estim\u00e9e\" \/>\n\t<meta name=\"twitter:data1\" content=\"7 minutes\" \/>\n<script type=\"application\/ld+json\" class=\"yoast-schema-graph\">{\"@context\":\"https:\/\/schema.org\",\"@graph\":[{\"@type\":\"WebPage\",\"@id\":\"https:\/\/www.expotradegroup.com\/fr\/cotes-expodome\/\",\"url\":\"https:\/\/www.expotradegroup.com\/fr\/cotes-expodome\/\",\"name\":\"c\u00f4tes expodome - les accessoires parfaits pour vos tentes en d\u00f4me\",\"isPartOf\":{\"@id\":\"https:\/\/www.expotradegroup.com\/fr\/#website\"},\"datePublished\":\"2015-09-24T18:34:52+00:00\",\"dateModified\":\"2020-08-08T12:55:49+00:00\",\"description\":\"Il existe diff\u00e9rentes versions des c\u00f4tes expodome qui peuvent \u00eatre fix\u00e9es au couvercle. Avec \/ sans fen\u00eatres, avec portes et m\u00eame avec rideau de fen\u00eatre\",\"breadcrumb\":{\"@id\":\"https:\/\/www.expotradegroup.com\/fr\/cotes-expodome\/#breadcrumb\"},\"inLanguage\":\"fr-FR\",\"potentialAction\":[{\"@type\":\"ReadAction\",\"target\":[\"https:\/\/www.expotradegroup.com\/fr\/cotes-expodome\/\"]}]},{\"@type\":\"BreadcrumbList\",\"@id\":\"https:\/\/www.expotradegroup.com\/fr\/cotes-expodome\/#breadcrumb\",\"itemListElement\":[{\"@type\":\"ListItem\",\"position\":1,\"name\":\"Home\",\"item\":\"https:\/\/www.expotradegroup.com\/fr\/tentes-pliantes-table-pliantes-sacs-de-feves\/\"},{\"@type\":\"ListItem\",\"position\":2,\"name\":\"c\u00f4t\u00e9s expodome\"}]},{\"@type\":\"WebSite\",\"@id\":\"https:\/\/www.expotradegroup.com\/fr\/#website\",\"url\":\"https:\/\/www.expotradegroup.com\/fr\/\",\"name\":\"Expotrade\",\"description\":\"Faltzelte, Falttische, Sitzs\u00e4cke und mobile ideas\",\"potentialAction\":[{\"@type\":\"SearchAction\",\"target\":{\"@type\":\"EntryPoint\",\"urlTemplate\":\"https:\/\/www.expotradegroup.com\/fr\/?s={search_term_string}\"},\"query-input\":\"required name=search_term_string\"}],\"inLanguage\":\"fr-FR\"}]}<\/script>\n<!-- \/ Yoast SEO plugin. -->","yoast_head_json":{"title":"c\u00f4tes expodome - les accessoires parfaits pour vos tentes en d\u00f4me","description":"Il existe diff\u00e9rentes versions des c\u00f4tes expodome qui peuvent \u00eatre fix\u00e9es au couvercle. Avec \/ sans fen\u00eatres, avec portes et m\u00eame avec rideau de fen\u00eatre","robots":{"index":"index","follow":"follow","max-snippet":"max-snippet:-1","max-image-preview":"max-image-preview:large","max-video-preview":"max-video-preview:-1"},"canonical":"https:\/\/www.expotradegroup.com\/fr\/cotes-expodome\/","og_locale":"fr_FR","og_type":"article","og_title":"c\u00f4tes expodome - les accessoires parfaits pour vos tentes en d\u00f4me","og_description":"Il existe diff\u00e9rentes versions des c\u00f4tes expodome qui peuvent \u00eatre fix\u00e9es au couvercle. Avec \/ sans fen\u00eatres, avec portes et m\u00eame avec rideau de fen\u00eatre","og_url":"https:\/\/www.expotradegroup.com\/fr\/cotes-expodome\/","og_site_name":"Expotrade","article_publisher":"https:\/\/www.facebook.com\/Expotrade-Group-Gmbh-Head-Office-501830963237226\/timeline\/","article_modified_time":"2020-08-08T12:55:49+00:00","twitter_card":"summary_large_image","twitter_site":"@Expotrade_Group","twitter_misc":{"Dur\u00e9e de lecture estim\u00e9e":"7 minutes"},"schema":{"@context":"https:\/\/schema.org","@graph":[{"@type":"WebPage","@id":"https:\/\/www.expotradegroup.com\/fr\/cotes-expodome\/","url":"https:\/\/www.expotradegroup.com\/fr\/cotes-expodome\/","name":"c\u00f4tes expodome - les accessoires parfaits pour vos tentes en d\u00f4me","isPartOf":{"@id":"https:\/\/www.expotradegroup.com\/fr\/#website"},"datePublished":"2015-09-24T18:34:52+00:00","dateModified":"2020-08-08T12:55:49+00:00","description":"Il existe diff\u00e9rentes versions des c\u00f4tes expodome qui peuvent \u00eatre fix\u00e9es au couvercle. Avec \/ sans fen\u00eatres, avec portes et m\u00eame avec rideau de fen\u00eatre","breadcrumb":{"@id":"https:\/\/www.expotradegroup.com\/fr\/cotes-expodome\/#breadcrumb"},"inLanguage":"fr-FR","potentialAction":[{"@type":"ReadAction","target":["https:\/\/www.expotradegroup.com\/fr\/cotes-expodome\/"]}]},{"@type":"BreadcrumbList","@id":"https:\/\/www.expotradegroup.com\/fr\/cotes-expodome\/#breadcrumb","itemListElement":[{"@type":"ListItem","position":1,"name":"Home","item":"https:\/\/www.expotradegroup.com\/fr\/tentes-pliantes-table-pliantes-sacs-de-feves\/"},{"@type":"ListItem","position":2,"name":"c\u00f4t\u00e9s expodome"}]},{"@type":"WebSite","@id":"https:\/\/www.expotradegroup.com\/fr\/#website","url":"https:\/\/www.expotradegroup.com\/fr\/","name":"Expotrade","description":"Faltzelte, Falttische, Sitzs\u00e4cke und mobile ideas","potentialAction":[{"@type":"SearchAction","target":{"@type":"EntryPoint","urlTemplate":"https:\/\/www.expotradegroup.com\/fr\/?s={search_term_string}"},"query-input":"required name=search_term_string"}],"inLanguage":"fr-FR"}]}},"_links":{"self":[{"href":"https:\/\/www.expotradegroup.com\/fr\/wp-json\/wp\/v2\/pages\/12651"}],"collection":[{"href":"https:\/\/www.expotradegroup.com\/fr\/wp-json\/wp\/v2\/pages"}],"about":[{"href":"https:\/\/www.expotradegroup.com\/fr\/wp-json\/wp\/v2\/types\/page"}],"author":[{"embeddable":true,"href":"https:\/\/www.expotradegroup.com\/fr\/wp-json\/wp\/v2\/users\/1"}],"replies":[{"embeddable":true,"href":"https:\/\/www.expotradegroup.com\/fr\/wp-json\/wp\/v2\/comments?post=12651"}],"version-history":[{"count":7,"href":"https:\/\/www.expotradegroup.com\/fr\/wp-json\/wp\/v2\/pages\/12651\/revisions"}],"predecessor-version":[{"id":28789,"href":"https:\/\/www.expotradegroup.com\/fr\/wp-json\/wp\/v2\/pages\/12651\/revisions\/28789"}],"wp:attachment":[{"href":"https:\/\/www.expotradegroup.com\/fr\/wp-json\/wp\/v2\/media?parent=12651"}],"curies":[{"name":"wp","href":"https:\/\/api.w.org\/{rel}","templated":true}]}}