{"id":12687,"date":"2015-09-08T10:14:13","date_gmt":"2015-09-08T08:14:13","guid":{"rendered":"http:\/\/www.expotradegroup.com\/fr\/expotent\/expotent-3-x-3-m\/"},"modified":"2023-08-31T19:23:39","modified_gmt":"2023-08-31T17:23:39","slug":"tentes-pliantes-3x3m-expotent","status":"publish","type":"page","link":"https:\/\/www.expotradegroup.com\/fr\/expotent\/tentes-pliantes-3x3m-expotent\/","title":{"rendered":"expotent 3x3m"},"content":{"rendered":"<div class=\"flex_column av_two_third  flex_column_div av-zero-column-padding first  \" style='border-radius:0px; '><div style='padding-bottom:10px; ' class='av-special-heading av-special-heading-h1    '><h1 class='av-special-heading-tag '  itemprop=\"headline\"  >tentes pliantes 3x3m expotent<\/h1><div class='special-heading-border'><div class='special-heading-inner-border' ><\/div><\/div><\/div><\/div>\n<div class=\"flex_column av_one_fifth  flex_column_div av-zero-column-padding   \" style='border-radius:0px; '><div class='avia-image-container  av-styling-    avia-align-center '  itemprop=\"ImageObject\" itemscope=\"itemscope\" itemtype=\"https:\/\/schema.org\/ImageObject\"  ><div class='avia-image-container-inner'><div class='avia-image-overlay-wrap'><img class='avia_image ' src='https:\/\/www.expotradegroup.com\/wp-content\/uploads\/2015\/08\/expotent_by_expotrade_logo-300x93.png' alt='Expotent' title='expotent' height=\"93\"width=\"300\"  itemprop=\"thumbnailUrl\"  \/><\/div><\/div><\/div><\/div>\n<div class=\"flex_column av_one_full  flex_column_div av-zero-column-padding first  \" style='border-radius:0px; '><\/div>\n<div style='height:30px' class='hr hr-invisible  '><span class='hr-inner ' ><span class='hr-inner-style'><\/span><\/span><\/div>\n<section class=\"av_textblock_section \"  itemscope=\"itemscope\" itemtype=\"https:\/\/schema.org\/CreativeWork\" ><div class='avia_textblock  '   itemprop=\"text\" ><p><strong>tentes pliantes 3x3m expotent<\/strong> est le format standard pour l&rsquo;organisation d&rsquo;\u00e9v\u00e9nements. Souvent, on n&rsquo;a pas assez d&rsquo;espace pour un salon, une course ou tout autre manifestation, et la 3&#215;3 m est la solution parfaite. Cette gamme de produits Expotrade propose diff\u00e9rents ch\u00e2ssis allant du prix le plus bas au mod\u00e8le haut de gamme. Mais m\u00eame le produit le moins cher vous offre la possibilit\u00e9 de cr\u00e9er un espace publicitaire cons\u00e9quent avec un petit budget.<\/p>\n<p style=\"text-align: right;\"><a href=\"https:\/\/www.expotradegroup.com\/fr\/applications-pour-tente-pliante\/\" target=\"_blank\" rel=\"noopener noreferrer\"><strong><span lang=\"fr\">Cliquez ici pour voir des exemples d&rsquo;application<\/span><\/strong><\/a><\/p>\n<\/div><\/section>\n<div class=\"flex_column av_one_third  flex_column_div av-zero-column-padding first  \" style='border-radius:0px; '><p><div class='avia-image-container  av-styling-    avia-align-center '  itemprop=\"ImageObject\" itemscope=\"itemscope\" itemtype=\"https:\/\/schema.org\/ImageObject\"  ><div class='avia-image-container-inner'><div class='avia-image-overlay-wrap'><a href='https:\/\/www.expotradegroup.com\/fr\/expotent\/tentes-pliantes-3x3m-expotent\/tente-pliante-3x3m-steel\/' class='avia_image'  ><img class='avia_image ' src='https:\/\/www.expotradegroup.com\/wp-content\/uploads\/2015\/09\/expotent_3x3m.png' alt='tente pliant expotent 3x3m' title='tente pliant expotent 3x3m'  itemprop=\"thumbnailUrl\"  \/><\/a><\/div><\/div><\/div><br \/>\n<section class=\"av_textblock_section \"  itemscope=\"itemscope\" itemtype=\"https:\/\/schema.org\/CreativeWork\" ><div class='avia_textblock  '   itemprop=\"text\" ><h4 style=\"text-align: center;\"><a href=\"https:\/\/www.expotradegroup.com\/fr\/expotent\/tentes-pliantes-3x3m-expotent\/tente-pliante-3x3m-steel\/\" rel=\"noopener noreferrer\">Steel<\/a><\/h4>\n<\/div><\/section><br \/>\n<div class='av-hotspot-image-container avia_animate_when_almost_visible   avia_animated_image avia_animate_when_almost_visible pop-up av-hotspot-numbered av-mobile-fallback-active    av-non-fullwidth-hotspot-image '  itemprop=\"ImageObject\" itemscope=\"itemscope\" itemtype=\"https:\/\/schema.org\/ImageObject\"  ><div class='av-hotspot-container'><div class='av-hotspot-container-inner-cell'><div class='av-hotspot-container-inner-wrap'><img class='avia_image ' src='https:\/\/www.expotradegroup.com\/wp-content\/uploads\/2019\/01\/nouveau-e1547563934212.jpg' alt='nouveau' title='nouveau'  height=\"31\"width=\"100\"  itemprop=\"thumbnailUrl\"  \/><\/div><\/div><\/div><\/div><\/p><\/div>\n<div class=\"flex_column av_one_third  flex_column_div av-zero-column-padding   \" style='border-radius:0px; '><p><div class='avia-image-container  av-styling-    avia-align-center '  itemprop=\"ImageObject\" itemscope=\"itemscope\" itemtype=\"https:\/\/schema.org\/ImageObject\"  ><div class='avia-image-container-inner'><div class='avia-image-overlay-wrap'><a href='https:\/\/www.expotradegroup.com\/fr\/expotent\/tentes-pliantes-3x3m-expotent\/tente-pliante-3x3m-expert\/' class='avia_image'  ><img class='avia_image ' src='https:\/\/www.expotradegroup.com\/wp-content\/uploads\/2015\/09\/expotent_3x3m.png' alt='tente pliant expotent 3x3m' title='tente pliant expotent 3x3m'  itemprop=\"thumbnailUrl\"  \/><\/a><\/div><\/div><\/div><br \/>\n<section class=\"av_textblock_section \"  itemscope=\"itemscope\" itemtype=\"https:\/\/schema.org\/CreativeWork\" ><div class='avia_textblock  '   itemprop=\"text\" ><h4 style=\"text-align: center;\"><a href=\"https:\/\/www.expotradegroup.com\/fr\/expotent\/tentes-pliantes-3x3m-expotent\/tente-pliante-3x3m-expert\/\" rel=\"noopener noreferrer\">Expert<\/a><\/h4>\n<\/div><\/section><br \/>\n<div class='av-hotspot-image-container avia_animate_when_almost_visible   avia_animated_image avia_animate_when_almost_visible pop-up av-hotspot-numbered av-mobile-fallback-active    av-non-fullwidth-hotspot-image '  itemprop=\"ImageObject\" itemscope=\"itemscope\" itemtype=\"https:\/\/schema.org\/ImageObject\"  ><div class='av-hotspot-container'><div class='av-hotspot-container-inner-cell'><div class='av-hotspot-container-inner-wrap'><img class='avia_image ' src='https:\/\/www.expotradegroup.com\/wp-content\/uploads\/2019\/01\/nouveau-e1547563934212.jpg' alt='nouveau' title='nouveau'  height=\"31\"width=\"100\"  itemprop=\"thumbnailUrl\"  \/><\/div><\/div><\/div><\/div><\/p><\/div><div class=\"flex_column av_one_third  flex_column_div av-zero-column-padding   \" style='border-radius:0px; '><p><div class='avia-image-container  av-styling-    avia-align-center '  itemprop=\"ImageObject\" itemscope=\"itemscope\" itemtype=\"https:\/\/schema.org\/ImageObject\"  ><div class='avia-image-container-inner'><div class='avia-image-overlay-wrap'><a href='https:\/\/www.expotradegroup.com\/fr\/expotent\/tentes-pliantes-3x3m-expotent\/tente-pliante3x3m-premium\/' class='avia_image'  ><img class='avia_image ' src='https:\/\/www.expotradegroup.com\/wp-content\/uploads\/2015\/09\/expotent_3x3m.png' alt='tente pliant expotent 3x3m' title='tente pliant expotent 3x3m'  itemprop=\"thumbnailUrl\"  \/><\/a><\/div><\/div><\/div><br \/>\n<section class=\"av_textblock_section \"  itemscope=\"itemscope\" itemtype=\"https:\/\/schema.org\/CreativeWork\" ><div class='avia_textblock  '   itemprop=\"text\" ><h4 style=\"text-align: center;\"><a href=\"https:\/\/www.expotradegroup.com\/fr\/expotent\/tentes-pliantes-3x3m-expotent\/tente-pliante3x3m-premium\/\" rel=\"noopener noreferrer\">Premium<\/a><\/h4>\n<\/div><\/section><\/p><\/div><\/p>\n<div class=\"flex_column av_one_third  flex_column_div av-zero-column-padding first  \" style='border-radius:0px; '><p><div class='avia-image-container  av-styling-    avia-align-center '  itemprop=\"ImageObject\" itemscope=\"itemscope\" itemtype=\"https:\/\/schema.org\/ImageObject\"  ><div class='avia-image-container-inner'><div class='avia-image-overlay-wrap'><a href='https:\/\/www.expotradegroup.com\/fr\/expotent\/tentes-pliantes-3x3m-expotent\/tente-pliante-3x3m-professional\/' class='avia_image'  ><img class='avia_image ' src='https:\/\/www.expotradegroup.com\/wp-content\/uploads\/2015\/09\/expotent_3x3m.png' alt='tente pliant expotent 3x3m' title='tente pliant expotent 3x3m'  itemprop=\"thumbnailUrl\"  \/><\/a><\/div><\/div><\/div><br \/>\n<section class=\"av_textblock_section \"  itemscope=\"itemscope\" itemtype=\"https:\/\/schema.org\/CreativeWork\" ><div class='avia_textblock  '   itemprop=\"text\" ><h4 style=\"text-align: center;\"><a href=\"https:\/\/www.expotradegroup.com\/fr\/expotent\/tentes-pliantes-3x3m-expotent\/tente-pliante-3x3m-professional\/\" rel=\"noopener noreferrer\">Professional<\/a><\/h4>\n<\/div><\/section><\/p><\/div>\n","protected":false},"excerpt":{"rendered":"","protected":false},"author":1,"featured_media":0,"parent":12423,"menu_order":0,"comment_status":"open","ping_status":"closed","template":"","meta":{"footnotes":""},"class_list":["post-12687","page","type-page","status-publish","hentry"],"yoast_head":"<!-- This site is optimized with the Yoast SEO plugin v23.2 - https:\/\/yoast.com\/wordpress\/plugins\/seo\/ -->\n<title>tentes pliantes 3x3m expotent - les tentes parfaite pour votre \u00e9v\u00e9nement!<\/title>\n<meta name=\"description\" content=\"tentes pliantes 3x3m expotent est le choix parfait pour tout \u00e9v\u00e9nement. Diff\u00e9rents types de cadres et une vari\u00e9t\u00e9 d&#039;accessoires. Fabriqu\u00e9 en Autriche!\" \/>\n<meta name=\"robots\" content=\"index, follow, max-snippet:-1, max-image-preview:large, max-video-preview:-1\" \/>\n<link rel=\"canonical\" href=\"https:\/\/www.expotradegroup.com\/fr\/expotent\/tentes-pliantes-3x3m-expotent\/\" \/>\n<meta property=\"og:locale\" content=\"fr_FR\" \/>\n<meta property=\"og:type\" content=\"article\" \/>\n<meta property=\"og:title\" content=\"tentes pliantes 3x3m expotent - les tentes parfaite pour votre \u00e9v\u00e9nement!\" \/>\n<meta property=\"og:description\" content=\"tentes pliantes 3x3m expotent est le choix parfait pour tout \u00e9v\u00e9nement. Diff\u00e9rents types de cadres et une vari\u00e9t\u00e9 d&#039;accessoires. Fabriqu\u00e9 en Autriche!\" \/>\n<meta property=\"og:url\" content=\"https:\/\/www.expotradegroup.com\/fr\/expotent\/tentes-pliantes-3x3m-expotent\/\" \/>\n<meta property=\"og:site_name\" content=\"Expotrade\" \/>\n<meta property=\"article:publisher\" content=\"https:\/\/www.facebook.com\/Expotrade-Group-Gmbh-Head-Office-501830963237226\/timeline\/\" \/>\n<meta property=\"article:modified_time\" content=\"2023-08-31T17:23:39+00:00\" \/>\n<meta name=\"twitter:card\" content=\"summary_large_image\" \/>\n<meta name=\"twitter:site\" content=\"@Expotrade_Group\" \/>\n<meta name=\"twitter:label1\" content=\"Dur\u00e9e de lecture estim\u00e9e\" \/>\n\t<meta name=\"twitter:data1\" content=\"6 minutes\" \/>\n<script type=\"application\/ld+json\" class=\"yoast-schema-graph\">{\"@context\":\"https:\/\/schema.org\",\"@graph\":[{\"@type\":\"WebPage\",\"@id\":\"https:\/\/www.expotradegroup.com\/fr\/expotent\/tentes-pliantes-3x3m-expotent\/\",\"url\":\"https:\/\/www.expotradegroup.com\/fr\/expotent\/tentes-pliantes-3x3m-expotent\/\",\"name\":\"tentes pliantes 3x3m expotent - les tentes parfaite pour votre \u00e9v\u00e9nement!\",\"isPartOf\":{\"@id\":\"https:\/\/www.expotradegroup.com\/fr\/#website\"},\"datePublished\":\"2015-09-08T08:14:13+00:00\",\"dateModified\":\"2023-08-31T17:23:39+00:00\",\"description\":\"tentes pliantes 3x3m expotent est le choix parfait pour tout \u00e9v\u00e9nement. Diff\u00e9rents types de cadres et une vari\u00e9t\u00e9 d'accessoires. Fabriqu\u00e9 en Autriche!\",\"breadcrumb\":{\"@id\":\"https:\/\/www.expotradegroup.com\/fr\/expotent\/tentes-pliantes-3x3m-expotent\/#breadcrumb\"},\"inLanguage\":\"fr-FR\",\"potentialAction\":[{\"@type\":\"ReadAction\",\"target\":[\"https:\/\/www.expotradegroup.com\/fr\/expotent\/tentes-pliantes-3x3m-expotent\/\"]}]},{\"@type\":\"BreadcrumbList\",\"@id\":\"https:\/\/www.expotradegroup.com\/fr\/expotent\/tentes-pliantes-3x3m-expotent\/#breadcrumb\",\"itemListElement\":[{\"@type\":\"ListItem\",\"position\":1,\"name\":\"Home\",\"item\":\"https:\/\/www.expotradegroup.com\/fr\/tentes-pliantes-table-pliantes-sacs-de-feves\/\"},{\"@type\":\"ListItem\",\"position\":2,\"name\":\"expotent\",\"item\":\"https:\/\/www.expotradegroup.com\/fr\/expotent\/\"},{\"@type\":\"ListItem\",\"position\":3,\"name\":\"expotent 3x3m\"}]},{\"@type\":\"WebSite\",\"@id\":\"https:\/\/www.expotradegroup.com\/fr\/#website\",\"url\":\"https:\/\/www.expotradegroup.com\/fr\/\",\"name\":\"Expotrade\",\"description\":\"Faltzelte, Falttische, Sitzs\u00e4cke und mobile ideas\",\"potentialAction\":[{\"@type\":\"SearchAction\",\"target\":{\"@type\":\"EntryPoint\",\"urlTemplate\":\"https:\/\/www.expotradegroup.com\/fr\/?s={search_term_string}\"},\"query-input\":\"required name=search_term_string\"}],\"inLanguage\":\"fr-FR\"}]}<\/script>\n<!-- \/ Yoast SEO plugin. -->","yoast_head_json":{"title":"tentes pliantes 3x3m expotent - les tentes parfaite pour votre \u00e9v\u00e9nement!","description":"tentes pliantes 3x3m expotent est le choix parfait pour tout \u00e9v\u00e9nement. Diff\u00e9rents types de cadres et une vari\u00e9t\u00e9 d'accessoires. Fabriqu\u00e9 en Autriche!","robots":{"index":"index","follow":"follow","max-snippet":"max-snippet:-1","max-image-preview":"max-image-preview:large","max-video-preview":"max-video-preview:-1"},"canonical":"https:\/\/www.expotradegroup.com\/fr\/expotent\/tentes-pliantes-3x3m-expotent\/","og_locale":"fr_FR","og_type":"article","og_title":"tentes pliantes 3x3m expotent - les tentes parfaite pour votre \u00e9v\u00e9nement!","og_description":"tentes pliantes 3x3m expotent est le choix parfait pour tout \u00e9v\u00e9nement. Diff\u00e9rents types de cadres et une vari\u00e9t\u00e9 d'accessoires. Fabriqu\u00e9 en Autriche!","og_url":"https:\/\/www.expotradegroup.com\/fr\/expotent\/tentes-pliantes-3x3m-expotent\/","og_site_name":"Expotrade","article_publisher":"https:\/\/www.facebook.com\/Expotrade-Group-Gmbh-Head-Office-501830963237226\/timeline\/","article_modified_time":"2023-08-31T17:23:39+00:00","twitter_card":"summary_large_image","twitter_site":"@Expotrade_Group","twitter_misc":{"Dur\u00e9e de lecture estim\u00e9e":"6 minutes"},"schema":{"@context":"https:\/\/schema.org","@graph":[{"@type":"WebPage","@id":"https:\/\/www.expotradegroup.com\/fr\/expotent\/tentes-pliantes-3x3m-expotent\/","url":"https:\/\/www.expotradegroup.com\/fr\/expotent\/tentes-pliantes-3x3m-expotent\/","name":"tentes pliantes 3x3m expotent - les tentes parfaite pour votre \u00e9v\u00e9nement!","isPartOf":{"@id":"https:\/\/www.expotradegroup.com\/fr\/#website"},"datePublished":"2015-09-08T08:14:13+00:00","dateModified":"2023-08-31T17:23:39+00:00","description":"tentes pliantes 3x3m expotent est le choix parfait pour tout \u00e9v\u00e9nement. Diff\u00e9rents types de cadres et une vari\u00e9t\u00e9 d'accessoires. Fabriqu\u00e9 en Autriche!","breadcrumb":{"@id":"https:\/\/www.expotradegroup.com\/fr\/expotent\/tentes-pliantes-3x3m-expotent\/#breadcrumb"},"inLanguage":"fr-FR","potentialAction":[{"@type":"ReadAction","target":["https:\/\/www.expotradegroup.com\/fr\/expotent\/tentes-pliantes-3x3m-expotent\/"]}]},{"@type":"BreadcrumbList","@id":"https:\/\/www.expotradegroup.com\/fr\/expotent\/tentes-pliantes-3x3m-expotent\/#breadcrumb","itemListElement":[{"@type":"ListItem","position":1,"name":"Home","item":"https:\/\/www.expotradegroup.com\/fr\/tentes-pliantes-table-pliantes-sacs-de-feves\/"},{"@type":"ListItem","position":2,"name":"expotent","item":"https:\/\/www.expotradegroup.com\/fr\/expotent\/"},{"@type":"ListItem","position":3,"name":"expotent 3x3m"}]},{"@type":"WebSite","@id":"https:\/\/www.expotradegroup.com\/fr\/#website","url":"https:\/\/www.expotradegroup.com\/fr\/","name":"Expotrade","description":"Faltzelte, Falttische, Sitzs\u00e4cke und mobile ideas","potentialAction":[{"@type":"SearchAction","target":{"@type":"EntryPoint","urlTemplate":"https:\/\/www.expotradegroup.com\/fr\/?s={search_term_string}"},"query-input":"required name=search_term_string"}],"inLanguage":"fr-FR"}]}},"_links":{"self":[{"href":"https:\/\/www.expotradegroup.com\/fr\/wp-json\/wp\/v2\/pages\/12687"}],"collection":[{"href":"https:\/\/www.expotradegroup.com\/fr\/wp-json\/wp\/v2\/pages"}],"about":[{"href":"https:\/\/www.expotradegroup.com\/fr\/wp-json\/wp\/v2\/types\/page"}],"author":[{"embeddable":true,"href":"https:\/\/www.expotradegroup.com\/fr\/wp-json\/wp\/v2\/users\/1"}],"replies":[{"embeddable":true,"href":"https:\/\/www.expotradegroup.com\/fr\/wp-json\/wp\/v2\/comments?post=12687"}],"version-history":[{"count":24,"href":"https:\/\/www.expotradegroup.com\/fr\/wp-json\/wp\/v2\/pages\/12687\/revisions"}],"predecessor-version":[{"id":36436,"href":"https:\/\/www.expotradegroup.com\/fr\/wp-json\/wp\/v2\/pages\/12687\/revisions\/36436"}],"up":[{"embeddable":true,"href":"https:\/\/www.expotradegroup.com\/fr\/wp-json\/wp\/v2\/pages\/12423"}],"wp:attachment":[{"href":"https:\/\/www.expotradegroup.com\/fr\/wp-json\/wp\/v2\/media?parent=12687"}],"curies":[{"name":"wp","href":"https:\/\/api.w.org\/{rel}","templated":true}]}}