{"id":12689,"date":"2015-09-21T08:28:12","date_gmt":"2015-09-21T06:28:12","guid":{"rendered":"http:\/\/www.expotradegroup.com\/fr\/expotent\/expotent-4-x-4-m\/"},"modified":"2020-10-18T20:21:53","modified_gmt":"2020-10-18T18:21:53","slug":"expotent-4x4m","status":"publish","type":"page","link":"https:\/\/www.expotradegroup.com\/fr\/expotent\/expotent-4x4m\/","title":{"rendered":"expotent 4x4m"},"content":{"rendered":"<div class=\"flex_column av_two_third  flex_column_div av-zero-column-padding first  \" style='border-radius:0px; '><div style='padding-bottom:10px; ' class='av-special-heading av-special-heading-h1    '><h1 class='av-special-heading-tag '  itemprop=\"headline\"  >tentes pliantes 4x4m expotent<\/h1><div class='special-heading-border'><div class='special-heading-inner-border' ><\/div><\/div><\/div><\/div>\n<div class=\"flex_column av_one_fifth  flex_column_div av-zero-column-padding   \" style='border-radius:0px; '><div class='avia-image-container  av-styling-    avia-align-center '  itemprop=\"ImageObject\" itemscope=\"itemscope\" itemtype=\"https:\/\/schema.org\/ImageObject\"  ><div class='avia-image-container-inner'><div class='avia-image-overlay-wrap'><img class='avia_image ' src='https:\/\/www.expotradegroup.com\/wp-content\/uploads\/2015\/08\/expotent_by_expotrade_logo-300x93.png' alt='Expotent' title='expotent' height=\"93\"width=\"300\"  itemprop=\"thumbnailUrl\"  \/><\/div><\/div><\/div><\/div>\n<div class=\"flex_column av_one_full  flex_column_div av-zero-column-padding first  \" style='border-radius:0px; '><p><div class='avia-gallery  avia-gallery-1 deactivate_avia_lazyload avia_animate_when_visible '  itemprop=\"ImageObject\" itemscope=\"itemscope\" itemtype=\"https:\/\/schema.org\/ImageObject\" ><div class='avia-gallery-thumb'> <a href='https:\/\/www.expotradegroup.com\/wp-content\/uploads\/2015\/09\/expotent_faltzelt_2.jpg' data-rel='gallery-1' data-prev-img='https:\/\/www.expotradegroup.com\/wp-content\/uploads\/2015\/09\/expotent_faltzelt_2-495x400.jpg' class='first_thumb lightbox ' data-onclick='1' title='tente pliante et drapeau expotent'  itemprop=\"thumbnailUrl\" ><img data-avia-tooltip='Expotent Faltzelt' src='https:\/\/www.expotradegroup.com\/wp-content\/uploads\/2015\/09\/expotent_faltzelt_2-495x400.jpg' width='495' height='400'  title='tente pliante et drapeau expotent' alt='tente pliante et drapeau expotent' \/><\/a> <a href='https:\/\/www.expotradegroup.com\/wp-content\/uploads\/2015\/09\/expotent_gartenzelt_2.jpg' data-rel='gallery-1' data-prev-img='https:\/\/www.expotradegroup.com\/wp-content\/uploads\/2015\/09\/expotent_gartenzelt_2-495x400.jpg' class='lightbox ' data-onclick='2' title='expotent pavillon d&#039;\u00e9xposition'  itemprop=\"thumbnailUrl\" ><img data-avia-tooltip='Ausstellungszelt' src='https:\/\/www.expotradegroup.com\/wp-content\/uploads\/2015\/09\/expotent_gartenzelt_2-495x400.jpg' width='495' height='400'  title='expotent pavillon d&#039;\u00e9xposition' alt='expotent pavillon d&#039;\u00e9xposition' \/><\/a> <a href='https:\/\/www.expotradegroup.com\/wp-content\/uploads\/2015\/09\/expotent_pavillon_2.jpg' data-rel='gallery-1' data-prev-img='https:\/\/www.expotradegroup.com\/wp-content\/uploads\/2015\/09\/expotent_pavillon_2-495x400.jpg' class='lightbox ' data-onclick='3' title='expotent pavillon d&#039;\u00e9xposition'  itemprop=\"thumbnailUrl\" ><img data-avia-tooltip='Expotent Pavillon' src='https:\/\/www.expotradegroup.com\/wp-content\/uploads\/2015\/09\/expotent_pavillon_2-495x400.jpg' width='495' height='400'  title='expotent pavillon d&#039;\u00e9xposition' alt='expotent pavillon d&#039;\u00e9xposition' \/><\/a> <a href='https:\/\/www.expotradegroup.com\/wp-content\/uploads\/2015\/09\/expotent_unterstand_1.jpg' data-rel='gallery-1' data-prev-img='https:\/\/www.expotradegroup.com\/wp-content\/uploads\/2015\/09\/expotent_unterstand_1-495x400.jpg' class='lightbox ' data-onclick='4' title='expotent Tente de jardin 4x4m'  itemprop=\"thumbnailUrl\" ><img data-avia-tooltip='Expotent Gartenzelt' src='https:\/\/www.expotradegroup.com\/wp-content\/uploads\/2015\/09\/expotent_unterstand_1-495x400.jpg' width='495' height='400'  title='expotent Tente de jardin 4x4m' alt='expotent Tente de jardin 4x4m' \/><\/a> <a href='https:\/\/www.expotradegroup.com\/wp-content\/uploads\/2015\/09\/expotent_zelt_2.jpg' data-rel='gallery-1' data-prev-img='https:\/\/www.expotradegroup.com\/wp-content\/uploads\/2015\/09\/expotent_zelt_2-495x400.jpg' class='lightbox ' data-onclick='5' title='expotent tente pliante 3x3m'  itemprop=\"thumbnailUrl\" ><img data-avia-tooltip='Expotent Zelt' src='https:\/\/www.expotradegroup.com\/wp-content\/uploads\/2015\/09\/expotent_zelt_2-495x400.jpg' width='495' height='400'  title='expotent tente pliante 3x3m' alt='expotent tente pliante 3x3m' \/><\/a><\/div><\/div><br \/>\n<div style='height:30px' class='hr hr-invisible  '><span class='hr-inner ' ><span class='hr-inner-style'><\/span><\/span><\/div><br \/>\n<section class=\"av_textblock_section \"  itemscope=\"itemscope\" itemtype=\"https:\/\/schema.org\/CreativeWork\" ><div class='avia_textblock  '   itemprop=\"text\" ><p><strong>tentes pliantes 4x4m expotent<\/strong> est la solution parfaite si la 3x3m pliable s&rsquo;av\u00e8re trop petite et s&rsquo;il n&rsquo;y a pas d&rsquo;espace rectangulaire disponible. Le m\u00e8tre suppl\u00e9mentaire en longueur et en largeur est remarquable et vous disposerez ainsi d&rsquo;un espace de 16 m2 en comparaison des 9 m2 de la version plus petite. Gr\u00e2ce aux pignons pointus, cette tente se retrouve encore plus haute qu&rsquo;une 3x3m et m\u00eame qu&rsquo;une 6x3m par exemple. Donc plus attractive sur les foires et les salons.<\/p>\n<p style=\"text-align: right;\"><a href=\"https:\/\/www.expotradegroup.com\/fr\/applications-pour-tente-pliante\/\" target=\"_blank\" rel=\"noopener noreferrer\"><strong><span lang=\"fr\">Cliquez ici pour voir des exemples d&rsquo;application<\/span><\/strong><\/a><\/p>\n<\/div><\/section><\/p><\/div>\n<div class=\"flex_column av_one_fifth  flex_column_div av-zero-column-padding first  \" style='border-radius:0px; '><\/div>\n<div class=\"flex_column av_one_fifth  flex_column_div av-zero-column-padding   \" style='border-radius:0px; '><p><div class='avia-image-container  av-styling-    avia-align-center '  itemprop=\"ImageObject\" itemscope=\"itemscope\" itemtype=\"https:\/\/schema.org\/ImageObject\"  ><div class='avia-image-container-inner'><div class='avia-image-overlay-wrap'><a href='https:\/\/www.expotradegroup.com\/fr\/expotent\/expotent-4x4m\/tente-pliante-4x4m-premium\/' class='avia_image'  ><img class='avia_image ' src='https:\/\/www.expotradegroup.com\/wp-content\/uploads\/2015\/09\/expotent_4x4m.png' alt='tente pliant expotent 4x4m' title='tente pliant expotent 4x4m'  itemprop=\"thumbnailUrl\"  \/><\/a><\/div><\/div><\/div><br \/>\n<section class=\"av_textblock_section \"  itemscope=\"itemscope\" itemtype=\"https:\/\/schema.org\/CreativeWork\" ><div class='avia_textblock  '   itemprop=\"text\" ><h4 style=\"text-align: center;\"><a href=\"https:\/\/www.expotradegroup.com\/fr\/expotent\/expotent-4x4m\/tente-pliante-4x4m-premium\/\" target=\"_blank\" rel=\"noopener noreferrer\">Premium<\/a><\/h4>\n<\/div><\/section><\/p><\/div><div class=\"flex_column av_one_fifth  flex_column_div av-zero-column-padding   \" style='border-radius:0px; '><p><div class='avia-image-container  av-styling-    avia-align-center '  itemprop=\"ImageObject\" itemscope=\"itemscope\" itemtype=\"https:\/\/schema.org\/ImageObject\"  ><div class='avia-image-container-inner'><div class='avia-image-overlay-wrap'><a href='https:\/\/www.expotradegroup.com\/fr\/expotent\/expotent-4x4m\/tente-pliante-4x4m-professional\/' class='avia_image'  ><img class='avia_image ' src='https:\/\/www.expotradegroup.com\/wp-content\/uploads\/2015\/09\/expotent_4x4m.png' alt='tente pliant expotent 4x4m' title='tente pliant expotent 4x4m'  itemprop=\"thumbnailUrl\"  \/><\/a><\/div><\/div><\/div><br \/>\n<section class=\"av_textblock_section \"  itemscope=\"itemscope\" itemtype=\"https:\/\/schema.org\/CreativeWork\" ><div class='avia_textblock  '   itemprop=\"text\" ><h4 style=\"text-align: center;\"><a href=\"https:\/\/www.expotradegroup.com\/fr\/expotent\/expotent-4x4m\/tente-pliante-4x4m-professional\/\" target=\"_blank\" rel=\"noopener noreferrer\">Professional<\/a><\/h4>\n<\/div><\/section><\/p><\/div><div class=\"flex_column av_one_fifth  flex_column_div av-zero-column-padding   \" style='border-radius:0px; '><\/div><\/p>\n","protected":false},"excerpt":{"rendered":"","protected":false},"author":1,"featured_media":0,"parent":12423,"menu_order":0,"comment_status":"open","ping_status":"closed","template":"","meta":{"footnotes":""},"class_list":["post-12689","page","type-page","status-publish","hentry"],"yoast_head":"<!-- This site is optimized with the Yoast SEO plugin v23.2 - https:\/\/yoast.com\/wordpress\/plugins\/seo\/ -->\n<title>tentes pliantes 4x4m expotent taille moyenne | plus d&#039;espace publicitaire<\/title>\n<meta name=\"description\" content=\"tentes pliantes 4x4m expotent est la version id\u00e9ale pour votre campagne publicitaire quand il y a plus d&#039;espace disponible que pour la petite tente 3x3m\" \/>\n<meta name=\"robots\" content=\"index, follow, max-snippet:-1, max-image-preview:large, max-video-preview:-1\" \/>\n<link rel=\"canonical\" href=\"https:\/\/www.expotradegroup.com\/fr\/expotent\/expotent-4x4m\/\" \/>\n<meta property=\"og:locale\" content=\"fr_FR\" \/>\n<meta property=\"og:type\" content=\"article\" \/>\n<meta property=\"og:title\" content=\"tentes pliantes 4x4m expotent taille moyenne | plus d&#039;espace publicitaire\" \/>\n<meta property=\"og:description\" content=\"tentes pliantes 4x4m expotent est la version id\u00e9ale pour votre campagne publicitaire quand il y a plus d&#039;espace disponible que pour la petite tente 3x3m\" \/>\n<meta property=\"og:url\" content=\"https:\/\/www.expotradegroup.com\/fr\/expotent\/expotent-4x4m\/\" \/>\n<meta property=\"og:site_name\" content=\"Expotrade\" \/>\n<meta property=\"article:publisher\" content=\"https:\/\/www.facebook.com\/Expotrade-Group-Gmbh-Head-Office-501830963237226\/timeline\/\" \/>\n<meta property=\"article:modified_time\" content=\"2020-10-18T18:21:53+00:00\" \/>\n<meta name=\"twitter:card\" content=\"summary_large_image\" \/>\n<meta name=\"twitter:site\" content=\"@Expotrade_Group\" \/>\n<meta name=\"twitter:label1\" content=\"Dur\u00e9e de lecture estim\u00e9e\" \/>\n\t<meta name=\"twitter:data1\" content=\"5 minutes\" \/>\n<script type=\"application\/ld+json\" class=\"yoast-schema-graph\">{\"@context\":\"https:\/\/schema.org\",\"@graph\":[{\"@type\":\"WebPage\",\"@id\":\"https:\/\/www.expotradegroup.com\/fr\/expotent\/expotent-4x4m\/\",\"url\":\"https:\/\/www.expotradegroup.com\/fr\/expotent\/expotent-4x4m\/\",\"name\":\"tentes pliantes 4x4m expotent taille moyenne | plus d'espace publicitaire\",\"isPartOf\":{\"@id\":\"https:\/\/www.expotradegroup.com\/fr\/#website\"},\"datePublished\":\"2015-09-21T06:28:12+00:00\",\"dateModified\":\"2020-10-18T18:21:53+00:00\",\"description\":\"tentes pliantes 4x4m expotent est la version id\u00e9ale pour votre campagne publicitaire quand il y a plus d'espace disponible que pour la petite tente 3x3m\",\"breadcrumb\":{\"@id\":\"https:\/\/www.expotradegroup.com\/fr\/expotent\/expotent-4x4m\/#breadcrumb\"},\"inLanguage\":\"fr-FR\",\"potentialAction\":[{\"@type\":\"ReadAction\",\"target\":[\"https:\/\/www.expotradegroup.com\/fr\/expotent\/expotent-4x4m\/\"]}]},{\"@type\":\"BreadcrumbList\",\"@id\":\"https:\/\/www.expotradegroup.com\/fr\/expotent\/expotent-4x4m\/#breadcrumb\",\"itemListElement\":[{\"@type\":\"ListItem\",\"position\":1,\"name\":\"Home\",\"item\":\"https:\/\/www.expotradegroup.com\/fr\/tentes-pliantes-table-pliantes-sacs-de-feves\/\"},{\"@type\":\"ListItem\",\"position\":2,\"name\":\"expotent\",\"item\":\"https:\/\/www.expotradegroup.com\/fr\/expotent\/\"},{\"@type\":\"ListItem\",\"position\":3,\"name\":\"expotent 4x4m\"}]},{\"@type\":\"WebSite\",\"@id\":\"https:\/\/www.expotradegroup.com\/fr\/#website\",\"url\":\"https:\/\/www.expotradegroup.com\/fr\/\",\"name\":\"Expotrade\",\"description\":\"Faltzelte, Falttische, Sitzs\u00e4cke und mobile ideas\",\"potentialAction\":[{\"@type\":\"SearchAction\",\"target\":{\"@type\":\"EntryPoint\",\"urlTemplate\":\"https:\/\/www.expotradegroup.com\/fr\/?s={search_term_string}\"},\"query-input\":\"required name=search_term_string\"}],\"inLanguage\":\"fr-FR\"}]}<\/script>\n<!-- \/ Yoast SEO plugin. -->","yoast_head_json":{"title":"tentes pliantes 4x4m expotent taille moyenne | plus d'espace publicitaire","description":"tentes pliantes 4x4m expotent est la version id\u00e9ale pour votre campagne publicitaire quand il y a plus d'espace disponible que pour la petite tente 3x3m","robots":{"index":"index","follow":"follow","max-snippet":"max-snippet:-1","max-image-preview":"max-image-preview:large","max-video-preview":"max-video-preview:-1"},"canonical":"https:\/\/www.expotradegroup.com\/fr\/expotent\/expotent-4x4m\/","og_locale":"fr_FR","og_type":"article","og_title":"tentes pliantes 4x4m expotent taille moyenne | plus d'espace publicitaire","og_description":"tentes pliantes 4x4m expotent est la version id\u00e9ale pour votre campagne publicitaire quand il y a plus d'espace disponible que pour la petite tente 3x3m","og_url":"https:\/\/www.expotradegroup.com\/fr\/expotent\/expotent-4x4m\/","og_site_name":"Expotrade","article_publisher":"https:\/\/www.facebook.com\/Expotrade-Group-Gmbh-Head-Office-501830963237226\/timeline\/","article_modified_time":"2020-10-18T18:21:53+00:00","twitter_card":"summary_large_image","twitter_site":"@Expotrade_Group","twitter_misc":{"Dur\u00e9e de lecture estim\u00e9e":"5 minutes"},"schema":{"@context":"https:\/\/schema.org","@graph":[{"@type":"WebPage","@id":"https:\/\/www.expotradegroup.com\/fr\/expotent\/expotent-4x4m\/","url":"https:\/\/www.expotradegroup.com\/fr\/expotent\/expotent-4x4m\/","name":"tentes pliantes 4x4m expotent taille moyenne | plus d'espace publicitaire","isPartOf":{"@id":"https:\/\/www.expotradegroup.com\/fr\/#website"},"datePublished":"2015-09-21T06:28:12+00:00","dateModified":"2020-10-18T18:21:53+00:00","description":"tentes pliantes 4x4m expotent est la version id\u00e9ale pour votre campagne publicitaire quand il y a plus d'espace disponible que pour la petite tente 3x3m","breadcrumb":{"@id":"https:\/\/www.expotradegroup.com\/fr\/expotent\/expotent-4x4m\/#breadcrumb"},"inLanguage":"fr-FR","potentialAction":[{"@type":"ReadAction","target":["https:\/\/www.expotradegroup.com\/fr\/expotent\/expotent-4x4m\/"]}]},{"@type":"BreadcrumbList","@id":"https:\/\/www.expotradegroup.com\/fr\/expotent\/expotent-4x4m\/#breadcrumb","itemListElement":[{"@type":"ListItem","position":1,"name":"Home","item":"https:\/\/www.expotradegroup.com\/fr\/tentes-pliantes-table-pliantes-sacs-de-feves\/"},{"@type":"ListItem","position":2,"name":"expotent","item":"https:\/\/www.expotradegroup.com\/fr\/expotent\/"},{"@type":"ListItem","position":3,"name":"expotent 4x4m"}]},{"@type":"WebSite","@id":"https:\/\/www.expotradegroup.com\/fr\/#website","url":"https:\/\/www.expotradegroup.com\/fr\/","name":"Expotrade","description":"Faltzelte, Falttische, Sitzs\u00e4cke und mobile ideas","potentialAction":[{"@type":"SearchAction","target":{"@type":"EntryPoint","urlTemplate":"https:\/\/www.expotradegroup.com\/fr\/?s={search_term_string}"},"query-input":"required name=search_term_string"}],"inLanguage":"fr-FR"}]}},"_links":{"self":[{"href":"https:\/\/www.expotradegroup.com\/fr\/wp-json\/wp\/v2\/pages\/12689"}],"collection":[{"href":"https:\/\/www.expotradegroup.com\/fr\/wp-json\/wp\/v2\/pages"}],"about":[{"href":"https:\/\/www.expotradegroup.com\/fr\/wp-json\/wp\/v2\/types\/page"}],"author":[{"embeddable":true,"href":"https:\/\/www.expotradegroup.com\/fr\/wp-json\/wp\/v2\/users\/1"}],"replies":[{"embeddable":true,"href":"https:\/\/www.expotradegroup.com\/fr\/wp-json\/wp\/v2\/comments?post=12689"}],"version-history":[{"count":15,"href":"https:\/\/www.expotradegroup.com\/fr\/wp-json\/wp\/v2\/pages\/12689\/revisions"}],"predecessor-version":[{"id":31283,"href":"https:\/\/www.expotradegroup.com\/fr\/wp-json\/wp\/v2\/pages\/12689\/revisions\/31283"}],"up":[{"embeddable":true,"href":"https:\/\/www.expotradegroup.com\/fr\/wp-json\/wp\/v2\/pages\/12423"}],"wp:attachment":[{"href":"https:\/\/www.expotradegroup.com\/fr\/wp-json\/wp\/v2\/media?parent=12689"}],"curies":[{"name":"wp","href":"https:\/\/api.w.org\/{rel}","templated":true}]}}