{"id":12690,"date":"2015-09-17T14:33:47","date_gmt":"2015-09-17T12:33:47","guid":{"rendered":"http:\/\/www.expotradegroup.com\/fr\/expotent\/expotent-45-x-3-m\/"},"modified":"2023-08-31T19:27:07","modified_gmt":"2023-08-31T17:27:07","slug":"expotent-45x3m","status":"publish","type":"page","link":"https:\/\/www.expotradegroup.com\/fr\/expotent\/expotent-45x3m\/","title":{"rendered":"expotent 4,5x3m"},"content":{"rendered":"<div class=\"flex_column av_two_third  flex_column_div av-zero-column-padding first  \" style='border-radius:0px; '><div style='padding-bottom:10px; ' class='av-special-heading av-special-heading-h1    '><h1 class='av-special-heading-tag '  itemprop=\"headline\"  >tentes pliantes 4,5x3m expotent<\/h1><div class='special-heading-border'><div class='special-heading-inner-border' ><\/div><\/div><\/div><\/div>\n<div class=\"flex_column av_one_fifth  flex_column_div av-zero-column-padding   \" style='border-radius:0px; '><div class='avia-image-container  av-styling-    avia-align-center '  itemprop=\"ImageObject\" itemscope=\"itemscope\" itemtype=\"https:\/\/schema.org\/ImageObject\"  ><div class='avia-image-container-inner'><div class='avia-image-overlay-wrap'><img class='avia_image ' src='https:\/\/www.expotradegroup.com\/wp-content\/uploads\/2015\/08\/expotent_by_expotrade_logo-300x93.png' alt='Expotent' title='expotent' height=\"93\"width=\"300\"  itemprop=\"thumbnailUrl\"  \/><\/div><\/div><\/div><\/div>\n<div class=\"flex_column av_one_full  flex_column_div av-zero-column-padding first  \" style='border-radius:0px; '><p><div class='avia-gallery  avia-gallery-1 deactivate_avia_lazyload avia_animate_when_visible '  itemprop=\"ImageObject\" itemscope=\"itemscope\" itemtype=\"https:\/\/schema.org\/ImageObject\" ><div class='avia-gallery-thumb'> <a href='https:\/\/www.expotradegroup.com\/wp-content\/uploads\/2015\/09\/expotent_veranstaltungszelt_1.jpg' data-rel='gallery-1' data-prev-img='https:\/\/www.expotradegroup.com\/wp-content\/uploads\/2015\/09\/expotent_veranstaltungszelt_1-495x400.jpg' class='first_thumb lightbox ' data-onclick='1' title='expotent tente pliable 4,5x3m'  itemprop=\"thumbnailUrl\" ><img data-avia-tooltip='Wucher Zelt' src='https:\/\/www.expotradegroup.com\/wp-content\/uploads\/2015\/09\/expotent_veranstaltungszelt_1-495x400.jpg' width='495' height='400'  title='expotent tente pliable 4,5x3m' alt='expotent tente pliable 4,5x3m' \/><\/a> <a href='https:\/\/www.expotradegroup.com\/wp-content\/uploads\/2015\/09\/expotent_wetterschutz_1.jpg' data-rel='gallery-1' data-prev-img='https:\/\/www.expotradegroup.com\/wp-content\/uploads\/2015\/09\/expotent_wetterschutz_1-495x400.jpg' class='lightbox ' data-onclick='2' title='expotent tente pliable 4,5x3m'  itemprop=\"thumbnailUrl\" ><img data-avia-tooltip='Hrinkow Tent' src='https:\/\/www.expotradegroup.com\/wp-content\/uploads\/2015\/09\/expotent_wetterschutz_1-495x400.jpg' width='495' height='400'  title='expotent tente pliable 4,5x3m' alt='expotent tente pliable 4,5x3m' \/><\/a> <a href='https:\/\/www.expotradegroup.com\/wp-content\/uploads\/2015\/09\/expotent_aluminiumzelt_1.jpg' data-rel='gallery-1' data-prev-img='https:\/\/www.expotradegroup.com\/wp-content\/uploads\/2015\/09\/expotent_aluminiumzelt_1-495x400.jpg' class='lightbox ' data-onclick='3' title='expotent r\u00e9sistant \u00e0 l&#039;hiver'  itemprop=\"thumbnailUrl\" ><img data-avia-tooltip='Salomon Winterzelt' src='https:\/\/www.expotradegroup.com\/wp-content\/uploads\/2015\/09\/expotent_aluminiumzelt_1-495x400.jpg' width='495' height='400'  title='expotent r\u00e9sistant \u00e0 l&#039;hiver' alt='expotent r\u00e9sistant \u00e0 l&#039;hiver' \/><\/a> <a href='https:\/\/www.expotradegroup.com\/wp-content\/uploads\/2015\/09\/expotent_aluzelt_1.jpg' data-rel='gallery-1' data-prev-img='https:\/\/www.expotradegroup.com\/wp-content\/uploads\/2015\/09\/expotent_aluzelt_1-495x400.jpg' class='lightbox ' data-onclick='4' title='expotent tente ville F1H2O'  itemprop=\"thumbnailUrl\" ><img data-avia-tooltip='Expotent Aluzelt' src='https:\/\/www.expotradegroup.com\/wp-content\/uploads\/2015\/09\/expotent_aluzelt_1-495x400.jpg' width='495' height='400'  title='expotent tente ville F1H2O' alt='expotent tente ville F1H2O' \/><\/a> <a href='https:\/\/www.expotradegroup.com\/wp-content\/uploads\/2015\/09\/expotent_promotionzelt_1.jpg' data-rel='gallery-1' data-prev-img='https:\/\/www.expotradegroup.com\/wp-content\/uploads\/2015\/09\/expotent_promotionzelt_1-495x400.jpg' class='lightbox ' data-onclick='5' title='expotent tente ville F1H2O'  itemprop=\"thumbnailUrl\" ><img data-avia-tooltip='Expotent Promotionzelt' src='https:\/\/www.expotradegroup.com\/wp-content\/uploads\/2015\/09\/expotent_promotionzelt_1-495x400.jpg' width='495' height='400'  title='expotent tente ville F1H2O' alt='expotent tente ville F1H2O' \/><\/a><\/div><\/div><br \/>\n<div style='height:30px' class='hr hr-invisible  '><span class='hr-inner ' ><span class='hr-inner-style'><\/span><\/span><\/div><br \/>\n<section class=\"av_textblock_section \"  itemscope=\"itemscope\" itemtype=\"https:\/\/schema.org\/CreativeWork\" ><div class='avia_textblock  '   itemprop=\"text\" ><p>tentes pliantes 4,5x3m expotent est le compromis id\u00e9al; plus grande que la 3x3m et plus petite que la 6x3m, ce type de tente est la solution interm\u00e9diaire id\u00e9ale. Un de ses plus grands avantages est qu&rsquo;elle n&rsquo;a que 4 pieds.\u00a0 De plus, sa longueur de 4,5 m en fait un support publicitaire id\u00e9al.<\/p>\n<p>Ce mod\u00e8le est disponible avec diff\u00e9rents types de cadre. Notre gamme va des mod\u00e8les \u00e9conomiques jusqu&rsquo;aux mod\u00e8les haut de gamme. Vous trouverez donc forc\u00e9ment celle qui convient \u00e0 votre budget.<\/p>\n<p style=\"text-align: right;\"><a href=\"https:\/\/www.expotradegroup.com\/fr\/applications-pour-tente-pliante\/\" target=\"_blank\" rel=\"noopener noreferrer\"><strong><span lang=\"fr\">Cliquez ici pour voir des exemples d&rsquo;application<\/span><\/strong><\/a><\/p>\n<\/div><\/section><\/p><\/div>\n<div class=\"flex_column av_one_third  flex_column_div av-zero-column-padding first  \" style='border-radius:0px; '><p><div class='avia-image-container  av-styling-    avia-align-center '  itemprop=\"ImageObject\" itemscope=\"itemscope\" itemtype=\"https:\/\/schema.org\/ImageObject\"  ><div class='avia-image-container-inner'><div class='avia-image-overlay-wrap'><a href='https:\/\/www.expotradegroup.com\/fr\/expotent\/expotent-45x3m\/tente-pliante-45x3m-steel\/' class='avia_image'  ><img class='avia_image ' src='https:\/\/www.expotradegroup.com\/wp-content\/uploads\/2015\/09\/expotent_4.5x3m.png' alt='tente pliant expotent 4.5x3m' title='tente pliant expotent 4.5x3m'  itemprop=\"thumbnailUrl\"  \/><\/a><\/div><\/div><\/div><br \/>\n<section class=\"av_textblock_section \"  itemscope=\"itemscope\" itemtype=\"https:\/\/schema.org\/CreativeWork\" ><div class='avia_textblock  '   itemprop=\"text\" ><h4 style=\"text-align: center;\"><a href=\"https:\/\/www.expotradegroup.com\/fr\/expotent\/expotent-45x3m\/tente-pliante-45x3m-steel\/\" rel=\"noopener noreferrer\">Steel<\/a><\/h4>\n<\/div><\/section><br \/>\n<div class='av-hotspot-image-container avia_animate_when_almost_visible   avia_animated_image avia_animate_when_almost_visible pop-up av-hotspot-numbered av-mobile-fallback-active    av-non-fullwidth-hotspot-image '  itemprop=\"ImageObject\" itemscope=\"itemscope\" itemtype=\"https:\/\/schema.org\/ImageObject\"  ><div class='av-hotspot-container'><div class='av-hotspot-container-inner-cell'><div class='av-hotspot-container-inner-wrap'><img class='avia_image ' src='https:\/\/www.expotradegroup.com\/wp-content\/uploads\/2019\/01\/nouveau-e1547563934212.jpg' alt='nouveau' title='nouveau'  height=\"31\"width=\"100\"  itemprop=\"thumbnailUrl\"  \/><\/div><\/div><\/div><\/div><\/p><\/div>\n<div class=\"flex_column av_one_third  flex_column_div av-zero-column-padding   \" style='border-radius:0px; '><p><div class='avia-image-container  av-styling-    avia-align-center '  itemprop=\"ImageObject\" itemscope=\"itemscope\" itemtype=\"https:\/\/schema.org\/ImageObject\"  ><div class='avia-image-container-inner'><div class='avia-image-overlay-wrap'><a href='https:\/\/www.expotradegroup.com\/fr\/expotent\/expotent-45x3m\/tente-pliante-45x3m-expert\/' class='avia_image'  ><img class='avia_image ' src='https:\/\/www.expotradegroup.com\/wp-content\/uploads\/2015\/09\/expotent_4.5x3m.png' alt='tente pliant expotent 4.5x3m' title='tente pliant expotent 4.5x3m'  itemprop=\"thumbnailUrl\"  \/><\/a><\/div><\/div><\/div><br \/>\n<section class=\"av_textblock_section \"  itemscope=\"itemscope\" itemtype=\"https:\/\/schema.org\/CreativeWork\" ><div class='avia_textblock  '   itemprop=\"text\" ><h4 style=\"text-align: center;\"><a href=\"https:\/\/www.expotradegroup.com\/fr\/expotent\/expotent-45x3m\/tente-pliante-45x3m-expert\/\" rel=\"noopener noreferrer\">Expert<\/a><\/h4>\n<\/div><\/section><br \/>\n<div class='av-hotspot-image-container avia_animate_when_almost_visible   avia_animated_image avia_animate_when_almost_visible pop-up av-hotspot-numbered av-mobile-fallback-active    av-non-fullwidth-hotspot-image '  itemprop=\"ImageObject\" itemscope=\"itemscope\" itemtype=\"https:\/\/schema.org\/ImageObject\"  ><div class='av-hotspot-container'><div class='av-hotspot-container-inner-cell'><div class='av-hotspot-container-inner-wrap'><img class='avia_image ' src='https:\/\/www.expotradegroup.com\/wp-content\/uploads\/2019\/01\/nouveau-e1547563934212.jpg' alt='nouveau' title='nouveau'  height=\"31\"width=\"100\"  itemprop=\"thumbnailUrl\"  \/><\/div><\/div><\/div><\/div><\/p><\/div><div class=\"flex_column av_one_third  flex_column_div av-zero-column-padding   \" style='border-radius:0px; '><p><div class='avia-image-container  av-styling-    avia-align-center '  itemprop=\"ImageObject\" itemscope=\"itemscope\" itemtype=\"https:\/\/schema.org\/ImageObject\"  ><div class='avia-image-container-inner'><div class='avia-image-overlay-wrap'><a href='https:\/\/www.expotradegroup.com\/fr\/expotent\/expotent-45x3m\/tente-pliante-45x3m-premium\/' class='avia_image'  ><img class='avia_image ' src='https:\/\/www.expotradegroup.com\/wp-content\/uploads\/2015\/09\/expotent_4.5x3m.png' alt='tente pliant expotent 4.5x3m' title='tente pliant expotent 4.5x3m'  itemprop=\"thumbnailUrl\"  \/><\/a><\/div><\/div><\/div><br \/>\n<section class=\"av_textblock_section \"  itemscope=\"itemscope\" itemtype=\"https:\/\/schema.org\/CreativeWork\" ><div class='avia_textblock  '   itemprop=\"text\" ><h4 style=\"text-align: center;\"><a href=\"https:\/\/www.expotradegroup.com\/fr\/expotent\/expotent-45x3m\/tente-pliante-45x3m-premium\/\" rel=\"noopener noreferrer\">Premium<\/a><\/h4>\n<\/div><\/section><\/p><\/div><\/p>\n<div class=\"flex_column av_one_third  flex_column_div av-zero-column-padding first  \" style='border-radius:0px; '><p><div class='avia-image-container  av-styling-    avia-align-center '  itemprop=\"ImageObject\" itemscope=\"itemscope\" itemtype=\"https:\/\/schema.org\/ImageObject\"  ><div class='avia-image-container-inner'><div class='avia-image-overlay-wrap'><a href='https:\/\/www.expotradegroup.com\/fr\/expotent\/expotent-45x3m\/tente-pliante-45x3m-professional\/' class='avia_image'  ><img class='avia_image ' src='https:\/\/www.expotradegroup.com\/wp-content\/uploads\/2015\/09\/expotent_4.5x3m.png' alt='tente pliant expotent 4.5x3m' title='tente pliant expotent 4.5x3m'  itemprop=\"thumbnailUrl\"  \/><\/a><\/div><\/div><\/div><br \/>\n<section class=\"av_textblock_section \"  itemscope=\"itemscope\" itemtype=\"https:\/\/schema.org\/CreativeWork\" ><div class='avia_textblock  '   itemprop=\"text\" ><h4 style=\"text-align: center;\"><a href=\"https:\/\/www.expotradegroup.com\/fr\/expotent\/expotent-45x3m\/tente-pliante-45x3m-professional\/\" rel=\"noopener noreferrer\">Professional<\/a><\/h4>\n<\/div><\/section><\/p><\/div>\n","protected":false},"excerpt":{"rendered":"","protected":false},"author":1,"featured_media":0,"parent":12423,"menu_order":0,"comment_status":"open","ping_status":"closed","template":"","meta":{"footnotes":""},"class_list":["post-12690","page","type-page","status-publish","hentry"],"yoast_head":"<!-- This site is optimized with the Yoast SEO plugin v23.2 - https:\/\/yoast.com\/wordpress\/plugins\/seo\/ -->\n<title>tentes pliantes 4,5x3m expotent - l&#039;abri instantan\u00e9 de qualit\u00e9 parfaite<\/title>\n<meta name=\"description\" content=\"tentes pliantes 4,5x3m expotent - qualit\u00e9 sup\u00e9rieure fabriqu\u00e9 en Autriche. Caract\u00e9ristiques telles que roues de transport, poussoir \u00e0 bouton-poussoir\" \/>\n<meta name=\"robots\" content=\"index, follow, max-snippet:-1, max-image-preview:large, max-video-preview:-1\" \/>\n<link rel=\"canonical\" href=\"https:\/\/www.expotradegroup.com\/fr\/expotent\/expotent-45x3m\/\" \/>\n<meta property=\"og:locale\" content=\"fr_FR\" \/>\n<meta property=\"og:type\" content=\"article\" \/>\n<meta property=\"og:title\" content=\"tentes pliantes 4,5x3m expotent - l&#039;abri instantan\u00e9 de qualit\u00e9 parfaite\" \/>\n<meta property=\"og:description\" content=\"tentes pliantes 4,5x3m expotent - qualit\u00e9 sup\u00e9rieure fabriqu\u00e9 en Autriche. Caract\u00e9ristiques telles que roues de transport, poussoir \u00e0 bouton-poussoir\" \/>\n<meta property=\"og:url\" content=\"https:\/\/www.expotradegroup.com\/fr\/expotent\/expotent-45x3m\/\" \/>\n<meta property=\"og:site_name\" content=\"Expotrade\" \/>\n<meta property=\"article:publisher\" content=\"https:\/\/www.facebook.com\/Expotrade-Group-Gmbh-Head-Office-501830963237226\/timeline\/\" \/>\n<meta property=\"article:modified_time\" content=\"2023-08-31T17:27:07+00:00\" \/>\n<meta name=\"twitter:card\" content=\"summary_large_image\" \/>\n<meta name=\"twitter:site\" content=\"@Expotrade_Group\" \/>\n<meta name=\"twitter:label1\" content=\"Dur\u00e9e de lecture estim\u00e9e\" \/>\n\t<meta name=\"twitter:data1\" content=\"6 minutes\" \/>\n<script type=\"application\/ld+json\" class=\"yoast-schema-graph\">{\"@context\":\"https:\/\/schema.org\",\"@graph\":[{\"@type\":\"WebPage\",\"@id\":\"https:\/\/www.expotradegroup.com\/fr\/expotent\/expotent-45x3m\/\",\"url\":\"https:\/\/www.expotradegroup.com\/fr\/expotent\/expotent-45x3m\/\",\"name\":\"tentes pliantes 4,5x3m expotent - l'abri instantan\u00e9 de qualit\u00e9 parfaite\",\"isPartOf\":{\"@id\":\"https:\/\/www.expotradegroup.com\/fr\/#website\"},\"datePublished\":\"2015-09-17T12:33:47+00:00\",\"dateModified\":\"2023-08-31T17:27:07+00:00\",\"description\":\"tentes pliantes 4,5x3m expotent - qualit\u00e9 sup\u00e9rieure fabriqu\u00e9 en Autriche. Caract\u00e9ristiques telles que roues de transport, poussoir \u00e0 bouton-poussoir\",\"breadcrumb\":{\"@id\":\"https:\/\/www.expotradegroup.com\/fr\/expotent\/expotent-45x3m\/#breadcrumb\"},\"inLanguage\":\"fr-FR\",\"potentialAction\":[{\"@type\":\"ReadAction\",\"target\":[\"https:\/\/www.expotradegroup.com\/fr\/expotent\/expotent-45x3m\/\"]}]},{\"@type\":\"BreadcrumbList\",\"@id\":\"https:\/\/www.expotradegroup.com\/fr\/expotent\/expotent-45x3m\/#breadcrumb\",\"itemListElement\":[{\"@type\":\"ListItem\",\"position\":1,\"name\":\"Home\",\"item\":\"https:\/\/www.expotradegroup.com\/fr\/tentes-pliantes-table-pliantes-sacs-de-feves\/\"},{\"@type\":\"ListItem\",\"position\":2,\"name\":\"expotent\",\"item\":\"https:\/\/www.expotradegroup.com\/fr\/expotent\/\"},{\"@type\":\"ListItem\",\"position\":3,\"name\":\"expotent 4,5x3m\"}]},{\"@type\":\"WebSite\",\"@id\":\"https:\/\/www.expotradegroup.com\/fr\/#website\",\"url\":\"https:\/\/www.expotradegroup.com\/fr\/\",\"name\":\"Expotrade\",\"description\":\"Faltzelte, Falttische, Sitzs\u00e4cke und mobile ideas\",\"potentialAction\":[{\"@type\":\"SearchAction\",\"target\":{\"@type\":\"EntryPoint\",\"urlTemplate\":\"https:\/\/www.expotradegroup.com\/fr\/?s={search_term_string}\"},\"query-input\":\"required name=search_term_string\"}],\"inLanguage\":\"fr-FR\"}]}<\/script>\n<!-- \/ Yoast SEO plugin. -->","yoast_head_json":{"title":"tentes pliantes 4,5x3m expotent - l'abri instantan\u00e9 de qualit\u00e9 parfaite","description":"tentes pliantes 4,5x3m expotent - qualit\u00e9 sup\u00e9rieure fabriqu\u00e9 en Autriche. Caract\u00e9ristiques telles que roues de transport, poussoir \u00e0 bouton-poussoir","robots":{"index":"index","follow":"follow","max-snippet":"max-snippet:-1","max-image-preview":"max-image-preview:large","max-video-preview":"max-video-preview:-1"},"canonical":"https:\/\/www.expotradegroup.com\/fr\/expotent\/expotent-45x3m\/","og_locale":"fr_FR","og_type":"article","og_title":"tentes pliantes 4,5x3m expotent - l'abri instantan\u00e9 de qualit\u00e9 parfaite","og_description":"tentes pliantes 4,5x3m expotent - qualit\u00e9 sup\u00e9rieure fabriqu\u00e9 en Autriche. Caract\u00e9ristiques telles que roues de transport, poussoir \u00e0 bouton-poussoir","og_url":"https:\/\/www.expotradegroup.com\/fr\/expotent\/expotent-45x3m\/","og_site_name":"Expotrade","article_publisher":"https:\/\/www.facebook.com\/Expotrade-Group-Gmbh-Head-Office-501830963237226\/timeline\/","article_modified_time":"2023-08-31T17:27:07+00:00","twitter_card":"summary_large_image","twitter_site":"@Expotrade_Group","twitter_misc":{"Dur\u00e9e de lecture estim\u00e9e":"6 minutes"},"schema":{"@context":"https:\/\/schema.org","@graph":[{"@type":"WebPage","@id":"https:\/\/www.expotradegroup.com\/fr\/expotent\/expotent-45x3m\/","url":"https:\/\/www.expotradegroup.com\/fr\/expotent\/expotent-45x3m\/","name":"tentes pliantes 4,5x3m expotent - l'abri instantan\u00e9 de qualit\u00e9 parfaite","isPartOf":{"@id":"https:\/\/www.expotradegroup.com\/fr\/#website"},"datePublished":"2015-09-17T12:33:47+00:00","dateModified":"2023-08-31T17:27:07+00:00","description":"tentes pliantes 4,5x3m expotent - qualit\u00e9 sup\u00e9rieure fabriqu\u00e9 en Autriche. Caract\u00e9ristiques telles que roues de transport, poussoir \u00e0 bouton-poussoir","breadcrumb":{"@id":"https:\/\/www.expotradegroup.com\/fr\/expotent\/expotent-45x3m\/#breadcrumb"},"inLanguage":"fr-FR","potentialAction":[{"@type":"ReadAction","target":["https:\/\/www.expotradegroup.com\/fr\/expotent\/expotent-45x3m\/"]}]},{"@type":"BreadcrumbList","@id":"https:\/\/www.expotradegroup.com\/fr\/expotent\/expotent-45x3m\/#breadcrumb","itemListElement":[{"@type":"ListItem","position":1,"name":"Home","item":"https:\/\/www.expotradegroup.com\/fr\/tentes-pliantes-table-pliantes-sacs-de-feves\/"},{"@type":"ListItem","position":2,"name":"expotent","item":"https:\/\/www.expotradegroup.com\/fr\/expotent\/"},{"@type":"ListItem","position":3,"name":"expotent 4,5x3m"}]},{"@type":"WebSite","@id":"https:\/\/www.expotradegroup.com\/fr\/#website","url":"https:\/\/www.expotradegroup.com\/fr\/","name":"Expotrade","description":"Faltzelte, Falttische, Sitzs\u00e4cke und mobile ideas","potentialAction":[{"@type":"SearchAction","target":{"@type":"EntryPoint","urlTemplate":"https:\/\/www.expotradegroup.com\/fr\/?s={search_term_string}"},"query-input":"required name=search_term_string"}],"inLanguage":"fr-FR"}]}},"_links":{"self":[{"href":"https:\/\/www.expotradegroup.com\/fr\/wp-json\/wp\/v2\/pages\/12690"}],"collection":[{"href":"https:\/\/www.expotradegroup.com\/fr\/wp-json\/wp\/v2\/pages"}],"about":[{"href":"https:\/\/www.expotradegroup.com\/fr\/wp-json\/wp\/v2\/types\/page"}],"author":[{"embeddable":true,"href":"https:\/\/www.expotradegroup.com\/fr\/wp-json\/wp\/v2\/users\/1"}],"replies":[{"embeddable":true,"href":"https:\/\/www.expotradegroup.com\/fr\/wp-json\/wp\/v2\/comments?post=12690"}],"version-history":[{"count":24,"href":"https:\/\/www.expotradegroup.com\/fr\/wp-json\/wp\/v2\/pages\/12690\/revisions"}],"predecessor-version":[{"id":36442,"href":"https:\/\/www.expotradegroup.com\/fr\/wp-json\/wp\/v2\/pages\/12690\/revisions\/36442"}],"up":[{"embeddable":true,"href":"https:\/\/www.expotradegroup.com\/fr\/wp-json\/wp\/v2\/pages\/12423"}],"wp:attachment":[{"href":"https:\/\/www.expotradegroup.com\/fr\/wp-json\/wp\/v2\/media?parent=12690"}],"curies":[{"name":"wp","href":"https:\/\/api.w.org\/{rel}","templated":true}]}}