{"id":12716,"date":"2015-09-15T14:46:26","date_gmt":"2015-09-15T12:46:26","guid":{"rendered":"http:\/\/www.expotradegroup.com\/fr\/expotzent-brochure-holder\/"},"modified":"2020-06-15T20:30:12","modified_gmt":"2020-06-15T18:30:12","slug":"prestenoir-expotent","status":"publish","type":"page","link":"https:\/\/www.expotradegroup.com\/fr\/prestenoir-expotent\/","title":{"rendered":"Pr\u00e9sentoir expotent"},"content":{"rendered":"<div class=\"flex_column av_one_full  flex_column_div av-zero-column-padding first  \" style='border-radius:0px; '><\/div>\n<div class=\"flex_column av_one_full  flex_column_div av-zero-column-padding first  \" style='border-radius:0px; '><div style='padding-bottom:10px; ' class='av-special-heading av-special-heading-h1    '><h1 class='av-special-heading-tag '  itemprop=\"headline\"  >tente pliante Pr\u00e9sentoir<\/h1><div class='special-heading-border'><div class='special-heading-inner-border' ><\/div><\/div><\/div><\/div><section class=\"av_textblock_section \"  itemscope=\"itemscope\" itemtype=\"https:\/\/schema.org\/CreativeWork\" ><div class='avia_textblock  '   itemprop=\"text\" ><p>Le pr\u00e9sentoir expotent sera le compagnon id\u00e9al \u00e0 l&rsquo;occasion de vos foires ou salons. Vous n&rsquo;avez pas envie d&rsquo;installer des pr\u00e9sentoirs lourds et encombrants sur votre stand? Le pr\u00e9sentoir expotent est facilement fix\u00e9 sur un pied de votre tente pliable, vous faisant ainsi gagner un maximum de place. Sa position sur le pied pourra facilement \u00eatre modifi\u00e9e, relev\u00e9e ou rabaiss\u00e9e \u00e0 volont\u00e9, et tourn\u00e9e vers l&rsquo;int\u00e9rieur ou l&rsquo;ext\u00e9rieur de votre stand. Vous pourrez bien s\u00fbr fixer plusieurs pr\u00e9sentoirs sur un m\u00eame pied.<\/p>\n<\/div><\/section><\/p>\n<div style='height:30px' class='hr hr-invisible  '><span class='hr-inner ' ><span class='hr-inner-style'><\/span><\/span><\/div>\n<div class=\"flex_column av_one_third  flex_column_div av-zero-column-padding first  \" style='border-radius:0px; '><\/div><div class=\"flex_column av_one_third  flex_column_div av-zero-column-padding   \" style='border-radius:0px; '><p><div class='avia-image-container  av-styling-    avia-align-center '  itemprop=\"ImageObject\" itemscope=\"itemscope\" itemtype=\"https:\/\/schema.org\/ImageObject\"  ><div class='avia-image-container-inner'><div class='avia-image-overlay-wrap'><img class='avia_image ' src='https:\/\/www.expotradegroup.com\/wp-content\/uploads\/2015\/09\/Prospekt_Halterung_Standbein-258x300.png' alt='Porte-brochures expotent' title='Porte-brochures expotent' height=\"300\"width=\"258\"  itemprop=\"thumbnailUrl\"  \/><\/div><\/div><\/div><br \/>\n<section class=\"av_textblock_section \"  itemscope=\"itemscope\" itemtype=\"https:\/\/schema.org\/CreativeWork\" ><div class='avia_textblock  '   itemprop=\"text\" ><h3 style=\"text-align: center;\"><span style=\"color: #000000;\">Pr\u00e9sentoir expotent<br \/>\n<\/span><\/h3>\n<\/div><\/section><\/p><\/div><\/p>\n<div class=\"flex_column av_one_third  flex_column_div av-zero-column-padding   \" style='border-radius:0px; '><\/div>\n","protected":false},"excerpt":{"rendered":"","protected":false},"author":1,"featured_media":0,"parent":0,"menu_order":0,"comment_status":"open","ping_status":"closed","template":"","meta":{"footnotes":""},"class_list":["post-12716","page","type-page","status-publish","hentry"],"yoast_head":"<!-- This site is optimized with the Yoast SEO plugin v23.2 - https:\/\/yoast.com\/wordpress\/plugins\/seo\/ -->\n<title>Pr\u00e9sentoir expotent sera le compagnon id\u00e9al \u00e0 l&#039;occasion de vos foires<\/title>\n<meta name=\"description\" content=\"Le pr\u00e9sentoir Expotent sera le compagnon id\u00e9al \u00e0 l&#039;occasion de vos foires ou salons. Vous n&#039;avez pas envie d&#039;installer des pr\u00e9sentoirs lourds et encombrants\" \/>\n<meta name=\"robots\" content=\"index, follow, max-snippet:-1, max-image-preview:large, max-video-preview:-1\" \/>\n<link rel=\"canonical\" href=\"https:\/\/www.expotradegroup.com\/fr\/prestenoir-expotent\/\" \/>\n<meta property=\"og:locale\" content=\"fr_FR\" \/>\n<meta property=\"og:type\" content=\"article\" \/>\n<meta property=\"og:title\" content=\"Pr\u00e9sentoir expotent sera le compagnon id\u00e9al \u00e0 l&#039;occasion de vos foires\" \/>\n<meta property=\"og:description\" content=\"Le pr\u00e9sentoir Expotent sera le compagnon id\u00e9al \u00e0 l&#039;occasion de vos foires ou salons. Vous n&#039;avez pas envie d&#039;installer des pr\u00e9sentoirs lourds et encombrants\" \/>\n<meta property=\"og:url\" content=\"https:\/\/www.expotradegroup.com\/fr\/prestenoir-expotent\/\" \/>\n<meta property=\"og:site_name\" content=\"Expotrade\" \/>\n<meta property=\"article:publisher\" content=\"https:\/\/www.facebook.com\/Expotrade-Group-Gmbh-Head-Office-501830963237226\/timeline\/\" \/>\n<meta property=\"article:modified_time\" content=\"2020-06-15T18:30:12+00:00\" \/>\n<meta name=\"twitter:card\" content=\"summary_large_image\" \/>\n<meta name=\"twitter:site\" content=\"@Expotrade_Group\" \/>\n<meta name=\"twitter:label1\" content=\"Dur\u00e9e de lecture estim\u00e9e\" \/>\n\t<meta name=\"twitter:data1\" content=\"3 minutes\" \/>\n<script type=\"application\/ld+json\" class=\"yoast-schema-graph\">{\"@context\":\"https:\/\/schema.org\",\"@graph\":[{\"@type\":\"WebPage\",\"@id\":\"https:\/\/www.expotradegroup.com\/fr\/prestenoir-expotent\/\",\"url\":\"https:\/\/www.expotradegroup.com\/fr\/prestenoir-expotent\/\",\"name\":\"Pr\u00e9sentoir expotent sera le compagnon id\u00e9al \u00e0 l'occasion de vos foires\",\"isPartOf\":{\"@id\":\"https:\/\/www.expotradegroup.com\/fr\/#website\"},\"datePublished\":\"2015-09-15T12:46:26+00:00\",\"dateModified\":\"2020-06-15T18:30:12+00:00\",\"description\":\"Le pr\u00e9sentoir Expotent sera le compagnon id\u00e9al \u00e0 l'occasion de vos foires ou salons. Vous n'avez pas envie d'installer des pr\u00e9sentoirs lourds et encombrants\",\"breadcrumb\":{\"@id\":\"https:\/\/www.expotradegroup.com\/fr\/prestenoir-expotent\/#breadcrumb\"},\"inLanguage\":\"fr-FR\",\"potentialAction\":[{\"@type\":\"ReadAction\",\"target\":[\"https:\/\/www.expotradegroup.com\/fr\/prestenoir-expotent\/\"]}]},{\"@type\":\"BreadcrumbList\",\"@id\":\"https:\/\/www.expotradegroup.com\/fr\/prestenoir-expotent\/#breadcrumb\",\"itemListElement\":[{\"@type\":\"ListItem\",\"position\":1,\"name\":\"Home\",\"item\":\"https:\/\/www.expotradegroup.com\/fr\/tentes-pliantes-table-pliantes-sacs-de-feves\/\"},{\"@type\":\"ListItem\",\"position\":2,\"name\":\"Pr\u00e9sentoir expotent\"}]},{\"@type\":\"WebSite\",\"@id\":\"https:\/\/www.expotradegroup.com\/fr\/#website\",\"url\":\"https:\/\/www.expotradegroup.com\/fr\/\",\"name\":\"Expotrade\",\"description\":\"Faltzelte, Falttische, Sitzs\u00e4cke und mobile ideas\",\"potentialAction\":[{\"@type\":\"SearchAction\",\"target\":{\"@type\":\"EntryPoint\",\"urlTemplate\":\"https:\/\/www.expotradegroup.com\/fr\/?s={search_term_string}\"},\"query-input\":\"required name=search_term_string\"}],\"inLanguage\":\"fr-FR\"}]}<\/script>\n<!-- \/ Yoast SEO plugin. -->","yoast_head_json":{"title":"Pr\u00e9sentoir expotent sera le compagnon id\u00e9al \u00e0 l'occasion de vos foires","description":"Le pr\u00e9sentoir Expotent sera le compagnon id\u00e9al \u00e0 l'occasion de vos foires ou salons. Vous n'avez pas envie d'installer des pr\u00e9sentoirs lourds et encombrants","robots":{"index":"index","follow":"follow","max-snippet":"max-snippet:-1","max-image-preview":"max-image-preview:large","max-video-preview":"max-video-preview:-1"},"canonical":"https:\/\/www.expotradegroup.com\/fr\/prestenoir-expotent\/","og_locale":"fr_FR","og_type":"article","og_title":"Pr\u00e9sentoir expotent sera le compagnon id\u00e9al \u00e0 l'occasion de vos foires","og_description":"Le pr\u00e9sentoir Expotent sera le compagnon id\u00e9al \u00e0 l'occasion de vos foires ou salons. Vous n'avez pas envie d'installer des pr\u00e9sentoirs lourds et encombrants","og_url":"https:\/\/www.expotradegroup.com\/fr\/prestenoir-expotent\/","og_site_name":"Expotrade","article_publisher":"https:\/\/www.facebook.com\/Expotrade-Group-Gmbh-Head-Office-501830963237226\/timeline\/","article_modified_time":"2020-06-15T18:30:12+00:00","twitter_card":"summary_large_image","twitter_site":"@Expotrade_Group","twitter_misc":{"Dur\u00e9e de lecture estim\u00e9e":"3 minutes"},"schema":{"@context":"https:\/\/schema.org","@graph":[{"@type":"WebPage","@id":"https:\/\/www.expotradegroup.com\/fr\/prestenoir-expotent\/","url":"https:\/\/www.expotradegroup.com\/fr\/prestenoir-expotent\/","name":"Pr\u00e9sentoir expotent sera le compagnon id\u00e9al \u00e0 l'occasion de vos foires","isPartOf":{"@id":"https:\/\/www.expotradegroup.com\/fr\/#website"},"datePublished":"2015-09-15T12:46:26+00:00","dateModified":"2020-06-15T18:30:12+00:00","description":"Le pr\u00e9sentoir Expotent sera le compagnon id\u00e9al \u00e0 l'occasion de vos foires ou salons. Vous n'avez pas envie d'installer des pr\u00e9sentoirs lourds et encombrants","breadcrumb":{"@id":"https:\/\/www.expotradegroup.com\/fr\/prestenoir-expotent\/#breadcrumb"},"inLanguage":"fr-FR","potentialAction":[{"@type":"ReadAction","target":["https:\/\/www.expotradegroup.com\/fr\/prestenoir-expotent\/"]}]},{"@type":"BreadcrumbList","@id":"https:\/\/www.expotradegroup.com\/fr\/prestenoir-expotent\/#breadcrumb","itemListElement":[{"@type":"ListItem","position":1,"name":"Home","item":"https:\/\/www.expotradegroup.com\/fr\/tentes-pliantes-table-pliantes-sacs-de-feves\/"},{"@type":"ListItem","position":2,"name":"Pr\u00e9sentoir expotent"}]},{"@type":"WebSite","@id":"https:\/\/www.expotradegroup.com\/fr\/#website","url":"https:\/\/www.expotradegroup.com\/fr\/","name":"Expotrade","description":"Faltzelte, Falttische, Sitzs\u00e4cke und mobile ideas","potentialAction":[{"@type":"SearchAction","target":{"@type":"EntryPoint","urlTemplate":"https:\/\/www.expotradegroup.com\/fr\/?s={search_term_string}"},"query-input":"required name=search_term_string"}],"inLanguage":"fr-FR"}]}},"_links":{"self":[{"href":"https:\/\/www.expotradegroup.com\/fr\/wp-json\/wp\/v2\/pages\/12716"}],"collection":[{"href":"https:\/\/www.expotradegroup.com\/fr\/wp-json\/wp\/v2\/pages"}],"about":[{"href":"https:\/\/www.expotradegroup.com\/fr\/wp-json\/wp\/v2\/types\/page"}],"author":[{"embeddable":true,"href":"https:\/\/www.expotradegroup.com\/fr\/wp-json\/wp\/v2\/users\/1"}],"replies":[{"embeddable":true,"href":"https:\/\/www.expotradegroup.com\/fr\/wp-json\/wp\/v2\/comments?post=12716"}],"version-history":[{"count":6,"href":"https:\/\/www.expotradegroup.com\/fr\/wp-json\/wp\/v2\/pages\/12716\/revisions"}],"predecessor-version":[{"id":22946,"href":"https:\/\/www.expotradegroup.com\/fr\/wp-json\/wp\/v2\/pages\/12716\/revisions\/22946"}],"wp:attachment":[{"href":"https:\/\/www.expotradegroup.com\/fr\/wp-json\/wp\/v2\/media?parent=12716"}],"curies":[{"name":"wp","href":"https:\/\/api.w.org\/{rel}","templated":true}]}}