{"id":12721,"date":"2015-09-15T13:46:31","date_gmt":"2015-09-15T11:46:31","guid":{"rendered":"http:\/\/www.expotradegroup.com\/fr\/expotent-foot-weight-plates\/"},"modified":"2020-06-15T20:25:54","modified_gmt":"2020-06-15T18:25:54","slug":"lests-pour-pietement-expotent","status":"publish","type":"page","link":"https:\/\/www.expotradegroup.com\/fr\/lests-pour-pietement-expotent\/","title":{"rendered":"lests pour pi\u00e8tement expotent"},"content":{"rendered":"<div class=\"flex_column av_one_full  flex_column_div av-zero-column-padding first  \" style='border-radius:0px; '><\/div>\n<div class=\"flex_column av_one_full  flex_column_div av-zero-column-padding first  \" style='border-radius:0px; '><div style='padding-bottom:10px; ' class='av-special-heading av-special-heading-h1    '><h1 class='av-special-heading-tag '  itemprop=\"headline\"  >tente pliante lests pour pi\u00e8tement<\/h1><div class='special-heading-border'><div class='special-heading-inner-border' ><\/div><\/div><\/div><\/div><section class=\"av_textblock_section \"  itemscope=\"itemscope\" itemtype=\"https:\/\/schema.org\/CreativeWork\" ><div class='avia_textblock  '   itemprop=\"text\" ><p>Les expotent ont plus ou moins de portance au sol en fonction de leurs tailles. Il faut donc les s\u00e9curiser pour les rendre plus r\u00e9sistantes aux vents. Les sangles de tension et les piquets de tente fournis sont id\u00e9aux pour \u00e7a, mais il existe d&rsquo;autres solutions pour am\u00e9liorer encore le syst\u00e8me. Notamment les lests expotent. On les dispose facilement aux pieds et ils am\u00e9liorent la stabilit\u00e9 de l&rsquo;ensemble. En fonction de leur poids (15 kg\/25 kg) et afin de les solidariser du pied, les lests sont fix\u00e9s par une attache velcro. Les lests 15 kg et 25 kg ont une attache velcro.<\/p>\n<p>Tous les lests ont une poign\u00e9e int\u00e9gr\u00e9e pour faciliter le transport. Si une installation avec les piquets et les sangles de tension n&rsquo;est pas possible \u00e0 cause d&rsquo;une surface trop dure, les lests Expotent repr\u00e9sentent l&rsquo;alternative id\u00e9ale. Notez qu&rsquo;il est conseill\u00e9 de d\u00e9monter la tente si les vents sont vraiment trop forts.<\/p>\n<\/div><\/section><\/p>\n<div class=\"flex_column av_one_third  flex_column_div av-zero-column-padding first  \" style='border-radius:0px; '><p><div class='avia-image-container  av-styling-    avia-align-center '  itemprop=\"ImageObject\" itemscope=\"itemscope\" itemtype=\"https:\/\/schema.org\/ImageObject\"  ><div class='avia-image-container-inner'><div class='avia-image-overlay-wrap'><img class='avia_image ' src='https:\/\/www.expotradegroup.com\/wp-content\/uploads\/2020\/06\/expotent_footplate_15kg.gif' alt='plaque de poids 15kg' title='plaque de poids 15kg' height=\"474\"width=\"800\"  itemprop=\"thumbnailUrl\"  \/><\/div><\/div><\/div><br \/>\n<section class=\"av_textblock_section \"  itemscope=\"itemscope\" itemtype=\"https:\/\/schema.org\/CreativeWork\" ><div class='avia_textblock  '   itemprop=\"text\" ><p style=\"text-align: center;\">15 kg<\/p>\n<\/div><\/section><\/p><\/div>\n<div class=\"flex_column av_one_third  flex_column_div av-zero-column-padding   \" style='border-radius:0px; '><p><div class='avia-image-container  av-styling-    avia-align-center '  itemprop=\"ImageObject\" itemscope=\"itemscope\" itemtype=\"https:\/\/schema.org\/ImageObject\"  ><div class='avia-image-container-inner'><div class='avia-image-overlay-wrap'><a href='https:\/\/www.expotradegroup.com\/fr\/a-propos-de-nous\/' class='avia_image'  ><img class='avia_image ' src='https:\/\/www.expotradegroup.com\/wp-content\/uploads\/2020\/06\/expotent_footplate_25kg.gif' alt='plaque de poids 25kg' title='plaque de poids 25kg'  itemprop=\"thumbnailUrl\"  \/><\/a><\/div><\/div><\/div><br \/>\n<section class=\"av_textblock_section \"  itemscope=\"itemscope\" itemtype=\"https:\/\/schema.org\/CreativeWork\" ><div class='avia_textblock  '   itemprop=\"text\" ><p style=\"text-align: center;\">25 kg<\/p>\n<\/div><\/section><\/p><\/div>\n","protected":false},"excerpt":{"rendered":"","protected":false},"author":1,"featured_media":0,"parent":0,"menu_order":0,"comment_status":"open","ping_status":"closed","template":"","meta":{"footnotes":""},"class_list":["post-12721","page","type-page","status-publish","hentry"],"yoast_head":"<!-- This site is optimized with the Yoast SEO plugin v23.2 - https:\/\/yoast.com\/wordpress\/plugins\/seo\/ -->\n<title>lests pour pi\u00e8tement expotent - choix parfait pour fixer votre tente pliable<\/title>\n<meta name=\"description\" content=\"lests pour pi\u00e8tement expotent pour s\u00e9curiser la fixation de votre tente pliante ou de votre accroche-regard expodome. Chaque plaque a une poign\u00e9e int\u00e9gr\u00e9e\" \/>\n<meta name=\"robots\" content=\"index, follow, max-snippet:-1, max-image-preview:large, max-video-preview:-1\" \/>\n<link rel=\"canonical\" href=\"https:\/\/www.expotradegroup.com\/fr\/lests-pour-pietement-expotent\/\" \/>\n<meta property=\"og:locale\" content=\"fr_FR\" \/>\n<meta property=\"og:type\" content=\"article\" \/>\n<meta property=\"og:title\" content=\"lests pour pi\u00e8tement expotent - choix parfait pour fixer votre tente pliable\" \/>\n<meta property=\"og:description\" content=\"lests pour pi\u00e8tement expotent pour s\u00e9curiser la fixation de votre tente pliante ou de votre accroche-regard expodome. Chaque plaque a une poign\u00e9e int\u00e9gr\u00e9e\" \/>\n<meta property=\"og:url\" content=\"https:\/\/www.expotradegroup.com\/fr\/lests-pour-pietement-expotent\/\" \/>\n<meta property=\"og:site_name\" content=\"Expotrade\" \/>\n<meta property=\"article:publisher\" content=\"https:\/\/www.facebook.com\/Expotrade-Group-Gmbh-Head-Office-501830963237226\/timeline\/\" \/>\n<meta property=\"article:modified_time\" content=\"2020-06-15T18:25:54+00:00\" \/>\n<meta name=\"twitter:card\" content=\"summary_large_image\" \/>\n<meta name=\"twitter:site\" content=\"@Expotrade_Group\" \/>\n<meta name=\"twitter:label1\" content=\"Dur\u00e9e de lecture estim\u00e9e\" \/>\n\t<meta name=\"twitter:data1\" content=\"3 minutes\" \/>\n<script type=\"application\/ld+json\" class=\"yoast-schema-graph\">{\"@context\":\"https:\/\/schema.org\",\"@graph\":[{\"@type\":\"WebPage\",\"@id\":\"https:\/\/www.expotradegroup.com\/fr\/lests-pour-pietement-expotent\/\",\"url\":\"https:\/\/www.expotradegroup.com\/fr\/lests-pour-pietement-expotent\/\",\"name\":\"lests pour pi\u00e8tement expotent - choix parfait pour fixer votre tente pliable\",\"isPartOf\":{\"@id\":\"https:\/\/www.expotradegroup.com\/fr\/#website\"},\"datePublished\":\"2015-09-15T11:46:31+00:00\",\"dateModified\":\"2020-06-15T18:25:54+00:00\",\"description\":\"lests pour pi\u00e8tement expotent pour s\u00e9curiser la fixation de votre tente pliante ou de votre accroche-regard expodome. Chaque plaque a une poign\u00e9e int\u00e9gr\u00e9e\",\"breadcrumb\":{\"@id\":\"https:\/\/www.expotradegroup.com\/fr\/lests-pour-pietement-expotent\/#breadcrumb\"},\"inLanguage\":\"fr-FR\",\"potentialAction\":[{\"@type\":\"ReadAction\",\"target\":[\"https:\/\/www.expotradegroup.com\/fr\/lests-pour-pietement-expotent\/\"]}]},{\"@type\":\"BreadcrumbList\",\"@id\":\"https:\/\/www.expotradegroup.com\/fr\/lests-pour-pietement-expotent\/#breadcrumb\",\"itemListElement\":[{\"@type\":\"ListItem\",\"position\":1,\"name\":\"Home\",\"item\":\"https:\/\/www.expotradegroup.com\/fr\/tentes-pliantes-table-pliantes-sacs-de-feves\/\"},{\"@type\":\"ListItem\",\"position\":2,\"name\":\"lests pour pi\u00e8tement expotent\"}]},{\"@type\":\"WebSite\",\"@id\":\"https:\/\/www.expotradegroup.com\/fr\/#website\",\"url\":\"https:\/\/www.expotradegroup.com\/fr\/\",\"name\":\"Expotrade\",\"description\":\"Faltzelte, Falttische, Sitzs\u00e4cke und mobile ideas\",\"potentialAction\":[{\"@type\":\"SearchAction\",\"target\":{\"@type\":\"EntryPoint\",\"urlTemplate\":\"https:\/\/www.expotradegroup.com\/fr\/?s={search_term_string}\"},\"query-input\":\"required name=search_term_string\"}],\"inLanguage\":\"fr-FR\"}]}<\/script>\n<!-- \/ Yoast SEO plugin. -->","yoast_head_json":{"title":"lests pour pi\u00e8tement expotent - choix parfait pour fixer votre tente pliable","description":"lests pour pi\u00e8tement expotent pour s\u00e9curiser la fixation de votre tente pliante ou de votre accroche-regard expodome. Chaque plaque a une poign\u00e9e int\u00e9gr\u00e9e","robots":{"index":"index","follow":"follow","max-snippet":"max-snippet:-1","max-image-preview":"max-image-preview:large","max-video-preview":"max-video-preview:-1"},"canonical":"https:\/\/www.expotradegroup.com\/fr\/lests-pour-pietement-expotent\/","og_locale":"fr_FR","og_type":"article","og_title":"lests pour pi\u00e8tement expotent - choix parfait pour fixer votre tente pliable","og_description":"lests pour pi\u00e8tement expotent pour s\u00e9curiser la fixation de votre tente pliante ou de votre accroche-regard expodome. Chaque plaque a une poign\u00e9e int\u00e9gr\u00e9e","og_url":"https:\/\/www.expotradegroup.com\/fr\/lests-pour-pietement-expotent\/","og_site_name":"Expotrade","article_publisher":"https:\/\/www.facebook.com\/Expotrade-Group-Gmbh-Head-Office-501830963237226\/timeline\/","article_modified_time":"2020-06-15T18:25:54+00:00","twitter_card":"summary_large_image","twitter_site":"@Expotrade_Group","twitter_misc":{"Dur\u00e9e de lecture estim\u00e9e":"3 minutes"},"schema":{"@context":"https:\/\/schema.org","@graph":[{"@type":"WebPage","@id":"https:\/\/www.expotradegroup.com\/fr\/lests-pour-pietement-expotent\/","url":"https:\/\/www.expotradegroup.com\/fr\/lests-pour-pietement-expotent\/","name":"lests pour pi\u00e8tement expotent - choix parfait pour fixer votre tente pliable","isPartOf":{"@id":"https:\/\/www.expotradegroup.com\/fr\/#website"},"datePublished":"2015-09-15T11:46:31+00:00","dateModified":"2020-06-15T18:25:54+00:00","description":"lests pour pi\u00e8tement expotent pour s\u00e9curiser la fixation de votre tente pliante ou de votre accroche-regard expodome. Chaque plaque a une poign\u00e9e int\u00e9gr\u00e9e","breadcrumb":{"@id":"https:\/\/www.expotradegroup.com\/fr\/lests-pour-pietement-expotent\/#breadcrumb"},"inLanguage":"fr-FR","potentialAction":[{"@type":"ReadAction","target":["https:\/\/www.expotradegroup.com\/fr\/lests-pour-pietement-expotent\/"]}]},{"@type":"BreadcrumbList","@id":"https:\/\/www.expotradegroup.com\/fr\/lests-pour-pietement-expotent\/#breadcrumb","itemListElement":[{"@type":"ListItem","position":1,"name":"Home","item":"https:\/\/www.expotradegroup.com\/fr\/tentes-pliantes-table-pliantes-sacs-de-feves\/"},{"@type":"ListItem","position":2,"name":"lests pour pi\u00e8tement expotent"}]},{"@type":"WebSite","@id":"https:\/\/www.expotradegroup.com\/fr\/#website","url":"https:\/\/www.expotradegroup.com\/fr\/","name":"Expotrade","description":"Faltzelte, Falttische, Sitzs\u00e4cke und mobile ideas","potentialAction":[{"@type":"SearchAction","target":{"@type":"EntryPoint","urlTemplate":"https:\/\/www.expotradegroup.com\/fr\/?s={search_term_string}"},"query-input":"required name=search_term_string"}],"inLanguage":"fr-FR"}]}},"_links":{"self":[{"href":"https:\/\/www.expotradegroup.com\/fr\/wp-json\/wp\/v2\/pages\/12721"}],"collection":[{"href":"https:\/\/www.expotradegroup.com\/fr\/wp-json\/wp\/v2\/pages"}],"about":[{"href":"https:\/\/www.expotradegroup.com\/fr\/wp-json\/wp\/v2\/types\/page"}],"author":[{"embeddable":true,"href":"https:\/\/www.expotradegroup.com\/fr\/wp-json\/wp\/v2\/users\/1"}],"replies":[{"embeddable":true,"href":"https:\/\/www.expotradegroup.com\/fr\/wp-json\/wp\/v2\/comments?post=12721"}],"version-history":[{"count":9,"href":"https:\/\/www.expotradegroup.com\/fr\/wp-json\/wp\/v2\/pages\/12721\/revisions"}],"predecessor-version":[{"id":22938,"href":"https:\/\/www.expotradegroup.com\/fr\/wp-json\/wp\/v2\/pages\/12721\/revisions\/22938"}],"wp:attachment":[{"href":"https:\/\/www.expotradegroup.com\/fr\/wp-json\/wp\/v2\/media?parent=12721"}],"curies":[{"name":"wp","href":"https:\/\/api.w.org\/{rel}","templated":true}]}}