{"id":12724,"date":"2015-09-15T11:44:00","date_gmt":"2015-09-15T09:44:00","guid":{"rendered":"http:\/\/www.expotradegroup.com\/fr\/expotent-raingutters\/"},"modified":"2020-06-15T20:21:18","modified_gmt":"2020-06-15T18:21:18","slug":"gouttieres-expotent","status":"publish","type":"page","link":"https:\/\/www.expotradegroup.com\/fr\/gouttieres-expotent\/","title":{"rendered":"goutti\u00e8res expotent"},"content":{"rendered":"<div class=\"flex_column av_one_full  flex_column_div av-zero-column-padding first  \" style='border-radius:0px; '><\/div>\n<div class=\"flex_column av_one_full  flex_column_div av-zero-column-padding first  \" style='border-radius:0px; '><div style='padding-bottom:10px; ' class='av-special-heading av-special-heading-h1    '><h1 class='av-special-heading-tag '  itemprop=\"headline\"  >tente pliante goutti\u00e8res<\/h1><div class='special-heading-border'><div class='special-heading-inner-border' ><\/div><\/div><\/div><\/div><section class=\"av_textblock_section \"  itemscope=\"itemscope\" itemtype=\"https:\/\/schema.org\/CreativeWork\" ><div class='avia_textblock  '   itemprop=\"text\" ><p>Expotrade vous propose les <strong>tente pliante goutti\u00e8res expotent<\/strong> pour assurer une connexion imperm\u00e9able entre vos tentes pliables. Ce produit est fix\u00e9 \u00e0 l&rsquo;int\u00e9rieur du toit de la premi\u00e8re tente par un velcro\u00a0 (comme pour les c\u00f4t\u00e9s), et apr\u00e8s \u00eatre pli\u00e9, fix\u00e9 \u00e0 l&rsquo;identique sur le toit de l&rsquo;autre tente. Ces goutti\u00e8res expotent en PVC sont faciles \u00e0 nettoyer et bien s\u00fbr parfaitement \u00e9tanches. Autre effet positif, l&rsquo;espace entre vos deux tentes se retrouve ainsi r\u00e9duit. Exclusivit\u00e9 Expotrade, nous proposons une goutti\u00e8re verticale. Cette innovation \u00e9vite les \u00e9claboussures au sol et \u00e0 l&rsquo;int\u00e9rieur de la tente.<\/p>\n<\/div><\/section><\/p>\n<div style='height:30px' class='hr hr-invisible  '><span class='hr-inner ' ><span class='hr-inner-style'><\/span><\/span><\/div>\n<div class=\"flex_column av_two_fifth  flex_column_div av-zero-column-padding first  \" style='border-radius:0px; '><p><div class='avia-image-container  av-styling-    avia-align-center '  itemprop=\"ImageObject\" itemscope=\"itemscope\" itemtype=\"https:\/\/schema.org\/ImageObject\"  ><div class='avia-image-container-inner'><div class='avia-image-overlay-wrap'><img class='avia_image ' src='https:\/\/www.expotradegroup.com\/wp-content\/uploads\/2015\/10\/Regenrinne1.png' alt='goutti\u00e8re expotent horizontal' title='goutti\u00e8re expotent horizontal' height=\"206\"width=\"250\"  itemprop=\"thumbnailUrl\"  \/><\/div><\/div><\/div><br \/>\n<section class=\"av_textblock_section \"  itemscope=\"itemscope\" itemtype=\"https:\/\/schema.org\/CreativeWork\" ><div class='avia_textblock  '   itemprop=\"text\" ><h3 style=\"text-align: left;\"><span style=\"color: #000000;\">\u00a0\u00a0 \u00a0 \u00a0 goutti\u00e8re horizontale<\/span><\/h3>\n<\/div><\/section><\/p><\/div>\n<div class=\"flex_column av_two_fifth  flex_column_div av-zero-column-padding   \" style='border-radius:0px; '><p><div class='avia-image-container  av-styling-    avia-align-center '  itemprop=\"ImageObject\" itemscope=\"itemscope\" itemtype=\"https:\/\/schema.org\/ImageObject\"  ><div class='avia-image-container-inner'><div class='avia-image-overlay-wrap'><img class='avia_image ' src='https:\/\/www.expotradegroup.com\/wp-content\/uploads\/2015\/10\/Regenrinne_vertikal_ablauf.png' alt='gouttiere vertical expotent' title='gouttiere vertical expotent' height=\"208\"width=\"250\"  itemprop=\"thumbnailUrl\"  \/><\/div><\/div><\/div><br \/>\n<section class=\"av_textblock_section \"  itemscope=\"itemscope\" itemtype=\"https:\/\/schema.org\/CreativeWork\" ><div class='avia_textblock  '   itemprop=\"text\" ><h3 style=\"text-align: left;\"><span style=\"color: #000000;\">\u00a0\u00a0\u00a0\u00a0\u00a0\u00a0 goutti\u00e8re verticale<\/span><\/h3>\n<\/div><\/section><\/p><\/div>\n","protected":false},"excerpt":{"rendered":"","protected":false},"author":1,"featured_media":0,"parent":0,"menu_order":0,"comment_status":"open","ping_status":"closed","template":"","meta":{"footnotes":""},"class_list":["post-12724","page","type-page","status-publish","hentry"],"yoast_head":"<!-- This site is optimized with the Yoast SEO plugin v23.2 - https:\/\/yoast.com\/wordpress\/plugins\/seo\/ -->\n<title>goutti\u00e8res expotents - la meilleure protection contre la pluie pour les tentes<\/title>\n<meta name=\"description\" content=\"goutti\u00e8res expotents pour leurs tentes pliables. La goutti\u00e8re horizontale et verticale est une nouveaut\u00e9 dans l&#039;industrie des tentes\" \/>\n<meta name=\"robots\" content=\"index, follow, max-snippet:-1, max-image-preview:large, max-video-preview:-1\" \/>\n<link rel=\"canonical\" href=\"https:\/\/www.expotradegroup.com\/fr\/gouttieres-expotent\/\" \/>\n<meta property=\"og:locale\" content=\"fr_FR\" \/>\n<meta property=\"og:type\" content=\"article\" \/>\n<meta property=\"og:title\" content=\"goutti\u00e8res expotents - la meilleure protection contre la pluie pour les tentes\" \/>\n<meta property=\"og:description\" content=\"goutti\u00e8res expotents pour leurs tentes pliables. La goutti\u00e8re horizontale et verticale est une nouveaut\u00e9 dans l&#039;industrie des tentes\" \/>\n<meta property=\"og:url\" content=\"https:\/\/www.expotradegroup.com\/fr\/gouttieres-expotent\/\" \/>\n<meta property=\"og:site_name\" content=\"Expotrade\" \/>\n<meta property=\"article:publisher\" content=\"https:\/\/www.facebook.com\/Expotrade-Group-Gmbh-Head-Office-501830963237226\/timeline\/\" \/>\n<meta property=\"article:modified_time\" content=\"2020-06-15T18:21:18+00:00\" \/>\n<meta name=\"twitter:card\" content=\"summary_large_image\" \/>\n<meta name=\"twitter:site\" content=\"@Expotrade_Group\" \/>\n<meta name=\"twitter:label1\" content=\"Dur\u00e9e de lecture estim\u00e9e\" \/>\n\t<meta name=\"twitter:data1\" content=\"3 minutes\" \/>\n<script type=\"application\/ld+json\" class=\"yoast-schema-graph\">{\"@context\":\"https:\/\/schema.org\",\"@graph\":[{\"@type\":\"WebPage\",\"@id\":\"https:\/\/www.expotradegroup.com\/fr\/gouttieres-expotent\/\",\"url\":\"https:\/\/www.expotradegroup.com\/fr\/gouttieres-expotent\/\",\"name\":\"goutti\u00e8res expotents - la meilleure protection contre la pluie pour les tentes\",\"isPartOf\":{\"@id\":\"https:\/\/www.expotradegroup.com\/fr\/#website\"},\"datePublished\":\"2015-09-15T09:44:00+00:00\",\"dateModified\":\"2020-06-15T18:21:18+00:00\",\"description\":\"goutti\u00e8res expotents pour leurs tentes pliables. La goutti\u00e8re horizontale et verticale est une nouveaut\u00e9 dans l'industrie des tentes\",\"breadcrumb\":{\"@id\":\"https:\/\/www.expotradegroup.com\/fr\/gouttieres-expotent\/#breadcrumb\"},\"inLanguage\":\"fr-FR\",\"potentialAction\":[{\"@type\":\"ReadAction\",\"target\":[\"https:\/\/www.expotradegroup.com\/fr\/gouttieres-expotent\/\"]}]},{\"@type\":\"BreadcrumbList\",\"@id\":\"https:\/\/www.expotradegroup.com\/fr\/gouttieres-expotent\/#breadcrumb\",\"itemListElement\":[{\"@type\":\"ListItem\",\"position\":1,\"name\":\"Home\",\"item\":\"https:\/\/www.expotradegroup.com\/fr\/tentes-pliantes-table-pliantes-sacs-de-feves\/\"},{\"@type\":\"ListItem\",\"position\":2,\"name\":\"goutti\u00e8res expotent\"}]},{\"@type\":\"WebSite\",\"@id\":\"https:\/\/www.expotradegroup.com\/fr\/#website\",\"url\":\"https:\/\/www.expotradegroup.com\/fr\/\",\"name\":\"Expotrade\",\"description\":\"Faltzelte, Falttische, Sitzs\u00e4cke und mobile ideas\",\"potentialAction\":[{\"@type\":\"SearchAction\",\"target\":{\"@type\":\"EntryPoint\",\"urlTemplate\":\"https:\/\/www.expotradegroup.com\/fr\/?s={search_term_string}\"},\"query-input\":\"required name=search_term_string\"}],\"inLanguage\":\"fr-FR\"}]}<\/script>\n<!-- \/ Yoast SEO plugin. -->","yoast_head_json":{"title":"goutti\u00e8res expotents - la meilleure protection contre la pluie pour les tentes","description":"goutti\u00e8res expotents pour leurs tentes pliables. La goutti\u00e8re horizontale et verticale est une nouveaut\u00e9 dans l'industrie des tentes","robots":{"index":"index","follow":"follow","max-snippet":"max-snippet:-1","max-image-preview":"max-image-preview:large","max-video-preview":"max-video-preview:-1"},"canonical":"https:\/\/www.expotradegroup.com\/fr\/gouttieres-expotent\/","og_locale":"fr_FR","og_type":"article","og_title":"goutti\u00e8res expotents - la meilleure protection contre la pluie pour les tentes","og_description":"goutti\u00e8res expotents pour leurs tentes pliables. La goutti\u00e8re horizontale et verticale est une nouveaut\u00e9 dans l'industrie des tentes","og_url":"https:\/\/www.expotradegroup.com\/fr\/gouttieres-expotent\/","og_site_name":"Expotrade","article_publisher":"https:\/\/www.facebook.com\/Expotrade-Group-Gmbh-Head-Office-501830963237226\/timeline\/","article_modified_time":"2020-06-15T18:21:18+00:00","twitter_card":"summary_large_image","twitter_site":"@Expotrade_Group","twitter_misc":{"Dur\u00e9e de lecture estim\u00e9e":"3 minutes"},"schema":{"@context":"https:\/\/schema.org","@graph":[{"@type":"WebPage","@id":"https:\/\/www.expotradegroup.com\/fr\/gouttieres-expotent\/","url":"https:\/\/www.expotradegroup.com\/fr\/gouttieres-expotent\/","name":"goutti\u00e8res expotents - la meilleure protection contre la pluie pour les tentes","isPartOf":{"@id":"https:\/\/www.expotradegroup.com\/fr\/#website"},"datePublished":"2015-09-15T09:44:00+00:00","dateModified":"2020-06-15T18:21:18+00:00","description":"goutti\u00e8res expotents pour leurs tentes pliables. La goutti\u00e8re horizontale et verticale est une nouveaut\u00e9 dans l'industrie des tentes","breadcrumb":{"@id":"https:\/\/www.expotradegroup.com\/fr\/gouttieres-expotent\/#breadcrumb"},"inLanguage":"fr-FR","potentialAction":[{"@type":"ReadAction","target":["https:\/\/www.expotradegroup.com\/fr\/gouttieres-expotent\/"]}]},{"@type":"BreadcrumbList","@id":"https:\/\/www.expotradegroup.com\/fr\/gouttieres-expotent\/#breadcrumb","itemListElement":[{"@type":"ListItem","position":1,"name":"Home","item":"https:\/\/www.expotradegroup.com\/fr\/tentes-pliantes-table-pliantes-sacs-de-feves\/"},{"@type":"ListItem","position":2,"name":"goutti\u00e8res expotent"}]},{"@type":"WebSite","@id":"https:\/\/www.expotradegroup.com\/fr\/#website","url":"https:\/\/www.expotradegroup.com\/fr\/","name":"Expotrade","description":"Faltzelte, Falttische, Sitzs\u00e4cke und mobile ideas","potentialAction":[{"@type":"SearchAction","target":{"@type":"EntryPoint","urlTemplate":"https:\/\/www.expotradegroup.com\/fr\/?s={search_term_string}"},"query-input":"required name=search_term_string"}],"inLanguage":"fr-FR"}]}},"_links":{"self":[{"href":"https:\/\/www.expotradegroup.com\/fr\/wp-json\/wp\/v2\/pages\/12724"}],"collection":[{"href":"https:\/\/www.expotradegroup.com\/fr\/wp-json\/wp\/v2\/pages"}],"about":[{"href":"https:\/\/www.expotradegroup.com\/fr\/wp-json\/wp\/v2\/types\/page"}],"author":[{"embeddable":true,"href":"https:\/\/www.expotradegroup.com\/fr\/wp-json\/wp\/v2\/users\/1"}],"replies":[{"embeddable":true,"href":"https:\/\/www.expotradegroup.com\/fr\/wp-json\/wp\/v2\/comments?post=12724"}],"version-history":[{"count":7,"href":"https:\/\/www.expotradegroup.com\/fr\/wp-json\/wp\/v2\/pages\/12724\/revisions"}],"predecessor-version":[{"id":22929,"href":"https:\/\/www.expotradegroup.com\/fr\/wp-json\/wp\/v2\/pages\/12724\/revisions\/22929"}],"wp:attachment":[{"href":"https:\/\/www.expotradegroup.com\/fr\/wp-json\/wp\/v2\/media?parent=12724"}],"curies":[{"name":"wp","href":"https:\/\/api.w.org\/{rel}","templated":true}]}}