{"id":12725,"date":"2015-09-15T14:51:07","date_gmt":"2015-09-15T12:51:07","guid":{"rendered":"http:\/\/www.expotradegroup.com\/fr\/expotent-repair-kit\/"},"modified":"2020-06-15T20:28:32","modified_gmt":"2020-06-15T18:28:32","slug":"kit-de-reparation","status":"publish","type":"page","link":"https:\/\/www.expotradegroup.com\/fr\/kit-de-reparation\/","title":{"rendered":"Kit de r\u00e9paration"},"content":{"rendered":"<div class=\"flex_column av_one_full  flex_column_div av-zero-column-padding first  \" style='border-radius:0px; '><\/div>\n<div class=\"flex_column av_one_full  flex_column_div av-zero-column-padding first  \" style='border-radius:0px; '><div style='padding-bottom:10px; ' class='av-special-heading av-special-heading-h1    '><h1 class='av-special-heading-tag '  itemprop=\"headline\"  >tente pliante Kit de r\u00e9paration<\/h1><div class='special-heading-border'><div class='special-heading-inner-border' ><\/div><\/div><\/div><\/div><section class=\"av_textblock_section \"  itemscope=\"itemscope\" itemtype=\"https:\/\/schema.org\/CreativeWork\" ><div class='avia_textblock  '   itemprop=\"text\" ><p>Pour assurer la long\u00e9vit\u00e9 de votre tente pliable Expotent, la soci\u00e9t\u00e9 Expotrade vous propose un <strong>kit de r\u00e9paration<\/strong> adapt\u00e9. Ce kit comprend de la colle ainsi qu&rsquo;une pi\u00e8ce de mat\u00e9riau de la m\u00eame couleur que celle du toit de votre tente. De petits trous ou des d\u00e9chirures dans le mat\u00e9riau peuvent facilement \u00eatre r\u00e9par\u00e9s avec le kit de r\u00e9paration Expotent. Appliquez la colle autour du trou\u00a0 (\u00e0 l&rsquo;int\u00e9rieur du tissu) et laissez s\u00e9cher quelques minutes. Puis, coupez une pi\u00e8ce du mat\u00e9riau et appliquez-la. Pour assurer l&rsquo;\u00e9tanch\u00e9it\u00e9, posez dessus un objet lourd et plat et attendez au moins 12 heures. Pass\u00e9 ce d\u00e9lai, votre tente sera r\u00e9par\u00e9e. Si la d\u00e9chirure est trop importante, contactez-nous et nous vous donnerons les conseils n\u00e9cessaires et vous indiquerons d&rsquo;autres possibilit\u00e9s.<\/p>\n<\/div><\/section><\/p>\n<div style='height:30px' class='hr hr-invisible  '><span class='hr-inner ' ><span class='hr-inner-style'><\/span><\/span><\/div>\n<div class=\"flex_column av_one_third  flex_column_div av-zero-column-padding first  \" style='border-radius:0px; '><\/div><div class=\"flex_column av_one_third  flex_column_div av-zero-column-padding   \" style='border-radius:0px; '><p><div class='avia-image-container  av-styling-    avia-align-center '  itemprop=\"ImageObject\" itemscope=\"itemscope\" itemtype=\"https:\/\/schema.org\/ImageObject\"  ><div class='avia-image-container-inner'><div class='avia-image-overlay-wrap'><img class='avia_image ' src='https:\/\/www.expotradegroup.com\/wp-content\/uploads\/2015\/09\/Reparaturset-300x166.png' alt='Trousse de r\u00e9paration expotrade' title='Trousse de r\u00e9paration expotrade' height=\"166\"width=\"300\"  itemprop=\"thumbnailUrl\"  \/><\/div><\/div><\/div><br \/>\n<section class=\"av_textblock_section \"  itemscope=\"itemscope\" itemtype=\"https:\/\/schema.org\/CreativeWork\" ><div class='avia_textblock  '   itemprop=\"text\" ><h3 style=\"text-align: center;\"><span style=\"color: #000000;\">Kit de r\u00e9paration<br \/>\n<\/span><\/h3>\n<\/div><\/section><\/p><\/div><\/p>\n<div class=\"flex_column av_one_third  flex_column_div av-zero-column-padding   \" style='border-radius:0px; '><\/div>\n","protected":false},"excerpt":{"rendered":"","protected":false},"author":1,"featured_media":0,"parent":0,"menu_order":0,"comment_status":"open","ping_status":"closed","template":"","meta":{"footnotes":""},"class_list":["post-12725","page","type-page","status-publish","hentry"],"yoast_head":"<!-- This site is optimized with the Yoast SEO plugin v23.2 - https:\/\/yoast.com\/wordpress\/plugins\/seo\/ -->\n<title>kit de r\u00e9paration - \u00e9conomisez de l&#039;argent et r\u00e9parez la tente vous-m\u00eame<\/title>\n<meta name=\"description\" content=\"Kit de r\u00e9paration est inclus a toutes les expotentes et rang\u00e9 dans le sac de transport - sp\u00e9cialement pour les probl\u00e8mes d&#039;urgence lors d&#039;\u00e9v\u00e9nements.\" \/>\n<meta name=\"robots\" content=\"index, follow, max-snippet:-1, max-image-preview:large, max-video-preview:-1\" \/>\n<link rel=\"canonical\" href=\"https:\/\/www.expotradegroup.com\/fr\/kit-de-reparation\/\" \/>\n<meta property=\"og:locale\" content=\"fr_FR\" \/>\n<meta property=\"og:type\" content=\"article\" \/>\n<meta property=\"og:title\" content=\"kit de r\u00e9paration - \u00e9conomisez de l&#039;argent et r\u00e9parez la tente vous-m\u00eame\" \/>\n<meta property=\"og:description\" content=\"Kit de r\u00e9paration est inclus a toutes les expotentes et rang\u00e9 dans le sac de transport - sp\u00e9cialement pour les probl\u00e8mes d&#039;urgence lors d&#039;\u00e9v\u00e9nements.\" \/>\n<meta property=\"og:url\" content=\"https:\/\/www.expotradegroup.com\/fr\/kit-de-reparation\/\" \/>\n<meta property=\"og:site_name\" content=\"Expotrade\" \/>\n<meta property=\"article:publisher\" content=\"https:\/\/www.facebook.com\/Expotrade-Group-Gmbh-Head-Office-501830963237226\/timeline\/\" \/>\n<meta property=\"article:modified_time\" content=\"2020-06-15T18:28:32+00:00\" \/>\n<meta name=\"twitter:card\" content=\"summary_large_image\" \/>\n<meta name=\"twitter:site\" content=\"@Expotrade_Group\" \/>\n<meta name=\"twitter:label1\" content=\"Dur\u00e9e de lecture estim\u00e9e\" \/>\n\t<meta name=\"twitter:data1\" content=\"3 minutes\" \/>\n<script type=\"application\/ld+json\" class=\"yoast-schema-graph\">{\"@context\":\"https:\/\/schema.org\",\"@graph\":[{\"@type\":\"WebPage\",\"@id\":\"https:\/\/www.expotradegroup.com\/fr\/kit-de-reparation\/\",\"url\":\"https:\/\/www.expotradegroup.com\/fr\/kit-de-reparation\/\",\"name\":\"kit de r\u00e9paration - \u00e9conomisez de l'argent et r\u00e9parez la tente vous-m\u00eame\",\"isPartOf\":{\"@id\":\"https:\/\/www.expotradegroup.com\/fr\/#website\"},\"datePublished\":\"2015-09-15T12:51:07+00:00\",\"dateModified\":\"2020-06-15T18:28:32+00:00\",\"description\":\"Kit de r\u00e9paration est inclus a toutes les expotentes et rang\u00e9 dans le sac de transport - sp\u00e9cialement pour les probl\u00e8mes d'urgence lors d'\u00e9v\u00e9nements.\",\"breadcrumb\":{\"@id\":\"https:\/\/www.expotradegroup.com\/fr\/kit-de-reparation\/#breadcrumb\"},\"inLanguage\":\"fr-FR\",\"potentialAction\":[{\"@type\":\"ReadAction\",\"target\":[\"https:\/\/www.expotradegroup.com\/fr\/kit-de-reparation\/\"]}]},{\"@type\":\"BreadcrumbList\",\"@id\":\"https:\/\/www.expotradegroup.com\/fr\/kit-de-reparation\/#breadcrumb\",\"itemListElement\":[{\"@type\":\"ListItem\",\"position\":1,\"name\":\"Home\",\"item\":\"https:\/\/www.expotradegroup.com\/fr\/tentes-pliantes-table-pliantes-sacs-de-feves\/\"},{\"@type\":\"ListItem\",\"position\":2,\"name\":\"Kit de r\u00e9paration\"}]},{\"@type\":\"WebSite\",\"@id\":\"https:\/\/www.expotradegroup.com\/fr\/#website\",\"url\":\"https:\/\/www.expotradegroup.com\/fr\/\",\"name\":\"Expotrade\",\"description\":\"Faltzelte, Falttische, Sitzs\u00e4cke und mobile ideas\",\"potentialAction\":[{\"@type\":\"SearchAction\",\"target\":{\"@type\":\"EntryPoint\",\"urlTemplate\":\"https:\/\/www.expotradegroup.com\/fr\/?s={search_term_string}\"},\"query-input\":\"required name=search_term_string\"}],\"inLanguage\":\"fr-FR\"}]}<\/script>\n<!-- \/ Yoast SEO plugin. -->","yoast_head_json":{"title":"kit de r\u00e9paration - \u00e9conomisez de l'argent et r\u00e9parez la tente vous-m\u00eame","description":"Kit de r\u00e9paration est inclus a toutes les expotentes et rang\u00e9 dans le sac de transport - sp\u00e9cialement pour les probl\u00e8mes d'urgence lors d'\u00e9v\u00e9nements.","robots":{"index":"index","follow":"follow","max-snippet":"max-snippet:-1","max-image-preview":"max-image-preview:large","max-video-preview":"max-video-preview:-1"},"canonical":"https:\/\/www.expotradegroup.com\/fr\/kit-de-reparation\/","og_locale":"fr_FR","og_type":"article","og_title":"kit de r\u00e9paration - \u00e9conomisez de l'argent et r\u00e9parez la tente vous-m\u00eame","og_description":"Kit de r\u00e9paration est inclus a toutes les expotentes et rang\u00e9 dans le sac de transport - sp\u00e9cialement pour les probl\u00e8mes d'urgence lors d'\u00e9v\u00e9nements.","og_url":"https:\/\/www.expotradegroup.com\/fr\/kit-de-reparation\/","og_site_name":"Expotrade","article_publisher":"https:\/\/www.facebook.com\/Expotrade-Group-Gmbh-Head-Office-501830963237226\/timeline\/","article_modified_time":"2020-06-15T18:28:32+00:00","twitter_card":"summary_large_image","twitter_site":"@Expotrade_Group","twitter_misc":{"Dur\u00e9e de lecture estim\u00e9e":"3 minutes"},"schema":{"@context":"https:\/\/schema.org","@graph":[{"@type":"WebPage","@id":"https:\/\/www.expotradegroup.com\/fr\/kit-de-reparation\/","url":"https:\/\/www.expotradegroup.com\/fr\/kit-de-reparation\/","name":"kit de r\u00e9paration - \u00e9conomisez de l'argent et r\u00e9parez la tente vous-m\u00eame","isPartOf":{"@id":"https:\/\/www.expotradegroup.com\/fr\/#website"},"datePublished":"2015-09-15T12:51:07+00:00","dateModified":"2020-06-15T18:28:32+00:00","description":"Kit de r\u00e9paration est inclus a toutes les expotentes et rang\u00e9 dans le sac de transport - sp\u00e9cialement pour les probl\u00e8mes d'urgence lors d'\u00e9v\u00e9nements.","breadcrumb":{"@id":"https:\/\/www.expotradegroup.com\/fr\/kit-de-reparation\/#breadcrumb"},"inLanguage":"fr-FR","potentialAction":[{"@type":"ReadAction","target":["https:\/\/www.expotradegroup.com\/fr\/kit-de-reparation\/"]}]},{"@type":"BreadcrumbList","@id":"https:\/\/www.expotradegroup.com\/fr\/kit-de-reparation\/#breadcrumb","itemListElement":[{"@type":"ListItem","position":1,"name":"Home","item":"https:\/\/www.expotradegroup.com\/fr\/tentes-pliantes-table-pliantes-sacs-de-feves\/"},{"@type":"ListItem","position":2,"name":"Kit de r\u00e9paration"}]},{"@type":"WebSite","@id":"https:\/\/www.expotradegroup.com\/fr\/#website","url":"https:\/\/www.expotradegroup.com\/fr\/","name":"Expotrade","description":"Faltzelte, Falttische, Sitzs\u00e4cke und mobile ideas","potentialAction":[{"@type":"SearchAction","target":{"@type":"EntryPoint","urlTemplate":"https:\/\/www.expotradegroup.com\/fr\/?s={search_term_string}"},"query-input":"required name=search_term_string"}],"inLanguage":"fr-FR"}]}},"_links":{"self":[{"href":"https:\/\/www.expotradegroup.com\/fr\/wp-json\/wp\/v2\/pages\/12725"}],"collection":[{"href":"https:\/\/www.expotradegroup.com\/fr\/wp-json\/wp\/v2\/pages"}],"about":[{"href":"https:\/\/www.expotradegroup.com\/fr\/wp-json\/wp\/v2\/types\/page"}],"author":[{"embeddable":true,"href":"https:\/\/www.expotradegroup.com\/fr\/wp-json\/wp\/v2\/users\/1"}],"replies":[{"embeddable":true,"href":"https:\/\/www.expotradegroup.com\/fr\/wp-json\/wp\/v2\/comments?post=12725"}],"version-history":[{"count":6,"href":"https:\/\/www.expotradegroup.com\/fr\/wp-json\/wp\/v2\/pages\/12725\/revisions"}],"predecessor-version":[{"id":22942,"href":"https:\/\/www.expotradegroup.com\/fr\/wp-json\/wp\/v2\/pages\/12725\/revisions\/22942"}],"wp:attachment":[{"href":"https:\/\/www.expotradegroup.com\/fr\/wp-json\/wp\/v2\/media?parent=12725"}],"curies":[{"name":"wp","href":"https:\/\/api.w.org\/{rel}","templated":true}]}}