{"id":12727,"date":"2015-09-15T13:32:52","date_gmt":"2015-09-15T11:32:52","guid":{"rendered":"http:\/\/www.expotradegroup.com\/fr\/expotent-transport-wheels\/"},"modified":"2020-06-15T20:24:36","modified_gmt":"2020-06-15T18:24:36","slug":"roulettes-de-transport-expotent","status":"publish","type":"page","link":"https:\/\/www.expotradegroup.com\/fr\/roulettes-de-transport-expotent\/","title":{"rendered":"roulettes de transport expotent"},"content":{"rendered":"<div class=\"flex_column av_one_full  flex_column_div av-zero-column-padding first  \" style='border-radius:0px; '><\/div>\n<div class=\"flex_column av_one_full  flex_column_div av-zero-column-padding first  \" style='border-radius:0px; '><div style='padding-bottom:10px; ' class='av-special-heading av-special-heading-h1    '><h1 class='av-special-heading-tag '  itemprop=\"headline\"  >tente pliante roulettes de transport<\/h1><div class='special-heading-border'><div class='special-heading-inner-border' ><\/div><\/div><\/div><\/div>\n<section class=\"av_textblock_section \"  itemscope=\"itemscope\" itemtype=\"https:\/\/schema.org\/CreativeWork\" ><div class='avia_textblock  '   itemprop=\"text\" ><p>Pour garantir un transport facile de votre tente pliable, les <strong>roulettes de transport expotent<\/strong> sont le compl\u00e9ment id\u00e9al. En fonction du mod\u00e8le de tente et de sa taille, nous proposons soit la barre de roulettes, soit les roulettes qui se cliquent sous les pieds. Par exemple les 6x6m et les 8x4m sont trop lourdes pour \u00eatre transport\u00e9es avec le diable, mais les roues \u00e0 clic seront dans ce cas la solution. Il y a une fonction \u00ab\u00a0frein\u00a0\u00bb int\u00e9gr\u00e9e sur les roues \u00e0 clic qui facilite grandement\u00a0 le transport et le stockage dans une voiture.<\/p>\n<p>Ces roulettes de transport expotent vous permettront de transporter plusieurs mod\u00e8les diff\u00e9rents, ce qui repr\u00e9sente un gain financier et un gain de place. Gr\u00e2ce \u00e0 leur grande taille, vous pourrez m\u00eame rouler sur le gravier ou sur l&rsquo;herbe.<\/p>\n<\/div><\/section>\n<div style='height:30px' class='hr hr-invisible  '><span class='hr-inner ' ><span class='hr-inner-style'><\/span><\/span><\/div>\n<div class=\"flex_column av_one_third  flex_column_div av-zero-column-padding first  \" style='border-radius:0px; '><p><div class='avia-image-container  av-styling-    avia-align-center '  itemprop=\"ImageObject\" itemscope=\"itemscope\" itemtype=\"https:\/\/schema.org\/ImageObject\"  ><div class='avia-image-container-inner'><div class='avia-image-overlay-wrap'><img class='avia_image ' src='https:\/\/www.expotradegroup.com\/wp-content\/uploads\/2015\/09\/Premium_Gestell_gekippt-1030x757.jpg' alt='Jeu de rouleaux tente pliable' title='Jeu de rouleaux tente pliable' height=\"757\"width=\"1030\"  itemprop=\"thumbnailUrl\"  \/><\/div><\/div><\/div><br \/>\n<section class=\"av_textblock_section \"  itemscope=\"itemscope\" itemtype=\"https:\/\/schema.org\/CreativeWork\" ><div class='avia_textblock  '   itemprop=\"text\" ><h5>roulettes de transport<\/h5>\n<h3>(<span lang=\"fr\">pour Premium et partiellement Professional<\/span>)<\/h3>\n<\/div><\/section><\/p><\/div><div class=\"flex_column av_one_third  flex_column_div av-zero-column-padding   \" style='border-radius:0px; '><p><div class='avia-image-container  av-styling-    avia-align-center '  itemprop=\"ImageObject\" itemscope=\"itemscope\" itemtype=\"https:\/\/schema.org\/ImageObject\"  ><div class='avia-image-container-inner'><div class='avia-image-overlay-wrap'><img class='avia_image ' src='https:\/\/www.expotradegroup.com\/wp-content\/uploads\/2015\/09\/professional_Tasche_Gestell_Radkonstruktion_separat-1030x997.jpg' alt='tente pliable syst\u00e8me \u00e0 rouleaux' title='tente pliable syst\u00e8me \u00e0 rouleaux' height=\"997\"width=\"1030\"  itemprop=\"thumbnailUrl\"  \/><\/div><\/div><\/div><br \/>\n<section class=\"av_textblock_section \"  itemscope=\"itemscope\" itemtype=\"https:\/\/schema.org\/CreativeWork\" ><div class='avia_textblock  '   itemprop=\"text\" ><h5>roulettes de transport<\/h5>\n<h3>(<span lang=\"fr\">pour Premium et partiellement Professional<\/span>)<\/h3>\n<\/div><\/section><\/p><\/div><div class=\"flex_column av_one_third  flex_column_div av-zero-column-padding   \" style='border-radius:0px; '><p><div class='avia-image-container  av-styling-    avia-align-center '  itemprop=\"ImageObject\" itemscope=\"itemscope\" itemtype=\"https:\/\/schema.org\/ImageObject\"  ><div class='avia-image-container-inner'><div class='avia-image-overlay-wrap'><img class='avia_image ' src='https:\/\/www.expotradegroup.com\/wp-content\/uploads\/2015\/09\/Klickrollenset-300x229.png' alt='Cliquez sur rouleaux tente pliable' title='Cliquez sur rouleaux tente pliable' height=\"229\"width=\"300\"  itemprop=\"thumbnailUrl\"  \/><\/div><\/div><\/div><br \/>\n<section class=\"av_textblock_section \"  itemscope=\"itemscope\" itemtype=\"https:\/\/schema.org\/CreativeWork\" ><div class='avia_textblock  '   itemprop=\"text\" ><h5 style=\"text-align: left;\"><span lang=\"fr\">roues de clic pour chaque jambe<\/span><\/h5>\n<h3 style=\"text-align: left;\"><span style=\"color: #000000;\">(incl. sac de transport)<br \/>\n<\/span><\/h3>\n<h3 style=\"text-align: left;\">(<span lang=\"fr\">uniquement pour les cadres Professional<\/span>)<\/h3>\n<\/div><\/section><\/p><\/div><\/p>\n","protected":false},"excerpt":{"rendered":"","protected":false},"author":1,"featured_media":0,"parent":0,"menu_order":0,"comment_status":"open","ping_status":"closed","template":"","meta":{"footnotes":""},"class_list":["post-12727","page","type-page","status-publish","hentry"],"yoast_head":"<!-- This site is optimized with the Yoast SEO plugin v23.2 - https:\/\/yoast.com\/wordpress\/plugins\/seo\/ -->\n<title>roulettes de transport expotent - kit de transport parfait pour tentes pliables<\/title>\n<meta name=\"description\" content=\"roulettes de transport expotent sont une accessoires des cadres pliables expotents ou soit des roues click qui peuvent \u00eatre fix\u00e9es \u00e0 chaque pied de la tente\" \/>\n<meta name=\"robots\" content=\"index, follow, max-snippet:-1, max-image-preview:large, max-video-preview:-1\" \/>\n<link rel=\"canonical\" href=\"https:\/\/www.expotradegroup.com\/fr\/roulettes-de-transport-expotent\/\" \/>\n<meta property=\"og:locale\" content=\"fr_FR\" \/>\n<meta property=\"og:type\" content=\"article\" \/>\n<meta property=\"og:title\" content=\"roulettes de transport expotent - kit de transport parfait pour tentes pliables\" \/>\n<meta property=\"og:description\" content=\"roulettes de transport expotent sont une accessoires des cadres pliables expotents ou soit des roues click qui peuvent \u00eatre fix\u00e9es \u00e0 chaque pied de la tente\" \/>\n<meta property=\"og:url\" content=\"https:\/\/www.expotradegroup.com\/fr\/roulettes-de-transport-expotent\/\" \/>\n<meta property=\"og:site_name\" content=\"Expotrade\" \/>\n<meta property=\"article:publisher\" content=\"https:\/\/www.facebook.com\/Expotrade-Group-Gmbh-Head-Office-501830963237226\/timeline\/\" \/>\n<meta property=\"article:modified_time\" content=\"2020-06-15T18:24:36+00:00\" \/>\n<meta name=\"twitter:card\" content=\"summary_large_image\" \/>\n<meta name=\"twitter:site\" content=\"@Expotrade_Group\" \/>\n<meta name=\"twitter:label1\" content=\"Dur\u00e9e de lecture estim\u00e9e\" \/>\n\t<meta name=\"twitter:data1\" content=\"4 minutes\" \/>\n<script type=\"application\/ld+json\" class=\"yoast-schema-graph\">{\"@context\":\"https:\/\/schema.org\",\"@graph\":[{\"@type\":\"WebPage\",\"@id\":\"https:\/\/www.expotradegroup.com\/fr\/roulettes-de-transport-expotent\/\",\"url\":\"https:\/\/www.expotradegroup.com\/fr\/roulettes-de-transport-expotent\/\",\"name\":\"roulettes de transport expotent - kit de transport parfait pour tentes pliables\",\"isPartOf\":{\"@id\":\"https:\/\/www.expotradegroup.com\/fr\/#website\"},\"datePublished\":\"2015-09-15T11:32:52+00:00\",\"dateModified\":\"2020-06-15T18:24:36+00:00\",\"description\":\"roulettes de transport expotent sont une accessoires des cadres pliables expotents ou soit des roues click qui peuvent \u00eatre fix\u00e9es \u00e0 chaque pied de la tente\",\"breadcrumb\":{\"@id\":\"https:\/\/www.expotradegroup.com\/fr\/roulettes-de-transport-expotent\/#breadcrumb\"},\"inLanguage\":\"fr-FR\",\"potentialAction\":[{\"@type\":\"ReadAction\",\"target\":[\"https:\/\/www.expotradegroup.com\/fr\/roulettes-de-transport-expotent\/\"]}]},{\"@type\":\"BreadcrumbList\",\"@id\":\"https:\/\/www.expotradegroup.com\/fr\/roulettes-de-transport-expotent\/#breadcrumb\",\"itemListElement\":[{\"@type\":\"ListItem\",\"position\":1,\"name\":\"Home\",\"item\":\"https:\/\/www.expotradegroup.com\/fr\/tentes-pliantes-table-pliantes-sacs-de-feves\/\"},{\"@type\":\"ListItem\",\"position\":2,\"name\":\"roulettes de transport expotent\"}]},{\"@type\":\"WebSite\",\"@id\":\"https:\/\/www.expotradegroup.com\/fr\/#website\",\"url\":\"https:\/\/www.expotradegroup.com\/fr\/\",\"name\":\"Expotrade\",\"description\":\"Faltzelte, Falttische, Sitzs\u00e4cke und mobile ideas\",\"potentialAction\":[{\"@type\":\"SearchAction\",\"target\":{\"@type\":\"EntryPoint\",\"urlTemplate\":\"https:\/\/www.expotradegroup.com\/fr\/?s={search_term_string}\"},\"query-input\":\"required name=search_term_string\"}],\"inLanguage\":\"fr-FR\"}]}<\/script>\n<!-- \/ Yoast SEO plugin. -->","yoast_head_json":{"title":"roulettes de transport expotent - kit de transport parfait pour tentes pliables","description":"roulettes de transport expotent sont une accessoires des cadres pliables expotents ou soit des roues click qui peuvent \u00eatre fix\u00e9es \u00e0 chaque pied de la tente","robots":{"index":"index","follow":"follow","max-snippet":"max-snippet:-1","max-image-preview":"max-image-preview:large","max-video-preview":"max-video-preview:-1"},"canonical":"https:\/\/www.expotradegroup.com\/fr\/roulettes-de-transport-expotent\/","og_locale":"fr_FR","og_type":"article","og_title":"roulettes de transport expotent - kit de transport parfait pour tentes pliables","og_description":"roulettes de transport expotent sont une accessoires des cadres pliables expotents ou soit des roues click qui peuvent \u00eatre fix\u00e9es \u00e0 chaque pied de la tente","og_url":"https:\/\/www.expotradegroup.com\/fr\/roulettes-de-transport-expotent\/","og_site_name":"Expotrade","article_publisher":"https:\/\/www.facebook.com\/Expotrade-Group-Gmbh-Head-Office-501830963237226\/timeline\/","article_modified_time":"2020-06-15T18:24:36+00:00","twitter_card":"summary_large_image","twitter_site":"@Expotrade_Group","twitter_misc":{"Dur\u00e9e de lecture estim\u00e9e":"4 minutes"},"schema":{"@context":"https:\/\/schema.org","@graph":[{"@type":"WebPage","@id":"https:\/\/www.expotradegroup.com\/fr\/roulettes-de-transport-expotent\/","url":"https:\/\/www.expotradegroup.com\/fr\/roulettes-de-transport-expotent\/","name":"roulettes de transport expotent - kit de transport parfait pour tentes pliables","isPartOf":{"@id":"https:\/\/www.expotradegroup.com\/fr\/#website"},"datePublished":"2015-09-15T11:32:52+00:00","dateModified":"2020-06-15T18:24:36+00:00","description":"roulettes de transport expotent sont une accessoires des cadres pliables expotents ou soit des roues click qui peuvent \u00eatre fix\u00e9es \u00e0 chaque pied de la tente","breadcrumb":{"@id":"https:\/\/www.expotradegroup.com\/fr\/roulettes-de-transport-expotent\/#breadcrumb"},"inLanguage":"fr-FR","potentialAction":[{"@type":"ReadAction","target":["https:\/\/www.expotradegroup.com\/fr\/roulettes-de-transport-expotent\/"]}]},{"@type":"BreadcrumbList","@id":"https:\/\/www.expotradegroup.com\/fr\/roulettes-de-transport-expotent\/#breadcrumb","itemListElement":[{"@type":"ListItem","position":1,"name":"Home","item":"https:\/\/www.expotradegroup.com\/fr\/tentes-pliantes-table-pliantes-sacs-de-feves\/"},{"@type":"ListItem","position":2,"name":"roulettes de transport expotent"}]},{"@type":"WebSite","@id":"https:\/\/www.expotradegroup.com\/fr\/#website","url":"https:\/\/www.expotradegroup.com\/fr\/","name":"Expotrade","description":"Faltzelte, Falttische, Sitzs\u00e4cke und mobile ideas","potentialAction":[{"@type":"SearchAction","target":{"@type":"EntryPoint","urlTemplate":"https:\/\/www.expotradegroup.com\/fr\/?s={search_term_string}"},"query-input":"required name=search_term_string"}],"inLanguage":"fr-FR"}]}},"_links":{"self":[{"href":"https:\/\/www.expotradegroup.com\/fr\/wp-json\/wp\/v2\/pages\/12727"}],"collection":[{"href":"https:\/\/www.expotradegroup.com\/fr\/wp-json\/wp\/v2\/pages"}],"about":[{"href":"https:\/\/www.expotradegroup.com\/fr\/wp-json\/wp\/v2\/types\/page"}],"author":[{"embeddable":true,"href":"https:\/\/www.expotradegroup.com\/fr\/wp-json\/wp\/v2\/users\/1"}],"replies":[{"embeddable":true,"href":"https:\/\/www.expotradegroup.com\/fr\/wp-json\/wp\/v2\/comments?post=12727"}],"version-history":[{"count":9,"href":"https:\/\/www.expotradegroup.com\/fr\/wp-json\/wp\/v2\/pages\/12727\/revisions"}],"predecessor-version":[{"id":22935,"href":"https:\/\/www.expotradegroup.com\/fr\/wp-json\/wp\/v2\/pages\/12727\/revisions\/22935"}],"wp:attachment":[{"href":"https:\/\/www.expotradegroup.com\/fr\/wp-json\/wp\/v2\/media?parent=12727"}],"curies":[{"name":"wp","href":"https:\/\/api.w.org\/{rel}","templated":true}]}}