{"id":18568,"date":"2020-05-15T11:10:28","date_gmt":"2020-05-15T09:10:28","guid":{"rendered":"https:\/\/www.expotradegroup.com\/?page_id=18568"},"modified":"2020-06-18T21:13:30","modified_gmt":"2020-06-18T19:13:30","slug":"exposign-annonce-conteneur-2","status":"publish","type":"page","link":"https:\/\/www.expotradegroup.com\/fr\/exposign-annonce-conteneur-2\/","title":{"rendered":"exposign annonce conteneur"},"content":{"rendered":"<div class=\"flex_column av_two_third  flex_column_div av-zero-column-padding first  \" style='border-radius:0px; '><div style='padding-bottom:10px; ' class='av-special-heading av-special-heading-h1    '><h1 class='av-special-heading-tag '  itemprop=\"headline\"  >exposign annonce conteneur<\/h1><div class='special-heading-border'><div class='special-heading-inner-border' ><\/div><\/div><\/div><\/div>\n<div class=\"flex_column av_one_fifth  flex_column_div   \" style='padding:0px 0px 15px 0px ; border-radius:0px; '><div class='avia-image-container  av-styling-    avia-align-center '  itemprop=\"ImageObject\" itemscope=\"itemscope\" itemtype=\"https:\/\/schema.org\/ImageObject\"  ><div class='avia-image-container-inner'><div class='avia-image-overlay-wrap'><img class='avia_image ' src='https:\/\/www.expotradegroup.com\/wp-content\/uploads\/2016\/04\/Exposign-300x92.gif' alt='exposign contenir la publicit\u00e9' title='exposign contenir la publicit\u00e9' height=\"92\"width=\"300\"  itemprop=\"thumbnailUrl\"  \/><\/div><\/div><\/div><\/div>\n<div class=\"flex_column av_one_full  flex_column_div av-zero-column-padding first  \" style='border-radius:0px; '><div class='avia-gallery  avia-gallery-1 avia_lazyload avia_animate_when_visible '  itemprop=\"ImageObject\" itemscope=\"itemscope\" itemtype=\"https:\/\/schema.org\/ImageObject\" ><div class='avia-gallery-thumb'> <a href='https:\/\/www.expotradegroup.com\/wp-content\/uploads\/2016\/04\/Exposign_Containerwerbung_1.jpg' data-rel='gallery-1' data-prev-img='https:\/\/www.expotradegroup.com\/wp-content\/uploads\/2016\/04\/Exposign_Containerwerbung_1-495x400.jpg' class='first_thumb lightbox ' data-onclick='1' title='exposign contenir la publicit\u00e9'  itemprop=\"thumbnailUrl\" ><img data-avia-tooltip='exposign contenir la publicit\u00e9' src='https:\/\/www.expotradegroup.com\/wp-content\/uploads\/2016\/04\/Exposign_Containerwerbung_1-495x400.jpg' width='495' height='400'  title='exposign contenir la publicit\u00e9' alt='exposign contenir la publicit\u00e9' \/><\/a> <a href='https:\/\/www.expotradegroup.com\/wp-content\/uploads\/2016\/04\/Exposign_Containerwerbung.jpg' data-rel='gallery-1' data-prev-img='https:\/\/www.expotradegroup.com\/wp-content\/uploads\/2016\/04\/Exposign_Containerwerbung-495x400.jpg' class='lightbox ' data-onclick='2' title='exposign contenir la publicit\u00e9'  itemprop=\"thumbnailUrl\" ><img data-avia-tooltip='exposign contenir la publicit\u00e9' src='https:\/\/www.expotradegroup.com\/wp-content\/uploads\/2016\/04\/Exposign_Containerwerbung-495x400.jpg' width='495' height='400'  title='exposign contenir la publicit\u00e9' alt='exposign contenir la publicit\u00e9' \/><\/a> <a href='https:\/\/www.expotradegroup.com\/wp-content\/uploads\/2016\/09\/exposign-3-1030x776.jpg' data-rel='gallery-1' data-prev-img='https:\/\/www.expotradegroup.com\/wp-content\/uploads\/2016\/09\/exposign-3-495x400.jpg' class='lightbox ' data-onclick='3' title='exposign publicit\u00e9 conteneur'  itemprop=\"thumbnailUrl\" ><img data-avia-tooltip='exposign publicit\u00e9 conteneur' src='https:\/\/www.expotradegroup.com\/wp-content\/uploads\/2016\/09\/exposign-3-495x400.jpg' width='495' height='400'  title='exposign publicit\u00e9 conteneur' alt='exposign publicit\u00e9 conteneur' \/><\/a> <a href='https:\/\/www.expotradegroup.com\/wp-content\/uploads\/2016\/04\/Exposign_Containerwerbung_1.gif' data-rel='gallery-1' data-prev-img='https:\/\/www.expotradegroup.com\/wp-content\/uploads\/2016\/04\/Exposign_Containerwerbung_1-495x400.gif' class='lightbox ' data-onclick='4' title='exposign contenir la publicit\u00e9'  itemprop=\"thumbnailUrl\" ><img data-avia-tooltip='Exposign Containerwerbung' src='https:\/\/www.expotradegroup.com\/wp-content\/uploads\/2016\/04\/Exposign_Containerwerbung_1-495x400.gif' width='495' height='400'  title='exposign contenir la publicit\u00e9' alt='exposign contenir la publicit\u00e9' \/><\/a> <a href='https:\/\/www.expotradegroup.com\/wp-content\/uploads\/2016\/04\/Exposign_Containerwerbung.gif' data-rel='gallery-1' data-prev-img='https:\/\/www.expotradegroup.com\/wp-content\/uploads\/2016\/04\/Exposign_Containerwerbung-400x400.gif' class='lightbox ' data-onclick='5' title='exposign contenir la publicit\u00e9'  itemprop=\"thumbnailUrl\" ><img data-avia-tooltip='Exposign Containerwerbung' src='https:\/\/www.expotradegroup.com\/wp-content\/uploads\/2016\/04\/Exposign_Containerwerbung-400x400.gif' width='400' height='400'  title='exposign contenir la publicit\u00e9' alt='exposign contenir la publicit\u00e9' \/><\/a><\/div><\/div><\/div>\n<div style='height:30px' class='hr hr-invisible  '><span class='hr-inner ' ><span class='hr-inner-style'><\/span><\/span><\/div>\n<div class=\"flex_column av_two_fifth  flex_column_div av-zero-column-padding first  \" style='border-radius:0px; '><section class=\"av_textblock_section \"  itemscope=\"itemscope\" itemtype=\"https:\/\/schema.org\/CreativeWork\" ><div class='avia_textblock  '   itemprop=\"text\" ><h3><span lang=\"fr\">exposign publicit\u00e9 conteneur<\/span><\/h3>\n<table class=\"expotrade_details_table\">\n<tbody>\n<tr>\n<td class=\"first\">pince pour conteneur:<\/td>\n<td>Aluminium anodis\u00e9<\/td>\n<\/tr>\n<tr>\n<td class=\"first\">poteau lat\u00e9ral:<\/td>\n<td>Aluminium anodis\u00e9<\/td>\n<\/tr>\n<tr>\n<td class=\"first\">banni\u00e8re:<\/td>\n<td>PVC ou PVC-engrener<\/td>\n<\/tr>\n<tr>\n<td class=\"first\">impression<\/td>\n<td>impression enti\u00e8rement noumerique<\/td>\n<\/tr>\n<tr>\n<td class=\"first\">tailles:<\/td>\n<td>pour toutes les tailles de conteneurs<\/td>\n<\/tr>\n<tr>\n<td class=\"first\">outils:<\/td>\n<td>outil de serrage inclus<\/td>\n<\/tr>\n<\/tbody>\n<\/table>\n<\/div><\/section><\/div>\n<div class=\"flex_column av_three_fifth  flex_column_div av-zero-column-padding   \" style='border-radius:0px; '><section class=\"av_textblock_section \"  itemscope=\"itemscope\" itemtype=\"https:\/\/schema.org\/CreativeWork\" ><div class='avia_textblock  '   itemprop=\"text\" ><h3>les avantages<\/h3>\n<ul style=\"list-style-type: circle;\">\n<li><span lang=\"fr\">supporte sans probl\u00e8me jusqu&rsquo;\u00e0 130 km\/h de vitesse du vent<\/span><\/li>\n<li><span lang=\"fr\">l&rsquo;ensemble est mont\u00e9 \/ d\u00e9mont\u00e9 par 1 personne en 10 minutes<\/span><\/li>\n<li><span lang=\"fr\">changement d&rsquo;image simple et rapide en quelques minutes<\/span><\/li>\n<li><span lang=\"fr\">pleine taille imprimable en impression num\u00e9rique r\u00e9sistante UV<\/span><\/li>\n<li><span lang=\"fr\">PVC\/PVC-engrener (\u00e9galement parfait comme protection solaire)<\/span><\/li>\n<li><span lang=\"fr\">aucun signe ou autre publicit\u00e9 n\u00e9cessaire sur les chantiers de construction<\/span><\/li>\n<li><span lang=\"fr\">le contenant sale ou ray\u00e9 peut \u00eatre cach\u00e9 avec ce syst\u00e8me<\/span><\/li>\n<li><span lang=\"fr\">le propri\u00e9taire pourrait \u00e9galement louer ces zones d&rsquo;image \u00e0 d&rsquo;autres<\/span><\/li>\n<li><span lang=\"fr\">le c\u00e2ble enfichable du conteneur se cache facilement derri\u00e8re le PVC<\/span><\/li>\n<li><span lang=\"fr\">peut \u00eatre \u00e9tendu avec des m\u00e2ts t\u00e9lescopiques<\/span><\/li>\n<li><span lang=\"fr\">la couleur du cadre du conteneur ou des logos encore visibles<\/span><\/li>\n<li><span lang=\"fr\">le conteneur ne sera pas endommag\u00e9 par des vis \/ rivets, etc.<\/span><\/li>\n<\/ul>\n<\/div><\/section><\/div>\n<div class=\"flex_column av_one_full  flex_column_div av-zero-column-padding first  \" style='border-radius:0px; '><div class=\"tabcontainer   top_tab  \">\n\n<section class=\"av_tab_section\"  itemscope=\"itemscope\" itemtype=\"https:\/\/schema.org\/CreativeWork\" >    <div data-fake-id=\"#tab-id-1\" class=\"tab \"  itemprop=\"headline\" >digital print<\/div>\n    <div id=\"tab-id-1-container\" class=\"tab_content \">\n        <div class=\"tab_inner_content invers-color\"  itemprop=\"text\" >\n<p><a href=\"https:\/\/www.expotradegroup.com\/wp-content\/uploads\/2016\/04\/Exposign_Containerwerbung_1.jpg\"><img loading=\"lazy\" decoding=\"async\" class=\"alignnone wp-image-5874 size-medium\" src=\"https:\/\/www.expotradegroup.com\/wp-content\/uploads\/2016\/04\/Exposign_Containerwerbung_1-300x200.jpg\" alt=\"\" width=\"300\" height=\"200\" srcset=\"https:\/\/www.expotradegroup.com\/wp-content\/uploads\/2016\/04\/Exposign_Containerwerbung_1-300x200.jpg 300w, https:\/\/www.expotradegroup.com\/wp-content\/uploads\/2016\/04\/Exposign_Containerwerbung_1-450x300.jpg 450w, https:\/\/www.expotradegroup.com\/wp-content\/uploads\/2016\/04\/Exposign_Containerwerbung_1-705x470.jpg 705w, https:\/\/www.expotradegroup.com\/wp-content\/uploads\/2016\/04\/Exposign_Containerwerbung_1.jpg 1024w\" sizes=\"(max-width: 300px) 100vw, 300px\" \/><\/a><\/p>\n<p>sensational colours- the printable spectrum ranges from single logos up to full-size pictures or gradients!<\/p>\n<p>The digital-print procedure achieves intensively bright colours and a high UV protection.<\/p>\n<p>advantages of the digital-print:<\/p>\n<ul>\n<li style=\"list-style-type: none;\">\n<ul>\n<li style=\"list-style-type: none;\">\n<ul>\n<li style=\"list-style-type: none;\">\n<ul>\n<li>full-size printing possible<\/li>\n<li>brilliant, intensively shiny and bright colours<\/li>\n<li>complex layouts, logos, pictues, gradients &#8211; everything is possible<\/li>\n<li>cost-saving production starting from 1 pc already<\/li>\n<li>no films\/screens etc. necessary<\/li>\n<\/ul>\n<\/li>\n<\/ul>\n<\/li>\n<\/ul>\n<\/li>\n<\/ul>\n\n        <\/div>\n    <\/div>\n<\/section>\n\n<section class=\"av_tab_section\"  itemscope=\"itemscope\" itemtype=\"https:\/\/schema.org\/CreativeWork\" >    <div data-fake-id=\"#tab-id-2\" class=\"tab \"  itemprop=\"headline\" >Downloads<\/div>\n    <div id=\"tab-id-2-container\" class=\"tab_content \">\n        <div class=\"tab_inner_content invers-color\"  itemprop=\"text\" >\n<table class=\"expotrade_downloads_table\">\n<tbody>\n<tr class=\"icon\">\n<td style=\"text-align: center;\"><img loading=\"lazy\" decoding=\"async\" class=\"aligncenter size-full wp-image-184\" src=\"https:\/\/expotradegroup.com\/wp-content\/uploads\/2015\/08\/zahnrad_icon_expotrade.png\" alt=\"zahnrad_icon_expotrade\" width=\"159\" height=\"159\" srcset=\"https:\/\/www.expotradegroup.com\/wp-content\/uploads\/2015\/08\/zahnrad_icon_expotrade.png 159w, https:\/\/www.expotradegroup.com\/wp-content\/uploads\/2015\/08\/zahnrad_icon_expotrade-100x100.png 100w, https:\/\/www.expotradegroup.com\/wp-content\/uploads\/2015\/08\/zahnrad_icon_expotrade-80x80.png 80w, https:\/\/www.expotradegroup.com\/wp-content\/uploads\/2015\/08\/zahnrad_icon_expotrade-36x36.png 36w\" sizes=\"(max-width: 159px) 100vw, 159px\" \/><\/td>\n<td style=\"text-align: center;\"><img loading=\"lazy\" decoding=\"async\" class=\"aligncenter size-full wp-image-184\" src=\"https:\/\/expotradegroup.com\/wp-content\/uploads\/2015\/08\/zahnrad_icon_expotrade.png\" alt=\"zahnrad_icon_expotrade\" width=\"159\" height=\"159\" srcset=\"https:\/\/www.expotradegroup.com\/wp-content\/uploads\/2015\/08\/zahnrad_icon_expotrade.png 159w, https:\/\/www.expotradegroup.com\/wp-content\/uploads\/2015\/08\/zahnrad_icon_expotrade-100x100.png 100w, https:\/\/www.expotradegroup.com\/wp-content\/uploads\/2015\/08\/zahnrad_icon_expotrade-80x80.png 80w, https:\/\/www.expotradegroup.com\/wp-content\/uploads\/2015\/08\/zahnrad_icon_expotrade-36x36.png 36w\" sizes=\"(max-width: 159px) 100vw, 159px\" \/><\/td>\n<td><a href=\"http:\/\/www.yumpu.com\/de\/document\/view\/39613169\/o-19o3031qjjg31ekkiod2tnek1apdf\" target=\"_blank\" rel=\"noopener noreferrer\"><img loading=\"lazy\" decoding=\"async\" class=\" size-full wp-image-186 aligncenter\" src=\"https:\/\/expotradegroup.com\/wp-content\/uploads\/2015\/08\/document_icon_expotrade.png\" alt=\"document_icon_expotrade\" width=\"163\" height=\"160\" srcset=\"https:\/\/www.expotradegroup.com\/wp-content\/uploads\/2015\/08\/document_icon_expotrade.png 163w, https:\/\/www.expotradegroup.com\/wp-content\/uploads\/2015\/08\/document_icon_expotrade-80x80.png 80w, https:\/\/www.expotradegroup.com\/wp-content\/uploads\/2015\/08\/document_icon_expotrade-36x36.png 36w\" sizes=\"(max-width: 163px) 100vw, 163px\" \/><\/a><\/td>\n<\/tr>\n<tr class=\"text\">\n<td style=\"text-align: center;\">product-datasheet<\/td>\n<td style=\"text-align: center;\">artwork_template<\/td>\n<td style=\"text-align: center;\"><a href=\"http:\/\/www.yumpu.com\/de\/document\/view\/39613169\/o-19o3031qjjg31ekkiod2tnek1apdf\" target=\"_blank\" rel=\"noopener noreferrer\">online catalogue<\/a><\/td>\n<\/tr>\n<\/tbody>\n<\/table>\n\n        <\/div>\n    <\/div>\n<\/section>\n\n<\/div><\/div>\n","protected":false},"excerpt":{"rendered":"","protected":false},"author":3,"featured_media":0,"parent":0,"menu_order":0,"comment_status":"open","ping_status":"closed","template":"","meta":{"footnotes":""},"class_list":["post-18568","page","type-page","status-publish","hentry"],"yoast_head":"<!-- This site is optimized with the Yoast SEO plugin v23.2 - https:\/\/yoast.com\/wordpress\/plugins\/seo\/ -->\n<title>exposign publicit\u00e9 conteneur - parfaite marque de conteneur ordinaire<\/title>\n<meta name=\"description\" content=\"exposign publicit\u00e9 conteneur est une nouvelle m\u00e9thode pour annoncer votre entreprise ou votre produit sur les conteneurs normalement minables.\" \/>\n<meta name=\"robots\" content=\"index, follow, max-snippet:-1, max-image-preview:large, max-video-preview:-1\" \/>\n<link rel=\"canonical\" href=\"https:\/\/www.expotradegroup.com\/fr\/exposign-annonce-conteneur-2\/\" \/>\n<meta property=\"og:locale\" content=\"fr_FR\" \/>\n<meta property=\"og:type\" content=\"article\" \/>\n<meta property=\"og:title\" content=\"exposign publicit\u00e9 conteneur - parfaite marque de conteneur ordinaire\" \/>\n<meta property=\"og:description\" content=\"exposign publicit\u00e9 conteneur est une nouvelle m\u00e9thode pour annoncer votre entreprise ou votre produit sur les conteneurs normalement minables.\" \/>\n<meta property=\"og:url\" content=\"https:\/\/www.expotradegroup.com\/fr\/exposign-annonce-conteneur-2\/\" \/>\n<meta property=\"og:site_name\" content=\"Expotrade\" \/>\n<meta property=\"article:publisher\" content=\"https:\/\/www.facebook.com\/Expotrade-Group-Gmbh-Head-Office-501830963237226\/timeline\/\" \/>\n<meta property=\"article:modified_time\" content=\"2020-06-18T19:13:30+00:00\" \/>\n<meta property=\"og:image\" content=\"https:\/\/www.expotradegroup.com\/wp-content\/uploads\/2016\/04\/Exposign_Containerwerbung_1-300x200.jpg\" \/>\n<meta name=\"twitter:card\" content=\"summary_large_image\" \/>\n<meta name=\"twitter:site\" content=\"@Expotrade_Group\" \/>\n<meta name=\"twitter:label1\" content=\"Dur\u00e9e de lecture estim\u00e9e\" \/>\n\t<meta name=\"twitter:data1\" content=\"4 minutes\" \/>\n<script type=\"application\/ld+json\" class=\"yoast-schema-graph\">{\"@context\":\"https:\/\/schema.org\",\"@graph\":[{\"@type\":\"WebPage\",\"@id\":\"https:\/\/www.expotradegroup.com\/fr\/exposign-annonce-conteneur-2\/\",\"url\":\"https:\/\/www.expotradegroup.com\/fr\/exposign-annonce-conteneur-2\/\",\"name\":\"exposign publicit\u00e9 conteneur - parfaite marque de conteneur ordinaire\",\"isPartOf\":{\"@id\":\"https:\/\/www.expotradegroup.com\/fr\/#website\"},\"primaryImageOfPage\":{\"@id\":\"https:\/\/www.expotradegroup.com\/fr\/exposign-annonce-conteneur-2\/#primaryimage\"},\"image\":{\"@id\":\"https:\/\/www.expotradegroup.com\/fr\/exposign-annonce-conteneur-2\/#primaryimage\"},\"thumbnailUrl\":\"https:\/\/www.expotradegroup.com\/wp-content\/uploads\/2016\/04\/Exposign_Containerwerbung_1-300x200.jpg\",\"datePublished\":\"2020-05-15T09:10:28+00:00\",\"dateModified\":\"2020-06-18T19:13:30+00:00\",\"description\":\"exposign publicit\u00e9 conteneur est une nouvelle m\u00e9thode pour annoncer votre entreprise ou votre produit sur les conteneurs normalement minables.\",\"breadcrumb\":{\"@id\":\"https:\/\/www.expotradegroup.com\/fr\/exposign-annonce-conteneur-2\/#breadcrumb\"},\"inLanguage\":\"fr-FR\",\"potentialAction\":[{\"@type\":\"ReadAction\",\"target\":[\"https:\/\/www.expotradegroup.com\/fr\/exposign-annonce-conteneur-2\/\"]}]},{\"@type\":\"ImageObject\",\"inLanguage\":\"fr-FR\",\"@id\":\"https:\/\/www.expotradegroup.com\/fr\/exposign-annonce-conteneur-2\/#primaryimage\",\"url\":\"https:\/\/www.expotradegroup.com\/wp-content\/uploads\/2016\/04\/Exposign_Containerwerbung_1-300x200.jpg\",\"contentUrl\":\"https:\/\/www.expotradegroup.com\/wp-content\/uploads\/2016\/04\/Exposign_Containerwerbung_1-300x200.jpg\"},{\"@type\":\"BreadcrumbList\",\"@id\":\"https:\/\/www.expotradegroup.com\/fr\/exposign-annonce-conteneur-2\/#breadcrumb\",\"itemListElement\":[{\"@type\":\"ListItem\",\"position\":1,\"name\":\"Home\",\"item\":\"https:\/\/www.expotradegroup.com\/fr\/tentes-pliantes-table-pliantes-sacs-de-feves\/\"},{\"@type\":\"ListItem\",\"position\":2,\"name\":\"exposign annonce conteneur\"}]},{\"@type\":\"WebSite\",\"@id\":\"https:\/\/www.expotradegroup.com\/fr\/#website\",\"url\":\"https:\/\/www.expotradegroup.com\/fr\/\",\"name\":\"Expotrade\",\"description\":\"Faltzelte, Falttische, Sitzs\u00e4cke und mobile ideas\",\"potentialAction\":[{\"@type\":\"SearchAction\",\"target\":{\"@type\":\"EntryPoint\",\"urlTemplate\":\"https:\/\/www.expotradegroup.com\/fr\/?s={search_term_string}\"},\"query-input\":\"required name=search_term_string\"}],\"inLanguage\":\"fr-FR\"}]}<\/script>\n<!-- \/ Yoast SEO plugin. -->","yoast_head_json":{"title":"exposign publicit\u00e9 conteneur - parfaite marque de conteneur ordinaire","description":"exposign publicit\u00e9 conteneur est une nouvelle m\u00e9thode pour annoncer votre entreprise ou votre produit sur les conteneurs normalement minables.","robots":{"index":"index","follow":"follow","max-snippet":"max-snippet:-1","max-image-preview":"max-image-preview:large","max-video-preview":"max-video-preview:-1"},"canonical":"https:\/\/www.expotradegroup.com\/fr\/exposign-annonce-conteneur-2\/","og_locale":"fr_FR","og_type":"article","og_title":"exposign publicit\u00e9 conteneur - parfaite marque de conteneur ordinaire","og_description":"exposign publicit\u00e9 conteneur est une nouvelle m\u00e9thode pour annoncer votre entreprise ou votre produit sur les conteneurs normalement minables.","og_url":"https:\/\/www.expotradegroup.com\/fr\/exposign-annonce-conteneur-2\/","og_site_name":"Expotrade","article_publisher":"https:\/\/www.facebook.com\/Expotrade-Group-Gmbh-Head-Office-501830963237226\/timeline\/","article_modified_time":"2020-06-18T19:13:30+00:00","og_image":[{"url":"https:\/\/www.expotradegroup.com\/wp-content\/uploads\/2016\/04\/Exposign_Containerwerbung_1-300x200.jpg"}],"twitter_card":"summary_large_image","twitter_site":"@Expotrade_Group","twitter_misc":{"Dur\u00e9e de lecture estim\u00e9e":"4 minutes"},"schema":{"@context":"https:\/\/schema.org","@graph":[{"@type":"WebPage","@id":"https:\/\/www.expotradegroup.com\/fr\/exposign-annonce-conteneur-2\/","url":"https:\/\/www.expotradegroup.com\/fr\/exposign-annonce-conteneur-2\/","name":"exposign publicit\u00e9 conteneur - parfaite marque de conteneur ordinaire","isPartOf":{"@id":"https:\/\/www.expotradegroup.com\/fr\/#website"},"primaryImageOfPage":{"@id":"https:\/\/www.expotradegroup.com\/fr\/exposign-annonce-conteneur-2\/#primaryimage"},"image":{"@id":"https:\/\/www.expotradegroup.com\/fr\/exposign-annonce-conteneur-2\/#primaryimage"},"thumbnailUrl":"https:\/\/www.expotradegroup.com\/wp-content\/uploads\/2016\/04\/Exposign_Containerwerbung_1-300x200.jpg","datePublished":"2020-05-15T09:10:28+00:00","dateModified":"2020-06-18T19:13:30+00:00","description":"exposign publicit\u00e9 conteneur est une nouvelle m\u00e9thode pour annoncer votre entreprise ou votre produit sur les conteneurs normalement minables.","breadcrumb":{"@id":"https:\/\/www.expotradegroup.com\/fr\/exposign-annonce-conteneur-2\/#breadcrumb"},"inLanguage":"fr-FR","potentialAction":[{"@type":"ReadAction","target":["https:\/\/www.expotradegroup.com\/fr\/exposign-annonce-conteneur-2\/"]}]},{"@type":"ImageObject","inLanguage":"fr-FR","@id":"https:\/\/www.expotradegroup.com\/fr\/exposign-annonce-conteneur-2\/#primaryimage","url":"https:\/\/www.expotradegroup.com\/wp-content\/uploads\/2016\/04\/Exposign_Containerwerbung_1-300x200.jpg","contentUrl":"https:\/\/www.expotradegroup.com\/wp-content\/uploads\/2016\/04\/Exposign_Containerwerbung_1-300x200.jpg"},{"@type":"BreadcrumbList","@id":"https:\/\/www.expotradegroup.com\/fr\/exposign-annonce-conteneur-2\/#breadcrumb","itemListElement":[{"@type":"ListItem","position":1,"name":"Home","item":"https:\/\/www.expotradegroup.com\/fr\/tentes-pliantes-table-pliantes-sacs-de-feves\/"},{"@type":"ListItem","position":2,"name":"exposign annonce conteneur"}]},{"@type":"WebSite","@id":"https:\/\/www.expotradegroup.com\/fr\/#website","url":"https:\/\/www.expotradegroup.com\/fr\/","name":"Expotrade","description":"Faltzelte, Falttische, Sitzs\u00e4cke und mobile ideas","potentialAction":[{"@type":"SearchAction","target":{"@type":"EntryPoint","urlTemplate":"https:\/\/www.expotradegroup.com\/fr\/?s={search_term_string}"},"query-input":"required name=search_term_string"}],"inLanguage":"fr-FR"}]}},"_links":{"self":[{"href":"https:\/\/www.expotradegroup.com\/fr\/wp-json\/wp\/v2\/pages\/18568"}],"collection":[{"href":"https:\/\/www.expotradegroup.com\/fr\/wp-json\/wp\/v2\/pages"}],"about":[{"href":"https:\/\/www.expotradegroup.com\/fr\/wp-json\/wp\/v2\/types\/page"}],"author":[{"embeddable":true,"href":"https:\/\/www.expotradegroup.com\/fr\/wp-json\/wp\/v2\/users\/3"}],"replies":[{"embeddable":true,"href":"https:\/\/www.expotradegroup.com\/fr\/wp-json\/wp\/v2\/comments?post=18568"}],"version-history":[{"count":10,"href":"https:\/\/www.expotradegroup.com\/fr\/wp-json\/wp\/v2\/pages\/18568\/revisions"}],"predecessor-version":[{"id":24745,"href":"https:\/\/www.expotradegroup.com\/fr\/wp-json\/wp\/v2\/pages\/18568\/revisions\/24745"}],"wp:attachment":[{"href":"https:\/\/www.expotradegroup.com\/fr\/wp-json\/wp\/v2\/media?parent=18568"}],"curies":[{"name":"wp","href":"https:\/\/api.w.org\/{rel}","templated":true}]}}