{"id":21483,"date":"2020-10-18T20:40:46","date_gmt":"2020-10-18T18:40:46","guid":{"rendered":"https:\/\/www.expotradegroup.com\/?page_id=21483"},"modified":"2020-10-18T20:40:46","modified_gmt":"2020-10-18T18:40:46","slug":"applications-pour-tente-pliante","status":"publish","type":"page","link":"https:\/\/www.expotradegroup.com\/fr\/applications-pour-tente-pliante\/","title":{"rendered":"applications pour tente pliante"},"content":{"rendered":"<div class=\"flex_column av_one_full  flex_column_div av-zero-column-padding first  \" style='border-radius:0px; '><div style='padding-bottom:10px; ' class='av-special-heading av-special-heading-h1    '><h1 class='av-special-heading-tag '  itemprop=\"headline\"  >Tente pliante expotent &#8211; des centaines d\u2019applications diff\u00e9rentes!<\/h1><div class='special-heading-border'><div class='special-heading-inner-border' ><\/div><\/div><\/div><\/div>\n<div class=\"flex_column av_one_half  flex_column_div av-zero-column-padding first  \" style='border-radius:0px; '><div class='av-hotspot-image-container avia_animate_when_almost_visible   av-hotspot-blank av-mobile-fallback-active    av-non-fullwidth-hotspot-image '  itemprop=\"ImageObject\" itemscope=\"itemscope\" itemtype=\"https:\/\/schema.org\/ImageObject\"  ><div class='av-hotspot-container'><div class='av-hotspot-container-inner-cell'><div class='av-hotspot-container-inner-wrap'><div class='av-image-hotspot' data-avia-tooltip-position='right' data-avia-tooltip-alignment='centered' data-avia-tooltip-class='av-tt-default-width av-tt-pos-right av-tt-align-centered  av-mobile-fallback-active  main_color av-tt-hotspot' data-avia-tooltip='&lt;p&gt;&lt;span lang=&quot;fr&quot;&gt;&lt;strong&gt;Pavillon de jardin&lt;\/strong&gt; &#8211; La tente pliante expotent peut parfaitement \u00eatre utilis\u00e9e dans un usage priv\u00e9, que ce soit comme tente barbecue ou comme pavillon pour les invit\u00e9s. Installation rapide et d\u00e9gag\u00e9e pour \u00e9conomiser de l&rsquo;espace. Id\u00e9al \u00e9galement \u00e0 emporter \u00e0 d&rsquo;autres endroits.&lt;\/span&gt;&lt;\/p&gt;\n' style='top: 50%; left: 50%; '><div class='av-image-hotspot_inner' style='background-color: #ff0000; color: #ffffff;'>1<\/div><div class='av-image-hotspot-pulse' style='background-color:#ffffff;'><\/div><\/div><img class='avia_image ' src='https:\/\/www.expotradegroup.com\/wp-content\/uploads\/2020\/03\/Gartenzelt.gif' alt='tente pliante expotent' title='tente pliante expotent'  height=\"669\"width=\"1000\"  itemprop=\"thumbnailUrl\"  \/><\/div><\/div><\/div><div class='av-hotspot-fallback-tooltip'><div class='av-hotspot-fallback-tooltip-count'>1<div class='avia-arrow'><\/div><\/div><div class='av-hotspot-fallback-tooltip-inner clearfix'><p>\n<span lang=\"fr\"><strong>Pavillon de jardin<\/strong> &#8211; La tente pliante expotent peut parfaitement \u00eatre utilis\u00e9e dans un usage priv\u00e9, que ce soit comme tente barbecue ou comme pavillon pour les invit\u00e9s. Installation rapide et d\u00e9gag\u00e9e pour \u00e9conomiser de l&rsquo;espace. Id\u00e9al \u00e9galement \u00e0 emporter \u00e0 d&rsquo;autres endroits.<\/span><\/p>\n<\/div><\/div><\/div><\/div><div class=\"flex_column av_one_half  flex_column_div av-zero-column-padding   \" style='border-radius:0px; '><div class='av-hotspot-image-container avia_animate_when_almost_visible   av-hotspot-blank av-mobile-fallback-active    av-non-fullwidth-hotspot-image '  itemprop=\"ImageObject\" itemscope=\"itemscope\" itemtype=\"https:\/\/schema.org\/ImageObject\"  ><div class='av-hotspot-container'><div class='av-hotspot-container-inner-cell'><div class='av-hotspot-container-inner-wrap'><div class='av-image-hotspot' data-avia-tooltip-position='right' data-avia-tooltip-alignment='centered' data-avia-tooltip-class='av-tt-default-width av-tt-pos-right av-tt-align-centered  av-mobile-fallback-active  main_color av-tt-hotspot' data-avia-tooltip='&lt;p&gt;&lt;strong&gt;t&lt;\/strong&gt;&lt;span lang=&quot;fr&quot;&gt;&lt;strong&gt;ente de course &lt;\/strong&gt;&#8211; adapt\u00e9e \u00e0 tous les types de courses. Que ce soit pour le VTT, le karting ou diverses s\u00e9ries de courses automobiles, la tente ciseaux est un support publicitaire parfait.&lt;\/span&gt;&lt;\/p&gt;\n' style='top: 50%; left: 50%; '><div class='av-image-hotspot_inner' style='background-color: #ff0000; color: #ffffff;'>1<\/div><div class='av-image-hotspot-pulse' style='background-color:#ffffff;'><\/div><\/div><img class='avia_image ' src='https:\/\/www.expotradegroup.com\/wp-content\/uploads\/2019\/06\/Zenklusen1.gif' alt='tente pliable de course expotent' title='tente pliable de course expotent'  height=\"489\"width=\"800\"  itemprop=\"thumbnailUrl\"  \/><\/div><\/div><\/div><div class='av-hotspot-fallback-tooltip'><div class='av-hotspot-fallback-tooltip-count'>1<div class='avia-arrow'><\/div><\/div><div class='av-hotspot-fallback-tooltip-inner clearfix'><p>\n<strong>t<\/strong><span lang=\"fr\"><strong>ente de course <\/strong>&#8211; adapt\u00e9e \u00e0 tous les types de courses. Que ce soit pour le VTT, le karting ou diverses s\u00e9ries de courses automobiles, la tente ciseaux est un support publicitaire parfait.<\/span><\/p>\n<\/div><\/div><\/div><\/div><div class=\"flex_column av_one_half  flex_column_div av-zero-column-padding first  \" style='border-radius:0px; '><div class='av-hotspot-image-container avia_animate_when_almost_visible   av-hotspot-blank av-mobile-fallback-active    av-non-fullwidth-hotspot-image '  itemprop=\"ImageObject\" itemscope=\"itemscope\" itemtype=\"https:\/\/schema.org\/ImageObject\"  ><div class='av-hotspot-container'><div class='av-hotspot-container-inner-cell'><div class='av-hotspot-container-inner-wrap'><div class='av-image-hotspot' data-avia-tooltip-position='right' data-avia-tooltip-alignment='centered' data-avia-tooltip-class='av-tt-default-width av-tt-pos-right av-tt-align-centered  av-mobile-fallback-active  main_color av-tt-hotspot' data-avia-tooltip='&lt;p&gt;&lt;span lang=&quot;fr&quot;&gt;&lt;strong&gt;tente d&rsquo;hiver&lt;\/strong&gt; &#8211; que ce soit pour des tests de ski ou d&rsquo;autres \u00e9v\u00e9nements hivernaux, la tente tente ciseaux est \u00e9galement le compagnon id\u00e9al en hiver.&lt;\/span&gt;&lt;\/p&gt;\n' style='top: 50%; left: 50%; '><div class='av-image-hotspot_inner' style='background-color: #ff0000; color: #ffffff;'>1<\/div><div class='av-image-hotspot-pulse' style='background-color:#ffffff;'><\/div><\/div><img class='avia_image ' src='https:\/\/www.expotradegroup.com\/wp-content\/uploads\/2018\/12\/all-on-snow-tour_2018_1.jpg' alt='expotent pliable r\u00e9sistant \u00e0l&#039;hiver' title='expotent pliable r\u00e9sistant \u00e0l&#039;hiver'  height=\"645\"width=\"1147\"  itemprop=\"thumbnailUrl\"  \/><\/div><\/div><\/div><div class='av-hotspot-fallback-tooltip'><div class='av-hotspot-fallback-tooltip-count'>1<div class='avia-arrow'><\/div><\/div><div class='av-hotspot-fallback-tooltip-inner clearfix'><p>\n<span lang=\"fr\"><strong>tente d&rsquo;hiver<\/strong> &#8211; que ce soit pour des tests de ski ou d&rsquo;autres \u00e9v\u00e9nements hivernaux, la tente tente ciseaux est \u00e9galement le compagnon id\u00e9al en hiver.<\/span><\/p>\n<\/div><\/div><\/div><\/div><div class=\"flex_column av_one_half  flex_column_div av-zero-column-padding   \" style='border-radius:0px; '><div class='av-hotspot-image-container avia_animate_when_almost_visible   av-hotspot-blank av-mobile-fallback-active    av-non-fullwidth-hotspot-image '  itemprop=\"ImageObject\" itemscope=\"itemscope\" itemtype=\"https:\/\/schema.org\/ImageObject\"  ><div class='av-hotspot-container'><div class='av-hotspot-container-inner-cell'><div class='av-hotspot-container-inner-wrap'><div class='av-image-hotspot' data-avia-tooltip-position='right' data-avia-tooltip-alignment='centered' data-avia-tooltip-class='av-tt-default-width av-tt-pos-right av-tt-align-centered  av-mobile-fallback-active  main_color av-tt-hotspot' data-avia-tooltip='&lt;p&gt;&lt;strong&gt;t&lt;\/strong&gt;&lt;span lang=&quot;fr&quot;&gt;&lt;strong&gt;ente de pr\u00e9sentation&lt;\/strong&gt; &#8211; Sp\u00e9cialement pour les pr\u00e9sentations de toutes sortes, le pavillon pliant expotent est un support publicitaire id\u00e9al et un accroche-regard.&lt;\/span&gt;&lt;\/p&gt;\n' style='top: 50%; left: 50%; '><div class='av-image-hotspot_inner' style='background-color: #ff0000; color: #ffffff;'>1<\/div><div class='av-image-hotspot-pulse' style='background-color:#ffffff;'><\/div><\/div><img class='avia_image ' src='https:\/\/www.expotradegroup.com\/wp-content\/uploads\/2016\/09\/TESLA_4x4m.jpg' alt='tente pliable expotent Tesla 4x4m' title='tente pliable expotent Tesla 4x4m'  height=\"918\"width=\"1632\"  itemprop=\"thumbnailUrl\"  \/><\/div><\/div><\/div><div class='av-hotspot-fallback-tooltip'><div class='av-hotspot-fallback-tooltip-count'>1<div class='avia-arrow'><\/div><\/div><div class='av-hotspot-fallback-tooltip-inner clearfix'><p>\n<strong>t<\/strong><span lang=\"fr\"><strong>ente de pr\u00e9sentation<\/strong> &#8211; Sp\u00e9cialement pour les pr\u00e9sentations de toutes sortes, le pavillon pliant expotent est un support publicitaire id\u00e9al et un accroche-regard.<\/span><\/p>\n<\/div><\/div><\/div><\/div><div class=\"flex_column av_one_half  flex_column_div av-zero-column-padding first  \" style='border-radius:0px; '><div class='av-hotspot-image-container avia_animate_when_almost_visible   av-hotspot-blank av-mobile-fallback-active    av-non-fullwidth-hotspot-image '  itemprop=\"ImageObject\" itemscope=\"itemscope\" itemtype=\"https:\/\/schema.org\/ImageObject\"  ><div class='av-hotspot-container'><div class='av-hotspot-container-inner-cell'><div class='av-hotspot-container-inner-wrap'><div class='av-image-hotspot' data-avia-tooltip-position='right' data-avia-tooltip-alignment='centered' data-avia-tooltip-class='av-tt-default-width av-tt-pos-right av-tt-align-centered  av-mobile-fallback-active  main_color av-tt-hotspot' data-avia-tooltip='&lt;p&gt;&lt;strong&gt;t&lt;\/strong&gt;&lt;span lang=&quot;fr&quot;&gt;&lt;strong&gt;ente de montage&lt;\/strong&gt; &#8211; un abri id\u00e9al pour les m\u00e9caniciens lors de courses ou d&rsquo;\u00e9v\u00e9nements. Travail \u00e0 sec et prot\u00e9g\u00e9!&lt;\/span&gt;&lt;\/p&gt;\n' style='top: 50%; left: 50%; '><div class='av-image-hotspot_inner' style='background-color: #ff0000; color: #ffffff;'>1<\/div><div class='av-image-hotspot-pulse' style='background-color:#ffffff;'><\/div><\/div><img class='avia_image ' src='https:\/\/www.expotradegroup.com\/wp-content\/uploads\/2017\/01\/Dakar_2016.jpg' alt='KTM Racing tente pliable expotent' title='KTM Racing tente pliable expotent'  height=\"682\"width=\"1024\"  itemprop=\"thumbnailUrl\"  \/><\/div><\/div><\/div><div class='av-hotspot-fallback-tooltip'><div class='av-hotspot-fallback-tooltip-count'>1<div class='avia-arrow'><\/div><\/div><div class='av-hotspot-fallback-tooltip-inner clearfix'><p>\n<strong>t<\/strong><span lang=\"fr\"><strong>ente de montage<\/strong> &#8211; un abri id\u00e9al pour les m\u00e9caniciens lors de courses ou d&rsquo;\u00e9v\u00e9nements. Travail \u00e0 sec et prot\u00e9g\u00e9!<\/span><\/p>\n<\/div><\/div><\/div><\/div><div class=\"flex_column av_one_half  flex_column_div av-zero-column-padding   \" style='border-radius:0px; '><div class='av-hotspot-image-container avia_animate_when_almost_visible   av-hotspot-blank av-mobile-fallback-active    av-non-fullwidth-hotspot-image '  itemprop=\"ImageObject\" itemscope=\"itemscope\" itemtype=\"https:\/\/schema.org\/ImageObject\"  ><div class='av-hotspot-container'><div class='av-hotspot-container-inner-cell'><div class='av-hotspot-container-inner-wrap'><div class='av-image-hotspot' data-avia-tooltip-position='right' data-avia-tooltip-alignment='centered' data-avia-tooltip-class='av-tt-default-width av-tt-pos-right av-tt-align-centered  av-mobile-fallback-active  main_color av-tt-hotspot' data-avia-tooltip='&lt;p&gt;&lt;strong&gt;t&lt;\/strong&gt;&lt;span lang=&quot;fr&quot;&gt;&lt;strong&gt;ente d&rsquo;\u00e9quipe&lt;\/strong&gt; &#8211; chaque \u00e9quipe a sa propre tente pliante. Une tente incomparable a une valeur de reconnaissance pour l&rsquo;\u00e9quipe et les sponsors.&lt;\/span&gt;&lt;\/p&gt;\n' style='top: 50%; left: 50%; '><div class='av-image-hotspot_inner' style='background-color: #ff0000; color: #ffffff;'>1<\/div><div class='av-image-hotspot-pulse' style='background-color:#ffffff;'><\/div><\/div><img class='avia_image ' src='https:\/\/www.expotradegroup.com\/wp-content\/uploads\/2016\/04\/Racing_6x4_KSM.jpg' alt='KTM expotent pliable 6x3m' title='KTM expotent pliable 6x3m'  height=\"775\"width=\"1155\"  itemprop=\"thumbnailUrl\"  \/><\/div><\/div><\/div><div class='av-hotspot-fallback-tooltip'><div class='av-hotspot-fallback-tooltip-count'>1<div class='avia-arrow'><\/div><\/div><div class='av-hotspot-fallback-tooltip-inner clearfix'><p>\n<strong>t<\/strong><span lang=\"fr\"><strong>ente d&rsquo;\u00e9quipe<\/strong> &#8211; chaque \u00e9quipe a sa propre tente pliante. Une tente incomparable a une valeur de reconnaissance pour l&rsquo;\u00e9quipe et les sponsors.<\/span><\/p>\n<\/div><\/div><\/div><\/div><div class=\"flex_column av_one_half  flex_column_div av-zero-column-padding first  \" style='border-radius:0px; '><div class='av-hotspot-image-container avia_animate_when_almost_visible   av-hotspot-blank av-mobile-fallback-active    av-non-fullwidth-hotspot-image '  itemprop=\"ImageObject\" itemscope=\"itemscope\" itemtype=\"https:\/\/schema.org\/ImageObject\"  ><div class='av-hotspot-container'><div class='av-hotspot-container-inner-cell'><div class='av-hotspot-container-inner-wrap'><div class='av-image-hotspot' data-avia-tooltip-position='right' data-avia-tooltip-alignment='centered' data-avia-tooltip-class='av-tt-default-width av-tt-pos-right av-tt-align-centered  av-mobile-fallback-active  main_color av-tt-hotspot' data-avia-tooltip='&lt;p&gt;&lt;strong&gt;l&lt;\/strong&gt;&lt;span lang=&quot;fr&quot;&gt;&lt;strong&gt;es tentes pliantes coupl\u00e9es \u00e0 la ville&lt;\/strong&gt; expotent peuvent \u00eatre d\u00e9velopp\u00e9es comme une grande ville de tente et utilis\u00e9es parfaitement comme paddock.&lt;\/span&gt;&lt;\/p&gt;\n' style='top: 50%; left: 50%; '><div class='av-image-hotspot_inner' style='background-color: #ff0000; color: #ffffff;'>1<\/div><div class='av-image-hotspot-pulse' style='background-color:#ffffff;'><\/div><\/div><img class='avia_image ' src='https:\/\/www.expotradegroup.com\/wp-content\/uploads\/2016\/01\/KTM_6x3m_JuniorCup.gif' alt='KTM expotent pliante 6x3m' title='KTM expotent pliante 6x3m'  height=\"337\"width=\"500\"  itemprop=\"thumbnailUrl\"  \/><\/div><\/div><\/div><div class='av-hotspot-fallback-tooltip'><div class='av-hotspot-fallback-tooltip-count'>1<div class='avia-arrow'><\/div><\/div><div class='av-hotspot-fallback-tooltip-inner clearfix'><p>\n<strong>l<\/strong><span lang=\"fr\"><strong>es tentes pliantes coupl\u00e9es \u00e0 la ville<\/strong> expotent peuvent \u00eatre d\u00e9velopp\u00e9es comme une grande ville de tente et utilis\u00e9es parfaitement comme paddock.<\/span><\/p>\n<\/div><\/div><\/div><\/div><\/p>\n","protected":false},"excerpt":{"rendered":"","protected":false},"author":3,"featured_media":0,"parent":0,"menu_order":0,"comment_status":"closed","ping_status":"closed","template":"","meta":{"footnotes":""},"class_list":["post-21483","page","type-page","status-publish","hentry"],"yoast_head":"<!-- This site is optimized with the Yoast SEO plugin v23.2 - https:\/\/yoast.com\/wordpress\/plugins\/seo\/ -->\n<title>Applications des tentes pliantes expotent - tente \u00e0 l&#039;ext\u00e9rieur et \u00e0 l&#039;int\u00e9rieur<\/title>\n<meta name=\"description\" content=\"les applications de tente pliante expotent sont si diverses que cet outil publicitaire peut \u00eatre utilis\u00e9 de mani\u00e8re multifonctionnelle. Pour la promotion ainsi qu&#039;\u00e0 des fins priv\u00e9es\" \/>\n<meta name=\"robots\" content=\"index, follow, max-snippet:-1, max-image-preview:large, max-video-preview:-1\" \/>\n<link rel=\"canonical\" href=\"https:\/\/www.expotradegroup.com\/fr\/applications-pour-tente-pliante\/\" \/>\n<meta property=\"og:locale\" content=\"fr_FR\" \/>\n<meta property=\"og:type\" content=\"article\" \/>\n<meta property=\"og:title\" content=\"Applications des tentes pliantes expotent - tente \u00e0 l&#039;ext\u00e9rieur et \u00e0 l&#039;int\u00e9rieur\" \/>\n<meta property=\"og:description\" content=\"les applications de tente pliante expotent sont si diverses que cet outil publicitaire peut \u00eatre utilis\u00e9 de mani\u00e8re multifonctionnelle. Pour la promotion ainsi qu&#039;\u00e0 des fins priv\u00e9es\" \/>\n<meta property=\"og:url\" content=\"https:\/\/www.expotradegroup.com\/fr\/applications-pour-tente-pliante\/\" \/>\n<meta property=\"og:site_name\" content=\"Expotrade\" \/>\n<meta property=\"article:publisher\" content=\"https:\/\/www.facebook.com\/Expotrade-Group-Gmbh-Head-Office-501830963237226\/timeline\/\" \/>\n<meta name=\"twitter:card\" content=\"summary_large_image\" \/>\n<meta name=\"twitter:site\" content=\"@Expotrade_Group\" \/>\n<meta name=\"twitter:label1\" content=\"Dur\u00e9e de lecture estim\u00e9e\" \/>\n\t<meta name=\"twitter:data1\" content=\"7 minutes\" \/>\n<script type=\"application\/ld+json\" class=\"yoast-schema-graph\">{\"@context\":\"https:\/\/schema.org\",\"@graph\":[{\"@type\":\"WebPage\",\"@id\":\"https:\/\/www.expotradegroup.com\/fr\/applications-pour-tente-pliante\/\",\"url\":\"https:\/\/www.expotradegroup.com\/fr\/applications-pour-tente-pliante\/\",\"name\":\"Applications des tentes pliantes expotent - tente \u00e0 l'ext\u00e9rieur et \u00e0 l'int\u00e9rieur\",\"isPartOf\":{\"@id\":\"https:\/\/www.expotradegroup.com\/fr\/#website\"},\"datePublished\":\"2020-10-18T18:40:46+00:00\",\"dateModified\":\"2020-10-18T18:40:46+00:00\",\"description\":\"les applications de tente pliante expotent sont si diverses que cet outil publicitaire peut \u00eatre utilis\u00e9 de mani\u00e8re multifonctionnelle. Pour la promotion ainsi qu'\u00e0 des fins priv\u00e9es\",\"breadcrumb\":{\"@id\":\"https:\/\/www.expotradegroup.com\/fr\/applications-pour-tente-pliante\/#breadcrumb\"},\"inLanguage\":\"fr-FR\",\"potentialAction\":[{\"@type\":\"ReadAction\",\"target\":[\"https:\/\/www.expotradegroup.com\/fr\/applications-pour-tente-pliante\/\"]}]},{\"@type\":\"BreadcrumbList\",\"@id\":\"https:\/\/www.expotradegroup.com\/fr\/applications-pour-tente-pliante\/#breadcrumb\",\"itemListElement\":[{\"@type\":\"ListItem\",\"position\":1,\"name\":\"Home\",\"item\":\"https:\/\/www.expotradegroup.com\/fr\/tentes-pliantes-table-pliantes-sacs-de-feves\/\"},{\"@type\":\"ListItem\",\"position\":2,\"name\":\"applications pour tente pliante\"}]},{\"@type\":\"WebSite\",\"@id\":\"https:\/\/www.expotradegroup.com\/fr\/#website\",\"url\":\"https:\/\/www.expotradegroup.com\/fr\/\",\"name\":\"Expotrade\",\"description\":\"Faltzelte, Falttische, Sitzs\u00e4cke und mobile ideas\",\"potentialAction\":[{\"@type\":\"SearchAction\",\"target\":{\"@type\":\"EntryPoint\",\"urlTemplate\":\"https:\/\/www.expotradegroup.com\/fr\/?s={search_term_string}\"},\"query-input\":\"required name=search_term_string\"}],\"inLanguage\":\"fr-FR\"}]}<\/script>\n<!-- \/ Yoast SEO plugin. -->","yoast_head_json":{"title":"Applications des tentes pliantes expotent - tente \u00e0 l'ext\u00e9rieur et \u00e0 l'int\u00e9rieur","description":"les applications de tente pliante expotent sont si diverses que cet outil publicitaire peut \u00eatre utilis\u00e9 de mani\u00e8re multifonctionnelle. Pour la promotion ainsi qu'\u00e0 des fins priv\u00e9es","robots":{"index":"index","follow":"follow","max-snippet":"max-snippet:-1","max-image-preview":"max-image-preview:large","max-video-preview":"max-video-preview:-1"},"canonical":"https:\/\/www.expotradegroup.com\/fr\/applications-pour-tente-pliante\/","og_locale":"fr_FR","og_type":"article","og_title":"Applications des tentes pliantes expotent - tente \u00e0 l'ext\u00e9rieur et \u00e0 l'int\u00e9rieur","og_description":"les applications de tente pliante expotent sont si diverses que cet outil publicitaire peut \u00eatre utilis\u00e9 de mani\u00e8re multifonctionnelle. Pour la promotion ainsi qu'\u00e0 des fins priv\u00e9es","og_url":"https:\/\/www.expotradegroup.com\/fr\/applications-pour-tente-pliante\/","og_site_name":"Expotrade","article_publisher":"https:\/\/www.facebook.com\/Expotrade-Group-Gmbh-Head-Office-501830963237226\/timeline\/","twitter_card":"summary_large_image","twitter_site":"@Expotrade_Group","twitter_misc":{"Dur\u00e9e de lecture estim\u00e9e":"7 minutes"},"schema":{"@context":"https:\/\/schema.org","@graph":[{"@type":"WebPage","@id":"https:\/\/www.expotradegroup.com\/fr\/applications-pour-tente-pliante\/","url":"https:\/\/www.expotradegroup.com\/fr\/applications-pour-tente-pliante\/","name":"Applications des tentes pliantes expotent - tente \u00e0 l'ext\u00e9rieur et \u00e0 l'int\u00e9rieur","isPartOf":{"@id":"https:\/\/www.expotradegroup.com\/fr\/#website"},"datePublished":"2020-10-18T18:40:46+00:00","dateModified":"2020-10-18T18:40:46+00:00","description":"les applications de tente pliante expotent sont si diverses que cet outil publicitaire peut \u00eatre utilis\u00e9 de mani\u00e8re multifonctionnelle. Pour la promotion ainsi qu'\u00e0 des fins priv\u00e9es","breadcrumb":{"@id":"https:\/\/www.expotradegroup.com\/fr\/applications-pour-tente-pliante\/#breadcrumb"},"inLanguage":"fr-FR","potentialAction":[{"@type":"ReadAction","target":["https:\/\/www.expotradegroup.com\/fr\/applications-pour-tente-pliante\/"]}]},{"@type":"BreadcrumbList","@id":"https:\/\/www.expotradegroup.com\/fr\/applications-pour-tente-pliante\/#breadcrumb","itemListElement":[{"@type":"ListItem","position":1,"name":"Home","item":"https:\/\/www.expotradegroup.com\/fr\/tentes-pliantes-table-pliantes-sacs-de-feves\/"},{"@type":"ListItem","position":2,"name":"applications pour tente pliante"}]},{"@type":"WebSite","@id":"https:\/\/www.expotradegroup.com\/fr\/#website","url":"https:\/\/www.expotradegroup.com\/fr\/","name":"Expotrade","description":"Faltzelte, Falttische, Sitzs\u00e4cke und mobile ideas","potentialAction":[{"@type":"SearchAction","target":{"@type":"EntryPoint","urlTemplate":"https:\/\/www.expotradegroup.com\/fr\/?s={search_term_string}"},"query-input":"required name=search_term_string"}],"inLanguage":"fr-FR"}]}},"_links":{"self":[{"href":"https:\/\/www.expotradegroup.com\/fr\/wp-json\/wp\/v2\/pages\/21483"}],"collection":[{"href":"https:\/\/www.expotradegroup.com\/fr\/wp-json\/wp\/v2\/pages"}],"about":[{"href":"https:\/\/www.expotradegroup.com\/fr\/wp-json\/wp\/v2\/types\/page"}],"author":[{"embeddable":true,"href":"https:\/\/www.expotradegroup.com\/fr\/wp-json\/wp\/v2\/users\/3"}],"replies":[{"embeddable":true,"href":"https:\/\/www.expotradegroup.com\/fr\/wp-json\/wp\/v2\/comments?post=21483"}],"version-history":[{"count":2,"href":"https:\/\/www.expotradegroup.com\/fr\/wp-json\/wp\/v2\/pages\/21483\/revisions"}],"predecessor-version":[{"id":31301,"href":"https:\/\/www.expotradegroup.com\/fr\/wp-json\/wp\/v2\/pages\/21483\/revisions\/31301"}],"wp:attachment":[{"href":"https:\/\/www.expotradegroup.com\/fr\/wp-json\/wp\/v2\/media?parent=21483"}],"curies":[{"name":"wp","href":"https:\/\/api.w.org\/{rel}","templated":true}]}}