{"id":21798,"date":"2020-05-20T13:02:56","date_gmt":"2020-05-20T11:02:56","guid":{"rendered":"https:\/\/www.expotradegroup.com\/produkt\/tente-pliante-expotente\/"},"modified":"2020-10-20T16:04:55","modified_gmt":"2020-10-20T14:04:55","slug":"tente-pliante-expotente","status":"publish","type":"product","link":"https:\/\/www.expotradegroup.com\/fr\/produit\/tente-pliante-expotente\/","title":{"rendered":"Tente pliante expotente"},"content":{"rendered":"<p><span class=\"tlid-translation translation\" lang=\"fr\"><span class=\"\" title=\"\">La banni\u00e8re de logo de protection solaire expotente pour tente pliante peut \u00eatre utilis\u00e9e id\u00e9alement comme protection solaire lors d&rsquo;\u00e9v\u00e9nements.<\/span> <span title=\"\">Gr\u00e2ce \u00e0 un syst\u00e8me sophistiqu\u00e9, le panneau mont\u00e9 sur le cadre peut \u00eatre fix\u00e9 \u00e0 l&rsquo;infini \u00e0 n&rsquo;importe quel angle et ainsi facilement ajustable en fonction de l&rsquo;ensoleillement.<\/span> <span title=\"\">Une protection id\u00e9ale sans avoir \u00e0 utiliser de paroi lat\u00e9rale.<\/span> <span title=\"\">Peut \u00e9galement \u00eatre utilis\u00e9 comme auvent pour la tente.<\/span> <span title=\"\">Cependant, consultez notre produit sp\u00e9cial \u00ab\u00a0auvent expotent pour tente pliante\u00a0\u00bb.<\/span> <span title=\"\">Le pare-soleil peut bien s\u00fbr \u00e9galement \u00eatre imprim\u00e9 sur toute la surface et peut \u00e9galement \u00eatre utilis\u00e9 comme banni\u00e8re de logo de protection solaire suppl\u00e9mentaire.<\/span><\/span><\/p>\n","protected":false},"excerpt":{"rendered":"<p>La banni\u00e8re de logo de protection solaire expotente pour tente pliante peut \u00eatre utilis\u00e9e id\u00e9alement comme protection solaire lors d&rsquo;\u00e9v\u00e9nements. Gr\u00e2ce \u00e0 un syst\u00e8me sophistiqu\u00e9, le panneau mont\u00e9 sur le cadre peut \u00eatre fix\u00e9 \u00e0 l&rsquo;infini \u00e0 n&rsquo;importe quel angle et ainsi facilement ajustable en fonction de l&rsquo;ensoleillement. Une protection id\u00e9ale sans avoir \u00e0 utiliser [&hellip;]<\/p>\n","protected":false},"featured_media":24953,"comment_status":"closed","ping_status":"closed","template":"","meta":[],"product_cat":[214],"product_tag":[],"class_list":{"0":"post-21798","1":"product","2":"type-product","3":"status-publish","4":"has-post-thumbnail","6":"product_cat-expotent-accessoires","8":"first","9":"instock","10":"taxable","11":"shipping-taxable","12":"purchasable","13":"product-type-variable","14":"has-default-attributes"},"yoast_head":"<!-- This site is optimized with the Yoast SEO plugin v23.2 - https:\/\/yoast.com\/wordpress\/plugins\/seo\/ -->\n<title>Auvent expotent pour tente pliante - pour tous les pavillons pliants courants sur le march\u00e9<\/title>\n<meta name=\"description\" content=\"La verri\u00e8re expotente de tente se pliante est un attachement sp\u00e9cial comme abri de protection de pluie. Le canal sp\u00e9cial d&#039;\u00e9vacuation de la pluie emp\u00eache la formation de poches d&#039;eau.\" \/>\n<meta name=\"robots\" content=\"index, follow, max-snippet:-1, max-image-preview:large, max-video-preview:-1\" \/>\n<link rel=\"canonical\" href=\"https:\/\/www.expotradegroup.com\/fr\/produit\/tente-pliante-expotente\/\" \/>\n<meta property=\"og:locale\" content=\"fr_FR\" \/>\n<meta property=\"og:type\" content=\"article\" \/>\n<meta property=\"og:title\" content=\"Auvent expotent pour tente pliante - pour tous les pavillons pliants courants sur le march\u00e9\" \/>\n<meta property=\"og:description\" content=\"La verri\u00e8re expotente de tente se pliante est un attachement sp\u00e9cial comme abri de protection de pluie. Le canal sp\u00e9cial d&#039;\u00e9vacuation de la pluie emp\u00eache la formation de poches d&#039;eau.\" \/>\n<meta property=\"og:url\" content=\"https:\/\/www.expotradegroup.com\/fr\/produit\/tente-pliante-expotente\/\" \/>\n<meta property=\"og:site_name\" content=\"Expotrade\" \/>\n<meta property=\"article:publisher\" content=\"https:\/\/www.facebook.com\/Expotrade-Group-Gmbh-Head-Office-501830963237226\/timeline\/\" \/>\n<meta property=\"article:modified_time\" content=\"2020-10-20T14:04:55+00:00\" \/>\n<meta property=\"og:image\" content=\"https:\/\/www.expotradegroup.com\/wp-content\/uploads\/2020\/06\/Vordach.gif\" \/>\n\t<meta property=\"og:image:width\" content=\"266\" \/>\n\t<meta property=\"og:image:height\" content=\"196\" \/>\n\t<meta property=\"og:image:type\" content=\"image\/gif\" \/>\n<meta name=\"twitter:card\" content=\"summary_large_image\" \/>\n<meta name=\"twitter:site\" content=\"@Expotrade_Group\" \/>\n<meta name=\"twitter:label1\" content=\"Dur\u00e9e de lecture estim\u00e9e\" \/>\n\t<meta name=\"twitter:data1\" content=\"1 minute\" \/>\n<script type=\"application\/ld+json\" class=\"yoast-schema-graph\">{\"@context\":\"https:\/\/schema.org\",\"@graph\":[{\"@type\":\"WebPage\",\"@id\":\"https:\/\/www.expotradegroup.com\/fr\/produit\/tente-pliante-expotente\/\",\"url\":\"https:\/\/www.expotradegroup.com\/fr\/produit\/tente-pliante-expotente\/\",\"name\":\"Auvent expotent pour tente pliante - pour tous les pavillons pliants courants sur le march\u00e9\",\"isPartOf\":{\"@id\":\"https:\/\/www.expotradegroup.com\/fr\/#website\"},\"primaryImageOfPage\":{\"@id\":\"https:\/\/www.expotradegroup.com\/fr\/produit\/tente-pliante-expotente\/#primaryimage\"},\"image\":{\"@id\":\"https:\/\/www.expotradegroup.com\/fr\/produit\/tente-pliante-expotente\/#primaryimage\"},\"thumbnailUrl\":\"https:\/\/www.expotradegroup.com\/wp-content\/uploads\/2020\/06\/Vordach.gif\",\"datePublished\":\"2020-05-20T11:02:56+00:00\",\"dateModified\":\"2020-10-20T14:04:55+00:00\",\"description\":\"La verri\u00e8re expotente de tente se pliante est un attachement sp\u00e9cial comme abri de protection de pluie. Le canal sp\u00e9cial d'\u00e9vacuation de la pluie emp\u00eache la formation de poches d'eau.\",\"breadcrumb\":{\"@id\":\"https:\/\/www.expotradegroup.com\/fr\/produit\/tente-pliante-expotente\/#breadcrumb\"},\"inLanguage\":\"fr-FR\",\"potentialAction\":[{\"@type\":\"ReadAction\",\"target\":[\"https:\/\/www.expotradegroup.com\/fr\/produit\/tente-pliante-expotente\/\"]}]},{\"@type\":\"ImageObject\",\"inLanguage\":\"fr-FR\",\"@id\":\"https:\/\/www.expotradegroup.com\/fr\/produit\/tente-pliante-expotente\/#primaryimage\",\"url\":\"https:\/\/www.expotradegroup.com\/wp-content\/uploads\/2020\/06\/Vordach.gif\",\"contentUrl\":\"https:\/\/www.expotradegroup.com\/wp-content\/uploads\/2020\/06\/Vordach.gif\",\"width\":266,\"height\":196,\"caption\":\"tente pliante store\"},{\"@type\":\"BreadcrumbList\",\"@id\":\"https:\/\/www.expotradegroup.com\/fr\/produit\/tente-pliante-expotente\/#breadcrumb\",\"itemListElement\":[{\"@type\":\"ListItem\",\"position\":1,\"name\":\"Home\",\"item\":\"https:\/\/www.expotradegroup.com\/fr\/tentes-pliantes-table-pliantes-sacs-de-feves\/\"},{\"@type\":\"ListItem\",\"position\":2,\"name\":\"Priv\u00e9\u00a0: magasin en ligne\",\"item\":\"https:\/\/www.expotradegroup.com\/fr\/?page_id=17469\"},{\"@type\":\"ListItem\",\"position\":3,\"name\":\"Tente pliante expotente\"}]},{\"@type\":\"WebSite\",\"@id\":\"https:\/\/www.expotradegroup.com\/fr\/#website\",\"url\":\"https:\/\/www.expotradegroup.com\/fr\/\",\"name\":\"Expotrade\",\"description\":\"Faltzelte, Falttische, Sitzs\u00e4cke und mobile ideas\",\"potentialAction\":[{\"@type\":\"SearchAction\",\"target\":{\"@type\":\"EntryPoint\",\"urlTemplate\":\"https:\/\/www.expotradegroup.com\/fr\/?s={search_term_string}\"},\"query-input\":\"required name=search_term_string\"}],\"inLanguage\":\"fr-FR\"}]}<\/script>\n<!-- \/ Yoast SEO plugin. -->","yoast_head_json":{"title":"Auvent expotent pour tente pliante - pour tous les pavillons pliants courants sur le march\u00e9","description":"La verri\u00e8re expotente de tente se pliante est un attachement sp\u00e9cial comme abri de protection de pluie. Le canal sp\u00e9cial d'\u00e9vacuation de la pluie emp\u00eache la formation de poches d'eau.","robots":{"index":"index","follow":"follow","max-snippet":"max-snippet:-1","max-image-preview":"max-image-preview:large","max-video-preview":"max-video-preview:-1"},"canonical":"https:\/\/www.expotradegroup.com\/fr\/produit\/tente-pliante-expotente\/","og_locale":"fr_FR","og_type":"article","og_title":"Auvent expotent pour tente pliante - pour tous les pavillons pliants courants sur le march\u00e9","og_description":"La verri\u00e8re expotente de tente se pliante est un attachement sp\u00e9cial comme abri de protection de pluie. Le canal sp\u00e9cial d'\u00e9vacuation de la pluie emp\u00eache la formation de poches d'eau.","og_url":"https:\/\/www.expotradegroup.com\/fr\/produit\/tente-pliante-expotente\/","og_site_name":"Expotrade","article_publisher":"https:\/\/www.facebook.com\/Expotrade-Group-Gmbh-Head-Office-501830963237226\/timeline\/","article_modified_time":"2020-10-20T14:04:55+00:00","og_image":[{"width":266,"height":196,"url":"https:\/\/www.expotradegroup.com\/wp-content\/uploads\/2020\/06\/Vordach.gif","type":"image\/gif"}],"twitter_card":"summary_large_image","twitter_site":"@Expotrade_Group","twitter_misc":{"Dur\u00e9e de lecture estim\u00e9e":"1 minute"},"schema":{"@context":"https:\/\/schema.org","@graph":[{"@type":"WebPage","@id":"https:\/\/www.expotradegroup.com\/fr\/produit\/tente-pliante-expotente\/","url":"https:\/\/www.expotradegroup.com\/fr\/produit\/tente-pliante-expotente\/","name":"Auvent expotent pour tente pliante - pour tous les pavillons pliants courants sur le march\u00e9","isPartOf":{"@id":"https:\/\/www.expotradegroup.com\/fr\/#website"},"primaryImageOfPage":{"@id":"https:\/\/www.expotradegroup.com\/fr\/produit\/tente-pliante-expotente\/#primaryimage"},"image":{"@id":"https:\/\/www.expotradegroup.com\/fr\/produit\/tente-pliante-expotente\/#primaryimage"},"thumbnailUrl":"https:\/\/www.expotradegroup.com\/wp-content\/uploads\/2020\/06\/Vordach.gif","datePublished":"2020-05-20T11:02:56+00:00","dateModified":"2020-10-20T14:04:55+00:00","description":"La verri\u00e8re expotente de tente se pliante est un attachement sp\u00e9cial comme abri de protection de pluie. Le canal sp\u00e9cial d'\u00e9vacuation de la pluie emp\u00eache la formation de poches d'eau.","breadcrumb":{"@id":"https:\/\/www.expotradegroup.com\/fr\/produit\/tente-pliante-expotente\/#breadcrumb"},"inLanguage":"fr-FR","potentialAction":[{"@type":"ReadAction","target":["https:\/\/www.expotradegroup.com\/fr\/produit\/tente-pliante-expotente\/"]}]},{"@type":"ImageObject","inLanguage":"fr-FR","@id":"https:\/\/www.expotradegroup.com\/fr\/produit\/tente-pliante-expotente\/#primaryimage","url":"https:\/\/www.expotradegroup.com\/wp-content\/uploads\/2020\/06\/Vordach.gif","contentUrl":"https:\/\/www.expotradegroup.com\/wp-content\/uploads\/2020\/06\/Vordach.gif","width":266,"height":196,"caption":"tente pliante store"},{"@type":"BreadcrumbList","@id":"https:\/\/www.expotradegroup.com\/fr\/produit\/tente-pliante-expotente\/#breadcrumb","itemListElement":[{"@type":"ListItem","position":1,"name":"Home","item":"https:\/\/www.expotradegroup.com\/fr\/tentes-pliantes-table-pliantes-sacs-de-feves\/"},{"@type":"ListItem","position":2,"name":"Priv\u00e9\u00a0: magasin en ligne","item":"https:\/\/www.expotradegroup.com\/fr\/?page_id=17469"},{"@type":"ListItem","position":3,"name":"Tente pliante expotente"}]},{"@type":"WebSite","@id":"https:\/\/www.expotradegroup.com\/fr\/#website","url":"https:\/\/www.expotradegroup.com\/fr\/","name":"Expotrade","description":"Faltzelte, Falttische, Sitzs\u00e4cke und mobile ideas","potentialAction":[{"@type":"SearchAction","target":{"@type":"EntryPoint","urlTemplate":"https:\/\/www.expotradegroup.com\/fr\/?s={search_term_string}"},"query-input":"required name=search_term_string"}],"inLanguage":"fr-FR"}]}},"_links":{"self":[{"href":"https:\/\/www.expotradegroup.com\/fr\/wp-json\/wp\/v2\/product\/21798"}],"collection":[{"href":"https:\/\/www.expotradegroup.com\/fr\/wp-json\/wp\/v2\/product"}],"about":[{"href":"https:\/\/www.expotradegroup.com\/fr\/wp-json\/wp\/v2\/types\/product"}],"replies":[{"embeddable":true,"href":"https:\/\/www.expotradegroup.com\/fr\/wp-json\/wp\/v2\/comments?post=21798"}],"wp:featuredmedia":[{"embeddable":true,"href":"https:\/\/www.expotradegroup.com\/fr\/wp-json\/wp\/v2\/media\/24953"}],"wp:attachment":[{"href":"https:\/\/www.expotradegroup.com\/fr\/wp-json\/wp\/v2\/media?parent=21798"}],"wp:term":[{"taxonomy":"product_cat","embeddable":true,"href":"https:\/\/www.expotradegroup.com\/fr\/wp-json\/wp\/v2\/product_cat?post=21798"},{"taxonomy":"product_tag","embeddable":true,"href":"https:\/\/www.expotradegroup.com\/fr\/wp-json\/wp\/v2\/product_tag?post=21798"}],"curies":[{"name":"wp","href":"https:\/\/api.w.org\/{rel}","templated":true}]}}