{"id":29298,"date":"2020-07-25T16:43:47","date_gmt":"2020-07-25T14:43:47","guid":{"rendered":"https:\/\/www.expotradegroup.com\/produkt\/table-debout-pliable-extensible\/"},"modified":"2020-10-01T15:54:48","modified_gmt":"2020-10-01T13:54:48","slug":"table-debout-pliable-extensible","status":"publish","type":"product","link":"https:\/\/www.expotradegroup.com\/fr\/produit\/table-debout-pliable-extensible\/","title":{"rendered":"table haute extensible FOLDABLE"},"content":{"rendered":"<div class=\"text-wrap tlid-copy-target\">\n<div class=\"result-shield-container tlid-copy-target\" tabindex=\"0\"><span class=\"tlid-translation translation\" lang=\"fr\"><span class=\"\" title=\"\">La table haute extensible FOLDABLE est la solution id\u00e9ale pour une utilisation \u00ab\u00a0mobile\u00a0\u00bb.<\/span> <span class=\"\" title=\"\">Cette table debout peut \u00eatre pli\u00e9e tr\u00e8s petite (construction pliante comme avec les tentes pliantes) et a une taille de 60x60cm une fois assembl\u00e9e.<\/span> <span title=\"\">Cette table de bar pliable est disponible en aluminium ou en acier, la table en acier ayant des panneaux en PVC.<\/span> <span title=\"\">La table haute pliante peut \u00e9galement \u00eatre \u00e9quip\u00e9e d&rsquo;une paroi lat\u00e9rale ou d&rsquo;un couvercle imprimable et est simplement fix\u00e9e \u00e0 la table avec du velcro.<\/span> <span title=\"\">Cette image de marque variable rend ce bureau haut id\u00e9al pour les entreprises qui sont en mouvement avec diff\u00e9rentes marques \/ produits.<\/span><\/span><\/div>\n<\/div>\n<div class=\"tlid-result-transliteration-container result-transliteration-container transliteration-container\">\n<div class=\"tlid-transliteration-content transliteration-content full\"><\/div>\n<\/div>\n","protected":false},"excerpt":{"rendered":"<p>La table haute extensible FOLDABLE est la solution id\u00e9ale pour une utilisation \u00ab\u00a0mobile\u00a0\u00bb. Cette table debout peut \u00eatre pli\u00e9e tr\u00e8s petite (construction pliante comme avec les tentes pliantes) et a une taille de 60x60cm une fois assembl\u00e9e. Cette table de bar pliable est disponible en aluminium ou en acier, la table en acier ayant des [&hellip;]<\/p>\n","protected":false},"featured_media":28977,"comment_status":"closed","ping_status":"closed","template":"","meta":[],"product_cat":[213],"product_tag":[],"class_list":{"0":"post-29298","1":"product","2":"type-product","3":"status-publish","4":"has-post-thumbnail","6":"product_cat-expobartable-fr","8":"first","9":"instock","10":"taxable","11":"shipping-taxable","12":"purchasable","13":"product-type-variable"},"yoast_head":"<!-- This site is optimized with the Yoast SEO plugin v23.2 - https:\/\/yoast.com\/wordpress\/plugins\/seo\/ -->\n<title>Table haute extensible - PLIABLE et donc id\u00e9ale pour une utilisation mobile<\/title>\n<meta name=\"description\" content=\"Cette table de bar PLIABLE est la solution id\u00e9ale et alternative aux tables de bar encombrantes avec un plateau rond. Pliable et donc tr\u00e8s peu encombrant.\" \/>\n<meta name=\"robots\" content=\"index, follow, max-snippet:-1, max-image-preview:large, max-video-preview:-1\" \/>\n<link rel=\"canonical\" href=\"https:\/\/www.expotradegroup.com\/fr\/produit\/table-debout-pliable-extensible\/\" \/>\n<meta property=\"og:locale\" content=\"fr_FR\" \/>\n<meta property=\"og:type\" content=\"article\" \/>\n<meta property=\"og:title\" content=\"Table haute extensible - PLIABLE et donc id\u00e9ale pour une utilisation mobile\" \/>\n<meta property=\"og:description\" content=\"Cette table de bar PLIABLE est la solution id\u00e9ale et alternative aux tables de bar encombrantes avec un plateau rond. Pliable et donc tr\u00e8s peu encombrant.\" \/>\n<meta property=\"og:url\" content=\"https:\/\/www.expotradegroup.com\/fr\/produit\/table-debout-pliable-extensible\/\" \/>\n<meta property=\"og:site_name\" content=\"Expotrade\" \/>\n<meta property=\"article:publisher\" content=\"https:\/\/www.facebook.com\/Expotrade-Group-Gmbh-Head-Office-501830963237226\/timeline\/\" \/>\n<meta property=\"article:modified_time\" content=\"2020-10-01T13:54:48+00:00\" \/>\n<meta property=\"og:image\" content=\"https:\/\/www.expotradegroup.com\/wp-content\/uploads\/2020\/08\/Stehtisch_faltbar_Produktvorlage.gif\" \/>\n\t<meta property=\"og:image:width\" content=\"271\" \/>\n\t<meta property=\"og:image:height\" content=\"200\" \/>\n\t<meta property=\"og:image:type\" content=\"image\/gif\" \/>\n<meta name=\"twitter:card\" content=\"summary_large_image\" \/>\n<meta name=\"twitter:site\" content=\"@Expotrade_Group\" \/>\n<meta name=\"twitter:label1\" content=\"Dur\u00e9e de lecture estim\u00e9e\" \/>\n\t<meta name=\"twitter:data1\" content=\"1 minute\" \/>\n<script type=\"application\/ld+json\" class=\"yoast-schema-graph\">{\"@context\":\"https:\/\/schema.org\",\"@graph\":[{\"@type\":\"WebPage\",\"@id\":\"https:\/\/www.expotradegroup.com\/fr\/produit\/table-debout-pliable-extensible\/\",\"url\":\"https:\/\/www.expotradegroup.com\/fr\/produit\/table-debout-pliable-extensible\/\",\"name\":\"Table haute extensible - PLIABLE et donc id\u00e9ale pour une utilisation mobile\",\"isPartOf\":{\"@id\":\"https:\/\/www.expotradegroup.com\/fr\/#website\"},\"primaryImageOfPage\":{\"@id\":\"https:\/\/www.expotradegroup.com\/fr\/produit\/table-debout-pliable-extensible\/#primaryimage\"},\"image\":{\"@id\":\"https:\/\/www.expotradegroup.com\/fr\/produit\/table-debout-pliable-extensible\/#primaryimage\"},\"thumbnailUrl\":\"https:\/\/www.expotradegroup.com\/wp-content\/uploads\/2020\/08\/Stehtisch_faltbar_Produktvorlage.gif\",\"datePublished\":\"2020-07-25T14:43:47+00:00\",\"dateModified\":\"2020-10-01T13:54:48+00:00\",\"description\":\"Cette table de bar PLIABLE est la solution id\u00e9ale et alternative aux tables de bar encombrantes avec un plateau rond. Pliable et donc tr\u00e8s peu encombrant.\",\"breadcrumb\":{\"@id\":\"https:\/\/www.expotradegroup.com\/fr\/produit\/table-debout-pliable-extensible\/#breadcrumb\"},\"inLanguage\":\"fr-FR\",\"potentialAction\":[{\"@type\":\"ReadAction\",\"target\":[\"https:\/\/www.expotradegroup.com\/fr\/produit\/table-debout-pliable-extensible\/\"]}]},{\"@type\":\"ImageObject\",\"inLanguage\":\"fr-FR\",\"@id\":\"https:\/\/www.expotradegroup.com\/fr\/produit\/table-debout-pliable-extensible\/#primaryimage\",\"url\":\"https:\/\/www.expotradegroup.com\/wp-content\/uploads\/2020\/08\/Stehtisch_faltbar_Produktvorlage.gif\",\"contentUrl\":\"https:\/\/www.expotradegroup.com\/wp-content\/uploads\/2020\/08\/Stehtisch_faltbar_Produktvorlage.gif\",\"width\":271,\"height\":200,\"caption\":\"table de bar pliante\"},{\"@type\":\"BreadcrumbList\",\"@id\":\"https:\/\/www.expotradegroup.com\/fr\/produit\/table-debout-pliable-extensible\/#breadcrumb\",\"itemListElement\":[{\"@type\":\"ListItem\",\"position\":1,\"name\":\"Home\",\"item\":\"https:\/\/www.expotradegroup.com\/fr\/tentes-pliantes-table-pliantes-sacs-de-feves\/\"},{\"@type\":\"ListItem\",\"position\":2,\"name\":\"Priv\u00e9\u00a0: magasin en ligne\",\"item\":\"https:\/\/www.expotradegroup.com\/fr\/?page_id=17469\"},{\"@type\":\"ListItem\",\"position\":3,\"name\":\"table haute extensible FOLDABLE\"}]},{\"@type\":\"WebSite\",\"@id\":\"https:\/\/www.expotradegroup.com\/fr\/#website\",\"url\":\"https:\/\/www.expotradegroup.com\/fr\/\",\"name\":\"Expotrade\",\"description\":\"Faltzelte, Falttische, Sitzs\u00e4cke und mobile ideas\",\"potentialAction\":[{\"@type\":\"SearchAction\",\"target\":{\"@type\":\"EntryPoint\",\"urlTemplate\":\"https:\/\/www.expotradegroup.com\/fr\/?s={search_term_string}\"},\"query-input\":\"required name=search_term_string\"}],\"inLanguage\":\"fr-FR\"}]}<\/script>\n<!-- \/ Yoast SEO plugin. -->","yoast_head_json":{"title":"Table haute extensible - PLIABLE et donc id\u00e9ale pour une utilisation mobile","description":"Cette table de bar PLIABLE est la solution id\u00e9ale et alternative aux tables de bar encombrantes avec un plateau rond. Pliable et donc tr\u00e8s peu encombrant.","robots":{"index":"index","follow":"follow","max-snippet":"max-snippet:-1","max-image-preview":"max-image-preview:large","max-video-preview":"max-video-preview:-1"},"canonical":"https:\/\/www.expotradegroup.com\/fr\/produit\/table-debout-pliable-extensible\/","og_locale":"fr_FR","og_type":"article","og_title":"Table haute extensible - PLIABLE et donc id\u00e9ale pour une utilisation mobile","og_description":"Cette table de bar PLIABLE est la solution id\u00e9ale et alternative aux tables de bar encombrantes avec un plateau rond. Pliable et donc tr\u00e8s peu encombrant.","og_url":"https:\/\/www.expotradegroup.com\/fr\/produit\/table-debout-pliable-extensible\/","og_site_name":"Expotrade","article_publisher":"https:\/\/www.facebook.com\/Expotrade-Group-Gmbh-Head-Office-501830963237226\/timeline\/","article_modified_time":"2020-10-01T13:54:48+00:00","og_image":[{"width":271,"height":200,"url":"https:\/\/www.expotradegroup.com\/wp-content\/uploads\/2020\/08\/Stehtisch_faltbar_Produktvorlage.gif","type":"image\/gif"}],"twitter_card":"summary_large_image","twitter_site":"@Expotrade_Group","twitter_misc":{"Dur\u00e9e de lecture estim\u00e9e":"1 minute"},"schema":{"@context":"https:\/\/schema.org","@graph":[{"@type":"WebPage","@id":"https:\/\/www.expotradegroup.com\/fr\/produit\/table-debout-pliable-extensible\/","url":"https:\/\/www.expotradegroup.com\/fr\/produit\/table-debout-pliable-extensible\/","name":"Table haute extensible - PLIABLE et donc id\u00e9ale pour une utilisation mobile","isPartOf":{"@id":"https:\/\/www.expotradegroup.com\/fr\/#website"},"primaryImageOfPage":{"@id":"https:\/\/www.expotradegroup.com\/fr\/produit\/table-debout-pliable-extensible\/#primaryimage"},"image":{"@id":"https:\/\/www.expotradegroup.com\/fr\/produit\/table-debout-pliable-extensible\/#primaryimage"},"thumbnailUrl":"https:\/\/www.expotradegroup.com\/wp-content\/uploads\/2020\/08\/Stehtisch_faltbar_Produktvorlage.gif","datePublished":"2020-07-25T14:43:47+00:00","dateModified":"2020-10-01T13:54:48+00:00","description":"Cette table de bar PLIABLE est la solution id\u00e9ale et alternative aux tables de bar encombrantes avec un plateau rond. Pliable et donc tr\u00e8s peu encombrant.","breadcrumb":{"@id":"https:\/\/www.expotradegroup.com\/fr\/produit\/table-debout-pliable-extensible\/#breadcrumb"},"inLanguage":"fr-FR","potentialAction":[{"@type":"ReadAction","target":["https:\/\/www.expotradegroup.com\/fr\/produit\/table-debout-pliable-extensible\/"]}]},{"@type":"ImageObject","inLanguage":"fr-FR","@id":"https:\/\/www.expotradegroup.com\/fr\/produit\/table-debout-pliable-extensible\/#primaryimage","url":"https:\/\/www.expotradegroup.com\/wp-content\/uploads\/2020\/08\/Stehtisch_faltbar_Produktvorlage.gif","contentUrl":"https:\/\/www.expotradegroup.com\/wp-content\/uploads\/2020\/08\/Stehtisch_faltbar_Produktvorlage.gif","width":271,"height":200,"caption":"table de bar pliante"},{"@type":"BreadcrumbList","@id":"https:\/\/www.expotradegroup.com\/fr\/produit\/table-debout-pliable-extensible\/#breadcrumb","itemListElement":[{"@type":"ListItem","position":1,"name":"Home","item":"https:\/\/www.expotradegroup.com\/fr\/tentes-pliantes-table-pliantes-sacs-de-feves\/"},{"@type":"ListItem","position":2,"name":"Priv\u00e9\u00a0: magasin en ligne","item":"https:\/\/www.expotradegroup.com\/fr\/?page_id=17469"},{"@type":"ListItem","position":3,"name":"table haute extensible FOLDABLE"}]},{"@type":"WebSite","@id":"https:\/\/www.expotradegroup.com\/fr\/#website","url":"https:\/\/www.expotradegroup.com\/fr\/","name":"Expotrade","description":"Faltzelte, Falttische, Sitzs\u00e4cke und mobile ideas","potentialAction":[{"@type":"SearchAction","target":{"@type":"EntryPoint","urlTemplate":"https:\/\/www.expotradegroup.com\/fr\/?s={search_term_string}"},"query-input":"required name=search_term_string"}],"inLanguage":"fr-FR"}]}},"_links":{"self":[{"href":"https:\/\/www.expotradegroup.com\/fr\/wp-json\/wp\/v2\/product\/29298"}],"collection":[{"href":"https:\/\/www.expotradegroup.com\/fr\/wp-json\/wp\/v2\/product"}],"about":[{"href":"https:\/\/www.expotradegroup.com\/fr\/wp-json\/wp\/v2\/types\/product"}],"replies":[{"embeddable":true,"href":"https:\/\/www.expotradegroup.com\/fr\/wp-json\/wp\/v2\/comments?post=29298"}],"wp:featuredmedia":[{"embeddable":true,"href":"https:\/\/www.expotradegroup.com\/fr\/wp-json\/wp\/v2\/media\/28977"}],"wp:attachment":[{"href":"https:\/\/www.expotradegroup.com\/fr\/wp-json\/wp\/v2\/media?parent=29298"}],"wp:term":[{"taxonomy":"product_cat","embeddable":true,"href":"https:\/\/www.expotradegroup.com\/fr\/wp-json\/wp\/v2\/product_cat?post=29298"},{"taxonomy":"product_tag","embeddable":true,"href":"https:\/\/www.expotradegroup.com\/fr\/wp-json\/wp\/v2\/product_tag?post=29298"}],"curies":[{"name":"wp","href":"https:\/\/api.w.org\/{rel}","templated":true}]}}