{"id":29965,"date":"2020-06-29T18:00:41","date_gmt":"2020-06-29T16:00:41","guid":{"rendered":"https:\/\/www.expotradegroup.com\/produkt\/tente-pliante-expotent-basic\/"},"modified":"2020-10-20T15:52:44","modified_gmt":"2020-10-20T13:52:44","slug":"tente-pliante-expotent-basic","status":"publish","type":"product","link":"https:\/\/www.expotradegroup.com\/fr\/produit\/tente-pliante-expotent-basic\/","title":{"rendered":"Tente pliante Expotent Basic"},"content":{"rendered":"<p><span class=\"tlid-translation translation\" lang=\"fr\"><span class=\"\" title=\"\">Tente pliante expotent Basic &#8211; une tente \u00e0 ciseaux test\u00e9e 1000 fois avec un rapport qualit\u00e9 \/ prix parfait.<\/span> <span title=\"\">La finition est parfaite.<\/span> <span class=\"\" title=\"\">Le sac de transport robuste offre suffisamment d&rsquo;espace de rangement \u00e0 l&rsquo;int\u00e9rieur pour les sangles d&rsquo;arrimage et les piquets inclus.<\/span><\/span><\/p>\n","protected":false},"excerpt":{"rendered":"<p>Tente pliante expotent Basic &#8211; une tente \u00e0 ciseaux test\u00e9e 1000 fois avec un rapport qualit\u00e9 \/ prix parfait. La finition est parfaite. Le sac de transport robuste offre suffisamment d&rsquo;espace de rangement \u00e0 l&rsquo;int\u00e9rieur pour les sangles d&rsquo;arrimage et les piquets inclus.<\/p>\n","protected":false},"featured_media":25708,"comment_status":"closed","ping_status":"closed","template":"","meta":[],"product_cat":[242,241],"product_tag":[],"class_list":{"0":"post-29965","1":"product","2":"type-product","3":"status-publish","4":"has-post-thumbnail","6":"product_cat-cadres-toits-de-tente-pliants","7":"product_cat-tentes-pliantes-expotentes","9":"first","10":"instock","11":"taxable","12":"shipping-taxable","13":"purchasable","14":"product-type-variable"},"yoast_head":"<!-- This site is optimized with the Yoast SEO plugin v23.2 - https:\/\/yoast.com\/wordpress\/plugins\/seo\/ -->\n<title>Tente pliante expotent Basic - une tente pliante de qualit\u00e9 qui a fait ses preuves 1000 fois<\/title>\n<meta name=\"description\" content=\"Tente pliante Expotent Basic. Un mod\u00e8le d&#039;entr\u00e9e de gamme abordable adapt\u00e9 \u00e0 tous les budgets. Un sac de transport robuste, des sangles d&#039;arrimage, des piquets de 30 cm sont inclus!\" \/>\n<meta name=\"robots\" content=\"index, follow, max-snippet:-1, max-image-preview:large, max-video-preview:-1\" \/>\n<link rel=\"canonical\" href=\"https:\/\/www.expotradegroup.com\/fr\/produit\/tente-pliante-expotent-basic\/\" \/>\n<meta property=\"og:locale\" content=\"fr_FR\" \/>\n<meta property=\"og:type\" content=\"article\" \/>\n<meta property=\"og:title\" content=\"Tente pliante expotent Basic - une tente pliante de qualit\u00e9 qui a fait ses preuves 1000 fois\" \/>\n<meta property=\"og:description\" content=\"Tente pliante Expotent Basic. Un mod\u00e8le d&#039;entr\u00e9e de gamme abordable adapt\u00e9 \u00e0 tous les budgets. Un sac de transport robuste, des sangles d&#039;arrimage, des piquets de 30 cm sont inclus!\" \/>\n<meta property=\"og:url\" content=\"https:\/\/www.expotradegroup.com\/fr\/produit\/tente-pliante-expotent-basic\/\" \/>\n<meta property=\"og:site_name\" content=\"Expotrade\" \/>\n<meta property=\"article:publisher\" content=\"https:\/\/www.facebook.com\/Expotrade-Group-Gmbh-Head-Office-501830963237226\/timeline\/\" \/>\n<meta property=\"article:modified_time\" content=\"2020-10-20T13:52:44+00:00\" \/>\n<meta property=\"og:image\" content=\"https:\/\/www.expotradegroup.com\/wp-content\/uploads\/2020\/06\/expotent_Basic.gif\" \/>\n\t<meta property=\"og:image:width\" content=\"271\" \/>\n\t<meta property=\"og:image:height\" content=\"200\" \/>\n\t<meta property=\"og:image:type\" content=\"image\/gif\" \/>\n<meta name=\"twitter:card\" content=\"summary_large_image\" \/>\n<meta name=\"twitter:site\" content=\"@Expotrade_Group\" \/>\n<script type=\"application\/ld+json\" class=\"yoast-schema-graph\">{\"@context\":\"https:\/\/schema.org\",\"@graph\":[{\"@type\":\"WebPage\",\"@id\":\"https:\/\/www.expotradegroup.com\/fr\/produit\/tente-pliante-expotent-basic\/\",\"url\":\"https:\/\/www.expotradegroup.com\/fr\/produit\/tente-pliante-expotent-basic\/\",\"name\":\"Tente pliante expotent Basic - une tente pliante de qualit\u00e9 qui a fait ses preuves 1000 fois\",\"isPartOf\":{\"@id\":\"https:\/\/www.expotradegroup.com\/fr\/#website\"},\"primaryImageOfPage\":{\"@id\":\"https:\/\/www.expotradegroup.com\/fr\/produit\/tente-pliante-expotent-basic\/#primaryimage\"},\"image\":{\"@id\":\"https:\/\/www.expotradegroup.com\/fr\/produit\/tente-pliante-expotent-basic\/#primaryimage\"},\"thumbnailUrl\":\"https:\/\/www.expotradegroup.com\/wp-content\/uploads\/2020\/06\/expotent_Basic.gif\",\"datePublished\":\"2020-06-29T16:00:41+00:00\",\"dateModified\":\"2020-10-20T13:52:44+00:00\",\"description\":\"Tente pliante Expotent Basic. Un mod\u00e8le d'entr\u00e9e de gamme abordable adapt\u00e9 \u00e0 tous les budgets. Un sac de transport robuste, des sangles d'arrimage, des piquets de 30 cm sont inclus!\",\"breadcrumb\":{\"@id\":\"https:\/\/www.expotradegroup.com\/fr\/produit\/tente-pliante-expotent-basic\/#breadcrumb\"},\"inLanguage\":\"fr-FR\",\"potentialAction\":[{\"@type\":\"ReadAction\",\"target\":[\"https:\/\/www.expotradegroup.com\/fr\/produit\/tente-pliante-expotent-basic\/\"]}]},{\"@type\":\"ImageObject\",\"inLanguage\":\"fr-FR\",\"@id\":\"https:\/\/www.expotradegroup.com\/fr\/produit\/tente-pliante-expotent-basic\/#primaryimage\",\"url\":\"https:\/\/www.expotradegroup.com\/wp-content\/uploads\/2020\/06\/expotent_Basic.gif\",\"contentUrl\":\"https:\/\/www.expotradegroup.com\/wp-content\/uploads\/2020\/06\/expotent_Basic.gif\",\"width\":271,\"height\":200,\"caption\":\"tente pliante expotent Basic\"},{\"@type\":\"BreadcrumbList\",\"@id\":\"https:\/\/www.expotradegroup.com\/fr\/produit\/tente-pliante-expotent-basic\/#breadcrumb\",\"itemListElement\":[{\"@type\":\"ListItem\",\"position\":1,\"name\":\"Home\",\"item\":\"https:\/\/www.expotradegroup.com\/fr\/tentes-pliantes-table-pliantes-sacs-de-feves\/\"},{\"@type\":\"ListItem\",\"position\":2,\"name\":\"Priv\u00e9\u00a0: magasin en ligne\",\"item\":\"https:\/\/www.expotradegroup.com\/fr\/?page_id=17469\"},{\"@type\":\"ListItem\",\"position\":3,\"name\":\"Tente pliante Expotent Basic\"}]},{\"@type\":\"WebSite\",\"@id\":\"https:\/\/www.expotradegroup.com\/fr\/#website\",\"url\":\"https:\/\/www.expotradegroup.com\/fr\/\",\"name\":\"Expotrade\",\"description\":\"Faltzelte, Falttische, Sitzs\u00e4cke und mobile ideas\",\"potentialAction\":[{\"@type\":\"SearchAction\",\"target\":{\"@type\":\"EntryPoint\",\"urlTemplate\":\"https:\/\/www.expotradegroup.com\/fr\/?s={search_term_string}\"},\"query-input\":\"required name=search_term_string\"}],\"inLanguage\":\"fr-FR\"}]}<\/script>\n<!-- \/ Yoast SEO plugin. -->","yoast_head_json":{"title":"Tente pliante expotent Basic - une tente pliante de qualit\u00e9 qui a fait ses preuves 1000 fois","description":"Tente pliante Expotent Basic. Un mod\u00e8le d'entr\u00e9e de gamme abordable adapt\u00e9 \u00e0 tous les budgets. Un sac de transport robuste, des sangles d'arrimage, des piquets de 30 cm sont inclus!","robots":{"index":"index","follow":"follow","max-snippet":"max-snippet:-1","max-image-preview":"max-image-preview:large","max-video-preview":"max-video-preview:-1"},"canonical":"https:\/\/www.expotradegroup.com\/fr\/produit\/tente-pliante-expotent-basic\/","og_locale":"fr_FR","og_type":"article","og_title":"Tente pliante expotent Basic - une tente pliante de qualit\u00e9 qui a fait ses preuves 1000 fois","og_description":"Tente pliante Expotent Basic. Un mod\u00e8le d'entr\u00e9e de gamme abordable adapt\u00e9 \u00e0 tous les budgets. Un sac de transport robuste, des sangles d'arrimage, des piquets de 30 cm sont inclus!","og_url":"https:\/\/www.expotradegroup.com\/fr\/produit\/tente-pliante-expotent-basic\/","og_site_name":"Expotrade","article_publisher":"https:\/\/www.facebook.com\/Expotrade-Group-Gmbh-Head-Office-501830963237226\/timeline\/","article_modified_time":"2020-10-20T13:52:44+00:00","og_image":[{"width":271,"height":200,"url":"https:\/\/www.expotradegroup.com\/wp-content\/uploads\/2020\/06\/expotent_Basic.gif","type":"image\/gif"}],"twitter_card":"summary_large_image","twitter_site":"@Expotrade_Group","schema":{"@context":"https:\/\/schema.org","@graph":[{"@type":"WebPage","@id":"https:\/\/www.expotradegroup.com\/fr\/produit\/tente-pliante-expotent-basic\/","url":"https:\/\/www.expotradegroup.com\/fr\/produit\/tente-pliante-expotent-basic\/","name":"Tente pliante expotent Basic - une tente pliante de qualit\u00e9 qui a fait ses preuves 1000 fois","isPartOf":{"@id":"https:\/\/www.expotradegroup.com\/fr\/#website"},"primaryImageOfPage":{"@id":"https:\/\/www.expotradegroup.com\/fr\/produit\/tente-pliante-expotent-basic\/#primaryimage"},"image":{"@id":"https:\/\/www.expotradegroup.com\/fr\/produit\/tente-pliante-expotent-basic\/#primaryimage"},"thumbnailUrl":"https:\/\/www.expotradegroup.com\/wp-content\/uploads\/2020\/06\/expotent_Basic.gif","datePublished":"2020-06-29T16:00:41+00:00","dateModified":"2020-10-20T13:52:44+00:00","description":"Tente pliante Expotent Basic. Un mod\u00e8le d'entr\u00e9e de gamme abordable adapt\u00e9 \u00e0 tous les budgets. Un sac de transport robuste, des sangles d'arrimage, des piquets de 30 cm sont inclus!","breadcrumb":{"@id":"https:\/\/www.expotradegroup.com\/fr\/produit\/tente-pliante-expotent-basic\/#breadcrumb"},"inLanguage":"fr-FR","potentialAction":[{"@type":"ReadAction","target":["https:\/\/www.expotradegroup.com\/fr\/produit\/tente-pliante-expotent-basic\/"]}]},{"@type":"ImageObject","inLanguage":"fr-FR","@id":"https:\/\/www.expotradegroup.com\/fr\/produit\/tente-pliante-expotent-basic\/#primaryimage","url":"https:\/\/www.expotradegroup.com\/wp-content\/uploads\/2020\/06\/expotent_Basic.gif","contentUrl":"https:\/\/www.expotradegroup.com\/wp-content\/uploads\/2020\/06\/expotent_Basic.gif","width":271,"height":200,"caption":"tente pliante expotent Basic"},{"@type":"BreadcrumbList","@id":"https:\/\/www.expotradegroup.com\/fr\/produit\/tente-pliante-expotent-basic\/#breadcrumb","itemListElement":[{"@type":"ListItem","position":1,"name":"Home","item":"https:\/\/www.expotradegroup.com\/fr\/tentes-pliantes-table-pliantes-sacs-de-feves\/"},{"@type":"ListItem","position":2,"name":"Priv\u00e9\u00a0: magasin en ligne","item":"https:\/\/www.expotradegroup.com\/fr\/?page_id=17469"},{"@type":"ListItem","position":3,"name":"Tente pliante Expotent Basic"}]},{"@type":"WebSite","@id":"https:\/\/www.expotradegroup.com\/fr\/#website","url":"https:\/\/www.expotradegroup.com\/fr\/","name":"Expotrade","description":"Faltzelte, Falttische, Sitzs\u00e4cke und mobile ideas","potentialAction":[{"@type":"SearchAction","target":{"@type":"EntryPoint","urlTemplate":"https:\/\/www.expotradegroup.com\/fr\/?s={search_term_string}"},"query-input":"required name=search_term_string"}],"inLanguage":"fr-FR"}]}},"_links":{"self":[{"href":"https:\/\/www.expotradegroup.com\/fr\/wp-json\/wp\/v2\/product\/29965"}],"collection":[{"href":"https:\/\/www.expotradegroup.com\/fr\/wp-json\/wp\/v2\/product"}],"about":[{"href":"https:\/\/www.expotradegroup.com\/fr\/wp-json\/wp\/v2\/types\/product"}],"replies":[{"embeddable":true,"href":"https:\/\/www.expotradegroup.com\/fr\/wp-json\/wp\/v2\/comments?post=29965"}],"wp:featuredmedia":[{"embeddable":true,"href":"https:\/\/www.expotradegroup.com\/fr\/wp-json\/wp\/v2\/media\/25708"}],"wp:attachment":[{"href":"https:\/\/www.expotradegroup.com\/fr\/wp-json\/wp\/v2\/media?parent=29965"}],"wp:term":[{"taxonomy":"product_cat","embeddable":true,"href":"https:\/\/www.expotradegroup.com\/fr\/wp-json\/wp\/v2\/product_cat?post=29965"},{"taxonomy":"product_tag","embeddable":true,"href":"https:\/\/www.expotradegroup.com\/fr\/wp-json\/wp\/v2\/product_tag?post=29965"}],"curies":[{"name":"wp","href":"https:\/\/api.w.org\/{rel}","templated":true}]}}