{"id":30472,"date":"2020-05-14T13:06:25","date_gmt":"2020-05-14T11:06:25","guid":{"rendered":"https:\/\/www.expotradegroup.com\/produkt\/tente-pliante-expotent-soleil-banniere-logo\/"},"modified":"2020-10-20T16:06:53","modified_gmt":"2020-10-20T14:06:53","slug":"tente-pliante-expotent-soleil-banniere-logo","status":"publish","type":"product","link":"https:\/\/www.expotradegroup.com\/fr\/produit\/tente-pliante-expotent-soleil-banniere-logo\/","title":{"rendered":"Tente pliante expotent soleil \/ banni\u00e8re logo"},"content":{"rendered":"<div class=\"text-wrap tlid-copy-target\">\n<div class=\"result-shield-container tlid-copy-target\" data-mce-tabindex=\"0\"><span class=\"tlid-translation translation\" lang=\"fr\"><span class=\"\" title=\"\">La banni\u00e8re de logo de protection solaire expotente de tente pliante peut \u00eatre utilis\u00e9e id\u00e9alement comme protection solaire lors d&rsquo;\u00e9v\u00e9nements.<\/span> <span class=\"\" title=\"\">Gr\u00e2ce \u00e0 un syst\u00e8me sophistiqu\u00e9, le panneau mont\u00e9 sur le cadre peut \u00eatre fix\u00e9 en continu \u00e0 n&rsquo;importe quel angle et donc facilement ajust\u00e9 en fonction de l&rsquo;incidence de la lumi\u00e8re du soleil.<\/span> <span title=\"\">Une protection id\u00e9ale sans avoir \u00e0 utiliser de paroi lat\u00e9rale.<\/span> <span title=\"\">Peut \u00e9galement \u00eatre utilis\u00e9 comme auvent pour la tente.<\/span> <span title=\"\">Peux-tu le voir<\/span><\/span><\/div>\n<\/div>\n<div class=\"tlid-result-transliteration-container result-transliteration-container transliteration-container\">\n<div class=\"tlid-transliteration-content transliteration-content full\"><br data-mce-bogus=\"1\"><\/div>\n<\/div>\n","protected":false},"excerpt":{"rendered":"<p><br data-mce-bogus=\"1\"><\/p>\n","protected":false},"featured_media":24950,"comment_status":"closed","ping_status":"closed","template":"","meta":[],"product_cat":[214],"product_tag":[],"class_list":{"0":"post-30472","1":"product","2":"type-product","3":"status-publish","4":"has-post-thumbnail","6":"product_cat-expotent-accessoires","8":"first","9":"instock","10":"taxable","11":"shipping-taxable","12":"purchasable","13":"product-type-variable"},"yoast_head":"<!-- This site is optimized with the Yoast SEO plugin v23.2 - https:\/\/yoast.com\/wordpress\/plugins\/seo\/ -->\n<title>Banni\u00e8re avec logo de protection solaire pour tente pliante - pour pavillons pliants<\/title>\n<meta name=\"description\" content=\"La banni\u00e8re de logo de protection solaire expotente Faltzelt est un pare-soleil parfait pour presque tous les pavillons pliants courants et peut \u00eatre facilement mont\u00e9e sur le cadre\" \/>\n<meta name=\"robots\" content=\"index, follow, max-snippet:-1, max-image-preview:large, max-video-preview:-1\" \/>\n<link rel=\"canonical\" href=\"https:\/\/www.expotradegroup.com\/fr\/produit\/tente-pliante-expotent-soleil-banniere-logo\/\" \/>\n<meta property=\"og:locale\" content=\"fr_FR\" \/>\n<meta property=\"og:type\" content=\"article\" \/>\n<meta property=\"og:title\" content=\"Banni\u00e8re avec logo de protection solaire pour tente pliante - pour pavillons pliants\" \/>\n<meta property=\"og:description\" content=\"La banni\u00e8re de logo de protection solaire expotente Faltzelt est un pare-soleil parfait pour presque tous les pavillons pliants courants et peut \u00eatre facilement mont\u00e9e sur le cadre\" \/>\n<meta property=\"og:url\" content=\"https:\/\/www.expotradegroup.com\/fr\/produit\/tente-pliante-expotent-soleil-banniere-logo\/\" \/>\n<meta property=\"og:site_name\" content=\"Expotrade\" \/>\n<meta property=\"article:publisher\" content=\"https:\/\/www.facebook.com\/Expotrade-Group-Gmbh-Head-Office-501830963237226\/timeline\/\" \/>\n<meta property=\"article:modified_time\" content=\"2020-10-20T14:06:53+00:00\" \/>\n<meta property=\"og:image\" content=\"https:\/\/www.expotradegroup.com\/wp-content\/uploads\/2020\/06\/Sonnenschutz_Logobanner.gif\" \/>\n\t<meta property=\"og:image:width\" content=\"266\" \/>\n\t<meta property=\"og:image:height\" content=\"196\" \/>\n\t<meta property=\"og:image:type\" content=\"image\/gif\" \/>\n<meta name=\"twitter:card\" content=\"summary_large_image\" \/>\n<meta name=\"twitter:site\" content=\"@Expotrade_Group\" \/>\n<script type=\"application\/ld+json\" class=\"yoast-schema-graph\">{\"@context\":\"https:\/\/schema.org\",\"@graph\":[{\"@type\":\"WebPage\",\"@id\":\"https:\/\/www.expotradegroup.com\/fr\/produit\/tente-pliante-expotent-soleil-banniere-logo\/\",\"url\":\"https:\/\/www.expotradegroup.com\/fr\/produit\/tente-pliante-expotent-soleil-banniere-logo\/\",\"name\":\"Banni\u00e8re avec logo de protection solaire pour tente pliante - pour pavillons pliants\",\"isPartOf\":{\"@id\":\"https:\/\/www.expotradegroup.com\/fr\/#website\"},\"primaryImageOfPage\":{\"@id\":\"https:\/\/www.expotradegroup.com\/fr\/produit\/tente-pliante-expotent-soleil-banniere-logo\/#primaryimage\"},\"image\":{\"@id\":\"https:\/\/www.expotradegroup.com\/fr\/produit\/tente-pliante-expotent-soleil-banniere-logo\/#primaryimage\"},\"thumbnailUrl\":\"https:\/\/www.expotradegroup.com\/wp-content\/uploads\/2020\/06\/Sonnenschutz_Logobanner.gif\",\"datePublished\":\"2020-05-14T11:06:25+00:00\",\"dateModified\":\"2020-10-20T14:06:53+00:00\",\"description\":\"La banni\u00e8re de logo de protection solaire expotente Faltzelt est un pare-soleil parfait pour presque tous les pavillons pliants courants et peut \u00eatre facilement mont\u00e9e sur le cadre\",\"breadcrumb\":{\"@id\":\"https:\/\/www.expotradegroup.com\/fr\/produit\/tente-pliante-expotent-soleil-banniere-logo\/#breadcrumb\"},\"inLanguage\":\"fr-FR\",\"potentialAction\":[{\"@type\":\"ReadAction\",\"target\":[\"https:\/\/www.expotradegroup.com\/fr\/produit\/tente-pliante-expotent-soleil-banniere-logo\/\"]}]},{\"@type\":\"ImageObject\",\"inLanguage\":\"fr-FR\",\"@id\":\"https:\/\/www.expotradegroup.com\/fr\/produit\/tente-pliante-expotent-soleil-banniere-logo\/#primaryimage\",\"url\":\"https:\/\/www.expotradegroup.com\/wp-content\/uploads\/2020\/06\/Sonnenschutz_Logobanner.gif\",\"contentUrl\":\"https:\/\/www.expotradegroup.com\/wp-content\/uploads\/2020\/06\/Sonnenschutz_Logobanner.gif\",\"width\":266,\"height\":196,\"caption\":\"Banni\u00e8re et protection solaire\"},{\"@type\":\"BreadcrumbList\",\"@id\":\"https:\/\/www.expotradegroup.com\/fr\/produit\/tente-pliante-expotent-soleil-banniere-logo\/#breadcrumb\",\"itemListElement\":[{\"@type\":\"ListItem\",\"position\":1,\"name\":\"Home\",\"item\":\"https:\/\/www.expotradegroup.com\/fr\/tentes-pliantes-table-pliantes-sacs-de-feves\/\"},{\"@type\":\"ListItem\",\"position\":2,\"name\":\"Priv\u00e9\u00a0: magasin en ligne\",\"item\":\"https:\/\/www.expotradegroup.com\/fr\/?page_id=17469\"},{\"@type\":\"ListItem\",\"position\":3,\"name\":\"Tente pliante expotent soleil \/ banni\u00e8re logo\"}]},{\"@type\":\"WebSite\",\"@id\":\"https:\/\/www.expotradegroup.com\/fr\/#website\",\"url\":\"https:\/\/www.expotradegroup.com\/fr\/\",\"name\":\"Expotrade\",\"description\":\"Faltzelte, Falttische, Sitzs\u00e4cke und mobile ideas\",\"potentialAction\":[{\"@type\":\"SearchAction\",\"target\":{\"@type\":\"EntryPoint\",\"urlTemplate\":\"https:\/\/www.expotradegroup.com\/fr\/?s={search_term_string}\"},\"query-input\":\"required name=search_term_string\"}],\"inLanguage\":\"fr-FR\"}]}<\/script>\n<!-- \/ Yoast SEO plugin. -->","yoast_head_json":{"title":"Banni\u00e8re avec logo de protection solaire pour tente pliante - pour pavillons pliants","description":"La banni\u00e8re de logo de protection solaire expotente Faltzelt est un pare-soleil parfait pour presque tous les pavillons pliants courants et peut \u00eatre facilement mont\u00e9e sur le cadre","robots":{"index":"index","follow":"follow","max-snippet":"max-snippet:-1","max-image-preview":"max-image-preview:large","max-video-preview":"max-video-preview:-1"},"canonical":"https:\/\/www.expotradegroup.com\/fr\/produit\/tente-pliante-expotent-soleil-banniere-logo\/","og_locale":"fr_FR","og_type":"article","og_title":"Banni\u00e8re avec logo de protection solaire pour tente pliante - pour pavillons pliants","og_description":"La banni\u00e8re de logo de protection solaire expotente Faltzelt est un pare-soleil parfait pour presque tous les pavillons pliants courants et peut \u00eatre facilement mont\u00e9e sur le cadre","og_url":"https:\/\/www.expotradegroup.com\/fr\/produit\/tente-pliante-expotent-soleil-banniere-logo\/","og_site_name":"Expotrade","article_publisher":"https:\/\/www.facebook.com\/Expotrade-Group-Gmbh-Head-Office-501830963237226\/timeline\/","article_modified_time":"2020-10-20T14:06:53+00:00","og_image":[{"width":266,"height":196,"url":"https:\/\/www.expotradegroup.com\/wp-content\/uploads\/2020\/06\/Sonnenschutz_Logobanner.gif","type":"image\/gif"}],"twitter_card":"summary_large_image","twitter_site":"@Expotrade_Group","schema":{"@context":"https:\/\/schema.org","@graph":[{"@type":"WebPage","@id":"https:\/\/www.expotradegroup.com\/fr\/produit\/tente-pliante-expotent-soleil-banniere-logo\/","url":"https:\/\/www.expotradegroup.com\/fr\/produit\/tente-pliante-expotent-soleil-banniere-logo\/","name":"Banni\u00e8re avec logo de protection solaire pour tente pliante - pour pavillons pliants","isPartOf":{"@id":"https:\/\/www.expotradegroup.com\/fr\/#website"},"primaryImageOfPage":{"@id":"https:\/\/www.expotradegroup.com\/fr\/produit\/tente-pliante-expotent-soleil-banniere-logo\/#primaryimage"},"image":{"@id":"https:\/\/www.expotradegroup.com\/fr\/produit\/tente-pliante-expotent-soleil-banniere-logo\/#primaryimage"},"thumbnailUrl":"https:\/\/www.expotradegroup.com\/wp-content\/uploads\/2020\/06\/Sonnenschutz_Logobanner.gif","datePublished":"2020-05-14T11:06:25+00:00","dateModified":"2020-10-20T14:06:53+00:00","description":"La banni\u00e8re de logo de protection solaire expotente Faltzelt est un pare-soleil parfait pour presque tous les pavillons pliants courants et peut \u00eatre facilement mont\u00e9e sur le cadre","breadcrumb":{"@id":"https:\/\/www.expotradegroup.com\/fr\/produit\/tente-pliante-expotent-soleil-banniere-logo\/#breadcrumb"},"inLanguage":"fr-FR","potentialAction":[{"@type":"ReadAction","target":["https:\/\/www.expotradegroup.com\/fr\/produit\/tente-pliante-expotent-soleil-banniere-logo\/"]}]},{"@type":"ImageObject","inLanguage":"fr-FR","@id":"https:\/\/www.expotradegroup.com\/fr\/produit\/tente-pliante-expotent-soleil-banniere-logo\/#primaryimage","url":"https:\/\/www.expotradegroup.com\/wp-content\/uploads\/2020\/06\/Sonnenschutz_Logobanner.gif","contentUrl":"https:\/\/www.expotradegroup.com\/wp-content\/uploads\/2020\/06\/Sonnenschutz_Logobanner.gif","width":266,"height":196,"caption":"Banni\u00e8re et protection solaire"},{"@type":"BreadcrumbList","@id":"https:\/\/www.expotradegroup.com\/fr\/produit\/tente-pliante-expotent-soleil-banniere-logo\/#breadcrumb","itemListElement":[{"@type":"ListItem","position":1,"name":"Home","item":"https:\/\/www.expotradegroup.com\/fr\/tentes-pliantes-table-pliantes-sacs-de-feves\/"},{"@type":"ListItem","position":2,"name":"Priv\u00e9\u00a0: magasin en ligne","item":"https:\/\/www.expotradegroup.com\/fr\/?page_id=17469"},{"@type":"ListItem","position":3,"name":"Tente pliante expotent soleil \/ banni\u00e8re logo"}]},{"@type":"WebSite","@id":"https:\/\/www.expotradegroup.com\/fr\/#website","url":"https:\/\/www.expotradegroup.com\/fr\/","name":"Expotrade","description":"Faltzelte, Falttische, Sitzs\u00e4cke und mobile ideas","potentialAction":[{"@type":"SearchAction","target":{"@type":"EntryPoint","urlTemplate":"https:\/\/www.expotradegroup.com\/fr\/?s={search_term_string}"},"query-input":"required name=search_term_string"}],"inLanguage":"fr-FR"}]}},"_links":{"self":[{"href":"https:\/\/www.expotradegroup.com\/fr\/wp-json\/wp\/v2\/product\/30472"}],"collection":[{"href":"https:\/\/www.expotradegroup.com\/fr\/wp-json\/wp\/v2\/product"}],"about":[{"href":"https:\/\/www.expotradegroup.com\/fr\/wp-json\/wp\/v2\/types\/product"}],"replies":[{"embeddable":true,"href":"https:\/\/www.expotradegroup.com\/fr\/wp-json\/wp\/v2\/comments?post=30472"}],"wp:featuredmedia":[{"embeddable":true,"href":"https:\/\/www.expotradegroup.com\/fr\/wp-json\/wp\/v2\/media\/24950"}],"wp:attachment":[{"href":"https:\/\/www.expotradegroup.com\/fr\/wp-json\/wp\/v2\/media?parent=30472"}],"wp:term":[{"taxonomy":"product_cat","embeddable":true,"href":"https:\/\/www.expotradegroup.com\/fr\/wp-json\/wp\/v2\/product_cat?post=30472"},{"taxonomy":"product_tag","embeddable":true,"href":"https:\/\/www.expotradegroup.com\/fr\/wp-json\/wp\/v2\/product_tag?post=30472"}],"curies":[{"name":"wp","href":"https:\/\/api.w.org\/{rel}","templated":true}]}}