{"id":30796,"date":"2020-05-14T12:32:14","date_gmt":"2020-05-14T10:32:14","guid":{"rendered":"https:\/\/www.expotradegroup.com\/produkt\/banniere-de-logo-expotent-tente-pliante\/"},"modified":"2020-10-20T16:08:58","modified_gmt":"2020-10-20T14:08:58","slug":"banniere-de-logo-expotent-tente-pliante","status":"publish","type":"product","link":"https:\/\/www.expotradegroup.com\/fr\/produit\/banniere-de-logo-expotent-tente-pliante\/","title":{"rendered":"Banni\u00e8re de logo expotent tente pliante"},"content":{"rendered":"<div class=\"text-wrap tlid-copy-target\">\n<div class=\"result-shield-container tlid-copy-target\" tabindex=\"0\"><span class=\"tlid-translation translation\" lang=\"fr\"><span class=\"\" title=\"\">Les banni\u00e8res avec logo Expotent peuvent \u00eatre utilis\u00e9es en particulier avec les cadres de tente pliante Premium et Professional.<\/span> <span title=\"\">La hauteur de passage de ces cadres est d\u00e9j\u00e0 r\u00e9glable jusqu&rsquo;\u00e0 230 cm ou 250 cm selon la taille et convient donc pour la fixation de banni\u00e8res de logo, qui sont disponibles avec 30 cm ou 50 cm de hauteur et, si vous le souhaitez, l&rsquo;impression pleine surface.<\/span><\/p>\n<p><span title=\"\">Malgr\u00e9 l&rsquo;utilisation de la banni\u00e8re du logo, il reste une hauteur de d\u00e9gagement de 200 cm et n&rsquo;affecte donc pas l&rsquo;utilisation de la tente.<\/span> <span title=\"\">Vous pouvez ensuite facilement attacher la paroi lat\u00e9rale expotente \u00e0 cette banni\u00e8re logo avec du velcro et vous avez ferm\u00e9 la tente malgr\u00e9 la banni\u00e8re logo.<\/span><\/span><\/div>\n<\/div>\n<div class=\"tlid-result-transliteration-container result-transliteration-container transliteration-container\">\n<div class=\"tlid-transliteration-content transliteration-content full\"><\/div>\n<\/div>\n","protected":false},"excerpt":{"rendered":"<p>Les banni\u00e8res avec logo Expotent peuvent \u00eatre utilis\u00e9es en particulier avec les cadres de tente pliante Premium et Professional. La hauteur de passage de ces cadres est d\u00e9j\u00e0 r\u00e9glable jusqu&rsquo;\u00e0 230 cm ou 250 cm selon la taille et convient donc pour la fixation de banni\u00e8res de logo, qui sont disponibles avec 30 cm ou [&hellip;]<\/p>\n","protected":false},"featured_media":25015,"comment_status":"closed","ping_status":"closed","template":"","meta":[],"product_cat":[214],"product_tag":[],"class_list":{"0":"post-30796","1":"product","2":"type-product","3":"status-publish","4":"has-post-thumbnail","6":"product_cat-expotent-accessoires","8":"first","9":"instock","10":"taxable","11":"shipping-taxable","12":"purchasable","13":"product-type-variable"},"yoast_head":"<!-- This site is optimized with the Yoast SEO plugin v23.2 - https:\/\/yoast.com\/wordpress\/plugins\/seo\/ -->\n<title>Banni\u00e8re avec logo de tente pliante - sp\u00e9cialement pour les tentes premium et professionnelles<\/title>\n<meta name=\"description\" content=\"Les banni\u00e8res de logo expotent de tente pliante sont particuli\u00e8rement adapt\u00e9es aux cadres de tente pliante Premium et Professional et sont parfaites pour les logos et les sponsors, etc.\" \/>\n<meta name=\"robots\" content=\"index, follow, max-snippet:-1, max-image-preview:large, max-video-preview:-1\" \/>\n<link rel=\"canonical\" href=\"https:\/\/www.expotradegroup.com\/fr\/produit\/banniere-de-logo-expotent-tente-pliante\/\" \/>\n<meta property=\"og:locale\" content=\"fr_FR\" \/>\n<meta property=\"og:type\" content=\"article\" \/>\n<meta property=\"og:title\" content=\"Banni\u00e8re avec logo de tente pliante - sp\u00e9cialement pour les tentes premium et professionnelles\" \/>\n<meta property=\"og:description\" content=\"Les banni\u00e8res de logo expotent de tente pliante sont particuli\u00e8rement adapt\u00e9es aux cadres de tente pliante Premium et Professional et sont parfaites pour les logos et les sponsors, etc.\" \/>\n<meta property=\"og:url\" content=\"https:\/\/www.expotradegroup.com\/fr\/produit\/banniere-de-logo-expotent-tente-pliante\/\" \/>\n<meta property=\"og:site_name\" content=\"Expotrade\" \/>\n<meta property=\"article:publisher\" content=\"https:\/\/www.facebook.com\/Expotrade-Group-Gmbh-Head-Office-501830963237226\/timeline\/\" \/>\n<meta property=\"article:modified_time\" content=\"2020-10-20T14:08:58+00:00\" \/>\n<meta property=\"og:image\" content=\"https:\/\/www.expotradegroup.com\/wp-content\/uploads\/2020\/06\/expotent_Logobanner-1.gif\" \/>\n\t<meta property=\"og:image:width\" content=\"266\" \/>\n\t<meta property=\"og:image:height\" content=\"196\" \/>\n\t<meta property=\"og:image:type\" content=\"image\/gif\" \/>\n<meta name=\"twitter:card\" content=\"summary_large_image\" \/>\n<meta name=\"twitter:site\" content=\"@Expotrade_Group\" \/>\n<meta name=\"twitter:label1\" content=\"Dur\u00e9e de lecture estim\u00e9e\" \/>\n\t<meta name=\"twitter:data1\" content=\"1 minute\" \/>\n<script type=\"application\/ld+json\" class=\"yoast-schema-graph\">{\"@context\":\"https:\/\/schema.org\",\"@graph\":[{\"@type\":\"WebPage\",\"@id\":\"https:\/\/www.expotradegroup.com\/fr\/produit\/banniere-de-logo-expotent-tente-pliante\/\",\"url\":\"https:\/\/www.expotradegroup.com\/fr\/produit\/banniere-de-logo-expotent-tente-pliante\/\",\"name\":\"Banni\u00e8re avec logo de tente pliante - sp\u00e9cialement pour les tentes premium et professionnelles\",\"isPartOf\":{\"@id\":\"https:\/\/www.expotradegroup.com\/fr\/#website\"},\"primaryImageOfPage\":{\"@id\":\"https:\/\/www.expotradegroup.com\/fr\/produit\/banniere-de-logo-expotent-tente-pliante\/#primaryimage\"},\"image\":{\"@id\":\"https:\/\/www.expotradegroup.com\/fr\/produit\/banniere-de-logo-expotent-tente-pliante\/#primaryimage\"},\"thumbnailUrl\":\"https:\/\/www.expotradegroup.com\/wp-content\/uploads\/2020\/06\/expotent_Logobanner-1.gif\",\"datePublished\":\"2020-05-14T10:32:14+00:00\",\"dateModified\":\"2020-10-20T14:08:58+00:00\",\"description\":\"Les banni\u00e8res de logo expotent de tente pliante sont particuli\u00e8rement adapt\u00e9es aux cadres de tente pliante Premium et Professional et sont parfaites pour les logos et les sponsors, etc.\",\"breadcrumb\":{\"@id\":\"https:\/\/www.expotradegroup.com\/fr\/produit\/banniere-de-logo-expotent-tente-pliante\/#breadcrumb\"},\"inLanguage\":\"fr-FR\",\"potentialAction\":[{\"@type\":\"ReadAction\",\"target\":[\"https:\/\/www.expotradegroup.com\/fr\/produit\/banniere-de-logo-expotent-tente-pliante\/\"]}]},{\"@type\":\"ImageObject\",\"inLanguage\":\"fr-FR\",\"@id\":\"https:\/\/www.expotradegroup.com\/fr\/produit\/banniere-de-logo-expotent-tente-pliante\/#primaryimage\",\"url\":\"https:\/\/www.expotradegroup.com\/wp-content\/uploads\/2020\/06\/expotent_Logobanner-1.gif\",\"contentUrl\":\"https:\/\/www.expotradegroup.com\/wp-content\/uploads\/2020\/06\/expotent_Logobanner-1.gif\",\"width\":266,\"height\":196,\"caption\":\"banni\u00e8re de logo de tente pliante expotente\"},{\"@type\":\"BreadcrumbList\",\"@id\":\"https:\/\/www.expotradegroup.com\/fr\/produit\/banniere-de-logo-expotent-tente-pliante\/#breadcrumb\",\"itemListElement\":[{\"@type\":\"ListItem\",\"position\":1,\"name\":\"Home\",\"item\":\"https:\/\/www.expotradegroup.com\/fr\/tentes-pliantes-table-pliantes-sacs-de-feves\/\"},{\"@type\":\"ListItem\",\"position\":2,\"name\":\"Priv\u00e9\u00a0: magasin en ligne\",\"item\":\"https:\/\/www.expotradegroup.com\/fr\/?page_id=17469\"},{\"@type\":\"ListItem\",\"position\":3,\"name\":\"Banni\u00e8re de logo expotent tente pliante\"}]},{\"@type\":\"WebSite\",\"@id\":\"https:\/\/www.expotradegroup.com\/fr\/#website\",\"url\":\"https:\/\/www.expotradegroup.com\/fr\/\",\"name\":\"Expotrade\",\"description\":\"Faltzelte, Falttische, Sitzs\u00e4cke und mobile ideas\",\"potentialAction\":[{\"@type\":\"SearchAction\",\"target\":{\"@type\":\"EntryPoint\",\"urlTemplate\":\"https:\/\/www.expotradegroup.com\/fr\/?s={search_term_string}\"},\"query-input\":\"required name=search_term_string\"}],\"inLanguage\":\"fr-FR\"}]}<\/script>\n<!-- \/ Yoast SEO plugin. -->","yoast_head_json":{"title":"Banni\u00e8re avec logo de tente pliante - sp\u00e9cialement pour les tentes premium et professionnelles","description":"Les banni\u00e8res de logo expotent de tente pliante sont particuli\u00e8rement adapt\u00e9es aux cadres de tente pliante Premium et Professional et sont parfaites pour les logos et les sponsors, etc.","robots":{"index":"index","follow":"follow","max-snippet":"max-snippet:-1","max-image-preview":"max-image-preview:large","max-video-preview":"max-video-preview:-1"},"canonical":"https:\/\/www.expotradegroup.com\/fr\/produit\/banniere-de-logo-expotent-tente-pliante\/","og_locale":"fr_FR","og_type":"article","og_title":"Banni\u00e8re avec logo de tente pliante - sp\u00e9cialement pour les tentes premium et professionnelles","og_description":"Les banni\u00e8res de logo expotent de tente pliante sont particuli\u00e8rement adapt\u00e9es aux cadres de tente pliante Premium et Professional et sont parfaites pour les logos et les sponsors, etc.","og_url":"https:\/\/www.expotradegroup.com\/fr\/produit\/banniere-de-logo-expotent-tente-pliante\/","og_site_name":"Expotrade","article_publisher":"https:\/\/www.facebook.com\/Expotrade-Group-Gmbh-Head-Office-501830963237226\/timeline\/","article_modified_time":"2020-10-20T14:08:58+00:00","og_image":[{"width":266,"height":196,"url":"https:\/\/www.expotradegroup.com\/wp-content\/uploads\/2020\/06\/expotent_Logobanner-1.gif","type":"image\/gif"}],"twitter_card":"summary_large_image","twitter_site":"@Expotrade_Group","twitter_misc":{"Dur\u00e9e de lecture estim\u00e9e":"1 minute"},"schema":{"@context":"https:\/\/schema.org","@graph":[{"@type":"WebPage","@id":"https:\/\/www.expotradegroup.com\/fr\/produit\/banniere-de-logo-expotent-tente-pliante\/","url":"https:\/\/www.expotradegroup.com\/fr\/produit\/banniere-de-logo-expotent-tente-pliante\/","name":"Banni\u00e8re avec logo de tente pliante - sp\u00e9cialement pour les tentes premium et professionnelles","isPartOf":{"@id":"https:\/\/www.expotradegroup.com\/fr\/#website"},"primaryImageOfPage":{"@id":"https:\/\/www.expotradegroup.com\/fr\/produit\/banniere-de-logo-expotent-tente-pliante\/#primaryimage"},"image":{"@id":"https:\/\/www.expotradegroup.com\/fr\/produit\/banniere-de-logo-expotent-tente-pliante\/#primaryimage"},"thumbnailUrl":"https:\/\/www.expotradegroup.com\/wp-content\/uploads\/2020\/06\/expotent_Logobanner-1.gif","datePublished":"2020-05-14T10:32:14+00:00","dateModified":"2020-10-20T14:08:58+00:00","description":"Les banni\u00e8res de logo expotent de tente pliante sont particuli\u00e8rement adapt\u00e9es aux cadres de tente pliante Premium et Professional et sont parfaites pour les logos et les sponsors, etc.","breadcrumb":{"@id":"https:\/\/www.expotradegroup.com\/fr\/produit\/banniere-de-logo-expotent-tente-pliante\/#breadcrumb"},"inLanguage":"fr-FR","potentialAction":[{"@type":"ReadAction","target":["https:\/\/www.expotradegroup.com\/fr\/produit\/banniere-de-logo-expotent-tente-pliante\/"]}]},{"@type":"ImageObject","inLanguage":"fr-FR","@id":"https:\/\/www.expotradegroup.com\/fr\/produit\/banniere-de-logo-expotent-tente-pliante\/#primaryimage","url":"https:\/\/www.expotradegroup.com\/wp-content\/uploads\/2020\/06\/expotent_Logobanner-1.gif","contentUrl":"https:\/\/www.expotradegroup.com\/wp-content\/uploads\/2020\/06\/expotent_Logobanner-1.gif","width":266,"height":196,"caption":"banni\u00e8re de logo de tente pliante expotente"},{"@type":"BreadcrumbList","@id":"https:\/\/www.expotradegroup.com\/fr\/produit\/banniere-de-logo-expotent-tente-pliante\/#breadcrumb","itemListElement":[{"@type":"ListItem","position":1,"name":"Home","item":"https:\/\/www.expotradegroup.com\/fr\/tentes-pliantes-table-pliantes-sacs-de-feves\/"},{"@type":"ListItem","position":2,"name":"Priv\u00e9\u00a0: magasin en ligne","item":"https:\/\/www.expotradegroup.com\/fr\/?page_id=17469"},{"@type":"ListItem","position":3,"name":"Banni\u00e8re de logo expotent tente pliante"}]},{"@type":"WebSite","@id":"https:\/\/www.expotradegroup.com\/fr\/#website","url":"https:\/\/www.expotradegroup.com\/fr\/","name":"Expotrade","description":"Faltzelte, Falttische, Sitzs\u00e4cke und mobile ideas","potentialAction":[{"@type":"SearchAction","target":{"@type":"EntryPoint","urlTemplate":"https:\/\/www.expotradegroup.com\/fr\/?s={search_term_string}"},"query-input":"required name=search_term_string"}],"inLanguage":"fr-FR"}]}},"_links":{"self":[{"href":"https:\/\/www.expotradegroup.com\/fr\/wp-json\/wp\/v2\/product\/30796"}],"collection":[{"href":"https:\/\/www.expotradegroup.com\/fr\/wp-json\/wp\/v2\/product"}],"about":[{"href":"https:\/\/www.expotradegroup.com\/fr\/wp-json\/wp\/v2\/types\/product"}],"replies":[{"embeddable":true,"href":"https:\/\/www.expotradegroup.com\/fr\/wp-json\/wp\/v2\/comments?post=30796"}],"wp:featuredmedia":[{"embeddable":true,"href":"https:\/\/www.expotradegroup.com\/fr\/wp-json\/wp\/v2\/media\/25015"}],"wp:attachment":[{"href":"https:\/\/www.expotradegroup.com\/fr\/wp-json\/wp\/v2\/media?parent=30796"}],"wp:term":[{"taxonomy":"product_cat","embeddable":true,"href":"https:\/\/www.expotradegroup.com\/fr\/wp-json\/wp\/v2\/product_cat?post=30796"},{"taxonomy":"product_tag","embeddable":true,"href":"https:\/\/www.expotradegroup.com\/fr\/wp-json\/wp\/v2\/product_tag?post=30796"}],"curies":[{"name":"wp","href":"https:\/\/api.w.org\/{rel}","templated":true}]}}