{"id":31384,"date":"2016-08-25T14:59:54","date_gmt":"2016-08-25T12:59:54","guid":{"rendered":"https:\/\/www.expotradegroup.com\/produkt\/expoair-autres-accessoires\/"},"modified":"2016-08-25T14:59:54","modified_gmt":"2016-08-25T12:59:54","slug":"expoair-autres-accessoires","status":"publish","type":"product","link":"https:\/\/www.expotradegroup.com\/fr\/produit\/expoair-autres-accessoires\/","title":{"rendered":"expoair autres accessoires"},"content":{"rendered":"<p><span class=\"tlid-translation translation\" lang=\"fr\"><span class=\"\" title=\"\">expoair autres accessoires<\/span><\/span><\/p>\n","protected":false},"excerpt":{"rendered":"<div class=\"text-wrap tlid-copy-target\">\n<div class=\"result-shield-container tlid-copy-target\" tabindex=\"0\"><span class=\"tlid-translation translation\" lang=\"fr\"><span class=\"\" title=\"\">Les accessoires divers d&rsquo;Expoair comprennent des pompes pour gonfler l&rsquo;Airdome expoair.<\/span><\/p>\n<p><span title=\"\">Lors de l&rsquo;achat d&rsquo;un expoair Airdome, une pompe \u00e0 main est incluse, la pompe \u00e9lectrique et \/ ou la pompe \u00e0 batterie peuvent \u00eatre achet\u00e9es en plus.<\/span><\/p>\n<p><span title=\"\">Les performances de la pompe \u00e0 batterie peuvent ne pas \u00eatre suffisantes pour un Airdome de 6 x 6 m, alors emportez toujours la pompe \u00e0 main avec vous.<\/span><\/span><\/div>\n<\/div>\n<div class=\"tlid-result-transliteration-container result-transliteration-container transliteration-container\">\n<div class=\"tlid-transliteration-content transliteration-content full\"><\/div>\n<\/div>\n<div class=\"result-footer source-or-target-footer tlid-copy-target\"><\/div>\n","protected":false},"featured_media":20505,"comment_status":"closed","ping_status":"closed","template":"","meta":[],"product_cat":[248],"product_tag":[],"class_list":{"0":"post-31384","1":"product","2":"type-product","3":"status-publish","4":"has-post-thumbnail","6":"product_cat-expoair-gonflable-accessoires","8":"first","9":"instock","10":"taxable","11":"shipping-taxable","12":"purchasable","13":"product-type-variable"},"yoast_head":"<!-- This site is optimized with the Yoast SEO plugin v23.2 - https:\/\/yoast.com\/wordpress\/plugins\/seo\/ -->\n<title>expoair autres accessoires - pompes pour gonfler le expoair Airdome<\/title>\n<meta name=\"description\" content=\"Utilisez d&#039;autres accessoires expoair pour gonfler votre tente expoair air. Vous pouvez gonfler votre gonflable avec une pompe manuelle, \u00e9lectrique ou \u00e0 batterie.\" \/>\n<meta name=\"robots\" content=\"index, follow, max-snippet:-1, max-image-preview:large, max-video-preview:-1\" \/>\n<link rel=\"canonical\" href=\"https:\/\/www.expotradegroup.com\/fr\/produit\/expoair-autres-accessoires\/\" \/>\n<meta property=\"og:locale\" content=\"fr_FR\" \/>\n<meta property=\"og:type\" content=\"article\" \/>\n<meta property=\"og:title\" content=\"expoair autres accessoires - pompes pour gonfler le expoair Airdome\" \/>\n<meta property=\"og:description\" content=\"Utilisez d&#039;autres accessoires expoair pour gonfler votre tente expoair air. Vous pouvez gonfler votre gonflable avec une pompe manuelle, \u00e9lectrique ou \u00e0 batterie.\" \/>\n<meta property=\"og:url\" content=\"https:\/\/www.expotradegroup.com\/fr\/produit\/expoair-autres-accessoires\/\" \/>\n<meta property=\"og:site_name\" content=\"Expotrade\" \/>\n<meta property=\"article:publisher\" content=\"https:\/\/www.facebook.com\/Expotrade-Group-Gmbh-Head-Office-501830963237226\/timeline\/\" \/>\n<meta property=\"og:image\" content=\"https:\/\/www.expotradegroup.com\/wp-content\/uploads\/2016\/08\/expoair-sonstiges-Zubeh\u00f6r.png\" \/>\n\t<meta property=\"og:image:width\" content=\"368\" \/>\n\t<meta property=\"og:image:height\" content=\"345\" \/>\n\t<meta property=\"og:image:type\" content=\"image\/png\" \/>\n<meta name=\"twitter:card\" content=\"summary_large_image\" \/>\n<meta name=\"twitter:site\" content=\"@Expotrade_Group\" \/>\n<script type=\"application\/ld+json\" class=\"yoast-schema-graph\">{\"@context\":\"https:\/\/schema.org\",\"@graph\":[{\"@type\":\"WebPage\",\"@id\":\"https:\/\/www.expotradegroup.com\/fr\/produit\/expoair-autres-accessoires\/\",\"url\":\"https:\/\/www.expotradegroup.com\/fr\/produit\/expoair-autres-accessoires\/\",\"name\":\"expoair autres accessoires - pompes pour gonfler le expoair Airdome\",\"isPartOf\":{\"@id\":\"https:\/\/www.expotradegroup.com\/fr\/#website\"},\"primaryImageOfPage\":{\"@id\":\"https:\/\/www.expotradegroup.com\/fr\/produit\/expoair-autres-accessoires\/#primaryimage\"},\"image\":{\"@id\":\"https:\/\/www.expotradegroup.com\/fr\/produit\/expoair-autres-accessoires\/#primaryimage\"},\"thumbnailUrl\":\"https:\/\/www.expotradegroup.com\/wp-content\/uploads\/2016\/08\/expoair-sonstiges-Zubeh\u00f6r.png\",\"datePublished\":\"2016-08-25T12:59:54+00:00\",\"dateModified\":\"2016-08-25T12:59:54+00:00\",\"description\":\"Utilisez d'autres accessoires expoair pour gonfler votre tente expoair air. Vous pouvez gonfler votre gonflable avec une pompe manuelle, \u00e9lectrique ou \u00e0 batterie.\",\"breadcrumb\":{\"@id\":\"https:\/\/www.expotradegroup.com\/fr\/produit\/expoair-autres-accessoires\/#breadcrumb\"},\"inLanguage\":\"fr-FR\",\"potentialAction\":[{\"@type\":\"ReadAction\",\"target\":[\"https:\/\/www.expotradegroup.com\/fr\/produit\/expoair-autres-accessoires\/\"]}]},{\"@type\":\"ImageObject\",\"inLanguage\":\"fr-FR\",\"@id\":\"https:\/\/www.expotradegroup.com\/fr\/produit\/expoair-autres-accessoires\/#primaryimage\",\"url\":\"https:\/\/www.expotradegroup.com\/wp-content\/uploads\/2016\/08\/expoair-sonstiges-Zubeh\u00f6r.png\",\"contentUrl\":\"https:\/\/www.expotradegroup.com\/wp-content\/uploads\/2016\/08\/expoair-sonstiges-Zubeh\u00f6r.png\",\"width\":368,\"height\":345,\"caption\":\"expoair autres accessoires\"},{\"@type\":\"BreadcrumbList\",\"@id\":\"https:\/\/www.expotradegroup.com\/fr\/produit\/expoair-autres-accessoires\/#breadcrumb\",\"itemListElement\":[{\"@type\":\"ListItem\",\"position\":1,\"name\":\"Home\",\"item\":\"https:\/\/www.expotradegroup.com\/fr\/tentes-pliantes-table-pliantes-sacs-de-feves\/\"},{\"@type\":\"ListItem\",\"position\":2,\"name\":\"Priv\u00e9\u00a0: magasin en ligne\",\"item\":\"https:\/\/www.expotradegroup.com\/fr\/?page_id=17469\"},{\"@type\":\"ListItem\",\"position\":3,\"name\":\"expoair autres accessoires\"}]},{\"@type\":\"WebSite\",\"@id\":\"https:\/\/www.expotradegroup.com\/fr\/#website\",\"url\":\"https:\/\/www.expotradegroup.com\/fr\/\",\"name\":\"Expotrade\",\"description\":\"Faltzelte, Falttische, Sitzs\u00e4cke und mobile ideas\",\"potentialAction\":[{\"@type\":\"SearchAction\",\"target\":{\"@type\":\"EntryPoint\",\"urlTemplate\":\"https:\/\/www.expotradegroup.com\/fr\/?s={search_term_string}\"},\"query-input\":\"required name=search_term_string\"}],\"inLanguage\":\"fr-FR\"}]}<\/script>\n<!-- \/ Yoast SEO plugin. -->","yoast_head_json":{"title":"expoair autres accessoires - pompes pour gonfler le expoair Airdome","description":"Utilisez d'autres accessoires expoair pour gonfler votre tente expoair air. Vous pouvez gonfler votre gonflable avec une pompe manuelle, \u00e9lectrique ou \u00e0 batterie.","robots":{"index":"index","follow":"follow","max-snippet":"max-snippet:-1","max-image-preview":"max-image-preview:large","max-video-preview":"max-video-preview:-1"},"canonical":"https:\/\/www.expotradegroup.com\/fr\/produit\/expoair-autres-accessoires\/","og_locale":"fr_FR","og_type":"article","og_title":"expoair autres accessoires - pompes pour gonfler le expoair Airdome","og_description":"Utilisez d'autres accessoires expoair pour gonfler votre tente expoair air. Vous pouvez gonfler votre gonflable avec une pompe manuelle, \u00e9lectrique ou \u00e0 batterie.","og_url":"https:\/\/www.expotradegroup.com\/fr\/produit\/expoair-autres-accessoires\/","og_site_name":"Expotrade","article_publisher":"https:\/\/www.facebook.com\/Expotrade-Group-Gmbh-Head-Office-501830963237226\/timeline\/","og_image":[{"width":368,"height":345,"url":"https:\/\/www.expotradegroup.com\/wp-content\/uploads\/2016\/08\/expoair-sonstiges-Zubeh\u00f6r.png","type":"image\/png"}],"twitter_card":"summary_large_image","twitter_site":"@Expotrade_Group","schema":{"@context":"https:\/\/schema.org","@graph":[{"@type":"WebPage","@id":"https:\/\/www.expotradegroup.com\/fr\/produit\/expoair-autres-accessoires\/","url":"https:\/\/www.expotradegroup.com\/fr\/produit\/expoair-autres-accessoires\/","name":"expoair autres accessoires - pompes pour gonfler le expoair Airdome","isPartOf":{"@id":"https:\/\/www.expotradegroup.com\/fr\/#website"},"primaryImageOfPage":{"@id":"https:\/\/www.expotradegroup.com\/fr\/produit\/expoair-autres-accessoires\/#primaryimage"},"image":{"@id":"https:\/\/www.expotradegroup.com\/fr\/produit\/expoair-autres-accessoires\/#primaryimage"},"thumbnailUrl":"https:\/\/www.expotradegroup.com\/wp-content\/uploads\/2016\/08\/expoair-sonstiges-Zubeh\u00f6r.png","datePublished":"2016-08-25T12:59:54+00:00","dateModified":"2016-08-25T12:59:54+00:00","description":"Utilisez d'autres accessoires expoair pour gonfler votre tente expoair air. Vous pouvez gonfler votre gonflable avec une pompe manuelle, \u00e9lectrique ou \u00e0 batterie.","breadcrumb":{"@id":"https:\/\/www.expotradegroup.com\/fr\/produit\/expoair-autres-accessoires\/#breadcrumb"},"inLanguage":"fr-FR","potentialAction":[{"@type":"ReadAction","target":["https:\/\/www.expotradegroup.com\/fr\/produit\/expoair-autres-accessoires\/"]}]},{"@type":"ImageObject","inLanguage":"fr-FR","@id":"https:\/\/www.expotradegroup.com\/fr\/produit\/expoair-autres-accessoires\/#primaryimage","url":"https:\/\/www.expotradegroup.com\/wp-content\/uploads\/2016\/08\/expoair-sonstiges-Zubeh\u00f6r.png","contentUrl":"https:\/\/www.expotradegroup.com\/wp-content\/uploads\/2016\/08\/expoair-sonstiges-Zubeh\u00f6r.png","width":368,"height":345,"caption":"expoair autres accessoires"},{"@type":"BreadcrumbList","@id":"https:\/\/www.expotradegroup.com\/fr\/produit\/expoair-autres-accessoires\/#breadcrumb","itemListElement":[{"@type":"ListItem","position":1,"name":"Home","item":"https:\/\/www.expotradegroup.com\/fr\/tentes-pliantes-table-pliantes-sacs-de-feves\/"},{"@type":"ListItem","position":2,"name":"Priv\u00e9\u00a0: magasin en ligne","item":"https:\/\/www.expotradegroup.com\/fr\/?page_id=17469"},{"@type":"ListItem","position":3,"name":"expoair autres accessoires"}]},{"@type":"WebSite","@id":"https:\/\/www.expotradegroup.com\/fr\/#website","url":"https:\/\/www.expotradegroup.com\/fr\/","name":"Expotrade","description":"Faltzelte, Falttische, Sitzs\u00e4cke und mobile ideas","potentialAction":[{"@type":"SearchAction","target":{"@type":"EntryPoint","urlTemplate":"https:\/\/www.expotradegroup.com\/fr\/?s={search_term_string}"},"query-input":"required name=search_term_string"}],"inLanguage":"fr-FR"}]}},"_links":{"self":[{"href":"https:\/\/www.expotradegroup.com\/fr\/wp-json\/wp\/v2\/product\/31384"}],"collection":[{"href":"https:\/\/www.expotradegroup.com\/fr\/wp-json\/wp\/v2\/product"}],"about":[{"href":"https:\/\/www.expotradegroup.com\/fr\/wp-json\/wp\/v2\/types\/product"}],"replies":[{"embeddable":true,"href":"https:\/\/www.expotradegroup.com\/fr\/wp-json\/wp\/v2\/comments?post=31384"}],"wp:featuredmedia":[{"embeddable":true,"href":"https:\/\/www.expotradegroup.com\/fr\/wp-json\/wp\/v2\/media\/20505"}],"wp:attachment":[{"href":"https:\/\/www.expotradegroup.com\/fr\/wp-json\/wp\/v2\/media?parent=31384"}],"wp:term":[{"taxonomy":"product_cat","embeddable":true,"href":"https:\/\/www.expotradegroup.com\/fr\/wp-json\/wp\/v2\/product_cat?post=31384"},{"taxonomy":"product_tag","embeddable":true,"href":"https:\/\/www.expotradegroup.com\/fr\/wp-json\/wp\/v2\/product_tag?post=31384"}],"curies":[{"name":"wp","href":"https:\/\/api.w.org\/{rel}","templated":true}]}}