{"id":31448,"date":"2016-08-25T10:41:41","date_gmt":"2016-08-25T08:41:41","guid":{"rendered":"https:\/\/www.expotradegroup.com\/produkt\/feuille-dextension-expoair\/"},"modified":"2016-08-25T10:41:41","modified_gmt":"2016-08-25T08:41:41","slug":"feuille-dextension-expoair","status":"publish","type":"product","link":"https:\/\/www.expotradegroup.com\/fr\/produit\/feuille-dextension-expoair\/","title":{"rendered":"feuille d&rsquo;extension expoair"},"content":{"rendered":"<p><span class=\"tlid-translation translation\" lang=\"fr\"><span class=\"\" title=\"\">feuille d&rsquo;extension expoair<\/span><\/span><\/p>\n","protected":false},"excerpt":{"rendered":"<p><span class=\"tlid-translation translation\" lang=\"fr\"><span class=\"\" title=\"\">L&rsquo;arche d&rsquo;extension expoair augmente la surface couverte de votre tente \u00e0 air.<\/span><\/p>\n<p><span title=\"\">La feuille peut \u00eatre imprim\u00e9e individuellement sur toute sa surface, ce qui en fait un support publicitaire encore plus efficace.<\/span><\/p>\n<p><span title=\"\">Il est \u00e9galement possible de coupler les expoair Airdomes entre eux.<\/span> <span title=\"\">Le tunnel de connexion requis pour cela est disponible en diff\u00e9rentes tailles et diff\u00e9rentes tailles peuvent \u00e9galement \u00eatre coupl\u00e9es ensemble.<\/span> <span title=\"\">Ce produit est disponible sur demande.<\/span><\/span><\/p>\n","protected":false},"featured_media":20514,"comment_status":"open","ping_status":"closed","template":"","meta":[],"product_cat":[248],"product_tag":[],"class_list":{"0":"post-31448","1":"product","2":"type-product","3":"status-publish","4":"has-post-thumbnail","6":"product_cat-expoair-gonflable-accessoires","8":"first","9":"instock","10":"taxable","11":"shipping-taxable","12":"purchasable","13":"product-type-variable"},"yoast_head":"<!-- This site is optimized with the Yoast SEO plugin v23.2 - https:\/\/yoast.com\/wordpress\/plugins\/seo\/ -->\n<title>expoair extension arch - l&#039;extension imprimable pour votre tente d\u00f4me<\/title>\n<meta name=\"description\" content=\"La courbe d&#039;extension expoair vous permet d&#039;offrir une surface couverte encore plus grande. De plus, la feuille peut \u00eatre imprim\u00e9e individuellement sur toute la surface.\" \/>\n<meta name=\"robots\" content=\"index, follow, max-snippet:-1, max-image-preview:large, max-video-preview:-1\" \/>\n<link rel=\"canonical\" href=\"https:\/\/www.expotradegroup.com\/fr\/produit\/feuille-dextension-expoair\/\" \/>\n<meta property=\"og:locale\" content=\"fr_FR\" \/>\n<meta property=\"og:type\" content=\"article\" \/>\n<meta property=\"og:title\" content=\"expoair extension arch - l&#039;extension imprimable pour votre tente d\u00f4me\" \/>\n<meta property=\"og:description\" content=\"La courbe d&#039;extension expoair vous permet d&#039;offrir une surface couverte encore plus grande. De plus, la feuille peut \u00eatre imprim\u00e9e individuellement sur toute la surface.\" \/>\n<meta property=\"og:url\" content=\"https:\/\/www.expotradegroup.com\/fr\/produit\/feuille-dextension-expoair\/\" \/>\n<meta property=\"og:site_name\" content=\"Expotrade\" \/>\n<meta property=\"article:publisher\" content=\"https:\/\/www.facebook.com\/Expotrade-Group-Gmbh-Head-Office-501830963237226\/timeline\/\" \/>\n<meta property=\"og:image\" content=\"https:\/\/www.expotradegroup.com\/wp-content\/uploads\/2016\/08\/expoair-Anbaubogen.png\" \/>\n\t<meta property=\"og:image:width\" content=\"368\" \/>\n\t<meta property=\"og:image:height\" content=\"345\" \/>\n\t<meta property=\"og:image:type\" content=\"image\/png\" \/>\n<meta name=\"twitter:card\" content=\"summary_large_image\" \/>\n<meta name=\"twitter:site\" content=\"@Expotrade_Group\" \/>\n<script type=\"application\/ld+json\" class=\"yoast-schema-graph\">{\"@context\":\"https:\/\/schema.org\",\"@graph\":[{\"@type\":\"WebPage\",\"@id\":\"https:\/\/www.expotradegroup.com\/fr\/produit\/feuille-dextension-expoair\/\",\"url\":\"https:\/\/www.expotradegroup.com\/fr\/produit\/feuille-dextension-expoair\/\",\"name\":\"expoair extension arch - l'extension imprimable pour votre tente d\u00f4me\",\"isPartOf\":{\"@id\":\"https:\/\/www.expotradegroup.com\/fr\/#website\"},\"primaryImageOfPage\":{\"@id\":\"https:\/\/www.expotradegroup.com\/fr\/produit\/feuille-dextension-expoair\/#primaryimage\"},\"image\":{\"@id\":\"https:\/\/www.expotradegroup.com\/fr\/produit\/feuille-dextension-expoair\/#primaryimage\"},\"thumbnailUrl\":\"https:\/\/www.expotradegroup.com\/wp-content\/uploads\/2016\/08\/expoair-Anbaubogen.png\",\"datePublished\":\"2016-08-25T08:41:41+00:00\",\"dateModified\":\"2016-08-25T08:41:41+00:00\",\"description\":\"La courbe d'extension expoair vous permet d'offrir une surface couverte encore plus grande. De plus, la feuille peut \u00eatre imprim\u00e9e individuellement sur toute la surface.\",\"breadcrumb\":{\"@id\":\"https:\/\/www.expotradegroup.com\/fr\/produit\/feuille-dextension-expoair\/#breadcrumb\"},\"inLanguage\":\"fr-FR\",\"potentialAction\":[{\"@type\":\"ReadAction\",\"target\":[\"https:\/\/www.expotradegroup.com\/fr\/produit\/feuille-dextension-expoair\/\"]}]},{\"@type\":\"ImageObject\",\"inLanguage\":\"fr-FR\",\"@id\":\"https:\/\/www.expotradegroup.com\/fr\/produit\/feuille-dextension-expoair\/#primaryimage\",\"url\":\"https:\/\/www.expotradegroup.com\/wp-content\/uploads\/2016\/08\/expoair-Anbaubogen.png\",\"contentUrl\":\"https:\/\/www.expotradegroup.com\/wp-content\/uploads\/2016\/08\/expoair-Anbaubogen.png\",\"width\":368,\"height\":345,\"caption\":\"expoair gonflable visi\u00e8re\"},{\"@type\":\"BreadcrumbList\",\"@id\":\"https:\/\/www.expotradegroup.com\/fr\/produit\/feuille-dextension-expoair\/#breadcrumb\",\"itemListElement\":[{\"@type\":\"ListItem\",\"position\":1,\"name\":\"Home\",\"item\":\"https:\/\/www.expotradegroup.com\/fr\/tentes-pliantes-table-pliantes-sacs-de-feves\/\"},{\"@type\":\"ListItem\",\"position\":2,\"name\":\"Priv\u00e9\u00a0: magasin en ligne\",\"item\":\"https:\/\/www.expotradegroup.com\/fr\/?page_id=17469\"},{\"@type\":\"ListItem\",\"position\":3,\"name\":\"feuille d&rsquo;extension expoair\"}]},{\"@type\":\"WebSite\",\"@id\":\"https:\/\/www.expotradegroup.com\/fr\/#website\",\"url\":\"https:\/\/www.expotradegroup.com\/fr\/\",\"name\":\"Expotrade\",\"description\":\"Faltzelte, Falttische, Sitzs\u00e4cke und mobile ideas\",\"potentialAction\":[{\"@type\":\"SearchAction\",\"target\":{\"@type\":\"EntryPoint\",\"urlTemplate\":\"https:\/\/www.expotradegroup.com\/fr\/?s={search_term_string}\"},\"query-input\":\"required name=search_term_string\"}],\"inLanguage\":\"fr-FR\"}]}<\/script>\n<!-- \/ Yoast SEO plugin. -->","yoast_head_json":{"title":"expoair extension arch - l'extension imprimable pour votre tente d\u00f4me","description":"La courbe d'extension expoair vous permet d'offrir une surface couverte encore plus grande. De plus, la feuille peut \u00eatre imprim\u00e9e individuellement sur toute la surface.","robots":{"index":"index","follow":"follow","max-snippet":"max-snippet:-1","max-image-preview":"max-image-preview:large","max-video-preview":"max-video-preview:-1"},"canonical":"https:\/\/www.expotradegroup.com\/fr\/produit\/feuille-dextension-expoair\/","og_locale":"fr_FR","og_type":"article","og_title":"expoair extension arch - l'extension imprimable pour votre tente d\u00f4me","og_description":"La courbe d'extension expoair vous permet d'offrir une surface couverte encore plus grande. De plus, la feuille peut \u00eatre imprim\u00e9e individuellement sur toute la surface.","og_url":"https:\/\/www.expotradegroup.com\/fr\/produit\/feuille-dextension-expoair\/","og_site_name":"Expotrade","article_publisher":"https:\/\/www.facebook.com\/Expotrade-Group-Gmbh-Head-Office-501830963237226\/timeline\/","og_image":[{"width":368,"height":345,"url":"https:\/\/www.expotradegroup.com\/wp-content\/uploads\/2016\/08\/expoair-Anbaubogen.png","type":"image\/png"}],"twitter_card":"summary_large_image","twitter_site":"@Expotrade_Group","schema":{"@context":"https:\/\/schema.org","@graph":[{"@type":"WebPage","@id":"https:\/\/www.expotradegroup.com\/fr\/produit\/feuille-dextension-expoair\/","url":"https:\/\/www.expotradegroup.com\/fr\/produit\/feuille-dextension-expoair\/","name":"expoair extension arch - l'extension imprimable pour votre tente d\u00f4me","isPartOf":{"@id":"https:\/\/www.expotradegroup.com\/fr\/#website"},"primaryImageOfPage":{"@id":"https:\/\/www.expotradegroup.com\/fr\/produit\/feuille-dextension-expoair\/#primaryimage"},"image":{"@id":"https:\/\/www.expotradegroup.com\/fr\/produit\/feuille-dextension-expoair\/#primaryimage"},"thumbnailUrl":"https:\/\/www.expotradegroup.com\/wp-content\/uploads\/2016\/08\/expoair-Anbaubogen.png","datePublished":"2016-08-25T08:41:41+00:00","dateModified":"2016-08-25T08:41:41+00:00","description":"La courbe d'extension expoair vous permet d'offrir une surface couverte encore plus grande. De plus, la feuille peut \u00eatre imprim\u00e9e individuellement sur toute la surface.","breadcrumb":{"@id":"https:\/\/www.expotradegroup.com\/fr\/produit\/feuille-dextension-expoair\/#breadcrumb"},"inLanguage":"fr-FR","potentialAction":[{"@type":"ReadAction","target":["https:\/\/www.expotradegroup.com\/fr\/produit\/feuille-dextension-expoair\/"]}]},{"@type":"ImageObject","inLanguage":"fr-FR","@id":"https:\/\/www.expotradegroup.com\/fr\/produit\/feuille-dextension-expoair\/#primaryimage","url":"https:\/\/www.expotradegroup.com\/wp-content\/uploads\/2016\/08\/expoair-Anbaubogen.png","contentUrl":"https:\/\/www.expotradegroup.com\/wp-content\/uploads\/2016\/08\/expoair-Anbaubogen.png","width":368,"height":345,"caption":"expoair gonflable visi\u00e8re"},{"@type":"BreadcrumbList","@id":"https:\/\/www.expotradegroup.com\/fr\/produit\/feuille-dextension-expoair\/#breadcrumb","itemListElement":[{"@type":"ListItem","position":1,"name":"Home","item":"https:\/\/www.expotradegroup.com\/fr\/tentes-pliantes-table-pliantes-sacs-de-feves\/"},{"@type":"ListItem","position":2,"name":"Priv\u00e9\u00a0: magasin en ligne","item":"https:\/\/www.expotradegroup.com\/fr\/?page_id=17469"},{"@type":"ListItem","position":3,"name":"feuille d&rsquo;extension expoair"}]},{"@type":"WebSite","@id":"https:\/\/www.expotradegroup.com\/fr\/#website","url":"https:\/\/www.expotradegroup.com\/fr\/","name":"Expotrade","description":"Faltzelte, Falttische, Sitzs\u00e4cke und mobile ideas","potentialAction":[{"@type":"SearchAction","target":{"@type":"EntryPoint","urlTemplate":"https:\/\/www.expotradegroup.com\/fr\/?s={search_term_string}"},"query-input":"required name=search_term_string"}],"inLanguage":"fr-FR"}]}},"_links":{"self":[{"href":"https:\/\/www.expotradegroup.com\/fr\/wp-json\/wp\/v2\/product\/31448"}],"collection":[{"href":"https:\/\/www.expotradegroup.com\/fr\/wp-json\/wp\/v2\/product"}],"about":[{"href":"https:\/\/www.expotradegroup.com\/fr\/wp-json\/wp\/v2\/types\/product"}],"replies":[{"embeddable":true,"href":"https:\/\/www.expotradegroup.com\/fr\/wp-json\/wp\/v2\/comments?post=31448"}],"wp:featuredmedia":[{"embeddable":true,"href":"https:\/\/www.expotradegroup.com\/fr\/wp-json\/wp\/v2\/media\/20514"}],"wp:attachment":[{"href":"https:\/\/www.expotradegroup.com\/fr\/wp-json\/wp\/v2\/media?parent=31448"}],"wp:term":[{"taxonomy":"product_cat","embeddable":true,"href":"https:\/\/www.expotradegroup.com\/fr\/wp-json\/wp\/v2\/product_cat?post=31448"},{"taxonomy":"product_tag","embeddable":true,"href":"https:\/\/www.expotradegroup.com\/fr\/wp-json\/wp\/v2\/product_tag?post=31448"}],"curies":[{"name":"wp","href":"https:\/\/api.w.org\/{rel}","templated":true}]}}