{"id":31616,"date":"2016-08-23T15:49:21","date_gmt":"2016-08-23T13:49:21","guid":{"rendered":"https:\/\/www.expotradegroup.com\/produkt\/sol-expotent-tente-pliante\/"},"modified":"2016-08-23T15:49:21","modified_gmt":"2016-08-23T13:49:21","slug":"sol-expotent-tente-pliante","status":"publish","type":"product","link":"https:\/\/www.expotradegroup.com\/fr\/produit\/sol-expotent-tente-pliante\/","title":{"rendered":"Sol expotent tente pliante"},"content":{"rendered":"<p><span class=\"tlid-translation translation\" lang=\"fr\"><span class=\"\" title=\"\">Sol expotent tente pliante<\/span><\/span><\/p>\n","protected":false},"excerpt":{"rendered":"<div class=\"text-wrap tlid-copy-target\">\n<div class=\"result-shield-container tlid-copy-target\" tabindex=\"0\"><span class=\"tlid-translation translation\" lang=\"fr\"><span class=\"\" title=\"\">Le sol expotent est utilis\u00e9 pour garder le sol sous la tente compl\u00e8tement sec m\u00eame lorsqu&rsquo;il pleut.<\/span><\/p>\n<p><span title=\"\">Gr\u00e2ce aux petits trous, l&rsquo;eau s&rsquo;\u00e9coule et la ventilation est garantie.<\/span><\/p>\n<p><span title=\"\">De plus, les dalles de plancher peuvent \u00eatre enfonc\u00e9es m\u00eame avec un poids lourd de plusieurs tonnes.<\/span><\/span><\/div>\n<\/div>\n<div class=\"tlid-result-transliteration-container result-transliteration-container transliteration-container\">\n<div class=\"tlid-transliteration-content transliteration-content full\"><\/div>\n<\/div>\n","protected":false},"featured_media":25106,"comment_status":"open","ping_status":"closed","template":"","meta":[],"product_cat":[214],"product_tag":[],"class_list":{"0":"post-31616","1":"product","2":"type-product","3":"status-publish","4":"has-post-thumbnail","6":"product_cat-expotent-accessoires","8":"first","9":"instock","10":"taxable","11":"shipping-taxable","12":"purchasable","13":"product-type-variable"},"yoast_head":"<!-- This site is optimized with the Yoast SEO plugin v23.2 - https:\/\/yoast.com\/wordpress\/plugins\/seo\/ -->\n<title>Sol expotent de tente pliante - une surface parfaite et propre pour la tente pliante<\/title>\n<meta name=\"description\" content=\"Le sol expotent est id\u00e9al comme protection contre la pluie lors d&#039;un \u00e9v\u00e9nement ext\u00e9rieur. Les plaques emp\u00eachent les pieds mouill\u00e9s et garantissent un \u00e9v\u00e9nement sec.\" \/>\n<meta name=\"robots\" content=\"index, follow, max-snippet:-1, max-image-preview:large, max-video-preview:-1\" \/>\n<link rel=\"canonical\" href=\"https:\/\/www.expotradegroup.com\/fr\/produit\/sol-expotent-tente-pliante\/\" \/>\n<meta property=\"og:locale\" content=\"fr_FR\" \/>\n<meta property=\"og:type\" content=\"article\" \/>\n<meta property=\"og:title\" content=\"Sol expotent de tente pliante - une surface parfaite et propre pour la tente pliante\" \/>\n<meta property=\"og:description\" content=\"Le sol expotent est id\u00e9al comme protection contre la pluie lors d&#039;un \u00e9v\u00e9nement ext\u00e9rieur. Les plaques emp\u00eachent les pieds mouill\u00e9s et garantissent un \u00e9v\u00e9nement sec.\" \/>\n<meta property=\"og:url\" content=\"https:\/\/www.expotradegroup.com\/fr\/produit\/sol-expotent-tente-pliante\/\" \/>\n<meta property=\"og:site_name\" content=\"Expotrade\" \/>\n<meta property=\"article:publisher\" content=\"https:\/\/www.facebook.com\/Expotrade-Group-Gmbh-Head-Office-501830963237226\/timeline\/\" \/>\n<meta property=\"og:image\" content=\"https:\/\/www.expotradegroup.com\/wp-content\/uploads\/2020\/06\/expotent_floor1.gif\" \/>\n\t<meta property=\"og:image:width\" content=\"271\" \/>\n\t<meta property=\"og:image:height\" content=\"200\" \/>\n\t<meta property=\"og:image:type\" content=\"image\/gif\" \/>\n<meta name=\"twitter:card\" content=\"summary_large_image\" \/>\n<meta name=\"twitter:site\" content=\"@Expotrade_Group\" \/>\n<script type=\"application\/ld+json\" class=\"yoast-schema-graph\">{\"@context\":\"https:\/\/schema.org\",\"@graph\":[{\"@type\":\"WebPage\",\"@id\":\"https:\/\/www.expotradegroup.com\/fr\/produit\/sol-expotent-tente-pliante\/\",\"url\":\"https:\/\/www.expotradegroup.com\/fr\/produit\/sol-expotent-tente-pliante\/\",\"name\":\"Sol expotent de tente pliante - une surface parfaite et propre pour la tente pliante\",\"isPartOf\":{\"@id\":\"https:\/\/www.expotradegroup.com\/fr\/#website\"},\"primaryImageOfPage\":{\"@id\":\"https:\/\/www.expotradegroup.com\/fr\/produit\/sol-expotent-tente-pliante\/#primaryimage\"},\"image\":{\"@id\":\"https:\/\/www.expotradegroup.com\/fr\/produit\/sol-expotent-tente-pliante\/#primaryimage\"},\"thumbnailUrl\":\"https:\/\/www.expotradegroup.com\/wp-content\/uploads\/2020\/06\/expotent_floor1.gif\",\"datePublished\":\"2016-08-23T13:49:21+00:00\",\"dateModified\":\"2016-08-23T13:49:21+00:00\",\"description\":\"Le sol expotent est id\u00e9al comme protection contre la pluie lors d'un \u00e9v\u00e9nement ext\u00e9rieur. Les plaques emp\u00eachent les pieds mouill\u00e9s et garantissent un \u00e9v\u00e9nement sec.\",\"breadcrumb\":{\"@id\":\"https:\/\/www.expotradegroup.com\/fr\/produit\/sol-expotent-tente-pliante\/#breadcrumb\"},\"inLanguage\":\"fr-FR\",\"potentialAction\":[{\"@type\":\"ReadAction\",\"target\":[\"https:\/\/www.expotradegroup.com\/fr\/produit\/sol-expotent-tente-pliante\/\"]}]},{\"@type\":\"ImageObject\",\"inLanguage\":\"fr-FR\",\"@id\":\"https:\/\/www.expotradegroup.com\/fr\/produit\/sol-expotent-tente-pliante\/#primaryimage\",\"url\":\"https:\/\/www.expotradegroup.com\/wp-content\/uploads\/2020\/06\/expotent_floor1.gif\",\"contentUrl\":\"https:\/\/www.expotradegroup.com\/wp-content\/uploads\/2020\/06\/expotent_floor1.gif\",\"width\":271,\"height\":200,\"caption\":\"sol expotent\"},{\"@type\":\"BreadcrumbList\",\"@id\":\"https:\/\/www.expotradegroup.com\/fr\/produit\/sol-expotent-tente-pliante\/#breadcrumb\",\"itemListElement\":[{\"@type\":\"ListItem\",\"position\":1,\"name\":\"Home\",\"item\":\"https:\/\/www.expotradegroup.com\/fr\/tentes-pliantes-table-pliantes-sacs-de-feves\/\"},{\"@type\":\"ListItem\",\"position\":2,\"name\":\"Priv\u00e9\u00a0: magasin en ligne\",\"item\":\"https:\/\/www.expotradegroup.com\/fr\/?page_id=17469\"},{\"@type\":\"ListItem\",\"position\":3,\"name\":\"Sol expotent tente pliante\"}]},{\"@type\":\"WebSite\",\"@id\":\"https:\/\/www.expotradegroup.com\/fr\/#website\",\"url\":\"https:\/\/www.expotradegroup.com\/fr\/\",\"name\":\"Expotrade\",\"description\":\"Faltzelte, Falttische, Sitzs\u00e4cke und mobile ideas\",\"potentialAction\":[{\"@type\":\"SearchAction\",\"target\":{\"@type\":\"EntryPoint\",\"urlTemplate\":\"https:\/\/www.expotradegroup.com\/fr\/?s={search_term_string}\"},\"query-input\":\"required name=search_term_string\"}],\"inLanguage\":\"fr-FR\"}]}<\/script>\n<!-- \/ Yoast SEO plugin. -->","yoast_head_json":{"title":"Sol expotent de tente pliante - une surface parfaite et propre pour la tente pliante","description":"Le sol expotent est id\u00e9al comme protection contre la pluie lors d'un \u00e9v\u00e9nement ext\u00e9rieur. Les plaques emp\u00eachent les pieds mouill\u00e9s et garantissent un \u00e9v\u00e9nement sec.","robots":{"index":"index","follow":"follow","max-snippet":"max-snippet:-1","max-image-preview":"max-image-preview:large","max-video-preview":"max-video-preview:-1"},"canonical":"https:\/\/www.expotradegroup.com\/fr\/produit\/sol-expotent-tente-pliante\/","og_locale":"fr_FR","og_type":"article","og_title":"Sol expotent de tente pliante - une surface parfaite et propre pour la tente pliante","og_description":"Le sol expotent est id\u00e9al comme protection contre la pluie lors d'un \u00e9v\u00e9nement ext\u00e9rieur. Les plaques emp\u00eachent les pieds mouill\u00e9s et garantissent un \u00e9v\u00e9nement sec.","og_url":"https:\/\/www.expotradegroup.com\/fr\/produit\/sol-expotent-tente-pliante\/","og_site_name":"Expotrade","article_publisher":"https:\/\/www.facebook.com\/Expotrade-Group-Gmbh-Head-Office-501830963237226\/timeline\/","og_image":[{"width":271,"height":200,"url":"https:\/\/www.expotradegroup.com\/wp-content\/uploads\/2020\/06\/expotent_floor1.gif","type":"image\/gif"}],"twitter_card":"summary_large_image","twitter_site":"@Expotrade_Group","schema":{"@context":"https:\/\/schema.org","@graph":[{"@type":"WebPage","@id":"https:\/\/www.expotradegroup.com\/fr\/produit\/sol-expotent-tente-pliante\/","url":"https:\/\/www.expotradegroup.com\/fr\/produit\/sol-expotent-tente-pliante\/","name":"Sol expotent de tente pliante - une surface parfaite et propre pour la tente pliante","isPartOf":{"@id":"https:\/\/www.expotradegroup.com\/fr\/#website"},"primaryImageOfPage":{"@id":"https:\/\/www.expotradegroup.com\/fr\/produit\/sol-expotent-tente-pliante\/#primaryimage"},"image":{"@id":"https:\/\/www.expotradegroup.com\/fr\/produit\/sol-expotent-tente-pliante\/#primaryimage"},"thumbnailUrl":"https:\/\/www.expotradegroup.com\/wp-content\/uploads\/2020\/06\/expotent_floor1.gif","datePublished":"2016-08-23T13:49:21+00:00","dateModified":"2016-08-23T13:49:21+00:00","description":"Le sol expotent est id\u00e9al comme protection contre la pluie lors d'un \u00e9v\u00e9nement ext\u00e9rieur. Les plaques emp\u00eachent les pieds mouill\u00e9s et garantissent un \u00e9v\u00e9nement sec.","breadcrumb":{"@id":"https:\/\/www.expotradegroup.com\/fr\/produit\/sol-expotent-tente-pliante\/#breadcrumb"},"inLanguage":"fr-FR","potentialAction":[{"@type":"ReadAction","target":["https:\/\/www.expotradegroup.com\/fr\/produit\/sol-expotent-tente-pliante\/"]}]},{"@type":"ImageObject","inLanguage":"fr-FR","@id":"https:\/\/www.expotradegroup.com\/fr\/produit\/sol-expotent-tente-pliante\/#primaryimage","url":"https:\/\/www.expotradegroup.com\/wp-content\/uploads\/2020\/06\/expotent_floor1.gif","contentUrl":"https:\/\/www.expotradegroup.com\/wp-content\/uploads\/2020\/06\/expotent_floor1.gif","width":271,"height":200,"caption":"sol expotent"},{"@type":"BreadcrumbList","@id":"https:\/\/www.expotradegroup.com\/fr\/produit\/sol-expotent-tente-pliante\/#breadcrumb","itemListElement":[{"@type":"ListItem","position":1,"name":"Home","item":"https:\/\/www.expotradegroup.com\/fr\/tentes-pliantes-table-pliantes-sacs-de-feves\/"},{"@type":"ListItem","position":2,"name":"Priv\u00e9\u00a0: magasin en ligne","item":"https:\/\/www.expotradegroup.com\/fr\/?page_id=17469"},{"@type":"ListItem","position":3,"name":"Sol expotent tente pliante"}]},{"@type":"WebSite","@id":"https:\/\/www.expotradegroup.com\/fr\/#website","url":"https:\/\/www.expotradegroup.com\/fr\/","name":"Expotrade","description":"Faltzelte, Falttische, Sitzs\u00e4cke und mobile ideas","potentialAction":[{"@type":"SearchAction","target":{"@type":"EntryPoint","urlTemplate":"https:\/\/www.expotradegroup.com\/fr\/?s={search_term_string}"},"query-input":"required name=search_term_string"}],"inLanguage":"fr-FR"}]}},"_links":{"self":[{"href":"https:\/\/www.expotradegroup.com\/fr\/wp-json\/wp\/v2\/product\/31616"}],"collection":[{"href":"https:\/\/www.expotradegroup.com\/fr\/wp-json\/wp\/v2\/product"}],"about":[{"href":"https:\/\/www.expotradegroup.com\/fr\/wp-json\/wp\/v2\/types\/product"}],"replies":[{"embeddable":true,"href":"https:\/\/www.expotradegroup.com\/fr\/wp-json\/wp\/v2\/comments?post=31616"}],"wp:featuredmedia":[{"embeddable":true,"href":"https:\/\/www.expotradegroup.com\/fr\/wp-json\/wp\/v2\/media\/25106"}],"wp:attachment":[{"href":"https:\/\/www.expotradegroup.com\/fr\/wp-json\/wp\/v2\/media?parent=31616"}],"wp:term":[{"taxonomy":"product_cat","embeddable":true,"href":"https:\/\/www.expotradegroup.com\/fr\/wp-json\/wp\/v2\/product_cat?post=31616"},{"taxonomy":"product_tag","embeddable":true,"href":"https:\/\/www.expotradegroup.com\/fr\/wp-json\/wp\/v2\/product_tag?post=31616"}],"curies":[{"name":"wp","href":"https:\/\/api.w.org\/{rel}","templated":true}]}}