{"id":32311,"date":"2016-08-22T17:26:16","date_gmt":"2016-08-22T15:26:16","guid":{"rendered":"https:\/\/www.expotradegroup.com\/produkt\/kit-de-fixation-expotent-tente-pliante\/"},"modified":"2016-08-22T17:26:16","modified_gmt":"2016-08-22T15:26:16","slug":"kit-de-fixation-expotent-tente-pliante","status":"publish","type":"product","link":"https:\/\/www.expotradegroup.com\/fr\/produit\/kit-de-fixation-expotent-tente-pliante\/","title":{"rendered":"Kit de fixation expotent tente pliante"},"content":{"rendered":"","protected":false},"excerpt":{"rendered":"<p>Le kit de montage expotent est disponible en 3 tailles diff\u00e9rentes.<br \/>\nIl est utilis\u00e9 pour attacher votre tente pliante au sol ou \u00e0 divers autres objets fixes pour augmenter la stabilit\u00e9.<br \/>\nUn kit de fixation est inclus avec le premier achat d&rsquo;une tente pliante expotente.<\/p>\n","protected":false},"featured_media":25020,"comment_status":"open","ping_status":"closed","template":"","meta":[],"product_cat":[214],"product_tag":[],"class_list":{"0":"post-32311","1":"product","2":"type-product","3":"status-publish","4":"has-post-thumbnail","6":"product_cat-expotent-accessoires","8":"first","9":"instock","10":"taxable","11":"shipping-taxable","12":"purchasable","13":"product-type-variable"},"yoast_head":"<!-- This site is optimized with the Yoast SEO plugin v23.2 - https:\/\/yoast.com\/wordpress\/plugins\/seo\/ -->\n<title>Kit de fixation expotent tente pliante - options de fixation pour la tente pliante<\/title>\n<meta name=\"description\" content=\"Avec le kit de fixation expotent, vous pouvez ancrer de mani\u00e8re optimale votre tente pliante au sol ou \u00e0 des objets. Inclus lors de l&#039;achat d&#039;une tente pour la premi\u00e8re fois.\" \/>\n<meta name=\"robots\" content=\"index, follow, max-snippet:-1, max-image-preview:large, max-video-preview:-1\" \/>\n<link rel=\"canonical\" href=\"https:\/\/www.expotradegroup.com\/fr\/produit\/kit-de-fixation-expotent-tente-pliante\/\" \/>\n<meta property=\"og:locale\" content=\"fr_FR\" \/>\n<meta property=\"og:type\" content=\"article\" \/>\n<meta property=\"og:title\" content=\"Kit de fixation expotent tente pliante - options de fixation pour la tente pliante\" \/>\n<meta property=\"og:description\" content=\"Avec le kit de fixation expotent, vous pouvez ancrer de mani\u00e8re optimale votre tente pliante au sol ou \u00e0 des objets. Inclus lors de l&#039;achat d&#039;une tente pour la premi\u00e8re fois.\" \/>\n<meta property=\"og:url\" content=\"https:\/\/www.expotradegroup.com\/fr\/produit\/kit-de-fixation-expotent-tente-pliante\/\" \/>\n<meta property=\"og:site_name\" content=\"Expotrade\" \/>\n<meta property=\"article:publisher\" content=\"https:\/\/www.facebook.com\/Expotrade-Group-Gmbh-Head-Office-501830963237226\/timeline\/\" \/>\n<meta property=\"og:image\" content=\"https:\/\/www.expotradegroup.com\/wp-content\/uploads\/2020\/06\/expoent-Befestigungsset.gif\" \/>\n\t<meta property=\"og:image:width\" content=\"266\" \/>\n\t<meta property=\"og:image:height\" content=\"196\" \/>\n\t<meta property=\"og:image:type\" content=\"image\/gif\" \/>\n<meta name=\"twitter:card\" content=\"summary_large_image\" \/>\n<meta name=\"twitter:site\" content=\"@Expotrade_Group\" \/>\n<script type=\"application\/ld+json\" class=\"yoast-schema-graph\">{\"@context\":\"https:\/\/schema.org\",\"@graph\":[{\"@type\":\"WebPage\",\"@id\":\"https:\/\/www.expotradegroup.com\/fr\/produit\/kit-de-fixation-expotent-tente-pliante\/\",\"url\":\"https:\/\/www.expotradegroup.com\/fr\/produit\/kit-de-fixation-expotent-tente-pliante\/\",\"name\":\"Kit de fixation expotent tente pliante - options de fixation pour la tente pliante\",\"isPartOf\":{\"@id\":\"https:\/\/www.expotradegroup.com\/fr\/#website\"},\"primaryImageOfPage\":{\"@id\":\"https:\/\/www.expotradegroup.com\/fr\/produit\/kit-de-fixation-expotent-tente-pliante\/#primaryimage\"},\"image\":{\"@id\":\"https:\/\/www.expotradegroup.com\/fr\/produit\/kit-de-fixation-expotent-tente-pliante\/#primaryimage\"},\"thumbnailUrl\":\"https:\/\/www.expotradegroup.com\/wp-content\/uploads\/2020\/06\/expoent-Befestigungsset.gif\",\"datePublished\":\"2016-08-22T15:26:16+00:00\",\"dateModified\":\"2016-08-22T15:26:16+00:00\",\"description\":\"Avec le kit de fixation expotent, vous pouvez ancrer de mani\u00e8re optimale votre tente pliante au sol ou \u00e0 des objets. Inclus lors de l'achat d'une tente pour la premi\u00e8re fois.\",\"breadcrumb\":{\"@id\":\"https:\/\/www.expotradegroup.com\/fr\/produit\/kit-de-fixation-expotent-tente-pliante\/#breadcrumb\"},\"inLanguage\":\"fr-FR\",\"potentialAction\":[{\"@type\":\"ReadAction\",\"target\":[\"https:\/\/www.expotradegroup.com\/fr\/produit\/kit-de-fixation-expotent-tente-pliante\/\"]}]},{\"@type\":\"ImageObject\",\"inLanguage\":\"fr-FR\",\"@id\":\"https:\/\/www.expotradegroup.com\/fr\/produit\/kit-de-fixation-expotent-tente-pliante\/#primaryimage\",\"url\":\"https:\/\/www.expotradegroup.com\/wp-content\/uploads\/2020\/06\/expoent-Befestigungsset.gif\",\"contentUrl\":\"https:\/\/www.expotradegroup.com\/wp-content\/uploads\/2020\/06\/expoent-Befestigungsset.gif\",\"width\":266,\"height\":196,\"caption\":\"expotent kit de fixation\"},{\"@type\":\"BreadcrumbList\",\"@id\":\"https:\/\/www.expotradegroup.com\/fr\/produit\/kit-de-fixation-expotent-tente-pliante\/#breadcrumb\",\"itemListElement\":[{\"@type\":\"ListItem\",\"position\":1,\"name\":\"Home\",\"item\":\"https:\/\/www.expotradegroup.com\/fr\/tentes-pliantes-table-pliantes-sacs-de-feves\/\"},{\"@type\":\"ListItem\",\"position\":2,\"name\":\"Priv\u00e9\u00a0: magasin en ligne\",\"item\":\"https:\/\/www.expotradegroup.com\/fr\/?page_id=17469\"},{\"@type\":\"ListItem\",\"position\":3,\"name\":\"Kit de fixation expotent tente pliante\"}]},{\"@type\":\"WebSite\",\"@id\":\"https:\/\/www.expotradegroup.com\/fr\/#website\",\"url\":\"https:\/\/www.expotradegroup.com\/fr\/\",\"name\":\"Expotrade\",\"description\":\"Faltzelte, Falttische, Sitzs\u00e4cke und mobile ideas\",\"potentialAction\":[{\"@type\":\"SearchAction\",\"target\":{\"@type\":\"EntryPoint\",\"urlTemplate\":\"https:\/\/www.expotradegroup.com\/fr\/?s={search_term_string}\"},\"query-input\":\"required name=search_term_string\"}],\"inLanguage\":\"fr-FR\"}]}<\/script>\n<!-- \/ Yoast SEO plugin. -->","yoast_head_json":{"title":"Kit de fixation expotent tente pliante - options de fixation pour la tente pliante","description":"Avec le kit de fixation expotent, vous pouvez ancrer de mani\u00e8re optimale votre tente pliante au sol ou \u00e0 des objets. Inclus lors de l'achat d'une tente pour la premi\u00e8re fois.","robots":{"index":"index","follow":"follow","max-snippet":"max-snippet:-1","max-image-preview":"max-image-preview:large","max-video-preview":"max-video-preview:-1"},"canonical":"https:\/\/www.expotradegroup.com\/fr\/produit\/kit-de-fixation-expotent-tente-pliante\/","og_locale":"fr_FR","og_type":"article","og_title":"Kit de fixation expotent tente pliante - options de fixation pour la tente pliante","og_description":"Avec le kit de fixation expotent, vous pouvez ancrer de mani\u00e8re optimale votre tente pliante au sol ou \u00e0 des objets. Inclus lors de l'achat d'une tente pour la premi\u00e8re fois.","og_url":"https:\/\/www.expotradegroup.com\/fr\/produit\/kit-de-fixation-expotent-tente-pliante\/","og_site_name":"Expotrade","article_publisher":"https:\/\/www.facebook.com\/Expotrade-Group-Gmbh-Head-Office-501830963237226\/timeline\/","og_image":[{"width":266,"height":196,"url":"https:\/\/www.expotradegroup.com\/wp-content\/uploads\/2020\/06\/expoent-Befestigungsset.gif","type":"image\/gif"}],"twitter_card":"summary_large_image","twitter_site":"@Expotrade_Group","schema":{"@context":"https:\/\/schema.org","@graph":[{"@type":"WebPage","@id":"https:\/\/www.expotradegroup.com\/fr\/produit\/kit-de-fixation-expotent-tente-pliante\/","url":"https:\/\/www.expotradegroup.com\/fr\/produit\/kit-de-fixation-expotent-tente-pliante\/","name":"Kit de fixation expotent tente pliante - options de fixation pour la tente pliante","isPartOf":{"@id":"https:\/\/www.expotradegroup.com\/fr\/#website"},"primaryImageOfPage":{"@id":"https:\/\/www.expotradegroup.com\/fr\/produit\/kit-de-fixation-expotent-tente-pliante\/#primaryimage"},"image":{"@id":"https:\/\/www.expotradegroup.com\/fr\/produit\/kit-de-fixation-expotent-tente-pliante\/#primaryimage"},"thumbnailUrl":"https:\/\/www.expotradegroup.com\/wp-content\/uploads\/2020\/06\/expoent-Befestigungsset.gif","datePublished":"2016-08-22T15:26:16+00:00","dateModified":"2016-08-22T15:26:16+00:00","description":"Avec le kit de fixation expotent, vous pouvez ancrer de mani\u00e8re optimale votre tente pliante au sol ou \u00e0 des objets. Inclus lors de l'achat d'une tente pour la premi\u00e8re fois.","breadcrumb":{"@id":"https:\/\/www.expotradegroup.com\/fr\/produit\/kit-de-fixation-expotent-tente-pliante\/#breadcrumb"},"inLanguage":"fr-FR","potentialAction":[{"@type":"ReadAction","target":["https:\/\/www.expotradegroup.com\/fr\/produit\/kit-de-fixation-expotent-tente-pliante\/"]}]},{"@type":"ImageObject","inLanguage":"fr-FR","@id":"https:\/\/www.expotradegroup.com\/fr\/produit\/kit-de-fixation-expotent-tente-pliante\/#primaryimage","url":"https:\/\/www.expotradegroup.com\/wp-content\/uploads\/2020\/06\/expoent-Befestigungsset.gif","contentUrl":"https:\/\/www.expotradegroup.com\/wp-content\/uploads\/2020\/06\/expoent-Befestigungsset.gif","width":266,"height":196,"caption":"expotent kit de fixation"},{"@type":"BreadcrumbList","@id":"https:\/\/www.expotradegroup.com\/fr\/produit\/kit-de-fixation-expotent-tente-pliante\/#breadcrumb","itemListElement":[{"@type":"ListItem","position":1,"name":"Home","item":"https:\/\/www.expotradegroup.com\/fr\/tentes-pliantes-table-pliantes-sacs-de-feves\/"},{"@type":"ListItem","position":2,"name":"Priv\u00e9\u00a0: magasin en ligne","item":"https:\/\/www.expotradegroup.com\/fr\/?page_id=17469"},{"@type":"ListItem","position":3,"name":"Kit de fixation expotent tente pliante"}]},{"@type":"WebSite","@id":"https:\/\/www.expotradegroup.com\/fr\/#website","url":"https:\/\/www.expotradegroup.com\/fr\/","name":"Expotrade","description":"Faltzelte, Falttische, Sitzs\u00e4cke und mobile ideas","potentialAction":[{"@type":"SearchAction","target":{"@type":"EntryPoint","urlTemplate":"https:\/\/www.expotradegroup.com\/fr\/?s={search_term_string}"},"query-input":"required name=search_term_string"}],"inLanguage":"fr-FR"}]}},"_links":{"self":[{"href":"https:\/\/www.expotradegroup.com\/fr\/wp-json\/wp\/v2\/product\/32311"}],"collection":[{"href":"https:\/\/www.expotradegroup.com\/fr\/wp-json\/wp\/v2\/product"}],"about":[{"href":"https:\/\/www.expotradegroup.com\/fr\/wp-json\/wp\/v2\/types\/product"}],"replies":[{"embeddable":true,"href":"https:\/\/www.expotradegroup.com\/fr\/wp-json\/wp\/v2\/comments?post=32311"}],"wp:featuredmedia":[{"embeddable":true,"href":"https:\/\/www.expotradegroup.com\/fr\/wp-json\/wp\/v2\/media\/25020"}],"wp:attachment":[{"href":"https:\/\/www.expotradegroup.com\/fr\/wp-json\/wp\/v2\/media?parent=32311"}],"wp:term":[{"taxonomy":"product_cat","embeddable":true,"href":"https:\/\/www.expotradegroup.com\/fr\/wp-json\/wp\/v2\/product_cat?post=32311"},{"taxonomy":"product_tag","embeddable":true,"href":"https:\/\/www.expotradegroup.com\/fr\/wp-json\/wp\/v2\/product_tag?post=32311"}],"curies":[{"name":"wp","href":"https:\/\/api.w.org\/{rel}","templated":true}]}}