{"id":32545,"date":"2020-06-29T11:12:09","date_gmt":"2020-06-29T09:12:09","guid":{"rendered":"https:\/\/www.expotradegroup.com\/produkt\/pavillon-expotent-premium\/"},"modified":"2020-06-29T11:12:09","modified_gmt":"2020-06-29T09:12:09","slug":"pavillon-expotent-premium","status":"publish","type":"product","link":"https:\/\/www.expotradegroup.com\/fr\/produit\/pavillon-expotent-premium\/","title":{"rendered":"Pavillon expotent Premium"},"content":{"rendered":"<p>Faltzelt expotent Premium ist ein mit seinem Achteck-Profil herausragender Faltpavillon. Alle Gr\u00f6\u00dfen sind standardm\u00e4\u00dfig mit einer Durchgangsh\u00f6he von bis zu 230cm verwendbar. Dadurch eignet sich besonders auch die Verwendung von bedruckten <a href=\"https:\/\/www.expotradegroup.com\/fr\/produit\/banniere-de-logo-expotent-tente-pliante\/\" target=\"_blank\" rel=\"noopener noreferrer\">Logobannern<\/a> damit man noch zus\u00e4tzliche Werbefl\u00e4che nutzen kann.<\/p>\n","protected":false},"excerpt":{"rendered":"<p>Faltzelt expotent Premium ist ein mit seinem Achteck-Profil herausragender Faltpavillon. Alle Gr\u00f6\u00dfen sind standardm\u00e4\u00dfig mit einer Durchgangsh\u00f6he von bis zu 230cm verwendbar. Dadurch eignet sich besonders auch die Verwendung von bedruckten Logobannern damit man noch zus\u00e4tzliche Werbefl\u00e4che nutzen kann.<\/p>\n","protected":false},"featured_media":25717,"comment_status":"closed","ping_status":"closed","template":"","meta":[],"product_cat":[242,241],"product_tag":[],"class_list":{"0":"post-32545","1":"product","2":"type-product","3":"status-publish","4":"has-post-thumbnail","6":"product_cat-cadres-toits-de-tente-pliants","7":"product_cat-tentes-pliantes-expotentes","9":"first","10":"instock","11":"taxable","12":"shipping-taxable","13":"product-type-variable"},"yoast_head":"<!-- This site is optimized with the Yoast SEO plugin v23.2 - https:\/\/yoast.com\/wordpress\/plugins\/seo\/ -->\n<title>Pavillon expotent Premium - Expotrade<\/title>\n<meta name=\"robots\" content=\"index, follow, max-snippet:-1, max-image-preview:large, max-video-preview:-1\" \/>\n<link rel=\"canonical\" href=\"https:\/\/www.expotradegroup.com\/fr\/produit\/pavillon-expotent-premium\/\" \/>\n<meta property=\"og:locale\" content=\"fr_FR\" \/>\n<meta property=\"og:type\" content=\"article\" \/>\n<meta property=\"og:title\" content=\"Pavillon expotent Premium - Expotrade\" \/>\n<meta property=\"og:description\" content=\"Faltzelt expotent Premium ist ein mit seinem Achteck-Profil herausragender Faltpavillon. Alle Gr\u00f6\u00dfen sind standardm\u00e4\u00dfig mit einer Durchgangsh\u00f6he von bis zu 230cm verwendbar. Dadurch eignet sich besonders auch die Verwendung von bedruckten Logobannern damit man noch zus\u00e4tzliche Werbefl\u00e4che nutzen kann.\" \/>\n<meta property=\"og:url\" content=\"https:\/\/www.expotradegroup.com\/fr\/produit\/pavillon-expotent-premium\/\" \/>\n<meta property=\"og:site_name\" content=\"Expotrade\" \/>\n<meta property=\"article:publisher\" content=\"https:\/\/www.facebook.com\/Expotrade-Group-Gmbh-Head-Office-501830963237226\/timeline\/\" \/>\n<meta property=\"og:image\" content=\"https:\/\/www.expotradegroup.com\/wp-content\/uploads\/2020\/06\/expotent_Premium.gif\" \/>\n\t<meta property=\"og:image:width\" content=\"271\" \/>\n\t<meta property=\"og:image:height\" content=\"200\" \/>\n\t<meta property=\"og:image:type\" content=\"image\/gif\" \/>\n<meta name=\"twitter:card\" content=\"summary_large_image\" \/>\n<meta name=\"twitter:site\" content=\"@Expotrade_Group\" \/>\n<script type=\"application\/ld+json\" class=\"yoast-schema-graph\">{\"@context\":\"https:\/\/schema.org\",\"@graph\":[{\"@type\":\"WebPage\",\"@id\":\"https:\/\/www.expotradegroup.com\/fr\/produit\/pavillon-expotent-premium\/\",\"url\":\"https:\/\/www.expotradegroup.com\/fr\/produit\/pavillon-expotent-premium\/\",\"name\":\"Pavillon expotent Premium - Expotrade\",\"isPartOf\":{\"@id\":\"https:\/\/www.expotradegroup.com\/fr\/#website\"},\"primaryImageOfPage\":{\"@id\":\"https:\/\/www.expotradegroup.com\/fr\/produit\/pavillon-expotent-premium\/#primaryimage\"},\"image\":{\"@id\":\"https:\/\/www.expotradegroup.com\/fr\/produit\/pavillon-expotent-premium\/#primaryimage\"},\"thumbnailUrl\":\"https:\/\/www.expotradegroup.com\/wp-content\/uploads\/2020\/06\/expotent_Premium.gif\",\"datePublished\":\"2020-06-29T09:12:09+00:00\",\"dateModified\":\"2020-06-29T09:12:09+00:00\",\"breadcrumb\":{\"@id\":\"https:\/\/www.expotradegroup.com\/fr\/produit\/pavillon-expotent-premium\/#breadcrumb\"},\"inLanguage\":\"fr-FR\",\"potentialAction\":[{\"@type\":\"ReadAction\",\"target\":[\"https:\/\/www.expotradegroup.com\/fr\/produit\/pavillon-expotent-premium\/\"]}]},{\"@type\":\"ImageObject\",\"inLanguage\":\"fr-FR\",\"@id\":\"https:\/\/www.expotradegroup.com\/fr\/produit\/pavillon-expotent-premium\/#primaryimage\",\"url\":\"https:\/\/www.expotradegroup.com\/wp-content\/uploads\/2020\/06\/expotent_Premium.gif\",\"contentUrl\":\"https:\/\/www.expotradegroup.com\/wp-content\/uploads\/2020\/06\/expotent_Premium.gif\",\"width\":271,\"height\":200,\"caption\":\"tente pliante expotent Premium\"},{\"@type\":\"BreadcrumbList\",\"@id\":\"https:\/\/www.expotradegroup.com\/fr\/produit\/pavillon-expotent-premium\/#breadcrumb\",\"itemListElement\":[{\"@type\":\"ListItem\",\"position\":1,\"name\":\"Home\",\"item\":\"https:\/\/www.expotradegroup.com\/fr\/tentes-pliantes-table-pliantes-sacs-de-feves\/\"},{\"@type\":\"ListItem\",\"position\":2,\"name\":\"Priv\u00e9\u00a0: magasin en ligne\",\"item\":\"https:\/\/www.expotradegroup.com\/fr\/?page_id=17469\"},{\"@type\":\"ListItem\",\"position\":3,\"name\":\"Pavillon expotent Premium\"}]},{\"@type\":\"WebSite\",\"@id\":\"https:\/\/www.expotradegroup.com\/fr\/#website\",\"url\":\"https:\/\/www.expotradegroup.com\/fr\/\",\"name\":\"Expotrade\",\"description\":\"Faltzelte, Falttische, Sitzs\u00e4cke und mobile ideas\",\"potentialAction\":[{\"@type\":\"SearchAction\",\"target\":{\"@type\":\"EntryPoint\",\"urlTemplate\":\"https:\/\/www.expotradegroup.com\/fr\/?s={search_term_string}\"},\"query-input\":\"required name=search_term_string\"}],\"inLanguage\":\"fr-FR\"}]}<\/script>\n<!-- \/ Yoast SEO plugin. -->","yoast_head_json":{"title":"Pavillon expotent Premium - Expotrade","robots":{"index":"index","follow":"follow","max-snippet":"max-snippet:-1","max-image-preview":"max-image-preview:large","max-video-preview":"max-video-preview:-1"},"canonical":"https:\/\/www.expotradegroup.com\/fr\/produit\/pavillon-expotent-premium\/","og_locale":"fr_FR","og_type":"article","og_title":"Pavillon expotent Premium - Expotrade","og_description":"Faltzelt expotent Premium ist ein mit seinem Achteck-Profil herausragender Faltpavillon. Alle Gr\u00f6\u00dfen sind standardm\u00e4\u00dfig mit einer Durchgangsh\u00f6he von bis zu 230cm verwendbar. Dadurch eignet sich besonders auch die Verwendung von bedruckten Logobannern damit man noch zus\u00e4tzliche Werbefl\u00e4che nutzen kann.","og_url":"https:\/\/www.expotradegroup.com\/fr\/produit\/pavillon-expotent-premium\/","og_site_name":"Expotrade","article_publisher":"https:\/\/www.facebook.com\/Expotrade-Group-Gmbh-Head-Office-501830963237226\/timeline\/","og_image":[{"width":271,"height":200,"url":"https:\/\/www.expotradegroup.com\/wp-content\/uploads\/2020\/06\/expotent_Premium.gif","type":"image\/gif"}],"twitter_card":"summary_large_image","twitter_site":"@Expotrade_Group","schema":{"@context":"https:\/\/schema.org","@graph":[{"@type":"WebPage","@id":"https:\/\/www.expotradegroup.com\/fr\/produit\/pavillon-expotent-premium\/","url":"https:\/\/www.expotradegroup.com\/fr\/produit\/pavillon-expotent-premium\/","name":"Pavillon expotent Premium - Expotrade","isPartOf":{"@id":"https:\/\/www.expotradegroup.com\/fr\/#website"},"primaryImageOfPage":{"@id":"https:\/\/www.expotradegroup.com\/fr\/produit\/pavillon-expotent-premium\/#primaryimage"},"image":{"@id":"https:\/\/www.expotradegroup.com\/fr\/produit\/pavillon-expotent-premium\/#primaryimage"},"thumbnailUrl":"https:\/\/www.expotradegroup.com\/wp-content\/uploads\/2020\/06\/expotent_Premium.gif","datePublished":"2020-06-29T09:12:09+00:00","dateModified":"2020-06-29T09:12:09+00:00","breadcrumb":{"@id":"https:\/\/www.expotradegroup.com\/fr\/produit\/pavillon-expotent-premium\/#breadcrumb"},"inLanguage":"fr-FR","potentialAction":[{"@type":"ReadAction","target":["https:\/\/www.expotradegroup.com\/fr\/produit\/pavillon-expotent-premium\/"]}]},{"@type":"ImageObject","inLanguage":"fr-FR","@id":"https:\/\/www.expotradegroup.com\/fr\/produit\/pavillon-expotent-premium\/#primaryimage","url":"https:\/\/www.expotradegroup.com\/wp-content\/uploads\/2020\/06\/expotent_Premium.gif","contentUrl":"https:\/\/www.expotradegroup.com\/wp-content\/uploads\/2020\/06\/expotent_Premium.gif","width":271,"height":200,"caption":"tente pliante expotent Premium"},{"@type":"BreadcrumbList","@id":"https:\/\/www.expotradegroup.com\/fr\/produit\/pavillon-expotent-premium\/#breadcrumb","itemListElement":[{"@type":"ListItem","position":1,"name":"Home","item":"https:\/\/www.expotradegroup.com\/fr\/tentes-pliantes-table-pliantes-sacs-de-feves\/"},{"@type":"ListItem","position":2,"name":"Priv\u00e9\u00a0: magasin en ligne","item":"https:\/\/www.expotradegroup.com\/fr\/?page_id=17469"},{"@type":"ListItem","position":3,"name":"Pavillon expotent Premium"}]},{"@type":"WebSite","@id":"https:\/\/www.expotradegroup.com\/fr\/#website","url":"https:\/\/www.expotradegroup.com\/fr\/","name":"Expotrade","description":"Faltzelte, Falttische, Sitzs\u00e4cke und mobile ideas","potentialAction":[{"@type":"SearchAction","target":{"@type":"EntryPoint","urlTemplate":"https:\/\/www.expotradegroup.com\/fr\/?s={search_term_string}"},"query-input":"required name=search_term_string"}],"inLanguage":"fr-FR"}]}},"_links":{"self":[{"href":"https:\/\/www.expotradegroup.com\/fr\/wp-json\/wp\/v2\/product\/32545"}],"collection":[{"href":"https:\/\/www.expotradegroup.com\/fr\/wp-json\/wp\/v2\/product"}],"about":[{"href":"https:\/\/www.expotradegroup.com\/fr\/wp-json\/wp\/v2\/types\/product"}],"replies":[{"embeddable":true,"href":"https:\/\/www.expotradegroup.com\/fr\/wp-json\/wp\/v2\/comments?post=32545"}],"wp:featuredmedia":[{"embeddable":true,"href":"https:\/\/www.expotradegroup.com\/fr\/wp-json\/wp\/v2\/media\/25717"}],"wp:attachment":[{"href":"https:\/\/www.expotradegroup.com\/fr\/wp-json\/wp\/v2\/media?parent=32545"}],"wp:term":[{"taxonomy":"product_cat","embeddable":true,"href":"https:\/\/www.expotradegroup.com\/fr\/wp-json\/wp\/v2\/product_cat?post=32545"},{"taxonomy":"product_tag","embeddable":true,"href":"https:\/\/www.expotradegroup.com\/fr\/wp-json\/wp\/v2\/product_tag?post=32545"}],"curies":[{"name":"wp","href":"https:\/\/api.w.org\/{rel}","templated":true}]}}